{"id":13,"date":"2020-04-16T23:32:38","date_gmt":"2020-04-17T02:32:38","guid":{"rendered":"https:\/\/cajamar.sp.gov.br\/infraestrutura\/?page_id=13"},"modified":"2020-06-09T16:11:42","modified_gmt":"2020-06-09T19:11:42","slug":"macrozoneamento","status":"publish","type":"page","link":"https:\/\/cajamar.sp.gov.br\/infraestrutura\/macrozoneamento\/","title":{"rendered":"Macrozoneamento"},"content":{"rendered":"\n<p>O macrozoneamento visa estabelecer um referencial espacial para o uso e a ocupa\u00e7\u00e3o do solo na cidade, de acordo com as estrat\u00e9gias de pol\u00edtica urbana, definindo as \u00e1reas de ocupa\u00e7\u00e3o em zona rural e zona urbana, estabelecendo, deste modo, o per\u00edmetro urbano, onde valem as regras da pol\u00edtica urbana.<\/p>\n\n\n\n<p>O macrozoneamento definir\u00e1, em \u00e1reas de interesse de uso, as zonas onde se pretende incentivar, coibir ou qualificar a compatibilidade de ocupa\u00e7\u00e3o, levando em considera\u00e7\u00e3o a capacidade de infra-estrutura, as condi\u00e7\u00f5es do meio f\u00edsico, as necessidades de preserva\u00e7\u00e3o ambiental e do patrim\u00f4nio hist\u00f3rico e caracter\u00edsticas de uso e ocupa\u00e7\u00e3o existentes. Isso tudo deve obedecer ao princ\u00edpio gen\u00e9rico de que as \u00e1reas centrais e com mais infra-estrutura dever\u00e3o ser as \u00e1reas com em que a densidade demogr\u00e1fica \u00e9 mais alta. Ainda, o macrozoneamento qualifica o que se deve induzir ou restringir, em termos de uso das macrorregi\u00f5es, al\u00e9m de indicar as regi\u00f5es de esvaziamento populacional com infra-estrutura adequada a serem adensadas, e as regi\u00f5es a serem preservadas. Seu objetivo ideal \u00e9 produzir um conjunto de regras que orientar\u00e3o o desenvolvimento da cidade. Todas essas diretrizes servir\u00e3o de base para a aplica\u00e7\u00e3o dos instrumentos da pol\u00edtica urbana.<\/p>\n\n\n\n<p>A partir disso, estabelecer-se-\u00e1 um zoneamento mais detalhando, e \u00e9 fundamental que todas essas defini\u00e7\u00f5es estejam inteiramente contidas no Plano Diretor. As formas de controle do uso e ocupa\u00e7\u00e3o do solo podem adotar t\u00e9cnicas diferentes, contudo, devem guardar rela\u00e7\u00e3o com a complexidade da cidade e serem intelig\u00edveis para o conjunto de popula\u00e7\u00e3o.<\/p>\n\n\n\n<p>Abaixo voc\u00ea obt\u00e9m em PDF e DWG o mapa do macrozoneamento do munic\u00edpio de Cajamar:<\/p>\n\n\n\n<ul class=\"wp-block-list\"><li><a href=\"https:\/\/cajamar.sp.gov.br\/infraestrutura\/wp-content\/uploads\/sites\/20\/2020\/06\/macrozoneamento-cajamar-2019-model.pdf\">Mapa Macrozoneamento em PDF<\/a><\/li><li><a href=\"https:\/\/cajamar.sp.gov.br\/infraestrutura\/wp-content\/uploads\/sites\/20\/2020\/06\/macrozoneamento-cajamar-2019.dwg\">Mapa Macrozoneamento em DWG<\/a><\/li><\/ul>\n","protected":false},"excerpt":{"rendered":"<p>O macrozoneamento visa estabelecer um referencial espacial para o uso e a ocupa\u00e7\u00e3o do solo na cidade de Cajamar.<\/p>\n","protected":false},"author":7,"featured_media":0,"parent":0,"menu_order":0,"comment_status":"closed","ping_status":"closed","template":"","meta":{"footnotes":""},"class_list":["post-13","page","type-page","status-publish","hentry"],"_links":{"self":[{"href":"https:\/\/cajamar.sp.gov.br\/infraestrutura\/wp-json\/wp\/v2\/pages\/13","targetHints":{"allow":["GET"]}}],"collection":[{"href":"https:\/\/cajamar.sp.gov.br\/infraestrutura\/wp-json\/wp\/v2\/pages"}],"about":[{"href":"https:\/\/cajamar.sp.gov.br\/infraestrutura\/wp-json\/wp\/v2\/types\/page"}],"author":[{"embeddable":true,"href":"https:\/\/cajamar.sp.gov.br\/infraestrutura\/wp-json\/wp\/v2\/users\/7"}],"replies":[{"embeddable":true,"href":"https:\/\/cajamar.sp.gov.br\/infraestrutura\/wp-json\/wp\/v2\/comments?post=13"}],"version-history":[{"count":6,"href":"https:\/\/cajamar.sp.gov.br\/infraestrutura\/wp-json\/wp\/v2\/pages\/13\/revisions"}],"predecessor-version":[{"id":33,"href":"https:\/\/cajamar.sp.gov.br\/infraestrutura\/wp-json\/wp\/v2\/pages\/13\/revisions\/33"}],"wp:attachment":[{"href":"https:\/\/cajamar.sp.gov.br\/infraestrutura\/wp-json\/wp\/v2\/media?parent=13"}],"curies":[{"name":"wp","href":"https:\/\/api.w.org\/{rel}","templated":true}]}}