{"id":47,"date":"2022-08-08T10:18:23","date_gmt":"2022-08-08T13:18:23","guid":{"rendered":"https:\/\/cajamar.sp.gov.br\/infraestrutura\/?page_id=47"},"modified":"2022-08-08T10:20:14","modified_gmt":"2022-08-08T13:20:14","slug":"coleta-de-lixo","status":"publish","type":"page","link":"https:\/\/cajamar.sp.gov.br\/infraestrutura\/coleta-de-lixo\/","title":{"rendered":"Cronograma da Coleta de Lixo"},"content":{"rendered":"\n<p>Confira o itiner\u00e1rio completo da semana e acompanhe a programa\u00e7\u00e3o do seu bairro:<\/p>\n\n\n\n<figure class=\"wp-block-gallery has-nested-images columns-1 is-cropped wp-block-gallery-1 is-layout-flex wp-block-gallery-is-layout-flex\">\n<figure class=\"wp-block-image size-full is-style-default\"><img fetchpriority=\"high\" decoding=\"async\" width=\"1000\" height=\"1000\" data-id=\"50\" src=\"https:\/\/cajamar.sp.gov.br\/infraestrutura\/wp-content\/uploads\/sites\/20\/2022\/08\/feed-coleta-de-lixo-2.jpeg\" alt=\"\" class=\"wp-image-50\" srcset=\"https:\/\/cajamar.sp.gov.br\/infraestrutura\/wp-content\/uploads\/sites\/20\/2022\/08\/feed-coleta-de-lixo-2.jpeg 1000w, https:\/\/cajamar.sp.gov.br\/infraestrutura\/wp-content\/uploads\/sites\/20\/2022\/08\/feed-coleta-de-lixo-2-960x960.jpeg 960w, https:\/\/cajamar.sp.gov.br\/infraestrutura\/wp-content\/uploads\/sites\/20\/2022\/08\/feed-coleta-de-lixo-2-100x100.jpeg 100w, https:\/\/cajamar.sp.gov.br\/infraestrutura\/wp-content\/uploads\/sites\/20\/2022\/08\/feed-coleta-de-lixo-2-768x768.jpeg 768w\" sizes=\"(max-width: 1000px) 100vw, 1000px\" \/><\/figure>\n\n\n\n<figure class=\"wp-block-image size-large\"><img decoding=\"async\" width=\"960\" height=\"960\" data-id=\"48\" src=\"https:\/\/cajamar.sp.gov.br\/infraestrutura\/wp-content\/uploads\/sites\/20\/2022\/08\/feed-coleta-de-lixo-3-960x960.jpeg\" alt=\"\" class=\"wp-image-48\" srcset=\"https:\/\/cajamar.sp.gov.br\/infraestrutura\/wp-content\/uploads\/sites\/20\/2022\/08\/feed-coleta-de-lixo-3-960x960.jpeg 960w, https:\/\/cajamar.sp.gov.br\/infraestrutura\/wp-content\/uploads\/sites\/20\/2022\/08\/feed-coleta-de-lixo-3-100x100.jpeg 100w, https:\/\/cajamar.sp.gov.br\/infraestrutura\/wp-content\/uploads\/sites\/20\/2022\/08\/feed-coleta-de-lixo-3-768x768.jpeg 768w, https:\/\/cajamar.sp.gov.br\/infraestrutura\/wp-content\/uploads\/sites\/20\/2022\/08\/feed-coleta-de-lixo-3.jpeg 1000w\" sizes=\"(max-width: 960px) 100vw, 960px\" \/><\/figure>\n\n\n\n<figure class=\"wp-block-image size-large\"><img decoding=\"async\" width=\"960\" height=\"960\" data-id=\"51\" src=\"https:\/\/cajamar.sp.gov.br\/infraestrutura\/wp-content\/uploads\/sites\/20\/2022\/08\/feed-coleta-de-lixo-4-960x960.jpeg\" alt=\"\" class=\"wp-image-51\" srcset=\"https:\/\/cajamar.sp.gov.br\/infraestrutura\/wp-content\/uploads\/sites\/20\/2022\/08\/feed-coleta-de-lixo-4-960x960.jpeg 960w, https:\/\/cajamar.sp.gov.br\/infraestrutura\/wp-content\/uploads\/sites\/20\/2022\/08\/feed-coleta-de-lixo-4-100x100.jpeg 100w, https:\/\/cajamar.sp.gov.br\/infraestrutura\/wp-content\/uploads\/sites\/20\/2022\/08\/feed-coleta-de-lixo-4-768x768.jpeg 768w, https:\/\/cajamar.sp.gov.br\/infraestrutura\/wp-content\/uploads\/sites\/20\/2022\/08\/feed-coleta-de-lixo-4.jpeg 1000w\" sizes=\"(max-width: 960px) 100vw, 960px\" \/><\/figure>\n\n\n\n<figure class=\"wp-block-image size-large\"><img loading=\"lazy\" decoding=\"async\" width=\"960\" height=\"960\" data-id=\"52\" src=\"https:\/\/cajamar.sp.gov.br\/infraestrutura\/wp-content\/uploads\/sites\/20\/2022\/08\/feed-coleta-de-lixo-5-960x960.jpeg\" alt=\"\" class=\"wp-image-52\" srcset=\"https:\/\/cajamar.sp.gov.br\/infraestrutura\/wp-content\/uploads\/sites\/20\/2022\/08\/feed-coleta-de-lixo-5-960x960.jpeg 960w, https:\/\/cajamar.sp.gov.br\/infraestrutura\/wp-content\/uploads\/sites\/20\/2022\/08\/feed-coleta-de-lixo-5-100x100.jpeg 100w, https:\/\/cajamar.sp.gov.br\/infraestrutura\/wp-content\/uploads\/sites\/20\/2022\/08\/feed-coleta-de-lixo-5-768x768.jpeg 768w, https:\/\/cajamar.sp.gov.br\/infraestrutura\/wp-content\/uploads\/sites\/20\/2022\/08\/feed-coleta-de-lixo-5.jpeg 1000w\" sizes=\"(max-width: 960px) 100vw, 960px\" \/><\/figure>\n\n\n\n<figure class=\"wp-block-image size-large\"><img loading=\"lazy\" decoding=\"async\" width=\"960\" height=\"960\" data-id=\"49\" src=\"https:\/\/cajamar.sp.gov.br\/infraestrutura\/wp-content\/uploads\/sites\/20\/2022\/08\/feed-coleta-de-lixo-6-960x960.jpeg\" alt=\"\" class=\"wp-image-49\" srcset=\"https:\/\/cajamar.sp.gov.br\/infraestrutura\/wp-content\/uploads\/sites\/20\/2022\/08\/feed-coleta-de-lixo-6-960x960.jpeg 960w, https:\/\/cajamar.sp.gov.br\/infraestrutura\/wp-content\/uploads\/sites\/20\/2022\/08\/feed-coleta-de-lixo-6-100x100.jpeg 100w, https:\/\/cajamar.sp.gov.br\/infraestrutura\/wp-content\/uploads\/sites\/20\/2022\/08\/feed-coleta-de-lixo-6-768x768.jpeg 768w, https:\/\/cajamar.sp.gov.br\/infraestrutura\/wp-content\/uploads\/sites\/20\/2022\/08\/feed-coleta-de-lixo-6.jpeg 1000w\" sizes=\"(max-width: 960px) 100vw, 960px\" \/><\/figure>\n<\/figure>\n","protected":false},"excerpt":{"rendered":"<p>Confira o itiner\u00e1rio completo da semana e acompanhe a programa\u00e7\u00e3o do seu bairro<\/p>\n","protected":false},"author":7,"featured_media":0,"parent":0,"menu_order":0,"comment_status":"closed","ping_status":"closed","template":"","meta":{"footnotes":""},"class_list":["post-47","page","type-page","status-publish","hentry"],"_links":{"self":[{"href":"https:\/\/cajamar.sp.gov.br\/infraestrutura\/wp-json\/wp\/v2\/pages\/47","targetHints":{"allow":["GET"]}}],"collection":[{"href":"https:\/\/cajamar.sp.gov.br\/infraestrutura\/wp-json\/wp\/v2\/pages"}],"about":[{"href":"https:\/\/cajamar.sp.gov.br\/infraestrutura\/wp-json\/wp\/v2\/types\/page"}],"author":[{"embeddable":true,"href":"https:\/\/cajamar.sp.gov.br\/infraestrutura\/wp-json\/wp\/v2\/users\/7"}],"replies":[{"embeddable":true,"href":"https:\/\/cajamar.sp.gov.br\/infraestrutura\/wp-json\/wp\/v2\/comments?post=47"}],"version-history":[{"count":5,"href":"https:\/\/cajamar.sp.gov.br\/infraestrutura\/wp-json\/wp\/v2\/pages\/47\/revisions"}],"predecessor-version":[{"id":59,"href":"https:\/\/cajamar.sp.gov.br\/infraestrutura\/wp-json\/wp\/v2\/pages\/47\/revisions\/59"}],"wp:attachment":[{"href":"https:\/\/cajamar.sp.gov.br\/infraestrutura\/wp-json\/wp\/v2\/media?parent=47"}],"curies":[{"name":"wp","href":"https:\/\/api.w.org\/{rel}","templated":true}]}}