{"id":14,"date":"2020-04-16T10:23:58","date_gmt":"2020-04-16T13:23:58","guid":{"rendered":"https:\/\/cajamar.sp.gov.br\/justica\/?page_id=14"},"modified":"2021-12-22T16:08:07","modified_gmt":"2021-12-22T19:08:07","slug":"servicos-oferecidos","status":"publish","type":"page","link":"https:\/\/cajamar.sp.gov.br\/justica\/servicos-oferecidos\/","title":{"rendered":"Servi\u00e7os oferecidos"},"content":{"rendered":"\n<p><strong>PROCON<\/strong><\/p>\n\n\n\n<p><strong>Unidade PROCON Jordan\u00e9sia<br><\/strong>Atendimento presencial com hor\u00e1rio maracado<br>Endere\u00e7o: Rua Avelino Toledo de Lima, 208<br>Telefone para contato: (11) 44460140<\/p>\n\n\n\n<p><strong>EXECU\u00c7\u00c3O FISCAL <\/strong><br>Atendimento Presencial  <br>Endere\u00e7o: Secretaria Municipal de Justi\u00e7a\u00a0Pra\u00e7a Jos\u00e9 Rodrigues do Nascimento, 30<br>Telefone para contato: (11) 44467661 <br><br><\/p>\n\n\n\n<p> <\/p>\n","protected":false},"excerpt":{"rendered":"<p>PROCON Unidade PROCON Jordan\u00e9siaAtendimento presencial com hor\u00e1rio maracadoEndere\u00e7o: Rua Avelino Toledo de Lima, 208Telefone para contato: (11) 44460140 EXECU\u00c7\u00c3O FISCAL Atendimento Presencial Endere\u00e7o: Secretaria Municipal de Justi\u00e7a\u00a0Pra\u00e7a Jos\u00e9 Rodrigues do Nascimento, 30Telefone para contato: (11) 44467661<\/p>\n","protected":false},"author":7,"featured_media":0,"parent":0,"menu_order":0,"comment_status":"closed","ping_status":"closed","template":"","meta":{"footnotes":""},"class_list":["post-14","page","type-page","status-publish","hentry"],"_links":{"self":[{"href":"https:\/\/cajamar.sp.gov.br\/justica\/wp-json\/wp\/v2\/pages\/14","targetHints":{"allow":["GET"]}}],"collection":[{"href":"https:\/\/cajamar.sp.gov.br\/justica\/wp-json\/wp\/v2\/pages"}],"about":[{"href":"https:\/\/cajamar.sp.gov.br\/justica\/wp-json\/wp\/v2\/types\/page"}],"author":[{"embeddable":true,"href":"https:\/\/cajamar.sp.gov.br\/justica\/wp-json\/wp\/v2\/users\/7"}],"replies":[{"embeddable":true,"href":"https:\/\/cajamar.sp.gov.br\/justica\/wp-json\/wp\/v2\/comments?post=14"}],"version-history":[{"count":3,"href":"https:\/\/cajamar.sp.gov.br\/justica\/wp-json\/wp\/v2\/pages\/14\/revisions"}],"predecessor-version":[{"id":38,"href":"https:\/\/cajamar.sp.gov.br\/justica\/wp-json\/wp\/v2\/pages\/14\/revisions\/38"}],"wp:attachment":[{"href":"https:\/\/cajamar.sp.gov.br\/justica\/wp-json\/wp\/v2\/media?parent=14"}],"curies":[{"name":"wp","href":"https:\/\/api.w.org\/{rel}","templated":true}]}}