{"id":24,"date":"2020-04-16T23:08:35","date_gmt":"2020-04-17T02:08:35","guid":{"rendered":"https:\/\/cajamar.sp.gov.br\/justica\/?page_id=24"},"modified":"2021-12-22T16:06:39","modified_gmt":"2021-12-22T19:06:39","slug":"procon","status":"publish","type":"page","link":"https:\/\/cajamar.sp.gov.br\/justica\/procon\/","title":{"rendered":"Procon"},"content":{"rendered":"\n<p>Toda pessoa que compra ou utiliza um produto ou servi\u00e7o com destinat\u00e1rio final, \u00e9 um consumidor. Ent\u00e3o, se ser consumidor parece inevit\u00e1vel, precisamos conhecer os nossos direitos.<\/p>\n\n\n\n<p>O Procon Municipal de Cajamar foi implantado em maio de 2005, para proteger o consumidor, orientando-o em suas reclama\u00e7\u00f5es informando-o sobre seus direitos quanto a rela\u00e7\u00e3o de consumo entre consumidor e fornecedor ou prestador de servi\u00e7os, ou seja, esta sempre alinhado para que exer\u00e7a, em sua total amplitude, a cidadania. O \u00f3rg\u00e3o PROCON funciona como auxiliar do Poder Judici\u00e1rio e seu principal objetivo \u00e9 tentar solucionar atrav\u00e9s da concilia\u00e7\u00e3o, as demandas entre consumidor e fornecedor ou prestador de servi\u00e7os, quando inexiste o acordo entre as partes, assim sendo, direciona a lide para o Juizado Especial Civil, onde este exerce jurisdi\u00e7\u00e3o.<\/p>\n\n\n\n<h3 class=\"wp-block-heading\">Den\u00fancias<\/h3>\n\n\n\n<p><strong>PROCON Jordan\u00e9sia<br><\/strong>Rua Avelino Toledo de Lima, 208<br>(11) 44460140<\/p>\n\n\n\n<p><\/p>\n\n\n\n<p><strong>ONLINE<\/strong><br><a href=\"https:\/\/consumidor.procon.sp.gov.br\/\">Clique aqui<\/a><\/p>\n","protected":false},"excerpt":{"rendered":"<p>Toda pessoa que compra ou utiliza um produto ou servi\u00e7o com destinat\u00e1rio final, \u00e9 um consumidor. Ent\u00e3o, se ser consumidor parece inevit\u00e1vel, precisamos conhecer os nossos direitos. O Procon Municipal de Cajamar foi implantado em maio de 2005, para proteger o consumidor, orientando-o em suas reclama\u00e7\u00f5es informando-o sobre seus direitos quanto a rela\u00e7\u00e3o de consumo [&hellip;]<\/p>\n","protected":false},"author":7,"featured_media":0,"parent":0,"menu_order":0,"comment_status":"closed","ping_status":"closed","template":"","meta":{"footnotes":""},"class_list":["post-24","page","type-page","status-publish","hentry"],"_links":{"self":[{"href":"https:\/\/cajamar.sp.gov.br\/justica\/wp-json\/wp\/v2\/pages\/24","targetHints":{"allow":["GET"]}}],"collection":[{"href":"https:\/\/cajamar.sp.gov.br\/justica\/wp-json\/wp\/v2\/pages"}],"about":[{"href":"https:\/\/cajamar.sp.gov.br\/justica\/wp-json\/wp\/v2\/types\/page"}],"author":[{"embeddable":true,"href":"https:\/\/cajamar.sp.gov.br\/justica\/wp-json\/wp\/v2\/users\/7"}],"replies":[{"embeddable":true,"href":"https:\/\/cajamar.sp.gov.br\/justica\/wp-json\/wp\/v2\/comments?post=24"}],"version-history":[{"count":5,"href":"https:\/\/cajamar.sp.gov.br\/justica\/wp-json\/wp\/v2\/pages\/24\/revisions"}],"predecessor-version":[{"id":37,"href":"https:\/\/cajamar.sp.gov.br\/justica\/wp-json\/wp\/v2\/pages\/24\/revisions\/37"}],"wp:attachment":[{"href":"https:\/\/cajamar.sp.gov.br\/justica\/wp-json\/wp\/v2\/media?parent=24"}],"curies":[{"name":"wp","href":"https:\/\/api.w.org\/{rel}","templated":true}]}}