{"id":62,"date":"2026-05-13T12:01:12","date_gmt":"2026-05-13T15:01:12","guid":{"rendered":"https:\/\/cajamar.sp.gov.br\/justica\/?page_id=62"},"modified":"2026-05-13T12:05:49","modified_gmt":"2026-05-13T15:05:49","slug":"divida-ativa","status":"publish","type":"page","link":"https:\/\/cajamar.sp.gov.br\/justica\/divida-ativa\/","title":{"rendered":"D\u00edvida Ativa"},"content":{"rendered":"\n<p><strong>Compete ao Departamento da D\u00edvida Ativa:<\/strong><\/p>\n\n\n\n<ul class=\"wp-block-list\">\n<li>Gerenciar o cadastro e controle dos cr\u00e9ditos devidos ao Munic\u00edpio, mantendo atualizado o sistema de d\u00edvida ativa e garantindo que todos os d\u00e9bitos estejam devidamente registrados e classificados;<\/li>\n\n\n\n<li>Supervisionar o processo de inscri\u00e7\u00e3o dos d\u00e9bitos tribut\u00e1rios e n\u00e3o tribut\u00e1rios na d\u00edvida ativa, assegurando que sejam inscritas corretamente, conforme a legisla\u00e7\u00e3o vigente e os procedimentos administrativos adequados;<\/li>\n\n\n\n<li>Elaborar e implementar estrat\u00e9gias para a recupera\u00e7\u00e3o de cr\u00e9ditos inscritos na d\u00edvida ativa, priorizando a negocia\u00e7\u00e3o amig\u00e1vel e alternativas de regulariza\u00e7\u00e3o, como parcelamentos e descontos;<\/li>\n\n\n\n<li>Supervisionar e coordenar os processos de cobran\u00e7a administrativa da d\u00edvida ativa, acionando os meios legais dispon\u00edveis para a recupera\u00e7\u00e3o dos cr\u00e9ditos;<\/li>\n\n\n\n<li>Gerenciar e implementar programas de parcelamento e refinanciamento de d\u00e9bitos inscritos na d\u00edvida ativa, proporcionando aos contribuintes condi\u00e7\u00f5es de regulariza\u00e7\u00e3o fiscal de forma acess\u00edvel e dentro das normas legais;<\/li>\n\n\n\n<li>Supervisionar o processo de an\u00e1lise e aprova\u00e7\u00e3o dos certificados de d\u00edvida ativa (CDA);<\/li>\n\n\n\n<li>Realizar outras atividades afins.<\/li>\n<\/ul>\n","protected":false},"excerpt":{"rendered":"<p>Compete ao Departamento da D\u00edvida Ativa:<\/p>\n","protected":false},"author":15,"featured_media":0,"parent":0,"menu_order":0,"comment_status":"closed","ping_status":"closed","template":"","meta":{"footnotes":""},"class_list":["post-62","page","type-page","status-publish","hentry"],"_links":{"self":[{"href":"https:\/\/cajamar.sp.gov.br\/justica\/wp-json\/wp\/v2\/pages\/62","targetHints":{"allow":["GET"]}}],"collection":[{"href":"https:\/\/cajamar.sp.gov.br\/justica\/wp-json\/wp\/v2\/pages"}],"about":[{"href":"https:\/\/cajamar.sp.gov.br\/justica\/wp-json\/wp\/v2\/types\/page"}],"author":[{"embeddable":true,"href":"https:\/\/cajamar.sp.gov.br\/justica\/wp-json\/wp\/v2\/users\/15"}],"replies":[{"embeddable":true,"href":"https:\/\/cajamar.sp.gov.br\/justica\/wp-json\/wp\/v2\/comments?post=62"}],"version-history":[{"count":3,"href":"https:\/\/cajamar.sp.gov.br\/justica\/wp-json\/wp\/v2\/pages\/62\/revisions"}],"predecessor-version":[{"id":67,"href":"https:\/\/cajamar.sp.gov.br\/justica\/wp-json\/wp\/v2\/pages\/62\/revisions\/67"}],"wp:attachment":[{"href":"https:\/\/cajamar.sp.gov.br\/justica\/wp-json\/wp\/v2\/media?parent=62"}],"curies":[{"name":"wp","href":"https:\/\/api.w.org\/{rel}","templated":true}]}}