{"id":8,"date":"2019-10-30T16:30:59","date_gmt":"2019-10-30T18:30:59","guid":{"rendered":"https:\/\/cajamar.sp.gov.br\/justica\/?page_id=8"},"modified":"2025-05-13T09:39:28","modified_gmt":"2025-05-13T12:39:28","slug":"justica","status":"publish","type":"page","link":"https:\/\/cajamar.sp.gov.br\/justica\/","title":{"rendered":"Secretaria Municipal de Justi\u00e7a"},"content":{"rendered":"\n<p>A Secretaria Municipal de Justi\u00e7a, identificada pela sigla <strong>SMJ<\/strong>, como \u00f3rg\u00e3o de perfil de suporte, est\u00e1 organizada da seguinte forma:<\/p>\n\n\n\n<ul class=\"wp-block-list\">\n<li>Departamento de Contencioso, composto por:<br>a) Divis\u00e3o de Gest\u00e3o de Execu\u00e7\u00e3o Fiscal.<\/li>\n\n\n\n<li>Departamento de Suporte Administrativo.<\/li>\n<\/ul>\n\n\n\n<p><strong>Compete \u00e0 Secretaria Municipal de Justi\u00e7a:<\/strong><\/p>\n\n\n\n<ul class=\"wp-block-list\">\n<li>Promover a representa\u00e7\u00e3o judicial do Munic\u00edpio;<\/li>\n\n\n\n<li>Interagir com os \u00f3rg\u00e3os de controle Municipal, de forma integrada com a Controladoria Municipal;<\/li>\n\n\n\n<li>Elaborar pareceres jur\u00eddicos de natureza consultiva em temas afetos \u00e0 gest\u00e3o p\u00fablica e direito administrativo;<\/li>\n\n\n\n<li>Auxiliar o Chefe do Poder Executivo Municipal, de forma coordenada com a Secretaria Municipal do Governo, em quest\u00f5es de natureza jur\u00eddica;<\/li>\n\n\n\n<li>Gerir ou auxiliar na gest\u00e3o do programa de defesa do consumidor \u2013 PROCON;<\/li>\n\n\n\n<li>Exercer outras atribui\u00e7\u00f5es correlatas e complementares em sua \u00e1rea de atua\u00e7\u00e3o.<\/li>\n<\/ul>\n\n\n\n<p><strong>&nbsp;Compete ao Departamento de Contencioso:<\/strong><\/p>\n\n\n\n<ul class=\"wp-block-list\">\n<li>Auxiliar no patroc\u00ednio dos interesses do Munic\u00edpio em ju\u00edzo, na forma das leis processuais;<\/li>\n\n\n\n<li>Elaborar minutas de informa\u00e7\u00f5es a serem prestados ao Poder Judici\u00e1rio, nos mandados de seguran\u00e7a em que o Prefeito, Secret\u00e1rios Municipais e dirigentes de unidades da Administra\u00e7\u00e3o Direta sejam apontados como autoridades coautores;<\/li>\n\n\n\n<li>Requisitar aos \u00f3rg\u00e3os do Poder Executivo Municipal informa\u00e7\u00f5es, certid\u00f5es, c\u00f3pias, exames, dilig\u00eancias e esclarecimentos necess\u00e1rios ao cumprimento de suas finalidades institucionais;<\/li>\n\n\n\n<li>Sugerir medidas jur\u00eddicas para a prote\u00e7\u00e3o do patrim\u00f4nio Municipal ou o aperfei\u00e7oamento das pr\u00e1ticas administrativas;<\/li>\n\n\n\n<li>Requisitar c\u00e1lculos financeiros que subsidiem os trabalhos, bem como naquilo que abrange as compet\u00eancias da secretaria;<\/li>\n\n\n\n<li>Organizar e operacionalizar o contencioso civil e trabalhista;<\/li>\n\n\n\n<li>Representar o Munic\u00edpio nos processos judiciais e extrajudiciais de ordem contenciosa de mat\u00e9ria civil e\/ou trabalhista;<\/li>\n\n\n\n<li>Reportar sobre os resultados e respectivos impactos no Munic\u00edpio dos processos sob sua responsabilidade;<\/li>\n\n\n\n<li>Proceder a representa\u00e7\u00e3o do Munic\u00edpio nas a\u00e7\u00f5es e seus respectivos recursos nas demandas civis e trabalhistas;<\/li>\n\n\n\n<li>Representar o ente p\u00fablico em ju\u00edzo, defendendo seus interesses em a\u00e7\u00f5es de execu\u00e7\u00e3o fiscal, incluindo a contesta\u00e7\u00e3o de alega\u00e7\u00f5es de prescri\u00e7\u00e3o, decad\u00eancia e outros argumentos que possam ser levantados pela defesa do contribuinte;<\/li>\n\n\n\n<li>Ajuizar as a\u00e7\u00f5es de execu\u00e7\u00e3o fiscal para a cobran\u00e7a de d\u00e9bitos tribut\u00e1rios e n\u00e3o tribut\u00e1rios inscritos em d\u00edvida ativa;<\/li>\n\n\n\n<li>Realizar outras atividades afins.<\/li>\n<\/ul>\n\n\n\n<p><strong>Compete \u00e0 Divis\u00e3o de Gest\u00e3o de Execu\u00e7\u00e3o Fiscal:<\/strong><\/p>\n\n\n\n<ul class=\"wp-block-list\">\n<li>Ajuizar as a\u00e7\u00f5es de execu\u00e7\u00e3o fiscal para a cobran\u00e7a de d\u00e9bitos tribut\u00e1rios e n\u00e3o tribut\u00e1rios inscritos em d\u00edvida ativa;<\/li>\n\n\n\n<li>Atuar, de forma consultiva, nas quest\u00f5es que lhe for convocada, dentro de suas compet\u00eancias;<\/li>\n\n\n\n<li>Sugerir e realizar penhoras de bens, bloqueios de valores em contas banc\u00e1rias e outras medidas cautelares necess\u00e1rias para garantir o pagamento da d\u00edvida;<\/li>\n\n\n\n<li>Acompanhar todos os atos processuais da execu\u00e7\u00e3o fiscal, desde a cita\u00e7\u00e3o do devedor at\u00e9 a fase de cumprimento da senten\u00e7a, garantindo a efetividade da cobran\u00e7a;<\/li>\n\n\n\n<li>Elaborar defesas, recursos e outras manifesta\u00e7\u00f5es jur\u00eddicas nos processos de execu\u00e7\u00e3o fiscal;<\/li>\n\n\n\n<li>Representar o ente p\u00fablico em ju\u00edzo, defendendo seus interesses em a\u00e7\u00f5es de execu\u00e7\u00e3o fiscal, incluindo a contesta\u00e7\u00e3o de alega\u00e7\u00f5es de prescri\u00e7\u00e3o, decad\u00eancia e outros argumentos que possam ser levantados pela defesa do contribuinte;<\/li>\n\n\n\n<li>Propor e executar medidas cautelares, como arresto, sequestro de bens ou indisponibilidade de ativos, visando garantir o cumprimento das obriga\u00e7\u00f5es tribut\u00e1rias e n\u00e3o tribut\u00e1rias;<\/li>\n\n\n\n<li>Implementar a execu\u00e7\u00e3o das senten\u00e7as judiciais que favorecem a Fazenda P\u00fablica, com a recupera\u00e7\u00e3o de valores devidos;<\/li>\n\n\n\n<li>Realizar outras atividades afins.<\/li>\n<\/ul>\n\n\n\n<p><strong>Compete ao Departamento de Suporte Administrativo:<\/strong><\/p>\n\n\n\n<ul class=\"wp-block-list\">\n<li>Formular, promover e implementar pol\u00edticas e diretrizes relativas \u00e0s atividades de administra\u00e7\u00e3o de gest\u00e3o de recursos, suprimentos e infraestrutura necess\u00e1rias \u00e0 efetividade dos resultados no \u00e2mbito da Secretaria e dos seus equipamentos;<\/li>\n\n\n\n<li>Planejar, executar e controlar todas as atividades administrativas relacionadas \u00e0s necessidades de compras e distribui\u00e7\u00e3o da Secretaria;<\/li>\n\n\n\n<li>Promover a manuten\u00e7\u00e3o geral dos pr\u00f3prios equipamentos e unidades da Secretaria, administrar e controlar o patrim\u00f4nio mobili\u00e1rio e imobili\u00e1rio, inclusive em rela\u00e7\u00e3o \u00e0 manuten\u00e7\u00e3o e conserva\u00e7\u00e3o;<\/li>\n\n\n\n<li>Administrar, controlar e acompanhar a gest\u00e3o dos contratos, conv\u00eanios e parcerias, em especial quanto ao aspecto financeiro e aos prazos;<\/li>\n\n\n\n<li>Administrar e controlar o uso de ve\u00edculos da Secretaria;<\/li>\n\n\n\n<li>Subsidiar programas de valoriza\u00e7\u00e3o dos servidores, bem como fornecer suporte e apoio aos servidores;<\/li>\n\n\n\n<li>Coordenar os servi\u00e7os de recep\u00e7\u00e3o, organiza\u00e7\u00e3o, limpeza, telefonia e acesso \u00e0 internet;<\/li>\n\n\n\n<li>Assegurar o gerenciamento dos dados para realiza\u00e7\u00e3o do pagamento dos servidores p\u00fablicos da Secretaria;<\/li>\n\n\n\n<li>Planejar e fazer a gest\u00e3o or\u00e7ament\u00e1ria, participando na elabora\u00e7\u00e3o do Plano Plurianual \u2013 PPA, da Lei de Diretrizes Or\u00e7ament\u00e1rias \u2013 LDO e da Lei or\u00e7ament\u00e1ria anual \u2013 LOA da Secretaria, de forma que atinja as metas estabelecidas no plano de governo para a \u00e1rea;<\/li>\n\n\n\n<li>Atender cidad\u00e3os, usu\u00e1rios e servidores, no limite de sua atua\u00e7\u00e3o;<\/li>\n\n\n\n<li>Promover, no \u00e2mbito de sua atribui\u00e7\u00e3o, o apoio administrativo em rela\u00e7\u00e3o aos contratos p\u00fablicos de servi\u00e7os gerais em andamento pelo Munic\u00edpio;<\/li>\n\n\n\n<li>Realizar outras atividades afins.<\/li>\n<\/ul>\n\n\n\n<p><strong>A estrutura organizacional da Secretaria Municipal de Justi\u00e7a \u00e9 dividida em:<\/strong><\/p>\n\n\n\n<ul class=\"wp-block-list\">\n<li>Subsecret\u00e1rio<\/li>\n\n\n\n<li>Diretor de Departamento<\/li>\n\n\n\n<li>Chefe de Divis\u00e3o<\/li>\n\n\n\n<li>Apoio Or\u00e7ament\u00e1rio<\/li>\n\n\n\n<li>Apoio de Gest\u00e3o de Recursos Humanos<\/li>\n\n\n\n<li>Apoio Operacional<\/li>\n<\/ul>\n","protected":false},"excerpt":{"rendered":"<p>A SMJ tem por finalidade auxiliar no patroc\u00ednio dos interesses do Munic\u00edpio em ju\u00edzo, na forma das leis processuais.<\/p>\n","protected":false},"author":2,"featured_media":0,"parent":0,"menu_order":0,"comment_status":"closed","ping_status":"closed","template":"","meta":{"footnotes":""},"class_list":["post-8","page","type-page","status-publish","hentry"],"_links":{"self":[{"href":"https:\/\/cajamar.sp.gov.br\/justica\/wp-json\/wp\/v2\/pages\/8","targetHints":{"allow":["GET"]}}],"collection":[{"href":"https:\/\/cajamar.sp.gov.br\/justica\/wp-json\/wp\/v2\/pages"}],"about":[{"href":"https:\/\/cajamar.sp.gov.br\/justica\/wp-json\/wp\/v2\/types\/page"}],"author":[{"embeddable":true,"href":"https:\/\/cajamar.sp.gov.br\/justica\/wp-json\/wp\/v2\/users\/2"}],"replies":[{"embeddable":true,"href":"https:\/\/cajamar.sp.gov.br\/justica\/wp-json\/wp\/v2\/comments?post=8"}],"version-history":[{"count":7,"href":"https:\/\/cajamar.sp.gov.br\/justica\/wp-json\/wp\/v2\/pages\/8\/revisions"}],"predecessor-version":[{"id":50,"href":"https:\/\/cajamar.sp.gov.br\/justica\/wp-json\/wp\/v2\/pages\/8\/revisions\/50"}],"wp:attachment":[{"href":"https:\/\/cajamar.sp.gov.br\/justica\/wp-json\/wp\/v2\/media?parent=8"}],"curies":[{"name":"wp","href":"https:\/\/api.w.org\/{rel}","templated":true}]}}