{"id":24,"date":"2024-01-18T10:26:03","date_gmt":"2024-01-18T13:26:03","guid":{"rendered":"https:\/\/cajamar.sp.gov.br\/licitacoes\/?page_id=24"},"modified":"2025-03-06T17:19:36","modified_gmt":"2025-03-06T20:19:36","slug":"informacoes-importantes","status":"publish","type":"page","link":"https:\/\/cajamar.sp.gov.br\/licitacoes\/","title":{"rendered":"Portal de Licita\u00e7\u00f5es"},"content":{"rendered":"\n<h2 class=\"wp-block-heading has-text-align-center\">Informa\u00e7\u00f5es Importantes<\/h2>\n\n\n\n<p>Veja abaixo como ser um fornecedor do Munic\u00edpio e os pap\u00e9is do cidad\u00e3o.<\/p>\n\n\n\n<p>Neste espa\u00e7o as empresas e pessoas f\u00edsicas interessadas em participar de licita\u00e7\u00f5es ou dispensa de licita\u00e7\u00e3o com o Munic\u00edpio encontrar\u00e3o todas as informa\u00e7\u00f5es necess\u00e1rias.<\/p>\n\n\n\n<p>Todas as compras do Munic\u00edpio ser\u00e3o realizadas, de forma geral, por meio de licita\u00e7\u00f5es. A nova lei de licita\u00e7\u00f5es e contratos \u2013 <strong>Lei 14.133\/2021<\/strong> \u2013 passou a ter vig\u00eancia integral a partir de <strong>01\/01\/2024<\/strong> e, a partir desta data, todas as licita\u00e7\u00f5es e demais procedimentos de compras do Munic\u00edpio seguir\u00e3o suas regras obrigatoriamente.<\/p>\n\n\n\n<p>Importante lembrar que as licita\u00e7\u00f5es publicadas at\u00e9 <strong>31\/12\/2023<\/strong> e os contratos delas decorrentes continuam sendo regidos pela <strong>Lei 8.666\/1993<\/strong>, inclusive para quest\u00f5es de aditamentos, hip\u00f3teses de rescis\u00e3o, etc. N\u00e3o ser\u00e3o necess\u00e1rias quaisquer altera\u00e7\u00f5es nos contratos, pois, os mesmos permanecem v\u00e1lidos at\u00e9 o fim do prazo estipulado de sua vig\u00eancia.<\/p>\n\n\n\n<p>Para participar das licita\u00e7\u00f5es realizadas a partir de 01\/01\/2024 os fornecedores ir\u00e3o utilizar uma das seguintes plataformas: <\/p>\n\n\n\n<ul class=\"wp-block-list\">\n<li><strong>COMPRAS.GOV.BR<\/strong> &#8211;\u00a0<a href=\"https:\/\/www.gov.br\/compras\/pt-br\">Visitar site<\/a>\u00a0&#8211; \u00e9 necess\u00e1rio pr\u00e9vio cadastramento do usu\u00e1rio na plataforma Gov.br e credenciar-se no Sicaf para participa\u00e7\u00e3o nas licita\u00e7\u00f5es.<\/li>\n<\/ul>\n\n\n\n<ul class=\"wp-block-list\">\n<li><strong>BRCONECTADO<\/strong> \u2013&nbsp;<a href=\"http:\/\/www.licitacajamar.com.br\">Visitar site<\/a>&nbsp;&#8211; \u00e9 necess\u00e1rio um cadastramento pr\u00e9vio na plataforma com anteced\u00eancia m\u00ednima de 48h antes da realiza\u00e7\u00e3o da licita\u00e7\u00e3o. O fornecedor dever\u00e1 ingressar no endere\u00e7o acima, preencher as informa\u00e7\u00f5es solicitadas, encaminhar os documentos e optar por um dos planos de acesso dispon\u00edveis (Por Processo, Mensal, Trimestral, Semestral ou Anual) cujos valores encontram-se discriminados no site. O valor cobrado destina-se ao ressarcimento dos custos incorridos com o uso e a disponibilidade do sistema de compras eletr\u00f4nico da empresa detentora do sistema, conforme previsto no art. 175, \u00a71\u00ba da Lei 14.133\/21.<\/li>\n<\/ul>\n\n\n\n<ul class=\"wp-block-list\">\n<li><strong>BLL COMPRAS<\/strong>&#8211;&nbsp;<a href=\"https:\/\/bll.org.br\/\">Visitar site<\/a>&nbsp;&#8211; \u00e9 necess\u00e1rio o cadastramento na Plataforma com anteced\u00eancia de 24h da realiza\u00e7\u00e3o da licita\u00e7\u00e3o no endere\u00e7o https:\/\/bll.org.br\/cadastro-para-fornecedores. O fornecedor dever\u00e1 ingressar no endere\u00e7o acima, preencher as informa\u00e7\u00f5es solicitadas e encaminhar os documentos. O licitante dever\u00e1 optar por um dos planos dispon\u00edveis para utiliza\u00e7\u00e3o do sistema, sendo: plano por per\u00edodo ou plano por taxa vari\u00e1vel. <\/li>\n<\/ul>\n\n\n\n<ul class=\"wp-block-list\">\n<li><strong>BBMNET<\/strong> &#8211;&nbsp;<a href=\"https:\/\/sala.novobbmnet.com.br\/intermediate-page\">Visitar site<\/a>&nbsp;\u2013 \u00c9 necess\u00e1rio o pr\u00e9vio cadastramento do usu\u00e1rio na plataforma para participa\u00e7\u00e3o nas licita\u00e7\u00f5es.<\/li>\n<\/ul>\n\n\n\n<p>A Plataforma escolhida pelo Munic\u00edpio para a realiza\u00e7\u00e3o de cada licita\u00e7\u00e3o estar\u00e1 obrigatoriamente informada no edital de licita\u00e7\u00e3o. Assim, o fornecedor deve <strong>verificar atentamente o edital<\/strong>, com anteced\u00eancia, para participar de licita\u00e7\u00f5es do Munic\u00edpio sem obst\u00e1culos ou dificuldades.<\/p>\n\n\n\n<p>Os editais ser\u00e3o disponibilizados no menu Licita\u00e7\u00f5es e tamb\u00e9m nas p\u00e1ginas:<\/p>\n\n\n\n<ul class=\"wp-block-list\">\n<li><strong>PNCP \u2013 Portal Nacional de Contrata\u00e7\u00f5es<\/strong>&nbsp; <a href=\"https:\/\/www.gov.br\/pncp\/pt-br\">clique aqui<\/a> no \u00edcone CONTRATA\u00c7\u00d5ES  <\/li>\n\n\n\n<li><strong>Portal da Transpar\u00eancia do Munic\u00edpio<\/strong>&nbsp;<a href=\"https:\/\/transparencia.cajamar.sp.gov.br\/Pages\/Geral\/wfLicitacoesContratosExibicao.aspx\">clique aqui<\/a>.<\/li>\n<\/ul>\n\n\n\n<h3 class=\"wp-block-heading\">O Papel dos Cidad\u00e3os<\/h3>\n\n\n\n<p>A participa\u00e7\u00e3o do cidad\u00e3o no processo de contrata\u00e7\u00e3o p\u00fablica \u00e9 fundamental j\u00e1 que o objetivo da atividade administrativa \u00e9 atender ao interesse p\u00fablico.<\/p>\n\n\n\n<p>Cabe ao cidad\u00e3o a prerrogativa de realizar o controle social das licita\u00e7\u00f5es e contrata\u00e7\u00f5es p\u00fablicas e, para isso, a Administra\u00e7\u00e3o deve atuar com transpar\u00eancia. Uma das principais inova\u00e7\u00f5es da Nova Lei de Licita\u00e7\u00f5es \u00e9 o Portal Nacional de Contrata\u00e7\u00f5es P\u00fablicas &#8211; PNCP, um s\u00edtio eletr\u00f4nico mantido pelo governo federal no qual todas as contrata\u00e7\u00f5es s\u00e3o reunidas&nbsp;<a href=\"https:\/\/www.gov.br\/pncp\/pt-br\">(visitar site)<\/a>.<\/p>\n\n\n\n<p>Al\u00e9m do PNCP, o Munic\u00edpio tamb\u00e9m disponibilizar\u00e1 todas as informa\u00e7\u00f5es exigidas pela legisla\u00e7\u00e3o no Portal da Transpar\u00eancia do Munic\u00edpio&nbsp;(<a href=\"https:\/\/transparencia.cajamar.sp.gov.br\/Pages\/Geral\/wfLicitacoesContratosExibicao.aspx\">visitar site)<\/a>.<\/p>\n","protected":false},"excerpt":{"rendered":"<p>Informa\u00e7\u00f5es Importantes Veja abaixo como ser um fornecedor do Munic\u00edpio e os pap\u00e9is do cidad\u00e3o. Neste espa\u00e7o as empresas e pessoas f\u00edsicas interessadas em participar de licita\u00e7\u00f5es ou dispensa de licita\u00e7\u00e3o com o Munic\u00edpio encontrar\u00e3o todas as informa\u00e7\u00f5es necess\u00e1rias. Todas as compras do Munic\u00edpio ser\u00e3o realizadas, de forma geral, por meio de licita\u00e7\u00f5es. A nova [&hellip;]<\/p>\n","protected":false},"author":40,"featured_media":0,"parent":0,"menu_order":0,"comment_status":"closed","ping_status":"closed","template":"","meta":{"footnotes":""},"class_list":["post-24","page","type-page","status-publish","hentry"],"_links":{"self":[{"href":"https:\/\/cajamar.sp.gov.br\/licitacoes\/wp-json\/wp\/v2\/pages\/24","targetHints":{"allow":["GET"]}}],"collection":[{"href":"https:\/\/cajamar.sp.gov.br\/licitacoes\/wp-json\/wp\/v2\/pages"}],"about":[{"href":"https:\/\/cajamar.sp.gov.br\/licitacoes\/wp-json\/wp\/v2\/types\/page"}],"author":[{"embeddable":true,"href":"https:\/\/cajamar.sp.gov.br\/licitacoes\/wp-json\/wp\/v2\/users\/40"}],"replies":[{"embeddable":true,"href":"https:\/\/cajamar.sp.gov.br\/licitacoes\/wp-json\/wp\/v2\/comments?post=24"}],"version-history":[{"count":12,"href":"https:\/\/cajamar.sp.gov.br\/licitacoes\/wp-json\/wp\/v2\/pages\/24\/revisions"}],"predecessor-version":[{"id":63,"href":"https:\/\/cajamar.sp.gov.br\/licitacoes\/wp-json\/wp\/v2\/pages\/24\/revisions\/63"}],"wp:attachment":[{"href":"https:\/\/cajamar.sp.gov.br\/licitacoes\/wp-json\/wp\/v2\/media?parent=24"}],"curies":[{"name":"wp","href":"https:\/\/api.w.org\/{rel}","templated":true}]}}