{"id":38,"date":"2020-04-01T16:20:06","date_gmt":"2020-04-01T19:20:06","guid":{"rendered":"https:\/\/cajamar.sp.gov.br\/meioambiente\/?page_id=38"},"modified":"2024-05-17T13:42:10","modified_gmt":"2024-05-17T16:42:10","slug":"comdema","status":"publish","type":"page","link":"https:\/\/cajamar.sp.gov.br\/meio-ambiente\/comdema\/","title":{"rendered":"COMDEMA"},"content":{"rendered":"\n<p>O Conselho Municipal de Defesa do Meio Ambiente tem a fun\u00e7\u00e3o de assessorar a gest\u00e3o da Pol\u00edtica Municipal do Meio Ambiente como: \u00f3rg\u00e3o consultivo, deliberativo e de assessoramento do Poder Executivo, no \u00e2mbito de sua compet\u00eancia, sobre as quest\u00f5es ambientais propostas nesta e demais leis correlatas do munic\u00edpio, com o apoio dos servi\u00e7os administrativos da Prefeitura Municipal.<\/p>\n\n\n\n<p>A composi\u00e7\u00e3o atual do Conselho, para a gest\u00e3o bienal de 2024 a 2026, \u00e9 regida pelo Decreto Municipal 7.188 de 16 de abril de 2024 (acesso pelo link https:\/\/cajamar.sp.gov.br\/decretos\/decretos-municipais\/decreto-7188-de-2024\/).<\/p>\n\n\n\n<p>Os membros s\u00e3o:<\/p>\n\n\n\n<p><strong>I \u2013 REPRESENTANTES DO PODER P\u00daBLICO<\/strong>:<\/p>\n\n\n\n<ol class=\"wp-block-list\" style=\"list-style-type:lower-alpha\">\n<li><strong>Secretaria Municipal de Meio Ambiente e Prote\u00e7\u00e3o Animal:<\/strong><\/li>\n<\/ol>\n\n\n\n<p>Titular: Fernando Jordani Feliti \u2013 RG: 43.669.716-6 (atual Presidente)<\/p>\n\n\n\n<p>Suplente: Iury Charle Santos Santos \u2013 RG: 6.176.768<\/p>\n\n\n\n<ul class=\"wp-block-list\">\n<li><strong>Secretaria Municipal de Infraestrutura e Servi\u00e7os P\u00fablicos:<\/strong><\/li>\n<\/ul>\n\n\n\n<p>Titular: Jaime Miranda Barros Junior \u2013 RG: 37.655.590-7<\/p>\n\n\n\n<p>Suplente: Hermes da Silva Dias \u2013 RG: 53.883.345-2<\/p>\n\n\n\n<ul class=\"wp-block-list\">\n<li><strong>Secretaria Municipal de Mobilidade e Desenvolvimento Urbano:<\/strong><\/li>\n<\/ul>\n\n\n\n<p>Titular: Juliana Silva Melo \u2013 RG: 45.668.898-8<\/p>\n\n\n\n<p>Suplente: Mileide Frota de Olveira \u2013 RG: 49.569.776-X<\/p>\n\n\n\n<ul class=\"wp-block-list\">\n<li><strong>Defesa Civil Municipal:<\/strong><\/li>\n<\/ul>\n\n\n\n<p>Titular: Sidinei Marques Barbosa \u2013 RG: 26.752.035-9<\/p>\n\n\n\n<p>Suplente: Ant\u00f4nio Carlos Galeoti de Freitas Arruda \u2013 RG: 25.240.920-6<\/p>\n\n\n\n<ul class=\"wp-block-list\">\n<li><strong>Guarda Civil Municipal (Divis\u00e3o Ambiental):<\/strong><\/li>\n<\/ul>\n\n\n\n<p>Titular: Valdecir Furquim \u2013 RG: 22.203.466<\/p>\n\n\n\n<p>Suplente: Jurandir Alves Trindade \u2013 RG: 22.801.878-X<\/p>\n\n\n\n<p><strong>II \u2013 REPRESENTANTES DO SEGMENTO DA SOCIEDADE CIVIL<\/strong><\/p>\n\n\n\n<ol class=\"wp-block-list\" style=\"list-style-type:lower-alpha\">\n<li><strong>Associa\u00e7\u00e3o de Bairro<\/strong><\/li>\n<\/ol>\n\n\n\n<p>Titular: Cristiano Conde J.R. de Barros \u2013 RG: 18.684.058-5 &#8211; Associa\u00e7\u00e3o de<\/p>\n\n\n\n<p>Propriet\u00e1rios de Lotes do Capital Ville I<\/p>\n\n\n\n<p>Suplente: Manoel Gomes de Sousa \u2013 RG: 32.963.241-3 \u2013 Associa\u00e7\u00e3o<\/p>\n\n\n\n<p>Comunit\u00e1ria dos Moradores do bairro S\u00e3o Benedito&nbsp;<\/p>\n\n\n\n<ul class=\"wp-block-list\">\n<li><strong>Associa\u00e7\u00e3o de Bairro:<\/strong><\/li>\n<\/ul>\n\n\n\n<p>Titular: Renata Borovina Josko \u2013 RG: 23.231.351-9 &#8211; Associa\u00e7\u00e3o de Propriet\u00e1rios de Lotes de Reserva Capital Ville II<\/p>\n\n\n\n<p>Suplente: Jos\u00e9 Julio Ferraz de Campos Jr. \u2013 RG: 18895.980-4 &#8211; Associa\u00e7\u00e3o de Propriet\u00e1rios de Lotes de Reserva Capital Ville II<\/p>\n\n\n\n<ul class=\"wp-block-list\">\n<li><strong>Entidade Ambientalista ou Sociedade Civil Organizada:<\/strong><\/li>\n<\/ul>\n\n\n\n<p>Titular: Carolina Thom\u00e9 Utida \u2013 RG: 34.735.1001Associa\u00e7\u00e3o Cultural e Desportiva Capital Ville<\/p>\n\n\n\n<p>Suplente: M\u00f4nica Bonfim de Arruda \u2013 RG: 0550.797-7 &#8211; Associa\u00e7\u00e3o Cultural e Desportiva Capital Ville (atual Secret\u00e1ria)<\/p>\n\n\n\n<ul class=\"wp-block-list\">\n<li><strong>Entidade Ambientalista ou Sociedade Civil Organizada:<\/strong><\/li>\n<\/ul>\n\n\n\n<p>Titular: Daniela Cristiane Teston \u2013 RG: 25.471.711-1 &#8211; Associa\u00e7\u00e3o de Propriet\u00e1rios de Lotes de Reserva Capital Ville<\/p>\n\n\n\n<p>Suplente: Lorena Elizabeth Branada Subiabre \u2013 RNE: W315538-H &#8211; Associa\u00e7\u00e3o de Propriet\u00e1rios de Lotes de Lotes de Capital Ville III<\/p>\n\n\n\n<ul class=\"wp-block-list\">\n<li><strong>Ind\u00fastria ou Com\u00e9rcio:<\/strong><\/li>\n<\/ul>\n\n\n\n<p>Titular: Lucas Olimpio Zorzi \u2013 RG: 49.730.122-2 &#8211; Natura Cosm\u00e9ticos S\/A<\/p>\n\n\n\n<p>Suplente: Sabrina Ramalho Sanches \u2013 RG: 34.920.160-2 &#8211; Natura Cosm\u00e9ticos S\/A<\/p>\n\n\n\n<p><br>__________________________________________________________________________________________________________<br><br>Contato: secexecutivacomdemacajamar@gmail.com<\/p>\n\n\n\n<p><\/p>\n\n\n\n<p><\/p>\n","protected":false},"excerpt":{"rendered":"<p>O Conselho Municipal de Defesa do Meio Ambiente tem a fun\u00e7\u00e3o de assessorar a gest\u00e3o da Pol\u00edtica Municipal do Meio Ambiente como: \u00f3rg\u00e3o consultivo, deliberativo e de assessoramento do Poder Executivo, no \u00e2mbito de sua compet\u00eancia, sobre as quest\u00f5es ambientais propostas nesta e demais leis correlatas do munic\u00edpio, com o apoio dos servi\u00e7os administrativos da [&hellip;]<\/p>\n","protected":false},"author":7,"featured_media":0,"parent":0,"menu_order":0,"comment_status":"closed","ping_status":"closed","template":"","meta":{"footnotes":""},"class_list":["post-38","page","type-page","status-publish","hentry"],"_links":{"self":[{"href":"https:\/\/cajamar.sp.gov.br\/meio-ambiente\/wp-json\/wp\/v2\/pages\/38","targetHints":{"allow":["GET"]}}],"collection":[{"href":"https:\/\/cajamar.sp.gov.br\/meio-ambiente\/wp-json\/wp\/v2\/pages"}],"about":[{"href":"https:\/\/cajamar.sp.gov.br\/meio-ambiente\/wp-json\/wp\/v2\/types\/page"}],"author":[{"embeddable":true,"href":"https:\/\/cajamar.sp.gov.br\/meio-ambiente\/wp-json\/wp\/v2\/users\/7"}],"replies":[{"embeddable":true,"href":"https:\/\/cajamar.sp.gov.br\/meio-ambiente\/wp-json\/wp\/v2\/comments?post=38"}],"version-history":[{"count":3,"href":"https:\/\/cajamar.sp.gov.br\/meio-ambiente\/wp-json\/wp\/v2\/pages\/38\/revisions"}],"predecessor-version":[{"id":1195,"href":"https:\/\/cajamar.sp.gov.br\/meio-ambiente\/wp-json\/wp\/v2\/pages\/38\/revisions\/1195"}],"wp:attachment":[{"href":"https:\/\/cajamar.sp.gov.br\/meio-ambiente\/wp-json\/wp\/v2\/media?parent=38"}],"curies":[{"name":"wp","href":"https:\/\/api.w.org\/{rel}","templated":true}]}}