{"id":387,"date":"2022-08-24T16:02:50","date_gmt":"2022-08-24T19:02:50","guid":{"rendered":"https:\/\/cajamar.sp.gov.br\/meio-ambiente\/?page_id=387"},"modified":"2025-06-02T08:16:12","modified_gmt":"2025-06-02T11:16:12","slug":"consultas-publicas","status":"publish","type":"page","link":"https:\/\/cajamar.sp.gov.br\/meio-ambiente\/licenciamento-ambiental\/consultas-publicas\/","title":{"rendered":"CONSULTAS P\u00daBLICAS ATIVAS"},"content":{"rendered":"\n<p><br><strong>CONSULTA P\u00daBLICA \u2013 REVIS\u00c3O DO PLANO MUNICIPAL DE SANEAMENTO B\u00c1SICO PARA OS SERVI\u00c7OS ESPEC\u00cdFICOS DE ABASTECIMENTO DE \u00c1GUA E ESGOTAMENTO SANIT\u00c1RIO<\/strong><\/p>\n\n\n\n<p>Fica dispon\u00edvel para consulta p\u00fablica, at\u00e9 a data de 30\/07\/2025 \u00e0s 23h59, os relat\u00f3rios e demais produtos<br>vinculados \u00e0 revis\u00e3o do Plano Municipal de Saneamento B\u00e1sico para as diretrizes de abastecimento de \u00e1gua e esgotamento sanit\u00e1rio.<\/p>\n\n\n\n<p><br>O processo de revis\u00e3o foi realizado pelo Governo do Estado de S\u00e3o Paulo mediante a celebra\u00e7\u00e3o do conv\u00eanio SIMA 039\/2019 com a Prefeitura de Cajamar, atrav\u00e9s do processo administrativo SIMA 2472\/2019. Para tanto, os estudos foram elaborados pelo Cons\u00f3rcio Engecorps&amp;Maubertec, contratado pelo governo estadual para realizar os trabalhos t\u00e9cnicos vinculados \u00e0 revis\u00e3o do Plano Municipal. <\/p>\n\n\n\n<p><br>Os apontamentos e considera\u00e7\u00f5es devem ser enviados diretamente ao e-mail oficial da Secretaria de Meio Ambiente: smma@cajamar.sp.gov.br. Informa\u00e7\u00f5es complementares podem ser obtidas atrav\u00e9s do telefone (11) 4446-0034 ou presencialmente na sede da Secretaria, situada \u00e0 Rua Manoel Ant\u00f4nio Gomes, 180 &#8211; Jordan\u00e9sia.<\/p>\n\n\n\n<div data-wp-interactive=\"core\/file\" class=\"wp-block-file\"><object data-wp-bind--hidden=\"!state.hasPdfPreview\" hidden class=\"wp-block-file__embed\" data=\"https:\/\/cajamar.sp.gov.br\/meio-ambiente\/wp-content\/uploads\/sites\/18\/2025\/06\/1442-sma-01-sa-ds-1036-r5-anexo-01.pdf\" type=\"application\/pdf\" style=\"width:100%;height:600px\" aria-label=\"Incorporado de 1442-SMA-01-SA-DS-1036-R5-Anexo 01.\"><\/object><a id=\"wp-block-file--media-f47e5aa3-3eac-429d-830b-429607f9819a\" href=\"https:\/\/cajamar.sp.gov.br\/meio-ambiente\/wp-content\/uploads\/sites\/18\/2025\/06\/1442-sma-01-sa-ds-1036-r5-anexo-01.pdf\">1442-SMA-01-SA-DS-1036-R5-Anexo 01<\/a><a href=\"https:\/\/cajamar.sp.gov.br\/meio-ambiente\/wp-content\/uploads\/sites\/18\/2025\/06\/1442-sma-01-sa-ds-1036-r5-anexo-01.pdf\" class=\"wp-block-file__button wp-element-button\" download aria-describedby=\"wp-block-file--media-f47e5aa3-3eac-429d-830b-429607f9819a\">Baixar<\/a><\/div>\n\n\n\n<div data-wp-interactive=\"core\/file\" class=\"wp-block-file\"><object data-wp-bind--hidden=\"!state.hasPdfPreview\" hidden class=\"wp-block-file__embed\" data=\"https:\/\/cajamar.sp.gov.br\/meio-ambiente\/wp-content\/uploads\/sites\/18\/2025\/06\/1442-sma-01-sa-rt-1036-r5.pdf\" type=\"application\/pdf\" style=\"width:100%;height:600px\" aria-label=\"Incorporado de 1442-SMA-01-SA-RT-1036-R5.\"><\/object><a id=\"wp-block-file--media-118ce93d-2beb-4dc9-8186-354cc0b99ab9\" href=\"https:\/\/cajamar.sp.gov.br\/meio-ambiente\/wp-content\/uploads\/sites\/18\/2025\/06\/1442-sma-01-sa-rt-1036-r5.pdf\">1442-SMA-01-SA-RT-1036-R5<\/a><a href=\"https:\/\/cajamar.sp.gov.br\/meio-ambiente\/wp-content\/uploads\/sites\/18\/2025\/06\/1442-sma-01-sa-rt-1036-r5.pdf\" class=\"wp-block-file__button wp-element-button\" download aria-describedby=\"wp-block-file--media-118ce93d-2beb-4dc9-8186-354cc0b99ab9\">Baixar<\/a><\/div>\n\n\n\n<div data-wp-interactive=\"core\/file\" class=\"wp-block-file\"><object data-wp-bind--hidden=\"!state.hasPdfPreview\" hidden class=\"wp-block-file__embed\" data=\"https:\/\/cajamar.sp.gov.br\/meio-ambiente\/wp-content\/uploads\/sites\/18\/2025\/06\/1442-sma-02-sa-rt-1036-r2.pdf\" type=\"application\/pdf\" style=\"width:100%;height:600px\" aria-label=\"Incorporado de 1442-SMA-02-SA-RT-1036-R2.\"><\/object><a id=\"wp-block-file--media-1533db86-dbfa-43ed-bd33-937025a16dec\" href=\"https:\/\/cajamar.sp.gov.br\/meio-ambiente\/wp-content\/uploads\/sites\/18\/2025\/06\/1442-sma-02-sa-rt-1036-r2.pdf\">1442-SMA-02-SA-RT-1036-R2<\/a><a href=\"https:\/\/cajamar.sp.gov.br\/meio-ambiente\/wp-content\/uploads\/sites\/18\/2025\/06\/1442-sma-02-sa-rt-1036-r2.pdf\" class=\"wp-block-file__button wp-element-button\" download aria-describedby=\"wp-block-file--media-1533db86-dbfa-43ed-bd33-937025a16dec\">Baixar<\/a><\/div>\n\n\n\n<div data-wp-interactive=\"core\/file\" class=\"wp-block-file\"><object data-wp-bind--hidden=\"!state.hasPdfPreview\" hidden class=\"wp-block-file__embed\" data=\"https:\/\/cajamar.sp.gov.br\/meio-ambiente\/wp-content\/uploads\/sites\/18\/2025\/06\/convenio-039_2019-pmc-e-sima.pdf\" type=\"application\/pdf\" style=\"width:100%;height:600px\" aria-label=\"Incorporado de Conv\u00eanio 039_2019 - PMC e SIMA.\"><\/object><a id=\"wp-block-file--media-400735e6-580e-4625-8e48-e35bc747d971\" href=\"https:\/\/cajamar.sp.gov.br\/meio-ambiente\/wp-content\/uploads\/sites\/18\/2025\/06\/convenio-039_2019-pmc-e-sima.pdf\">Conv\u00eanio 039_2019 &#8211; PMC e SIMA<\/a><a href=\"https:\/\/cajamar.sp.gov.br\/meio-ambiente\/wp-content\/uploads\/sites\/18\/2025\/06\/convenio-039_2019-pmc-e-sima.pdf\" class=\"wp-block-file__button wp-element-button\" download aria-describedby=\"wp-block-file--media-400735e6-580e-4625-8e48-e35bc747d971\">Baixar<\/a><\/div>\n","protected":false},"excerpt":{"rendered":"<p>CONSULTA P\u00daBLICA \u2013 REVIS\u00c3O DO PLANO MUNICIPAL DE SANEAMENTO B\u00c1SICO PARA OS SERVI\u00c7OS ESPEC\u00cdFICOS DE ABASTECIMENTO DE \u00c1GUA E ESGOTAMENTO SANIT\u00c1RIO Fica dispon\u00edvel para consulta p\u00fablica, at\u00e9 a data de 30\/07\/2025 \u00e0s 23h59, os relat\u00f3rios e demais produtosvinculados \u00e0 revis\u00e3o do Plano Municipal de Saneamento B\u00e1sico para as diretrizes de abastecimento de \u00e1gua e esgotamento [&hellip;]<\/p>\n","protected":false},"author":27,"featured_media":0,"parent":203,"menu_order":0,"comment_status":"closed","ping_status":"closed","template":"","meta":{"footnotes":""},"class_list":["post-387","page","type-page","status-publish","hentry"],"_links":{"self":[{"href":"https:\/\/cajamar.sp.gov.br\/meio-ambiente\/wp-json\/wp\/v2\/pages\/387","targetHints":{"allow":["GET"]}}],"collection":[{"href":"https:\/\/cajamar.sp.gov.br\/meio-ambiente\/wp-json\/wp\/v2\/pages"}],"about":[{"href":"https:\/\/cajamar.sp.gov.br\/meio-ambiente\/wp-json\/wp\/v2\/types\/page"}],"author":[{"embeddable":true,"href":"https:\/\/cajamar.sp.gov.br\/meio-ambiente\/wp-json\/wp\/v2\/users\/27"}],"replies":[{"embeddable":true,"href":"https:\/\/cajamar.sp.gov.br\/meio-ambiente\/wp-json\/wp\/v2\/comments?post=387"}],"version-history":[{"count":9,"href":"https:\/\/cajamar.sp.gov.br\/meio-ambiente\/wp-json\/wp\/v2\/pages\/387\/revisions"}],"predecessor-version":[{"id":1333,"href":"https:\/\/cajamar.sp.gov.br\/meio-ambiente\/wp-json\/wp\/v2\/pages\/387\/revisions\/1333"}],"up":[{"embeddable":true,"href":"https:\/\/cajamar.sp.gov.br\/meio-ambiente\/wp-json\/wp\/v2\/pages\/203"}],"wp:attachment":[{"href":"https:\/\/cajamar.sp.gov.br\/meio-ambiente\/wp-json\/wp\/v2\/media?parent=387"}],"curies":[{"name":"wp","href":"https:\/\/api.w.org\/{rel}","templated":true}]}}