{"id":145,"date":"2020-11-30T17:14:31","date_gmt":"2020-11-30T20:14:31","guid":{"rendered":"https:\/\/cajamar.sp.gov.br\/prefeitura\/?page_id=145"},"modified":"2025-01-21T16:50:49","modified_gmt":"2025-01-21T19:50:49","slug":"prefeito-de-cajamar","status":"publish","type":"page","link":"https:\/\/cajamar.sp.gov.br\/prefeitura\/prefeito-de-cajamar\/","title":{"rendered":"Kau\u00e3n Berto Sousa Santos &#8211; Kau\u00e3n Berto"},"content":{"rendered":"\n<p>Aos 24 anos, Kau\u00e3n Berto assumiu a Prefeitura de Cajamar como o mais jovem prefeito da hist\u00f3ria do munic\u00edpio, eleito com impressionantes 92% dos votos v\u00e1lidos, totalizando 40.685 votos. Nascido no Hospital Municipal de Cajamar e morador do bairro Parque S\u00e3o Roberto, Kau\u00e3n se destaca como o primeiro representante dessa localidade a ocupar o cargo. Sua elei\u00e7\u00e3o foi marcada pelo apoio do ex-prefeito Danilo Joan, que reconheceu sua trajet\u00f3ria de dedica\u00e7\u00e3o \u00e0 cidade e capacidade de lideran\u00e7a.<\/p>\n\n\n\n<p>Formado em Comunica\u00e7\u00e3o Social com habilita\u00e7\u00e3o em Jornalismo e p\u00f3s-graduado em Gest\u00e3o P\u00fablica, Kau\u00e3n Berto tem como prioridade de governo a amplia\u00e7\u00e3o dos investimentos na Sa\u00fade, com foco em oferecer atendimento de qualidade ao cidad\u00e3o cajamarense. Al\u00e9m disso, sua gest\u00e3o busca fortalecer pol\u00edticas p\u00fablicas com base na transpar\u00eancia e na participa\u00e7\u00e3o cidad\u00e3, promovendo uma administra\u00e7\u00e3o moderna e inclusiva.<\/p>\n\n\n\n<p>Sua trajet\u00f3ria come\u00e7ou cedo, aos 12 anos, com a cria\u00e7\u00e3o do portal Di\u00e1rio Cajamarense, demonstrando sua iniciativa e compromisso com a comunidade local. Em 2017, ingressou na Assembleia Legislativa do Estado de S\u00e3o Paulo (ALESP), onde atuou na Comunica\u00e7\u00e3o da Presid\u00eancia. Em 2019, foi convidado pelo ent\u00e3o prefeito Danilo Joan para assumir as secretarias de Comunica\u00e7\u00e3o, Gest\u00e3o de Eventos e de Moderniza\u00e7\u00e3o, Tecnologia e Inova\u00e7\u00e3o, contribuindo significativamente para o progresso da cidade.<\/p>\n\n\n\n<p>Hoje, Kau\u00e3n Berto est\u00e1 entre os prefeitos mais votados do Estado de S\u00e3o Paulo, um reflexo de sua efici\u00eancia, vis\u00e3o inovadora e dedica\u00e7\u00e3o ao bem-estar da popula\u00e7\u00e3o de Cajamar. Como prefeito, ele refor\u00e7a seu compromisso em construir um futuro de oportunidades, desenvolvimento e qualidade de vida para todos.<\/p>\n\n\n\n<p><\/p>\n","protected":false},"excerpt":{"rendered":"<p>Aos 24 anos, Kau\u00e3n Berto assumiu a Prefeitura de Cajamar como o mais jovem prefeito da hist\u00f3ria do munic\u00edpio, eleito com impressionantes 92% dos votos v\u00e1lidos, totalizando 40.685 votos. Nascido no Hospital Municipal de Cajamar e morador do bairro Parque S\u00e3o Roberto, Kau\u00e3n se destaca como o primeiro representante dessa localidade a ocupar o cargo. [&hellip;]<\/p>\n","protected":false},"author":7,"featured_media":0,"parent":0,"menu_order":0,"comment_status":"closed","ping_status":"closed","template":"","meta":{"footnotes":""},"class_list":["post-145","page","type-page","status-publish","hentry"],"_links":{"self":[{"href":"https:\/\/cajamar.sp.gov.br\/prefeitura\/wp-json\/wp\/v2\/pages\/145","targetHints":{"allow":["GET"]}}],"collection":[{"href":"https:\/\/cajamar.sp.gov.br\/prefeitura\/wp-json\/wp\/v2\/pages"}],"about":[{"href":"https:\/\/cajamar.sp.gov.br\/prefeitura\/wp-json\/wp\/v2\/types\/page"}],"author":[{"embeddable":true,"href":"https:\/\/cajamar.sp.gov.br\/prefeitura\/wp-json\/wp\/v2\/users\/7"}],"replies":[{"embeddable":true,"href":"https:\/\/cajamar.sp.gov.br\/prefeitura\/wp-json\/wp\/v2\/comments?post=145"}],"version-history":[{"count":5,"href":"https:\/\/cajamar.sp.gov.br\/prefeitura\/wp-json\/wp\/v2\/pages\/145\/revisions"}],"predecessor-version":[{"id":182,"href":"https:\/\/cajamar.sp.gov.br\/prefeitura\/wp-json\/wp\/v2\/pages\/145\/revisions\/182"}],"wp:attachment":[{"href":"https:\/\/cajamar.sp.gov.br\/prefeitura\/wp-json\/wp\/v2\/media?parent=145"}],"curies":[{"name":"wp","href":"https:\/\/api.w.org\/{rel}","templated":true}]}}