{"id":149,"date":"2020-11-30T17:18:24","date_gmt":"2020-11-30T20:18:24","guid":{"rendered":"https:\/\/cajamar.sp.gov.br\/prefeitura\/?page_id=149"},"modified":"2025-01-21T13:11:02","modified_gmt":"2025-01-21T16:11:02","slug":"vice-prefeito-de-cajamar","status":"publish","type":"page","link":"https:\/\/cajamar.sp.gov.br\/prefeitura\/vice-prefeito-de-cajamar\/","title":{"rendered":"Vice-prefeito de Cajamar"},"content":{"rendered":"\n<p><strong>R\u00e9gis Lu\u00edz Lima de Souza<\/strong> \u00e9 doutor em Educa\u00e7\u00e3o pela Universidade de S\u00e3o Paulo (USP) e doutor em Did\u00e1tica da Matem\u00e1tica pela Universidade de Lisboa (UL) Portugal. <br><br>Mestre em Educa\u00e7\u00e3o Matem\u00e1tica pela FEUSP, \u00e9 especializado em Educa\u00e7\u00e3o, Pol\u00edticas P\u00fablicas e Forma\u00e7\u00e3o de Professores. <br><br>Secret\u00e1rio de Educa\u00e7\u00e3o, foi respons\u00e1vel pela cria\u00e7\u00e3o do Col\u00e9gio do Futuro e do Campus de Tecnologia e Log\u00edstica, proporcionando uma revolu\u00e7\u00e3o na educa\u00e7\u00e3o de Cajamar. <br><br>Com uma vis\u00e3o progressista, elevou a qualidade do ensino e investiu na infraestrutura escolar, sempre objetivando formar cidad\u00e3os preparados para os desafios do futuro.<\/p>\n","protected":false},"excerpt":{"rendered":"<p>R\u00e9gis Lu\u00edz Lima de Souza \u00e9 doutor em Educa\u00e7\u00e3o pela Universidade de S\u00e3o Paulo (USP) e doutor em Did\u00e1tica da Matem\u00e1tica pela Universidade de Lisboa (UL) Portugal. Mestre em Educa\u00e7\u00e3o Matem\u00e1tica pela FEUSP, \u00e9 especializado em Educa\u00e7\u00e3o, Pol\u00edticas P\u00fablicas e Forma\u00e7\u00e3o de Professores. Secret\u00e1rio de Educa\u00e7\u00e3o, foi respons\u00e1vel pela cria\u00e7\u00e3o do Col\u00e9gio do Futuro e [&hellip;]<\/p>\n","protected":false},"author":7,"featured_media":0,"parent":0,"menu_order":0,"comment_status":"closed","ping_status":"closed","template":"","meta":{"footnotes":""},"class_list":["post-149","page","type-page","status-publish","hentry"],"_links":{"self":[{"href":"https:\/\/cajamar.sp.gov.br\/prefeitura\/wp-json\/wp\/v2\/pages\/149","targetHints":{"allow":["GET"]}}],"collection":[{"href":"https:\/\/cajamar.sp.gov.br\/prefeitura\/wp-json\/wp\/v2\/pages"}],"about":[{"href":"https:\/\/cajamar.sp.gov.br\/prefeitura\/wp-json\/wp\/v2\/types\/page"}],"author":[{"embeddable":true,"href":"https:\/\/cajamar.sp.gov.br\/prefeitura\/wp-json\/wp\/v2\/users\/7"}],"replies":[{"embeddable":true,"href":"https:\/\/cajamar.sp.gov.br\/prefeitura\/wp-json\/wp\/v2\/comments?post=149"}],"version-history":[{"count":2,"href":"https:\/\/cajamar.sp.gov.br\/prefeitura\/wp-json\/wp\/v2\/pages\/149\/revisions"}],"predecessor-version":[{"id":181,"href":"https:\/\/cajamar.sp.gov.br\/prefeitura\/wp-json\/wp\/v2\/pages\/149\/revisions\/181"}],"wp:attachment":[{"href":"https:\/\/cajamar.sp.gov.br\/prefeitura\/wp-json\/wp\/v2\/media?parent=149"}],"curies":[{"name":"wp","href":"https:\/\/api.w.org\/{rel}","templated":true}]}}