{"id":20,"date":"2019-10-31T18:26:30","date_gmt":"2019-10-31T20:26:30","guid":{"rendered":"https:\/\/cajamar.sp.gov.br\/prefeitura\/?page_id=20"},"modified":"2023-04-12T17:07:06","modified_gmt":"2023-04-12T20:07:06","slug":"expediente","status":"publish","type":"page","link":"https:\/\/cajamar.sp.gov.br\/prefeitura\/expediente\/","title":{"rendered":"Expediente"},"content":{"rendered":"\n<p class=\"has-text-align-left\"><b><strong>A Prefeitura de Cajamar oferece atendimento ao p\u00fablico de segunda a sexta-feira, das 08h \u00e0s 17h.<\/strong><\/b><\/p>\n\n\n\n<p>Abaixo listamos os principais telefones da Prefeitura de Cajamar em linha direta.<\/p>\n\n\n\n<p><strong>SECRETARIA MUNICIPAL DE ESPORTES, LAZER E CULTURA<\/strong><br><a href=\"tel:44460024\">(11) 4446-0024<\/a><\/p>\n\n\n\n<p><strong>SECRETARIA MUNICIPAL DE DESENVOLVIMENTO ECON\u00d4MICO E EMPREENDEDORISMO<\/strong><br><a href=\"tel:44460030\">(11) 4446-0030<br><\/a><br><strong>SECRETARIA MUNICIPAL DE DESENVOLVIMENTO SOCIAL<\/strong><br><a href=\"tel:44080299\"><strong>(11) 4446-0016<\/strong><\/a><\/p>\n\n\n\n<p><br><strong>SECRETARIA MUNICIPAL DE EDUCA\u00c7\u00c3O<\/strong><br><a href=\"tel:44460040\">(11) 4446-0040<\/a><\/p>\n\n\n\n<p><strong>SECRETARIA MUNICIPAL DE FAZENDA E GEST\u00c3O ESTRAT\u00c9GICA<\/strong><br><a href=\"tel:44460011\">(11) 4446-0011<\/a><\/p>\n\n\n\n<p><strong>SECRETARIA MUNICIPAL DE GEST\u00c3O E DESENVOLVIMENTO DE RECURSOS HUMANOS<\/strong><br><a href=\"tel:4440020\">(11) 4446-0020<\/a><\/p>\n\n\n\n<p><strong>SECRETARIA MUNICIPAL DE GOVERNO<\/strong><br><a href=\"tel:44460023\">(11) 4446-0023<\/a><\/p>\n\n\n\n<p><strong>SECRETARIA MUNICIPAL DE INFRAESTRUTURA E SERVI\u00c7OS P\u00daBLICOS<\/strong><br><a href=\"tel:44460018\">(11)&nbsp;4446-0018<\/a><\/p>\n\n\n\n<p><strong>SECRETARIA MUNICIPAL DE<\/strong> <strong>JUSTI\u00c7A<\/strong><br><a href=\"tel:44460012\">(11) 4446-0012<\/a><\/p>\n\n\n\n<p><strong>SECRETARIA MUNICIPAL DE MEIO AMBIENTE E PROTE\u00c7\u00c3O ANIMAL<\/strong><br><a href=\"tel:44460034\">(11) 4446-0034<\/a><\/p>\n\n\n\n<p><strong>SECRETARIA MUNICIPAL DE MOBILIDADE E DESENVOLVIMENTO URBANO<\/strong><br><a href=\"tel:4446-0026\">(11) 4446-0026<\/a><\/p>\n\n\n\n<p><strong>SECRETARIA MUNICIPAL DE COMUNICA\u00c7\u00c3O E GESTA\u00c7\u00c3O DE EVENTOS<\/strong><br><a href=\"tel:44460000\">(11) 4446-0000<\/a>&#8211; RAMAL 7264<\/p>\n\n\n\n<p><strong>SECRETARIA MUNICIPAL DE SA\u00daDE<\/strong><br><a href=\"tel:4446-0100\">(11) 4446-0100<\/a><\/p>\n\n\n\n<p><strong>SECRETARIA MUNICIPAL DE SEGURAN\u00c7A E DEFESA SOCIAL<\/strong><br><a href=\"tel:44460151\">(11) 4446-0151<\/a><\/p>\n\n\n\n<p><strong>SECRETARIA MUNICIPAL DE ADMINISTRA\u00c7\u00c3O<\/strong><br><a href=\"tel:44460000\">(11) 4446-0000<\/a> \u2013 Ramal 7332<\/p>\n\n\n\n<p><strong>Para informa\u00e7\u00f5es sobre dias em que n\u00e3o h\u00e1 expediente, acesse o calend\u00e1rio oficial de feriados da cidade atrav\u00e9s&nbsp;deste <\/strong><a href=\"https:\/\/cajamar.sp.gov.br\/cidade\/feriados\/\"><strong>link.<\/strong><\/a><\/p>\n","protected":false},"excerpt":{"rendered":"<p>A Prefeitura de Cajamar oferece atendimento ao p\u00fablico de segunda a sexta-feira, das 08h \u00e0s 17h.\ufeff Confira a lista dos principais telefones da Prefeitura em linha direta.<\/p>\n","protected":false},"author":2,"featured_media":0,"parent":0,"menu_order":0,"comment_status":"closed","ping_status":"closed","template":"","meta":{"footnotes":""},"class_list":["post-20","page","type-page","status-publish","hentry"],"_links":{"self":[{"href":"https:\/\/cajamar.sp.gov.br\/prefeitura\/wp-json\/wp\/v2\/pages\/20","targetHints":{"allow":["GET"]}}],"collection":[{"href":"https:\/\/cajamar.sp.gov.br\/prefeitura\/wp-json\/wp\/v2\/pages"}],"about":[{"href":"https:\/\/cajamar.sp.gov.br\/prefeitura\/wp-json\/wp\/v2\/types\/page"}],"author":[{"embeddable":true,"href":"https:\/\/cajamar.sp.gov.br\/prefeitura\/wp-json\/wp\/v2\/users\/2"}],"replies":[{"embeddable":true,"href":"https:\/\/cajamar.sp.gov.br\/prefeitura\/wp-json\/wp\/v2\/comments?post=20"}],"version-history":[{"count":13,"href":"https:\/\/cajamar.sp.gov.br\/prefeitura\/wp-json\/wp\/v2\/pages\/20\/revisions"}],"predecessor-version":[{"id":167,"href":"https:\/\/cajamar.sp.gov.br\/prefeitura\/wp-json\/wp\/v2\/pages\/20\/revisions\/167"}],"wp:attachment":[{"href":"https:\/\/cajamar.sp.gov.br\/prefeitura\/wp-json\/wp\/v2\/media?parent=20"}],"curies":[{"name":"wp","href":"https:\/\/api.w.org\/{rel}","templated":true}]}}