{"id":135,"date":"2022-09-05T09:35:31","date_gmt":"2022-09-05T12:35:31","guid":{"rendered":"https:\/\/cajamar.sp.gov.br\/saude\/?page_id=135"},"modified":"2025-04-30T10:04:30","modified_gmt":"2025-04-30T13:04:30","slug":"conselho-municipal-de-saude","status":"publish","type":"page","link":"https:\/\/cajamar.sp.gov.br\/saude\/saude\/conselho-municipal-de-saude\/","title":{"rendered":"Conselho Municipal de Sa\u00fade &#8211; CMS"},"content":{"rendered":"\n<p><strong>Presidente: <\/strong>Daniel Gon\u00e7alves de Freitas Paulino<br><strong>Vice-Presidente:<\/strong> D\u00e9bora de F\u00e1tima Massagardi Dias Penteado<br><strong>Gest\u00e3o:<\/strong> 2024\/2026<br><strong>Endere\u00e7o: <\/strong>Av. Dr. Ant\u00f4nio Jo\u00e3o Abdalla, n\u00ba 1500. Cristais. Jordan\u00e9sia. Cajamar\/SP<br><strong>Telefone:<\/strong> (11) 4446-0100 Ramal 7980<\/p>\n\n\n\n<p><br>O Conselho Municipal de Sa\u00fade de Cajamar foi criado pelo art. 221 da Lei Org\u00e2nica do Munic\u00edpio de Cajamar, de 05 de abril de 1990.<\/p>\n\n\n\n<p>O Conselho Municipal de Sa\u00fade &#8211; CMS\/Cajamar \u00e9 \u00f3rg\u00e3o colegiado, deliberativo e permanente do Sistema \u00danico de Sa\u00fade &#8211; SUS com fun\u00e7\u00f5es fiscalizadoras, consultivas, normativas e informativas.<\/p>\n\n\n\n<p>Tem como objetivos b\u00e1sicos o acompanhamento, controle e avalia\u00e7\u00e3o da Pol\u00edtica Municipal de Sa\u00fade com composi\u00e7\u00e3o, organiza\u00e7\u00e3o e compet\u00eancia fixadas na Lei Federal n\u00ba 8142\/1990.<\/p>\n\n\n\n<p>\u00c9 espa\u00e7o de participa\u00e7\u00e3o da comunidade nas pol\u00edticas p\u00fablicas e na administra\u00e7\u00e3o da sa\u00fade, atuando na formula\u00e7\u00e3o e proposi\u00e7\u00e3o de estrat\u00e9gias e no controle da execu\u00e7\u00e3o das pol\u00edticas de sa\u00fade, inclusive nos aspectos econ\u00f4micos e financeiros.<\/p>\n\n\n\n<p>A participa\u00e7\u00e3o de \u00f3rg\u00e3o, entidades e movimentos sociais ter\u00e1 como crit\u00e9rio a representatividade, a abrang\u00eancia e a complementaridade do conjunto da sociedade no \u00e2mbito de atua\u00e7\u00e3o do CMS\/Cajamar.<\/p>\n\n\n\n<p>O CMS\/Cajamar tem a seguinte organiza\u00e7\u00e3o: Pleno; Comiss\u00e3o Executiva; Secretaria Executiva; Comiss\u00f5es Permanentes e Provis\u00f3rias.<\/p>\n\n\n\n<p>Av. Dr. Ant\u00f4nio Jo\u00e3o Abdalla, n\u00ba 1500. Cristais. Jordan\u00e9sia. Cajamar\/SP. Telefone: (11) 4446-0100E, ser\u00e1 composto por 50% Usu\u00e1rios, 25% Trabalhadores da Sa\u00fade e 25% da Gest\u00e3o, respeitando a paridade, atendendo aos segmentos sociais.<\/p>\n\n\n\n<p>O mandato do Conselheiro Municipal de Sa\u00fade, ser\u00e1 de 02 (dois) anos, contados a partir da publica\u00e7\u00e3o do Decreto, permitida sua recondu\u00e7\u00e3o, nos termos do artigo 13 da Lei n\u00ba 1.813\/2020.<\/p>\n","protected":false},"excerpt":{"rendered":"<p>Presidente: Daniel Gon\u00e7alves de Freitas PaulinoVice-Presidente: D\u00e9bora de F\u00e1tima Massagardi Dias PenteadoGest\u00e3o: 2024\/2026Endere\u00e7o: Av. Dr. Ant\u00f4nio Jo\u00e3o Abdalla, n\u00ba 1500. Cristais. Jordan\u00e9sia. Cajamar\/SPTelefone: (11) 4446-0100 Ramal 7980 O Conselho Municipal de Sa\u00fade de Cajamar foi criado pelo art. 221 da Lei Org\u00e2nica do Munic\u00edpio de Cajamar, de 05 de abril de 1990. O Conselho Municipal [&hellip;]<\/p>\n","protected":false},"author":10,"featured_media":0,"parent":6,"menu_order":0,"comment_status":"closed","ping_status":"closed","template":"","meta":{"footnotes":""},"class_list":["post-135","page","type-page","status-publish","hentry"],"_links":{"self":[{"href":"https:\/\/cajamar.sp.gov.br\/saude\/wp-json\/wp\/v2\/pages\/135","targetHints":{"allow":["GET"]}}],"collection":[{"href":"https:\/\/cajamar.sp.gov.br\/saude\/wp-json\/wp\/v2\/pages"}],"about":[{"href":"https:\/\/cajamar.sp.gov.br\/saude\/wp-json\/wp\/v2\/types\/page"}],"author":[{"embeddable":true,"href":"https:\/\/cajamar.sp.gov.br\/saude\/wp-json\/wp\/v2\/users\/10"}],"replies":[{"embeddable":true,"href":"https:\/\/cajamar.sp.gov.br\/saude\/wp-json\/wp\/v2\/comments?post=135"}],"version-history":[{"count":6,"href":"https:\/\/cajamar.sp.gov.br\/saude\/wp-json\/wp\/v2\/pages\/135\/revisions"}],"predecessor-version":[{"id":1090,"href":"https:\/\/cajamar.sp.gov.br\/saude\/wp-json\/wp\/v2\/pages\/135\/revisions\/1090"}],"up":[{"embeddable":true,"href":"https:\/\/cajamar.sp.gov.br\/saude\/wp-json\/wp\/v2\/pages\/6"}],"wp:attachment":[{"href":"https:\/\/cajamar.sp.gov.br\/saude\/wp-json\/wp\/v2\/media?parent=135"}],"curies":[{"name":"wp","href":"https:\/\/api.w.org\/{rel}","templated":true}]}}