{"id":146,"date":"2022-09-05T11:05:14","date_gmt":"2022-09-05T14:05:14","guid":{"rendered":"https:\/\/cajamar.sp.gov.br\/saude\/?page_id=146"},"modified":"2022-09-08T17:11:54","modified_gmt":"2022-09-08T20:11:54","slug":"secretaria-executiva","status":"publish","type":"page","link":"https:\/\/cajamar.sp.gov.br\/saude\/saude\/conselho-municipal-de-saude\/secretaria-executiva\/","title":{"rendered":"SECRETARIA EXECUTIVA"},"content":{"rendered":"\n<p>A Secretaria Executiva do Conselho Municipal de Sa\u00fade \u00e9 a unidade de apoio administrativo e t\u00e9cnico do Pleno e da Comiss\u00e3o Executiva. Tem por atribui\u00e7\u00e3o, em conjunto com sua assessoria:<\/p>\n\n\n\n<ul class=\"wp-block-list\"><li>Coordenar as atividades de apoio administrativo e t\u00e9cnico do Pleno e da&nbsp; &nbsp;&nbsp; Comiss\u00e3o Executiva do CMS\/Cajamar;<\/li><li>Realizar atos de gest\u00e3o administrativa, necess\u00e1rios ao desempenho das &nbsp; atividades do Conselho e de suas comiss\u00f5es;<\/li><li>Secretariar as reuni\u00f5es do Pleno e promover medidas destinadas ao &nbsp; cumprimento de suas decis\u00f5es;<\/li><li>\u200bEncaminhar as delibera\u00e7\u00f5es do Pleno para publica\u00e7\u00e3o em \u00f3rg\u00e3os oficiais;<\/li><li>\u200bDar ci\u00eancia e devidos encaminhamentos \u00e0s correspond\u00eancias recebidas no &nbsp; CMS\/Cajamar<\/li><li>\u200bPromover an\u00e1lises, estudos e proje\u00e7\u00f5es na \u00e1rea de or\u00e7amento, finan\u00e7as, servi\u00e7os gerais e de recursos humanos;<\/li><li>\u200bParticipar ou integrar comiss\u00f5es, comit\u00eas e outros grupos de trabalho internos, quando designado;<\/li><li>\u200bCompilar dados e informa\u00e7\u00f5es de interesse da unidade administrativa;<\/li><\/ul>\n","protected":false},"excerpt":{"rendered":"<p>A Secretaria Executiva do Conselho Municipal de Sa\u00fade \u00e9 a unidade de apoio administrativo e t\u00e9cnico do Pleno e da Comiss\u00e3o Executiva. Tem por atribui\u00e7\u00e3o, em conjunto com sua assessoria: Coordenar as atividades de apoio administrativo e t\u00e9cnico do Pleno e da&nbsp; &nbsp;&nbsp; Comiss\u00e3o Executiva do CMS\/Cajamar; Realizar atos de gest\u00e3o administrativa, necess\u00e1rios ao desempenho [&hellip;]<\/p>\n","protected":false},"author":10,"featured_media":0,"parent":135,"menu_order":0,"comment_status":"closed","ping_status":"closed","template":"","meta":{"footnotes":""},"class_list":["post-146","page","type-page","status-publish","hentry"],"_links":{"self":[{"href":"https:\/\/cajamar.sp.gov.br\/saude\/wp-json\/wp\/v2\/pages\/146","targetHints":{"allow":["GET"]}}],"collection":[{"href":"https:\/\/cajamar.sp.gov.br\/saude\/wp-json\/wp\/v2\/pages"}],"about":[{"href":"https:\/\/cajamar.sp.gov.br\/saude\/wp-json\/wp\/v2\/types\/page"}],"author":[{"embeddable":true,"href":"https:\/\/cajamar.sp.gov.br\/saude\/wp-json\/wp\/v2\/users\/10"}],"replies":[{"embeddable":true,"href":"https:\/\/cajamar.sp.gov.br\/saude\/wp-json\/wp\/v2\/comments?post=146"}],"version-history":[{"count":2,"href":"https:\/\/cajamar.sp.gov.br\/saude\/wp-json\/wp\/v2\/pages\/146\/revisions"}],"predecessor-version":[{"id":213,"href":"https:\/\/cajamar.sp.gov.br\/saude\/wp-json\/wp\/v2\/pages\/146\/revisions\/213"}],"up":[{"embeddable":true,"href":"https:\/\/cajamar.sp.gov.br\/saude\/wp-json\/wp\/v2\/pages\/135"}],"wp:attachment":[{"href":"https:\/\/cajamar.sp.gov.br\/saude\/wp-json\/wp\/v2\/media?parent=146"}],"curies":[{"name":"wp","href":"https:\/\/api.w.org\/{rel}","templated":true}]}}