{"id":166,"date":"2022-09-08T16:34:53","date_gmt":"2022-09-08T19:34:53","guid":{"rendered":"https:\/\/cajamar.sp.gov.br\/saude\/?page_id=166"},"modified":"2025-09-09T15:25:13","modified_gmt":"2025-09-09T18:25:13","slug":"legislacao","status":"publish","type":"page","link":"https:\/\/cajamar.sp.gov.br\/saude\/saude\/conselho-municipal-de-saude\/legislacao\/","title":{"rendered":"LEGISLA\u00c7\u00c3O"},"content":{"rendered":"\n<ul class=\"wp-block-list\">\n<li><a href=\"https:\/\/cajamar.sp.gov.br\/saude\/wp-content\/uploads\/sites\/22\/2024\/04\/lei-municipal-1-813-2020-cms.pdf\">Lei Municipal do Conselho n\u00ba1.813\/2020<\/a><\/li>\n\n\n\n<li><a href=\"http:\/\/www.planalto.gov.br\/ccivil_03\/Leis\/L8142.htm\">Lei Federal n\u00ba 8.142\/1990<\/a><\/li>\n\n\n\n<li><a href=\"http:\/\/www.planalto.gov.br\/ccivil_03\/leis\/lcp\/lcp141.htm\">Lei Complementar 141\/2012<\/a><\/li>\n\n\n\n<li><a href=\"https:\/\/cajamar.sp.gov.br\/saude\/wp-content\/uploads\/sites\/22\/2022\/09\/decreto-6609-cgus-e-cms.pdf\">Decreto do CMS n\u00ba6609\/2021 (membros dos CMS)<\/a><\/li>\n\n\n\n<li><a href=\"https:\/\/cajamar.sp.gov.br\/saude\/wp-content\/uploads\/sites\/22\/2022\/09\/decreto-de-atualizacao-do-6609-cms.pdf\">Decreto atualizado do CMS n\u00ba6722\/2022<\/a><\/li>\n\n\n\n<li><a href=\"https:\/\/cajamar.sp.gov.br\/legislacao\/wp-content\/uploads\/sites\/4\/decreto-6237-20.pdf\">Regimento Interno do Conselho Municipal de Sa\u00fade<\/a><\/li>\n\n\n\n<li><a href=\"https:\/\/cajamar.sp.gov.br\/saude\/wp-content\/uploads\/sites\/22\/2022\/09\/codigo-de-etica.pdf\">C\u00f3digo de \u00c9tica do Conselho Municipal de Sa\u00fade<\/a><\/li>\n\n\n\n<li><a href=\"https:\/\/cajamar.sp.gov.br\/saude\/wp-content\/uploads\/sites\/22\/2024\/04\/decreto-7099-23-composicao-dos-conselhos-locais-de-saude-2024-2026.pdf\">Decreto Composi\u00e7\u00e3o dos Conselhos Locais de Sa\u00fade n\u00ba 7099\/23<\/a><\/li>\n\n\n\n<li><a href=\"https:\/\/cajamar.sp.gov.br\/saude\/wp-content\/uploads\/sites\/22\/2024\/04\/decreto-7138-24-composicao-do-cms-2024-a-2026.pdf\">Decreto composi\u00e7\u00e3o CMS 2024 a 2026 n\u00ba7138\/24<\/a><\/li>\n\n\n\n<li><a href=\"https:\/\/cajamar.sp.gov.br\/saude\/wp-content\/uploads\/sites\/22\/2024\/04\/decreto-7143-24.pdf\">Decreto n\u00ba7143\/24<\/a><\/li>\n\n\n\n<li><a href=\"https:\/\/cajamar.sp.gov.br\/saude\/wp-content\/uploads\/sites\/22\/2025\/04\/decreto-n-7-457-de-20-de-marco-de-2025.pdf\" data-type=\"link\" data-id=\"https:\/\/cajamar.sp.gov.br\/saude\/wp-content\/uploads\/sites\/22\/2025\/04\/decreto-no-7-457-de-20-de-marc%cc%a7o-de-2025.pdf\">Decreto n\u00ba 7.457\/25<\/a><br><a href=\"https:\/\/cajamar.sp.gov.br\/saude\/wp-content\/uploads\/sites\/22\/2025\/06\/decreto-n-7-500-de-20-de-maio-de-2025.pdf\">Decreto n\u00ba 7.550\/25<\/a><\/li>\n\n\n\n<li><a href=\"https:\/\/cajamar.sp.gov.br\/saude\/wp-content\/uploads\/sites\/22\/2025\/09\/decreto-7559-25.pdf\">Decreto n\u00ba 7.559\/25<\/a><br><\/li>\n<\/ul>\n\n\n\n<p><\/p>\n","protected":false},"excerpt":{"rendered":"","protected":false},"author":10,"featured_media":0,"parent":135,"menu_order":0,"comment_status":"closed","ping_status":"closed","template":"","meta":{"footnotes":""},"class_list":["post-166","page","type-page","status-publish","hentry"],"_links":{"self":[{"href":"https:\/\/cajamar.sp.gov.br\/saude\/wp-json\/wp\/v2\/pages\/166","targetHints":{"allow":["GET"]}}],"collection":[{"href":"https:\/\/cajamar.sp.gov.br\/saude\/wp-json\/wp\/v2\/pages"}],"about":[{"href":"https:\/\/cajamar.sp.gov.br\/saude\/wp-json\/wp\/v2\/types\/page"}],"author":[{"embeddable":true,"href":"https:\/\/cajamar.sp.gov.br\/saude\/wp-json\/wp\/v2\/users\/10"}],"replies":[{"embeddable":true,"href":"https:\/\/cajamar.sp.gov.br\/saude\/wp-json\/wp\/v2\/comments?post=166"}],"version-history":[{"count":13,"href":"https:\/\/cajamar.sp.gov.br\/saude\/wp-json\/wp\/v2\/pages\/166\/revisions"}],"predecessor-version":[{"id":1087,"href":"https:\/\/cajamar.sp.gov.br\/saude\/wp-json\/wp\/v2\/pages\/166\/revisions\/1087"}],"up":[{"embeddable":true,"href":"https:\/\/cajamar.sp.gov.br\/saude\/wp-json\/wp\/v2\/pages\/135"}],"wp:attachment":[{"href":"https:\/\/cajamar.sp.gov.br\/saude\/wp-json\/wp\/v2\/media?parent=166"}],"curies":[{"name":"wp","href":"https:\/\/api.w.org\/{rel}","templated":true}]}}