{"id":393,"date":"2022-09-30T17:04:32","date_gmt":"2022-09-30T20:04:32","guid":{"rendered":"https:\/\/cajamar.sp.gov.br\/saude\/?page_id=393"},"modified":"2022-10-06T16:47:26","modified_gmt":"2022-10-06T19:47:26","slug":"audiencias-publicas-da-saude","status":"publish","type":"page","link":"https:\/\/cajamar.sp.gov.br\/saude\/audiencias-publicas-da-saude\/","title":{"rendered":"Audi\u00eancias P\u00fablicas da Sa\u00fade"},"content":{"rendered":"\n<p>A finalidade das Audi\u00eancias P\u00fablicas \u00e9  garantir toda a transpar\u00eancia poss\u00edvel na destina\u00e7\u00e3o dos gastos da Sa\u00fade. \u00c9 de fundamental import\u00e2ncia a participa\u00e7\u00e3o da Sociedade Civil com o objetivo de colher subs\u00eddios e informa\u00e7\u00f5es, al\u00e9m de oferecer aos interessados a oportunidade de encaminhar suas&nbsp;solicita\u00e7\u00f5es, pleitos, opini\u00f5es e sugest\u00f5es.<\/p>\n\n\n\n<p>O Relat\u00f3rio Quadrimestral certifica a transpar\u00eancia das contas p\u00fablicas acompanhadas diretamente pelo Legislativo Municipal e pela Sociedade Civil. Nas Audi\u00eancias s\u00e3o apresentados demonstrativos das Receitas e Despesas do Quadrimestre anterior &#8211; RDQA, conforme determina o artigo 36\u00ba da LC n\u00ba 141\/2012.<\/p>\n\n\n\n<p><\/p>\n\n\n\n<figure class=\"wp-block-gallery has-nested-images columns-default is-cropped wp-block-gallery-1 is-layout-flex wp-block-gallery-is-layout-flex\">\n<figure class=\"wp-block-image size-large\"><img fetchpriority=\"high\" decoding=\"async\" width=\"1200\" height=\"800\" data-id=\"396\" src=\"https:\/\/cajamar.sp.gov.br\/saude\/wp-content\/uploads\/sites\/22\/2022\/10\/audiencia-publica-1o-quadrimestre.jpg\" alt=\"\" class=\"wp-image-396\" srcset=\"https:\/\/cajamar.sp.gov.br\/saude\/wp-content\/uploads\/sites\/22\/2022\/10\/audiencia-publica-1o-quadrimestre.jpg 1200w, https:\/\/cajamar.sp.gov.br\/saude\/wp-content\/uploads\/sites\/22\/2022\/10\/audiencia-publica-1o-quadrimestre-768x512.jpg 768w\" sizes=\"(max-width: 1200px) 100vw, 1200px\" \/><figcaption>Audi\u00eancia P\u00fablica da Sa\u00fade do 1\u00ba Quadrimestre &#8211; 31\/05\/2.022<\/figcaption><\/figure>\n<\/figure>\n\n\n\n<figure class=\"wp-block-gallery has-nested-images columns-default is-cropped wp-block-gallery-2 is-layout-flex wp-block-gallery-is-layout-flex\">\n<figure class=\"wp-block-image size-large\"><img decoding=\"async\" width=\"1280\" height=\"960\" data-id=\"397\" src=\"https:\/\/cajamar.sp.gov.br\/saude\/wp-content\/uploads\/sites\/22\/2022\/10\/audiencia-publica-2o-quadrimestre-1280x960.jpg\" alt=\"\" class=\"wp-image-397\" srcset=\"https:\/\/cajamar.sp.gov.br\/saude\/wp-content\/uploads\/sites\/22\/2022\/10\/audiencia-publica-2o-quadrimestre-1280x960.jpg 1280w, https:\/\/cajamar.sp.gov.br\/saude\/wp-content\/uploads\/sites\/22\/2022\/10\/audiencia-publica-2o-quadrimestre-300x225.jpg 300w, https:\/\/cajamar.sp.gov.br\/saude\/wp-content\/uploads\/sites\/22\/2022\/10\/audiencia-publica-2o-quadrimestre-768x576.jpg 768w, https:\/\/cajamar.sp.gov.br\/saude\/wp-content\/uploads\/sites\/22\/2022\/10\/audiencia-publica-2o-quadrimestre-1536x1152.jpg 1536w, https:\/\/cajamar.sp.gov.br\/saude\/wp-content\/uploads\/sites\/22\/2022\/10\/audiencia-publica-2o-quadrimestre.jpg 2048w\" sizes=\"(max-width: 1280px) 100vw, 1280px\" \/><figcaption>Audi\u00eancia P\u00fablica do 2\u00ba Quadrimestre\/2.022 &#8211; 30\/09\/2.022<\/figcaption><\/figure>\n<\/figure>\n","protected":false},"excerpt":{"rendered":"<p>A finalidade das Audi\u00eancias P\u00fablicas \u00e9 garantir toda a transpar\u00eancia poss\u00edvel na destina\u00e7\u00e3o dos gastos da Sa\u00fade. \u00c9 de fundamental import\u00e2ncia a participa\u00e7\u00e3o da Sociedade Civil com o objetivo de colher subs\u00eddios e informa\u00e7\u00f5es, al\u00e9m de oferecer aos interessados a oportunidade de encaminhar suas&nbsp;solicita\u00e7\u00f5es, pleitos, opini\u00f5es e sugest\u00f5es. O Relat\u00f3rio Quadrimestral certifica a transpar\u00eancia das [&hellip;]<\/p>\n","protected":false},"author":34,"featured_media":0,"parent":0,"menu_order":0,"comment_status":"closed","ping_status":"closed","template":"","meta":{"footnotes":""},"class_list":["post-393","page","type-page","status-publish","hentry"],"_links":{"self":[{"href":"https:\/\/cajamar.sp.gov.br\/saude\/wp-json\/wp\/v2\/pages\/393","targetHints":{"allow":["GET"]}}],"collection":[{"href":"https:\/\/cajamar.sp.gov.br\/saude\/wp-json\/wp\/v2\/pages"}],"about":[{"href":"https:\/\/cajamar.sp.gov.br\/saude\/wp-json\/wp\/v2\/types\/page"}],"author":[{"embeddable":true,"href":"https:\/\/cajamar.sp.gov.br\/saude\/wp-json\/wp\/v2\/users\/34"}],"replies":[{"embeddable":true,"href":"https:\/\/cajamar.sp.gov.br\/saude\/wp-json\/wp\/v2\/comments?post=393"}],"version-history":[{"count":3,"href":"https:\/\/cajamar.sp.gov.br\/saude\/wp-json\/wp\/v2\/pages\/393\/revisions"}],"predecessor-version":[{"id":402,"href":"https:\/\/cajamar.sp.gov.br\/saude\/wp-json\/wp\/v2\/pages\/393\/revisions\/402"}],"wp:attachment":[{"href":"https:\/\/cajamar.sp.gov.br\/saude\/wp-json\/wp\/v2\/media?parent=393"}],"curies":[{"name":"wp","href":"https:\/\/api.w.org\/{rel}","templated":true}]}}