{"id":41,"date":"2020-04-01T15:49:59","date_gmt":"2020-04-01T18:49:59","guid":{"rendered":"https:\/\/cajamar.sp.gov.br\/saude\/?page_id=41"},"modified":"2026-02-02T09:57:17","modified_gmt":"2026-02-02T12:57:17","slug":"hospital-municipal-de-cajamar","status":"publish","type":"page","link":"https:\/\/cajamar.sp.gov.br\/saude\/hospital-municipal-de-cajamar\/","title":{"rendered":"HMEAPO &#8211; Hospital Municipal Enfermeiro Ant\u00f4nio Policarpo de Oliveira"},"content":{"rendered":"<h2>Servi\u00e7os<\/h2>\n<ul>\n<li>\n\t\t\t\t\t\t\t\t\t\tAn\u00e1tomo-Patol\u00f3gico<\/li>\n<li>\n\t\t\t\t\t\t\t\t\t\tAnestesiologia<\/li>\n<li>\n\t\t\t\t\t\t\t\t\t\tCardiologia<\/li>\n<li>\n\t\t\t\t\t\t\t\t\t\tCirurgia Geral<\/li>\n<li>\n\t\t\t\t\t\t\t\t\t\tCl\u00ednica M\u00e9dica<\/li>\n<li>\n\t\t\t\t\t\t\t\t\t\tColeta de Exames Laboratoriais<\/li>\n<li>\n\t\t\t\t\t\t\t\t\t\tEletrocardiograma<\/li>\n<li>\n\t\t\t\t\t\t\t\t\t\tEndocrinologia<\/li>\n<li>\n\t\t\t\t\t\t\t\t\t\tFarmac\u00eautico<\/li>\n<li>\n\t\t\t\t\t\t\t\t\t\tFisioterapia<\/li>\n<li>\n\t\t\t\t\t\t\t\t\t\tFonologia<\/li>\n<li>\n\t\t\t\t\t\t\t\t\t\tGastroenterologia<\/li>\n<li>\n\t\t\t\t\t\t\t\t\t\tGinecologia Obst\u00e9trica<\/li>\n<li>\n\t\t\t\t\t\t\t\t\t\tNeurologia<\/li>\n<li>\n\t\t\t\t\t\t\t\t\t\tNutricionista<\/li>\n<li>\n\t\t\t\t\t\t\t\t\t\tOrtopedia<\/li>\n<li>\n\t\t\t\t\t\t\t\t\t\tPediatria<\/li>\n<li>\n\t\t\t\t\t\t\t\t\t\tPsicologia<\/li>\n<li>\n\t\t\t\t\t\t\t\t\t\tPsiquiatria<\/li>\n<li>\n\t\t\t\t\t\t\t\t\t\tRadiologia<\/li>\n<li>\n\t\t\t\t\t\t\t\t\t\tServi\u00e7o Social<\/li>\n<li>\n\t\t\t\t\t\t\t\t\t\tTomografia<\/li>\n<li>\n\t\t\t\t\t\t\t\t\t\tUltrassonografia<\/li>\n<\/ul>\n<h2>Atendimento<\/h2>\n<ul>\n<li>\n\t\t\t\t\t\t\t\t\t\tAvenida Bento da Silva Bueno, 202 \u2013 Polvilho<\/li>\n<li>\n\t\t\t\t\t\t\t\t\t\t(11) 3135-5521<\/li>\n<li>\n\t\t\t\t\t\t\t\t\t\tAtendimento 24hrs<\/li>\n<\/ul>\n<h2>Ramais<\/h2>\n<table style=\"height: 633px\" width=\"612\">\n<tbody>\n<tr>\n<td><strong>Ramal<\/strong><\/td>\n<td><strong>Setor<\/strong><\/td>\n<\/tr>\n<tr>\n<td>5521<\/td>\n<td>Recep\u00e7\u00e3o PSA<\/td>\n<\/tr>\n<tr>\n<td>5522<\/td>\n<td>Plant\u00e3o ADM<\/td>\n<\/tr>\n<tr>\n<td>5523<\/td>\n<td>Servi\u00e7o Social<\/td>\n<\/tr>\n<tr>\n<td>5524<\/td>\n<td>Posto de Enfermagem PSA<\/td>\n<\/tr>\n<tr>\n<td>5525<\/td>\n<td>Ger\u00eancia administrativa<\/td>\n<\/tr>\n<tr>\n<td>5526<\/td>\n<td>Manuten\u00e7\u00e3o<\/td>\n<\/tr>\n<tr>\n<td>5527<\/td>\n<td>Almoxarifado<\/td>\n<\/tr>\n<tr>\n<td>5528<\/td>\n<td>Servi\u00e7o de Higieniza\u00e7\u00e3o Hospitalar<\/td>\n<\/tr>\n<tr>\n<td>5529<\/td>\n<td>SND<\/td>\n<\/tr>\n<tr>\n<td>5530<\/td>\n<td>Recep\u00e7\u00e3o PSI \/ PSGO<\/td>\n<\/tr>\n<tr>\n<td>5531<\/td>\n<td>Enfermagem PSI<\/td>\n<\/tr>\n<tr>\n<td>5532<\/td>\n<td>Centro Cir\u00fargico \/ Obst\u00e9trico<\/td>\n<\/tr>\n<tr>\n<td>5533<\/td>\n<td>Farm\u00e1cia<\/td>\n<\/tr>\n<tr>\n<td>5534<\/td>\n<td>Posto de Enfermagem Interna\u00e7\u00e3o<\/td>\n<\/tr>\n<tr>\n<td>5535<\/td>\n<td>Posto de Enfermagem Leito Retaguarda<\/td>\n<\/tr>\n<tr>\n<td>5536<\/td>\n<td>Maternidade \/ Ber\u00e7\u00e1rio<\/td>\n<\/tr>\n<tr>\n<td>5537<\/td>\n<td>Laborat\u00f3rio<\/td>\n<\/tr>\n<tr>\n<td>5538<\/td>\n<td>Gest\u00e3o de Pessoas<\/td>\n<\/tr>\n<tr>\n<td>5539<\/td>\n<td>Faturamento<\/td>\n<\/tr>\n<tr>\n<td>5540<\/td>\n<td>ADM \/ Coordena\u00e7\u00e3o Assistencial ENF<\/td>\n<\/tr>\n<\/tbody>\n<\/table>\n","protected":false},"excerpt":{"rendered":"<p>Servi\u00e7os An\u00e1tomo-Patol\u00f3gico Anestesiologia Cardiologia Cirurgia Geral Cl\u00ednica M\u00e9dica Coleta de Exames Laboratoriais Eletrocardiograma Endocrinologia Farmac\u00eautico Fisioterapia Fonologia Gastroenterologia Ginecologia Obst\u00e9trica Neurologia Nutricionista Ortopedia Pediatria Psicologia Psiquiatria Radiologia Servi\u00e7o Social Tomografia Ultrassonografia Atendimento Avenida Bento da Silva Bueno, 202 \u2013 Polvilho (11) 3135-5521 Atendimento 24hrs Ramais Ramal Setor 5521 Recep\u00e7\u00e3o PSA 5522 Plant\u00e3o ADM 5523 Servi\u00e7o [&hellip;]<\/p>\n","protected":false},"author":7,"featured_media":0,"parent":0,"menu_order":0,"comment_status":"closed","ping_status":"closed","template":"","meta":{"footnotes":""},"class_list":["post-41","page","type-page","status-publish","hentry"],"_links":{"self":[{"href":"https:\/\/cajamar.sp.gov.br\/saude\/wp-json\/wp\/v2\/pages\/41","targetHints":{"allow":["GET"]}}],"collection":[{"href":"https:\/\/cajamar.sp.gov.br\/saude\/wp-json\/wp\/v2\/pages"}],"about":[{"href":"https:\/\/cajamar.sp.gov.br\/saude\/wp-json\/wp\/v2\/types\/page"}],"author":[{"embeddable":true,"href":"https:\/\/cajamar.sp.gov.br\/saude\/wp-json\/wp\/v2\/users\/7"}],"replies":[{"embeddable":true,"href":"https:\/\/cajamar.sp.gov.br\/saude\/wp-json\/wp\/v2\/comments?post=41"}],"version-history":[{"count":9,"href":"https:\/\/cajamar.sp.gov.br\/saude\/wp-json\/wp\/v2\/pages\/41\/revisions"}],"predecessor-version":[{"id":1173,"href":"https:\/\/cajamar.sp.gov.br\/saude\/wp-json\/wp\/v2\/pages\/41\/revisions\/1173"}],"wp:attachment":[{"href":"https:\/\/cajamar.sp.gov.br\/saude\/wp-json\/wp\/v2\/media?parent=41"}],"curies":[{"name":"wp","href":"https:\/\/api.w.org\/{rel}","templated":true}]}}