{"id":51,"date":"2020-04-16T19:57:35","date_gmt":"2020-04-16T22:57:35","guid":{"rendered":"https:\/\/cajamar.sp.gov.br\/saude\/?page_id=51"},"modified":"2024-08-20T10:50:26","modified_gmt":"2024-08-20T13:50:26","slug":"transporte-sus","status":"publish","type":"page","link":"https:\/\/cajamar.sp.gov.br\/saude\/transporte-sus\/","title":{"rendered":"Transporte SUS"},"content":{"rendered":"\n<p>A Prefeitura de Cajamar possui um servi\u00e7o exclusivo para transporte gratuito de pacientes do SUS (Sistema \u00danico de Sa\u00fade), que precisam se deslocar para realiza\u00e7\u00e3o de exames e tratamentos m\u00e9dicos em hospitais e cl\u00ednicas de outras cidades, como S\u00e3o Paulo, Jundia\u00ed e Franco da Rocha.<\/p>\n\n\n\n<p>Dez ve\u00edculos, sendo dois micro-\u00f4nibus com 18 assentos e duas vans de 14 lugares cada, atendem centenas de moradores diariamente.<\/p>\n\n\n\n<p>N\u00e3o importa o hor\u00e1rio, os motoristas buscam as pessoas na resid\u00eancia, deixam na porta do hospital e depois as trazem novamente para casa com total comodidade, seguran\u00e7a e respeito.<\/p>\n\n\n\n<h2 class=\"wp-block-heading\"><strong>Servi\u00e7os<\/strong><\/h2>\n\n\n\n<p>Central de Ambul\u00e2ncias 24 horas<br>Transportes do SUS <\/p>\n","protected":false},"excerpt":{"rendered":"<p>A Prefeitura de Cajamar possui um servi\u00e7o exclusivo para transporte gratuito de pacientes do SUS (Sistema \u00danico de Sa\u00fade), que precisam se deslocar para realiza\u00e7\u00e3o de exames e tratamentos m\u00e9dicos em hospitais e cl\u00ednicas de outras cidades, como S\u00e3o Paulo, Jundia\u00ed e Franco da Rocha. Dez ve\u00edculos, sendo dois micro-\u00f4nibus com 18 assentos e duas [&hellip;]<\/p>\n","protected":false},"author":7,"featured_media":0,"parent":0,"menu_order":0,"comment_status":"closed","ping_status":"closed","template":"","meta":{"footnotes":""},"class_list":["post-51","page","type-page","status-publish","hentry"],"_links":{"self":[{"href":"https:\/\/cajamar.sp.gov.br\/saude\/wp-json\/wp\/v2\/pages\/51","targetHints":{"allow":["GET"]}}],"collection":[{"href":"https:\/\/cajamar.sp.gov.br\/saude\/wp-json\/wp\/v2\/pages"}],"about":[{"href":"https:\/\/cajamar.sp.gov.br\/saude\/wp-json\/wp\/v2\/types\/page"}],"author":[{"embeddable":true,"href":"https:\/\/cajamar.sp.gov.br\/saude\/wp-json\/wp\/v2\/users\/7"}],"replies":[{"embeddable":true,"href":"https:\/\/cajamar.sp.gov.br\/saude\/wp-json\/wp\/v2\/comments?post=51"}],"version-history":[{"count":3,"href":"https:\/\/cajamar.sp.gov.br\/saude\/wp-json\/wp\/v2\/pages\/51\/revisions"}],"predecessor-version":[{"id":933,"href":"https:\/\/cajamar.sp.gov.br\/saude\/wp-json\/wp\/v2\/pages\/51\/revisions\/933"}],"wp:attachment":[{"href":"https:\/\/cajamar.sp.gov.br\/saude\/wp-json\/wp\/v2\/media?parent=51"}],"curies":[{"name":"wp","href":"https:\/\/api.w.org\/{rel}","templated":true}]}}