{"id":516,"date":"2022-11-08T14:30:54","date_gmt":"2022-11-08T17:30:54","guid":{"rendered":"https:\/\/cajamar.sp.gov.br\/saude\/?page_id=516"},"modified":"2022-11-08T15:17:23","modified_gmt":"2022-11-08T18:17:23","slug":"educacao-em-saude","status":"publish","type":"page","link":"https:\/\/cajamar.sp.gov.br\/saude\/educacao-em-saude\/","title":{"rendered":"Educa\u00e7\u00e3o em Sa\u00fade"},"content":{"rendered":"\n<figure class=\"wp-block-gallery has-nested-images columns-default is-cropped wp-block-gallery-1 is-layout-flex wp-block-gallery-is-layout-flex\">\n<figure class=\"wp-block-image size-large\"><img fetchpriority=\"high\" decoding=\"async\" width=\"678\" height=\"960\" data-id=\"550\" src=\"https:\/\/cajamar.sp.gov.br\/saude\/wp-content\/uploads\/sites\/22\/2022\/11\/site-word-docx-pdf-678x960-1.jpg\" alt=\"\" class=\"wp-image-550\" \/><\/figure>\n<\/figure>\n","protected":false},"excerpt":{"rendered":"","protected":false},"author":34,"featured_media":0,"parent":0,"menu_order":0,"comment_status":"closed","ping_status":"closed","template":"","meta":{"footnotes":""},"class_list":["post-516","page","type-page","status-publish","hentry"],"_links":{"self":[{"href":"https:\/\/cajamar.sp.gov.br\/saude\/wp-json\/wp\/v2\/pages\/516","targetHints":{"allow":["GET"]}}],"collection":[{"href":"https:\/\/cajamar.sp.gov.br\/saude\/wp-json\/wp\/v2\/pages"}],"about":[{"href":"https:\/\/cajamar.sp.gov.br\/saude\/wp-json\/wp\/v2\/types\/page"}],"author":[{"embeddable":true,"href":"https:\/\/cajamar.sp.gov.br\/saude\/wp-json\/wp\/v2\/users\/34"}],"replies":[{"embeddable":true,"href":"https:\/\/cajamar.sp.gov.br\/saude\/wp-json\/wp\/v2\/comments?post=516"}],"version-history":[{"count":2,"href":"https:\/\/cajamar.sp.gov.br\/saude\/wp-json\/wp\/v2\/pages\/516\/revisions"}],"predecessor-version":[{"id":551,"href":"https:\/\/cajamar.sp.gov.br\/saude\/wp-json\/wp\/v2\/pages\/516\/revisions\/551"}],"wp:attachment":[{"href":"https:\/\/cajamar.sp.gov.br\/saude\/wp-json\/wp\/v2\/media?parent=516"}],"curies":[{"name":"wp","href":"https:\/\/api.w.org\/{rel}","templated":true}]}}