{"id":528,"date":"2022-11-08T14:32:40","date_gmt":"2022-11-08T17:32:40","guid":{"rendered":"https:\/\/cajamar.sp.gov.br\/saude\/?page_id=528"},"modified":"2023-04-14T16:35:24","modified_gmt":"2023-04-14T19:35:24","slug":"plano-municipal-de-educacao-em-saude","status":"publish","type":"page","link":"https:\/\/cajamar.sp.gov.br\/saude\/plano-municipal-de-educacao-em-saude\/","title":{"rendered":"Comiss\u00e3o de Educa\u00e7\u00e3o em Sa\u00fade"},"content":{"rendered":"\n<figure class=\"wp-block-gallery has-nested-images columns-default is-cropped wp-block-gallery-1 is-layout-flex wp-block-gallery-is-layout-flex\">\n<figure class=\"wp-block-image size-large\"><img fetchpriority=\"high\" decoding=\"async\" width=\"570\" height=\"960\" data-id=\"713\" src=\"https:\/\/cajamar.sp.gov.br\/saude\/wp-content\/uploads\/sites\/22\/2023\/04\/reuniao-educacao-em-saude-2-570x960.jpg\" alt=\"\" class=\"wp-image-713\" srcset=\"https:\/\/cajamar.sp.gov.br\/saude\/wp-content\/uploads\/sites\/22\/2023\/04\/reuniao-educacao-em-saude-2-570x960.jpg 570w, https:\/\/cajamar.sp.gov.br\/saude\/wp-content\/uploads\/sites\/22\/2023\/04\/reuniao-educacao-em-saude-2.jpg 760w\" sizes=\"(max-width: 570px) 100vw, 570px\" \/><figcaption class=\"wp-element-caption\">REUNI\u00c3O DE COMISS\u00c3O EM SA\u00daDE<\/figcaption><\/figure>\n<\/figure>\n\n\n\n<figure class=\"wp-block-gallery has-nested-images columns-default is-cropped wp-block-gallery-2 is-layout-flex wp-block-gallery-is-layout-flex\">\n<figure class=\"wp-block-image size-large\"><img decoding=\"async\" width=\"653\" height=\"960\" data-id=\"716\" src=\"https:\/\/cajamar.sp.gov.br\/saude\/wp-content\/uploads\/sites\/22\/2023\/04\/reuniao-educacao-em-saude-2-2-653x960.jpg\" alt=\"\" class=\"wp-image-716\" srcset=\"https:\/\/cajamar.sp.gov.br\/saude\/wp-content\/uploads\/sites\/22\/2023\/04\/reuniao-educacao-em-saude-2-2-653x960.jpg 653w, https:\/\/cajamar.sp.gov.br\/saude\/wp-content\/uploads\/sites\/22\/2023\/04\/reuniao-educacao-em-saude-2-2-768x1129.jpg 768w, https:\/\/cajamar.sp.gov.br\/saude\/wp-content\/uploads\/sites\/22\/2023\/04\/reuniao-educacao-em-saude-2-2.jpg 871w\" sizes=\"(max-width: 653px) 100vw, 653px\" \/><figcaption class=\"wp-element-caption\">MONITORAMENTO DAS A\u00c7\u00d5ES DE EDUCA\u00c7\u00c3O EM SA\u00daDE<\/figcaption><\/figure>\n<\/figure>\n","protected":false},"excerpt":{"rendered":"","protected":false},"author":34,"featured_media":0,"parent":0,"menu_order":0,"comment_status":"closed","ping_status":"closed","template":"","meta":{"footnotes":""},"class_list":["post-528","page","type-page","status-publish","hentry"],"_links":{"self":[{"href":"https:\/\/cajamar.sp.gov.br\/saude\/wp-json\/wp\/v2\/pages\/528","targetHints":{"allow":["GET"]}}],"collection":[{"href":"https:\/\/cajamar.sp.gov.br\/saude\/wp-json\/wp\/v2\/pages"}],"about":[{"href":"https:\/\/cajamar.sp.gov.br\/saude\/wp-json\/wp\/v2\/types\/page"}],"author":[{"embeddable":true,"href":"https:\/\/cajamar.sp.gov.br\/saude\/wp-json\/wp\/v2\/users\/34"}],"replies":[{"embeddable":true,"href":"https:\/\/cajamar.sp.gov.br\/saude\/wp-json\/wp\/v2\/comments?post=528"}],"version-history":[{"count":5,"href":"https:\/\/cajamar.sp.gov.br\/saude\/wp-json\/wp\/v2\/pages\/528\/revisions"}],"predecessor-version":[{"id":718,"href":"https:\/\/cajamar.sp.gov.br\/saude\/wp-json\/wp\/v2\/pages\/528\/revisions\/718"}],"wp:attachment":[{"href":"https:\/\/cajamar.sp.gov.br\/saude\/wp-json\/wp\/v2\/media?parent=528"}],"curies":[{"name":"wp","href":"https:\/\/api.w.org\/{rel}","templated":true}]}}