{"id":56,"date":"2020-04-16T19:59:17","date_gmt":"2020-04-16T22:59:17","guid":{"rendered":"https:\/\/cajamar.sp.gov.br\/saude\/?page_id=56"},"modified":"2026-01-07T10:45:53","modified_gmt":"2026-01-07T13:45:53","slug":"vigilancia-em-saude","status":"publish","type":"page","link":"https:\/\/cajamar.sp.gov.br\/saude\/vigilancia-em-saude\/","title":{"rendered":"Vigil\u00e2ncia em Sa\u00fade"},"content":{"rendered":"\n<p>O Departamento de Vigil\u00e2ncia em Sa\u00fade promove um processo cont\u00ednuo e sistem\u00e1tico de coleta, consolida\u00e7\u00e3o, dissemina\u00e7\u00e3o de dados sobre eventos relacionados a sa\u00fade, que visa ao planejamento e a implementa\u00e7\u00e3o de medidas de sa\u00fade p\u00fablica para a prote\u00e7\u00e3o de sa\u00fade da popula\u00e7\u00e3o, a preven\u00e7\u00e3o e controle de agravos e doen\u00e7as, bem como para a promo\u00e7\u00e3o da sa\u00fade.<\/p>\n\n\n\n<p>A vigil\u00e2ncia em sa\u00fade est\u00e1 localizada na Rua Pedro Binatto 162, Jordan\u00e9sia.<\/p>\n\n\n\n<p><strong>Vigil\u00e2ncia em Sa\u00fade\/Sanit\u00e1ria<br><\/strong>Rua Pedro Binatto 162, Jordan\u00e9sia<br>(11) 4446-0120<br><\/p>\n","protected":false},"excerpt":{"rendered":"<p>O Departamento de Vigil\u00e2ncia em Sa\u00fade promove um processo cont\u00ednuo e sistem\u00e1tico de coleta, consolida\u00e7\u00e3o, dissemina\u00e7\u00e3o de dados sobre eventos relacionados a sa\u00fade, que visa ao planejamento e a implementa\u00e7\u00e3o de medidas de sa\u00fade p\u00fablica para a prote\u00e7\u00e3o de sa\u00fade da popula\u00e7\u00e3o, a preven\u00e7\u00e3o e controle de agravos e doen\u00e7as, bem como para a promo\u00e7\u00e3o [&hellip;]<\/p>\n","protected":false},"author":7,"featured_media":0,"parent":0,"menu_order":0,"comment_status":"closed","ping_status":"closed","template":"","meta":{"footnotes":""},"class_list":["post-56","page","type-page","status-publish","hentry"],"_links":{"self":[{"href":"https:\/\/cajamar.sp.gov.br\/saude\/wp-json\/wp\/v2\/pages\/56","targetHints":{"allow":["GET"]}}],"collection":[{"href":"https:\/\/cajamar.sp.gov.br\/saude\/wp-json\/wp\/v2\/pages"}],"about":[{"href":"https:\/\/cajamar.sp.gov.br\/saude\/wp-json\/wp\/v2\/types\/page"}],"author":[{"embeddable":true,"href":"https:\/\/cajamar.sp.gov.br\/saude\/wp-json\/wp\/v2\/users\/7"}],"replies":[{"embeddable":true,"href":"https:\/\/cajamar.sp.gov.br\/saude\/wp-json\/wp\/v2\/comments?post=56"}],"version-history":[{"count":2,"href":"https:\/\/cajamar.sp.gov.br\/saude\/wp-json\/wp\/v2\/pages\/56\/revisions"}],"predecessor-version":[{"id":1126,"href":"https:\/\/cajamar.sp.gov.br\/saude\/wp-json\/wp\/v2\/pages\/56\/revisions\/1126"}],"wp:attachment":[{"href":"https:\/\/cajamar.sp.gov.br\/saude\/wp-json\/wp\/v2\/media?parent=56"}],"curies":[{"name":"wp","href":"https:\/\/api.w.org\/{rel}","templated":true}]}}