{"id":878,"date":"2024-04-22T08:42:05","date_gmt":"2024-04-22T11:42:05","guid":{"rendered":"https:\/\/cajamar.sp.gov.br\/saude\/?page_id=878"},"modified":"2026-02-19T13:11:11","modified_gmt":"2026-02-19T16:11:11","slug":"composicao-cms-atual-2024-2026","status":"publish","type":"page","link":"https:\/\/cajamar.sp.gov.br\/saude\/composicao-cms-atual-2024-2026\/","title":{"rendered":"Composi\u00e7\u00e3o CMS Atual 2026-2028"},"content":{"rendered":"\n<p class=\"has-text-align-center\"><strong>Composi\u00e7\u00e3o dos Membros do Conselho Municipal de Sa\u00fade \u2013 CMS<\/strong><br><strong>Gest\u00e3o: 2026\/2028<\/strong><\/p>\n\n\n\n<h3 class=\"wp-block-heading has-text-align-left\"><br>Segmento Usu\u00e1rios do SUS:<\/h3>\n\n\n\n<p class=\"has-text-align-left\"><strong>Titulares:<\/strong><br>Andrea Marques da Silva<br>Cassilda Candida Silva de Moraes<br>Claudia Aparecida Lima Alves dos Anjos<br>Denise Oliveira da Silva<br>Jos\u00e9 Alves da Silva<br>Jivanilda Silva Andrade<br>Luciano Jos\u00e9 da Silva<br>Manoel Gomes de Sousa Taveira<br>Maria de Fatima de Lima<br>Maria Luiza Barros Silva<br>Olevina de F\u00e1tima Rosa<br>Raimundo de Jesus<br><\/p>\n\n\n\n<p class=\"has-text-align-left\"><strong>Suplentes:<\/strong><br>Antonio Pedroso de Campos<br>Antonio Tomaz de Paula Augusto<br>Benedito da Silva<br>Claudiane Pereira de Menezes<\/p>\n\n\n\n<p class=\"has-text-align-left\">Clodoaldo Marcio Ferreira<br>Jaice de Jesus Silva Concei\u00e7\u00e3o<\/p>\n\n\n\n<p class=\"has-text-align-left\">Jhenifer de Souza Pinheiro<\/p>\n\n\n\n<p>Ragna Rodrigues de Assis<\/p>\n\n\n\n<p>S\u00e9rgio Aparecido Soraes<\/p>\n\n\n\n<p>Sonia Maria Alves Vasquez<\/p>\n\n\n\n<p>Veronica de Nazar\u00e9 Nascimento Silva<\/p>\n\n\n\n<h3 class=\"wp-block-heading has-text-align-left\">Segmento Trabalhadores do SUS:<\/h3>\n\n\n\n<p class=\"has-text-align-left\"><strong>Titulares:<\/strong><br>Elisabete Braga Miranda<br>Josias da Silva Guimar\u00e3es<br>Maisa Saraiva dos Santos Rosa<br>Raymara Ferreira da Silva<br>Sandra Maria de Oliveira Pacheco Viena<br>Sheila Silva de Toledo<br>Valdemir do Carmo Batista<br>Yara Guimar\u00e3es Vieira<\/p>\n\n\n\n<p class=\"has-text-align-left\"><strong>Suplentes:<\/strong><br>Alisson Diogo Moreira<br>Ang\u00e9lica Batista Bernardo Voigt<\/p>\n\n\n\n<p>Cristiane de Oliveira Patriota Freire<\/p>\n\n\n\n<p>Eliana Silva de Araujo Rodrigues<\/p>\n\n\n\n<p>Eline Maria Santos Soares<\/p>\n\n\n\n<p>Flavia Negri<\/p>\n\n\n\n<p>Keila Cristina Duarte Alves Naurosk<\/p>\n\n\n\n<p>Nat\u00e1lia Rodrigues da Silva Mesquita<\/p>\n\n\n\n<h3 class=\"wp-block-heading has-text-align-left\">Segmento Entidades e\/ou Associa\u00e7\u00f5es:<\/h3>\n\n\n\n<p class=\"has-text-align-left\"><strong>Titular:<\/strong><br>Vanda de Assis Pereira<\/p>\n\n\n\n<p>Luciene Batista de Oliveira<\/p>\n\n\n\n<h3 class=\"wp-block-heading\">Segmento Representantes Sindicais:<\/h3>\n\n\n\n<p><strong>Titular:<\/strong><br>D\u00e9bora de F\u00e1tima Massagardi Dias Penteado\/AFUSE<\/p>\n\n\n\n<h3 class=\"wp-block-heading\">Segmento Gest\u00e3o (Secretaria Municipal de Sa\u00fade):<\/h3>\n\n\n\n<p><strong>Titulares:<\/strong><br>Alexsandra Pereira Santos<br>Camila Aparecida Caetano Gon\u00e7alves<br>Daniel Gon\u00e7alves de Freitas Paulino<br>Fagner Primo da Rocha<\/p>\n\n\n\n<p><strong>Suplentes:<\/strong><br>Ant\u00f4nio Carlos Ribeiro<br>Daysi Kimii Kanomata<br>Rebeca Almeida Lima Nogueira<br>Wildson Francisco Sousa Silva<\/p>\n\n\n\n<h3 class=\"wp-block-heading\">Segmento Hospital Municipal Enf\u00ba. Ant\u00f4nio Policarpo de Oliveira \u2013 HMEAPO:<\/h3>\n\n\n\n<p><strong>Titulares:<\/strong><br>Carlos Eduardo Cassoli<br>Thiago Maia Carvalh\u00e3es<\/p>\n\n\n\n<p><strong>Suplentes:<\/strong><br>Denis dos Santos Silva<br>Yara Vit\u00f3ria Landa Silva<\/p>\n\n\n\n<h3 class=\"wp-block-heading\">Segmento Prestadores de Servi\u00e7os:<\/h3>\n\n\n\n<p><strong>Titulares:<\/strong><br>Juliano Massaroni<br>Silvia Alves de Souza Guedes<\/p>\n\n\n\n<p><strong>Suplentes:<\/strong><br>Adrielli Santos Sbrisse<br>Ant\u00f4nio Victor Silva Pepe<\/p>\n\n\n\n<p><\/p>\n","protected":false},"excerpt":{"rendered":"<p>Composi\u00e7\u00e3o dos Membros do Conselho Municipal de Sa\u00fade \u2013 CMSGest\u00e3o: 2026\/2028 Segmento Usu\u00e1rios do SUS: Titulares:Andrea Marques da SilvaCassilda Candida Silva de MoraesClaudia Aparecida Lima Alves dos AnjosDenise Oliveira da SilvaJos\u00e9 Alves da SilvaJivanilda Silva AndradeLuciano Jos\u00e9 da SilvaManoel Gomes de Sousa TaveiraMaria de Fatima de LimaMaria Luiza Barros SilvaOlevina de F\u00e1tima RosaRaimundo de Jesus [&hellip;]<\/p>\n","protected":false},"author":34,"featured_media":0,"parent":0,"menu_order":0,"comment_status":"closed","ping_status":"closed","template":"","meta":{"footnotes":""},"class_list":["post-878","page","type-page","status-publish","hentry"],"_links":{"self":[{"href":"https:\/\/cajamar.sp.gov.br\/saude\/wp-json\/wp\/v2\/pages\/878","targetHints":{"allow":["GET"]}}],"collection":[{"href":"https:\/\/cajamar.sp.gov.br\/saude\/wp-json\/wp\/v2\/pages"}],"about":[{"href":"https:\/\/cajamar.sp.gov.br\/saude\/wp-json\/wp\/v2\/types\/page"}],"author":[{"embeddable":true,"href":"https:\/\/cajamar.sp.gov.br\/saude\/wp-json\/wp\/v2\/users\/34"}],"replies":[{"embeddable":true,"href":"https:\/\/cajamar.sp.gov.br\/saude\/wp-json\/wp\/v2\/comments?post=878"}],"version-history":[{"count":10,"href":"https:\/\/cajamar.sp.gov.br\/saude\/wp-json\/wp\/v2\/pages\/878\/revisions"}],"predecessor-version":[{"id":1193,"href":"https:\/\/cajamar.sp.gov.br\/saude\/wp-json\/wp\/v2\/pages\/878\/revisions\/1193"}],"wp:attachment":[{"href":"https:\/\/cajamar.sp.gov.br\/saude\/wp-json\/wp\/v2\/media?parent=878"}],"curies":[{"name":"wp","href":"https:\/\/api.w.org\/{rel}","templated":true}]}}