{"id":912,"date":"2024-05-13T14:54:31","date_gmt":"2024-05-13T17:54:31","guid":{"rendered":"https:\/\/cajamar.sp.gov.br\/saude\/?page_id=912"},"modified":"2025-01-23T15:05:53","modified_gmt":"2025-01-23T18:05:53","slug":"ouvidoria-do-sus","status":"publish","type":"page","link":"https:\/\/cajamar.sp.gov.br\/saude\/ouvidoria-do-sus\/","title":{"rendered":"OUVIDORIA DO SUS"},"content":{"rendered":"\n<p><strong>O que \u00e9?<\/strong><\/p>\n\n\n\n<p>A Ouvidoria Municipal do SUS \u00e9 um canal oficial de comunica\u00e7\u00e3o direta entre o cidad\u00e3o e os gestores de sa\u00fade, com escuta qualificada aos usu\u00e1rios e aos profissionais vinculados ao sistema de sa\u00fade, com o objetivo de fortalecer o controle social, promovendo a cidadania e a melhoria cont\u00ednua na qualidade dos servi\u00e7os prestados pela Secretaria Municipal de Sa\u00fade.<\/p>\n\n\n\n<p><strong>Quando \u00e9 necess\u00e1rio:<\/strong><\/p>\n\n\n\n<p>Diante de sua necessidade, o usu\u00e1rio do Sistema \u00danico de Sa\u00fade poder\u00e1 atrav\u00e9s da Ouvidoria do SUS, registrar e acompanhar suas manifesta\u00e7\u00f5es relativas aos servi\u00e7os prestados pela Secretaria Municipal de Sa\u00fade, que podem ser den\u00fancias, elogios, reclama\u00e7\u00f5es, solicita\u00e7\u00f5es ou sugest\u00f5es.<\/p>\n\n\n\n<p><strong>Forma de Atendimento:<\/strong><\/p>\n\n\n\n<p>Os meios de acesso \u00e0 Ouvidoria da Sa\u00fade s\u00e3o:<\/p>\n\n\n\n<p><strong>Telefone<\/strong>: <a href=\"tel:08007711223\" data-type=\"tel\" data-id=\"tel:08007711223\">0800 771 1223<\/a> \u2013 op\u00e7\u00e3o 2<\/p>\n\n\n\n<p><strong>E-mail<\/strong>: <a href=\"mailto:ouvidoriasaude@cajamar.sp.gov.br\">ouvidoriasaude@cajamar.sp.gov.br<\/a><\/p>\n\n\n\n<p><strong>Presencialmente ou Carta<\/strong>: Secretaria Municipal de Sa\u00fade &#8211; (Complexo de Sa\u00fade Dr. Ant\u00f4nio Jo\u00e3o Abdalla)\n\n\n<p><strong>Endere\u00e7o<\/strong>: Avenida Dr. Ant\u00f4nio Jo\u00e3o Abdalla, 1500 \u2013 Bairro: Cristais\/Jordan\u00e9sia &#8211; Cajamar\/SP \u2013 CEP: 07776-700 \u2013 (<strong>expediente<\/strong>: das 8 \u00e0s 17h de Segunda \u00e0 Sexta-feira \u2013 exceto feriados)<\/p>\n","protected":false},"excerpt":{"rendered":"<p>O que \u00e9? A Ouvidoria Municipal do SUS \u00e9 um canal oficial de comunica\u00e7\u00e3o direta entre o cidad\u00e3o e os gestores de sa\u00fade, com escuta qualificada aos usu\u00e1rios e aos profissionais vinculados ao sistema de sa\u00fade, com o objetivo de fortalecer o controle social, promovendo a cidadania e a melhoria cont\u00ednua na qualidade dos servi\u00e7os [&hellip;]<\/p>\n","protected":false},"author":34,"featured_media":913,"parent":0,"menu_order":0,"comment_status":"closed","ping_status":"closed","template":"","meta":{"footnotes":""},"class_list":["post-912","page","type-page","status-publish","has-post-thumbnail","hentry"],"_links":{"self":[{"href":"https:\/\/cajamar.sp.gov.br\/saude\/wp-json\/wp\/v2\/pages\/912","targetHints":{"allow":["GET"]}}],"collection":[{"href":"https:\/\/cajamar.sp.gov.br\/saude\/wp-json\/wp\/v2\/pages"}],"about":[{"href":"https:\/\/cajamar.sp.gov.br\/saude\/wp-json\/wp\/v2\/types\/page"}],"author":[{"embeddable":true,"href":"https:\/\/cajamar.sp.gov.br\/saude\/wp-json\/wp\/v2\/users\/34"}],"replies":[{"embeddable":true,"href":"https:\/\/cajamar.sp.gov.br\/saude\/wp-json\/wp\/v2\/comments?post=912"}],"version-history":[{"count":9,"href":"https:\/\/cajamar.sp.gov.br\/saude\/wp-json\/wp\/v2\/pages\/912\/revisions"}],"predecessor-version":[{"id":973,"href":"https:\/\/cajamar.sp.gov.br\/saude\/wp-json\/wp\/v2\/pages\/912\/revisions\/973"}],"wp:featuredmedia":[{"embeddable":true,"href":"https:\/\/cajamar.sp.gov.br\/saude\/wp-json\/wp\/v2\/media\/913"}],"wp:attachment":[{"href":"https:\/\/cajamar.sp.gov.br\/saude\/wp-json\/wp\/v2\/media?parent=912"}],"curies":[{"name":"wp","href":"https:\/\/api.w.org\/{rel}","templated":true}]}}