{"id":102,"date":"2025-01-16T16:11:07","date_gmt":"2025-01-16T19:11:07","guid":{"rendered":"https:\/\/cajamar.sp.gov.br\/seguranca\/?page_id=102"},"modified":"2025-09-19T11:34:55","modified_gmt":"2025-09-19T14:34:55","slug":"etransito","status":"publish","type":"page","link":"https:\/\/cajamar.sp.gov.br\/seguranca\/transito\/etransito\/","title":{"rendered":"Educa\u00e7\u00e3o para o Tr\u00e2nsito"},"content":{"rendered":"\n<div id=\"links-rapidos\" class=\"clearfix borda-cinza border-radius-10\">\n\n\n\t\t\t\t<ul class=\"links-lista\">\n\n\n<li class=\"link\">\n\t\t\t\t\t\t\t<a class=\"link-link border-radius-5\" href=\"https:\/\/whatsapp.com\/channel\/0029VaAXepn2Jl8FpLkekg1G\" target=\"blank\">\n\t\t\t\t\t\t\t\t<img decoding=\"async\" src=\"https:\/\/cajamar.sp.gov.br\/seguranca\/wp-content\/uploads\/sites\/23\/2025\/05\/icones-wa-copia-9-100x100-1.png\" class=\"attachment-full size-full wp-post-image\" alt=\"\" loading=\"lazy\">\t\t\t\t\t\t\t\t<div class=\"link-titulo\">SIGA O NOSSO CANAL!<\/div>\n\t\t\t\t\t\t\t<\/a>\n\t\t\t\t\t\t<\/li>\n\n\t\t\t\t\t\n\t\t\t\t\t\t<li class=\"link\">\n\t\t\t\t\t\t\t<a class=\"link-link border-radius-5\" href=\"#compartilhe\">\n\t\t\t\t\t\t\t\t<img decoding=\"async\" src=\"https:\/\/cajamar.sp.gov.br\/seguranca\/wp-content\/uploads\/sites\/23\/2025\/05\/compartilhe-share-100.png\" class=\"attachment-full size-full wp-post-image\" alt=\"\" loading=\"lazy\">\t\t\t\t\t\t\t\t<div class=\"link-titulo\">COMPARTILHE<\/div>\n\t\t\t\t\t\t\t<\/a>\n\t\t\t\t\t\t<\/li>\n\n\t\t\t\t\t\t<li class=\"link\">\n\t\t\t\t\t\t\t<a class=\"link-link border-radius-5\" href=\"#etransito\">\n\t\t\t\t\t\t\t\t<img decoding=\"async\" src=\"https:\/\/cajamar.sp.gov.br\/seguranca\/wp-content\/uploads\/sites\/23\/2025\/01\/educacao100.png\" class=\"attachment-full size-full wp-post-image\" alt=\"\" loading=\"lazy\">\t\t\t\t\t\t\t\t<div class=\"link-titulo\">LEIA-ME<\/div>\n\t\t\t\t\t\t\t<\/a>\n\t\t\t\t\t\t<\/li>\n\t\t\t\t\t\t\n\t\t\t\t\t\t<li class=\"link\">\n\t\t\t\t\t\t\t<a class=\"link-link border-radius-5\" href=\"#estacione\">\n\t\t\t\t\t\t\t\t<img decoding=\"async\" src=\"https:\/\/cajamar.sp.gov.br\/seguranca\/wp-content\/uploads\/sites\/23\/2025\/01\/estacione-100.png\" class=\"attachment-full size-full wp-post-image\" alt=\"\" loading=\"lazy\">\t\t\t\t\t\t\t\t<div class=\"link-titulo\">PARA PAIS E RESPONS\u00c1VEIS<\/div>\n\t\t\t\t\t\t\t<\/a>\n\t\t\t\t\t\t<\/li>\n\n\n\t\t\t\t\t<li class=\"link\">\n\t\t\t\t\t\t\t<a class=\"link-link border-radius-5\" href=\"https:\/\/cajamar.sp.gov.br\/seguranca\/transito\/#serv\">\n\t\t\t\t\t\t\t\t<img decoding=\"async\" src=\"https:\/\/cajamar.sp.gov.br\/seguranca\/wp-content\/uploads\/sites\/23\/2025\/01\/multas100.png\" class=\"attachment-full size-full wp-post-image\" alt=\"\" loading=\"lazy\">\t\t\t\t\t\t\t\t<div class=\"link-titulo\">DEMAIS SERVI\u00c7OS<\/div>\n\t\t\t\t\t\t\t<\/a>\n\t\t\t\t\t\t<\/li>\n\n\t\t\t\n\t\t\t\t<\/ul>\n\n\n\n\t\t\t<\/div>\n\n\n\n<div class=\"wp-block-media-text is-stacked-on-mobile is-vertically-aligned-top\"><figure class=\"wp-block-media-text__media\"><img fetchpriority=\"high\" decoding=\"async\" width=\"960\" height=\"960\" src=\"https:\/\/cajamar.sp.gov.br\/seguranca\/wp-content\/uploads\/sites\/23\/2025\/08\/educacao-para-o-transito-960x960.png\" alt=\"\" class=\"wp-image-4637 size-full\" srcset=\"https:\/\/cajamar.sp.gov.br\/seguranca\/wp-content\/uploads\/sites\/23\/2025\/08\/educacao-para-o-transito-960x960.png 960w, https:\/\/cajamar.sp.gov.br\/seguranca\/wp-content\/uploads\/sites\/23\/2025\/08\/educacao-para-o-transito-100x100.png 100w, https:\/\/cajamar.sp.gov.br\/seguranca\/wp-content\/uploads\/sites\/23\/2025\/08\/educacao-para-o-transito-768x768.png 768w, https:\/\/cajamar.sp.gov.br\/seguranca\/wp-content\/uploads\/sites\/23\/2025\/08\/educacao-para-o-transito.png 1080w\" sizes=\"(max-width: 960px) 100vw, 960px\" \/><\/figure><div class=\"wp-block-media-text__content\">\n<h3 class=\"wp-block-heading\">O que \u00e9?<\/h3>\n\n\n\n<p>Programas e campanhas educativas para conscientizar a popula\u00e7\u00e3o sobre boas pr\u00e1ticas de seguran\u00e7a no tr\u00e2nsito. Incluem atividades em escolas, palestras e distribui\u00e7\u00e3o de materiais informativos para promover um tr\u00e2nsito mais seguro.<\/p>\n\n\n\n<h3 class=\"wp-block-heading\">O que oferecemos?<\/h3>\n\n\n\n<p>Escolas, empresas ou organiza\u00e7\u00f5es interessadas em parcerias podem entrar em contato com o Demutran atrav\u00e9s do formul\u00e1rio na p\u00e1gina ou pelo &#8220;<a href=\"https:\/\/cajamar.sp.gov.br\/seguranca\/transito\/contato\/\" data-type=\"page\" data-id=\"152\">Fale com o Demutran<\/a>&#8220;. Al\u00e9m disso, fazemos ampla divulga\u00e7\u00e3o das campanhas no munic\u00edpio.<\/p>\n<\/div><\/div>\n\n\n\n<p><\/p>\n\n\n\n<a name=\"compartilhe\"><\/a>\n\n\n\n<hr class=\"wp-block-separator has-alpha-channel-opacity\" \/>\n\n\n\n<h3 class=\"wp-block-heading\">\ud83d\udc4d COMPARTILHE!<\/h3>\n\n\n\n<div class=\"wp-block-columns is-layout-flex wp-container-core-columns-is-layout-9d6595d7 wp-block-columns-is-layout-flex\">\n<div class=\"wp-block-column is-layout-flow wp-block-column-is-layout-flow\">\n<h3 class=\"wp-block-heading has-text-align-center has-white-color has-text-color has-background has-link-color wp-elements-00de3ee918dfc1c11d4bb6e2e535291d\" style=\"background-color:#4cc399\"><strong>FA\u00c7A A SUA PARTE: PARTICIPE!<\/strong><\/h3>\n\n\n\n<h4 class=\"wp-block-heading has-text-align-center\">SEMANA NACIONAL DE TR\u00c2NSITO 2025<\/h4>\n\n\n\n<p><a href=\"https:\/\/whatsapp.com\/channel\/0029VaAXepn2Jl8FpLkekg1G\" data-type=\"page\" data-id=\"135\" target=\"_blank\" rel=\"noreferrer noopener\"><strong>SIGA O NOSSO CANAL<\/strong><\/a> para acessar e compartilhar nossas postagens! Comece hoje mesmo a disseminar a consci\u00eancia por um tr\u00e2nsito mais seguro.<\/p>\n\n\n\n<p>Sua participa\u00e7\u00e3o \u00e9 muito importante para que mais pessoas sejam alcan\u00e7adas, e assim, <strong>MAIS VIDAS SEJAM SALVAS!<\/strong> <\/p>\n\n\n\n<div class=\"wp-block-buttons has-custom-font-size has-x-large-font-size is-content-justification-center is-layout-flex wp-container-core-buttons-is-layout-16018d1d wp-block-buttons-is-layout-flex\">\n<div class=\"wp-block-button is-style-fill\"><a class=\"wp-block-button__link has-white-color has-text-color has-background has-link-color has-custom-font-size wp-element-button\" href=\"https:\/\/whatsapp.com\/channel\/0029VaAXepn2Jl8FpLkekg1G\" style=\"border-radius:5px;background-color:#4cc399;font-size:16px;font-style:normal;font-weight:700\" target=\"_blank\" rel=\"noreferrer noopener\">SIGA O NOSSO CANAL AQUI<\/a><\/div>\n<\/div>\n<\/div>\n\n\n\n<div class=\"wp-block-column is-layout-flow wp-block-column-is-layout-flow\"><div class=\"wp-block-image is-style-default\">\n<figure class=\"aligncenter size-full is-resized\"><a href=\"https:\/\/cajamar.sp.gov.br\/seguranca\/wp-content\/uploads\/sites\/23\/2025\/09\/post-snt-2025.png\" target=\"_blank\" rel=\" noreferrer noopener\"><img decoding=\"async\" width=\"1080\" height=\"1350\" src=\"https:\/\/cajamar.sp.gov.br\/seguranca\/wp-content\/uploads\/sites\/23\/2025\/09\/post-snt-2025.png\" alt=\"\" class=\"wp-image-5383\" style=\"width:413px;height:auto\" srcset=\"https:\/\/cajamar.sp.gov.br\/seguranca\/wp-content\/uploads\/sites\/23\/2025\/09\/post-snt-2025.png 1080w, https:\/\/cajamar.sp.gov.br\/seguranca\/wp-content\/uploads\/sites\/23\/2025\/09\/post-snt-2025-768x960.png 768w\" sizes=\"(max-width: 1080px) 100vw, 1080px\" \/><\/a><figcaption class=\"wp-element-caption\">Clique na imagem para baixar e compartilhar.<\/figcaption><\/figure>\n<\/div><\/div>\n<\/div>\n\n\n\n<a name=\"etransito\"><\/a>\n\n\n\n<hr class=\"wp-block-separator has-alpha-channel-opacity\" \/>\n\n\n\n<h3 class=\"wp-block-heading\">\ud83d\ude98 SEMANA NACIONAL DE TR\u00c2NSITO 2025 <\/h3>\n\n\n\n<p>De <em>18 a 25 de setembro<\/em>!<\/p>\n\n\n<div class=\"wp-block-image\">\n<figure class=\"alignleft size-full is-resized\"><img decoding=\"async\" width=\"540\" height=\"540\" src=\"https:\/\/cajamar.sp.gov.br\/seguranca\/wp-content\/uploads\/sites\/23\/2025\/05\/desacelere-icone.png\" alt=\"\" class=\"wp-image-1189\" style=\"width:179px;height:auto\" srcset=\"https:\/\/cajamar.sp.gov.br\/seguranca\/wp-content\/uploads\/sites\/23\/2025\/05\/desacelere-icone.png 540w, https:\/\/cajamar.sp.gov.br\/seguranca\/wp-content\/uploads\/sites\/23\/2025\/05\/desacelere-icone-100x100.png 100w\" sizes=\"(max-width: 540px) 100vw, 540px\" \/><\/figure>\n<\/div>\n\n\n<p>A <strong>Semana Nacional de Tr\u00e2nsito<\/strong> \u00e9 um convite \u00e0 reflex\u00e3o sobre como nossas atitudes fazem diferen\u00e7a para salvar vidas. Reduzir a velocidade \u00e9 um gesto simples que traz mais seguran\u00e7a, paz, economia e menos polui\u00e7\u00e3o.<\/p>\n\n\n\n<p>No tr\u00e2nsito, cada escolha importa. Respeitar os limites de velocidade, ter aten\u00e7\u00e3o redobrada em \u00e1reas de grande movimento, proteger pedestres, ciclistas e motociclistas s\u00e3o atitudes que evitam acidentes e preservam vidas.<\/p>\n\n\n\n<p>Aos caminhoneiros e motoristas profissionais, nosso reconhecimento pela responsabilidade no transporte que move o pa\u00eds. Cuidar da velocidade, do descanso e do ve\u00edculo \u00e9 cuidar da pr\u00f3pria vida e da vida de todos.<\/p>\n\n\n\n<p>Para quem anda de moto, o cuidado deve ser redobrado: use sempre os equipamentos de prote\u00e7\u00e3o, respeite a sinaliza\u00e7\u00e3o e pratique a dire\u00e7\u00e3o defensiva.<\/p>\n\n\n\n<p>A seguran\u00e7a no tr\u00e2nsito \u00e9 constru\u00edda dia a dia, com atitudes conscientes de cada cidad\u00e3o. Nesta Semana Nacional de Tr\u00e2nsito, fa\u00e7a a sua parte.<\/p>\n\n\n\n<p><a href=\"#compartilhe\"><strong>COMPARTILHE!<\/strong><\/a> Ajude a espalhar a consci\u00eancia por um tr\u00e2nsito mais seguro.<\/p>\n\n\n\n<p><\/p>\n\n\n\n<hr class=\"wp-block-separator has-alpha-channel-opacity\" \/>\n\n\n\n<h3 class=\"wp-block-heading\">\ud83d\udcf2 SIGA-NOS NO WHATSAPP<\/h3>\n\n\n\n<p><\/p>\n\n\n\n<div class=\"wp-block-columns are-vertically-aligned-top is-layout-flex wp-container-core-columns-is-layout-9d6595d7 wp-block-columns-is-layout-flex\">\n<div class=\"wp-block-column is-layout-flow wp-block-column-is-layout-flow\" style=\"flex-basis:31%\"><div class=\"wp-block-image\">\n<figure class=\"aligncenter size-full is-resized\"><a href=\"https:\/\/whatsapp.com\/channel\/0029VaAXepn2Jl8FpLkekg1G\" target=\"_blank\" rel=\" noreferrer noopener\"><img loading=\"lazy\" decoding=\"async\" width=\"936\" height=\"1920\" src=\"https:\/\/cajamar.sp.gov.br\/seguranca\/wp-content\/uploads\/sites\/23\/2025\/01\/1000466025.png\" alt=\"\" class=\"wp-image-374\" style=\"width:161px;height:auto\" srcset=\"https:\/\/cajamar.sp.gov.br\/seguranca\/wp-content\/uploads\/sites\/23\/2025\/01\/1000466025.png 936w, https:\/\/cajamar.sp.gov.br\/seguranca\/wp-content\/uploads\/sites\/23\/2025\/01\/1000466025-468x960.png 468w, https:\/\/cajamar.sp.gov.br\/seguranca\/wp-content\/uploads\/sites\/23\/2025\/01\/1000466025-768x1575.png 768w, https:\/\/cajamar.sp.gov.br\/seguranca\/wp-content\/uploads\/sites\/23\/2025\/01\/1000466025-749x1536.png 749w\" sizes=\"(max-width: 936px) 100vw, 936px\" \/><\/a><figcaption class=\"wp-element-caption\">Clique na imagem para acessar<\/figcaption><\/figure>\n<\/div><\/div>\n\n\n\n<div class=\"wp-block-column is-layout-flow wp-block-column-is-layout-flow\" style=\"flex-basis:69%\">\n<p>\ud83d\udc49\ud83d\udcf1 Siga o <strong>CANAL <\/strong>do Demutran no<strong> WHATSAPP<\/strong> para receber o material no seu celular!<\/p>\n\n\n\n<div class=\"wp-block-buttons is-content-justification-center is-layout-flex wp-container-core-buttons-is-layout-16018d1d wp-block-buttons-is-layout-flex\">\n<div class=\"wp-block-button is-style-fill\"><a class=\"wp-block-button__link has-white-color has-text-color has-background has-link-color has-text-align-center has-custom-font-size wp-element-button\" href=\"https:\/\/whatsapp.com\/channel\/0029VaAXepn2Jl8FpLkekg1G\" style=\"border-radius:5px;background-color:#4cc399;font-size:16px;font-style:normal;font-weight:700\" target=\"_blank\" rel=\"noreferrer noopener\">SIGA O NOSSO CANAL AQUI<\/a><\/div>\n<\/div>\n\n\n\n<p><\/p>\n\n\n\n<p>\ud83d\udd14\ud83d\udce5 <strong>ATIVE O SININHO<\/strong> de notifica\u00e7\u00f5es para n\u00e3o perder nenhum, e assim, estar sempre atualizado!<\/p>\n\n\n\n<p>\ud83d\udce4\ud83d\udc65 <strong>COMPARTILHE <\/strong>este o link deste canal e seu conte\u00fado com seus amigos e familiares para que mais pessoas possam seguir e ter acesso \u00e0s informa\u00e7\u00f5es importantes do tr\u00e2nsito da nossa cidade.<\/p>\n\n\n\n<p>Ao se inscrever voc\u00ea manifesta ci\u00eancia e d\u00e1 consentimento \u00e0 nossa <a href=\"https:\/\/cajamar.sp.gov.br\/seguranca\/transito\/politica-de-privacidade\/\" data-type=\"page\" data-id=\"173\">Politica de Privacidade<\/a>.<\/p>\n<\/div>\n<\/div>\n\n\n\n<p><\/p>\n\n\n\n<a name=\"estacione\"><\/a>\n\n\n\n<hr class=\"wp-block-separator has-alpha-channel-opacity\" \/>\n\n\n\n<h3 class=\"wp-block-heading has-text-align-left\">\ud83d\udeab PAIS E RESPONS\u00c1VEIS: NA ESCOLA, ESTACIONE CORRETAMENTE!<\/h3>\n\n\n<div class=\"wp-block-image\">\n<figure class=\"alignleft size-full is-resized\"><a href=\"https:\/\/cajamar.sp.gov.br\/seguranca\/wp-content\/uploads\/sites\/23\/2025\/01\/estacionamento-nas-escolas.png\" target=\"_blank\" rel=\"noreferrer noopener\"><img loading=\"lazy\" decoding=\"async\" width=\"1080\" height=\"1350\" src=\"https:\/\/cajamar.sp.gov.br\/seguranca\/wp-content\/uploads\/sites\/23\/2025\/01\/estacionamento-nas-escolas.png\" alt=\"\" class=\"wp-image-115\" style=\"width:319px;height:auto\" srcset=\"https:\/\/cajamar.sp.gov.br\/seguranca\/wp-content\/uploads\/sites\/23\/2025\/01\/estacionamento-nas-escolas.png 1080w, https:\/\/cajamar.sp.gov.br\/seguranca\/wp-content\/uploads\/sites\/23\/2025\/01\/estacionamento-nas-escolas-768x960.png 768w\" sizes=\"(max-width: 1080px) 100vw, 1080px\" \/><\/a><figcaption class=\"wp-element-caption\">Clique na imagem para baixar e compartilhar!<\/figcaption><\/figure>\n<\/div>\n\n\n<p>Levar e buscar os filhos na escola \u00e9 mais que uma rotina, \u00e9 um ato de amor. Queremos v\u00ea-los ir e voltar da escola com seguran\u00e7a. Para isso, \u00e9 necess\u00e1rio parar em local correto para evitar acidentes.<\/p>\n\n\n\n<p>Jamais pare em fila dupla, pois pode acontecer um atropelamento. A crian\u00e7a pode n\u00e3o ser vista no ponto cego ou um motociclista imprudente pode atingi-la se estiver no corredor. <\/p>\n\n\n\n<p>Se precisar aguardar, n\u00e3o estacionem em frente de garagem, especialmente se tiver que deixar o carro, algu\u00e9m pode precisar sair com urg\u00eancia e voc\u00ea ter\u00e1 bloqueado a sa\u00edda.<\/p>\n\n\n\n<p>Tamb\u00e9m \u00e9 proibido parar nas esquinas a menos de 5 menos, mesmo para embarque e desembarque, em vagas de uso exclusivo ou em local sinalizado como proibido.<\/p>\n\n\n\n<p>Confira a regulamenta\u00e7\u00e3o de parada e estacionamento, segundo o C\u00f3digo de Tr\u00e2nsito Brasileiro &#8211; CTB, nos artigos 181, 182 e 183:<\/p>\n\n\n\n<figure class=\"wp-block-embed is-type-video is-provider-youtube wp-block-embed-youtube wp-embed-aspect-4-3 wp-has-aspect-ratio\"><div class=\"wp-block-embed__wrapper\">\n<iframe title=\"Na volta \u00e0s aulas, estacione e pare somente em local permitido\" width=\"500\" height=\"375\" src=\"https:\/\/www.youtube.com\/embed\/wBa-V5az6es?feature=oembed\" frameborder=\"0\" allow=\"accelerometer; autoplay; clipboard-write; encrypted-media; gyroscope; picture-in-picture; web-share\" referrerpolicy=\"strict-origin-when-cross-origin\" allowfullscreen><\/iframe>\n<\/div><figcaption class=\"wp-element-caption\"><strong><a href=\"https:\/\/drive.google.com\/uc?export=download&amp;id=1utR5XsN705st3Kfrk3tRpEdEvjcQIu-A\">Clique aqui para baixar e compartilhar este v\u00eddeo<\/a><\/strong><\/figcaption><\/figure>\n\n\n<div class=\"wp-block-image\">\n<figure class=\"alignright size-full is-resized\"><img decoding=\"async\" src=\"https:\/\/cajamar.sp.gov.br\/mobilidade\/wp-content\/uploads\/sites\/19\/2023\/08\/proibido-parar-estacionar.png\" alt=\"\" class=\"wp-image-729\" style=\"width:113px;height:113px\" \/><\/figure>\n<\/div>\n\n\n<p><strong>Proibido parar e estacionar:<\/strong><\/p>\n\n\n\n<ul class=\"wp-block-list\">\n<li>Afastado da guia;<\/li>\n\n\n\n<li>Cal\u00e7adas e canteiros;<\/li>\n\n\n\n<li>Ciclovia ou ciclofaixa;<\/li>\n\n\n\n<li>Contram\u00e3o;<\/li>\n\n\n\n<li>Cruzamentos e esquinas;<\/li>\n\n\n\n<li>Estradas e acostamentos;<\/li>\n\n\n\n<li>Faixa de pedestres;<\/li>\n\n\n\n<li>Fila dupla;<\/li>\n\n\n\n<li>Local sinalizado;<\/li>\n\n\n\n<li>Viadutos, pontes e t\u00faneis.<\/li>\n<\/ul>\n\n\n<div class=\"wp-block-image\">\n<figure class=\"alignright size-full is-resized\"><img decoding=\"async\" src=\"https:\/\/cajamar.sp.gov.br\/mobilidade\/wp-content\/uploads\/sites\/19\/2023\/08\/proibido-estacionar.png\" alt=\"\" class=\"wp-image-730\" style=\"width:110px;height:110px\" \/><\/figure>\n<\/div>\n\n\n<p><strong>Proibido estacionar (permitido o embarque e desembarque quando n\u00e3o sinalizado):<\/strong><\/p>\n\n\n\n<ul class=\"wp-block-list\">\n<li>Guia rebaixada (garagem);<\/li>\n\n\n\n<li>Impedindo a movimenta\u00e7\u00e3o de outros ve\u00edculos;<\/li>\n\n\n\n<li>Junto a hidrantes;<\/li>\n\n\n\n<li>Ponto de \u00f4nibus;<\/li>\n\n\n\n<li>Vagas reservadas.<\/li>\n<\/ul>\n\n\n\n<p>D\u00ea o exemplo a seus filhos: mostre que tem empatia, respeito e prud\u00eancia!<\/p>\n\n\n\n<p><\/p>\n\n\n\n<hr class=\"wp-block-separator has-alpha-channel-opacity\" \/>\n\n\n\n<p><\/p>\n\n\n\n<p class=\"has-text-align-center has-black-color has-luminous-vivid-amber-background-color has-text-color has-background has-link-color has-medium-font-size wp-elements-9d8d33ff355e038d94fb2064354a4073\"><strong><strong>DESACELERE. SEU BEM MAIOR \u00c9 A VIDA.<\/strong><\/strong><\/p>\n","protected":false},"excerpt":{"rendered":"<p>Programas e campanhas educativas para conscientizar a popula\u00e7\u00e3o sobre boas pr\u00e1ticas de seguran\u00e7a no tr\u00e2nsito. Incluem atividades em escolas, palestras e distribui\u00e7\u00e3o de materiais informativos para promover um tr\u00e2nsito mais seguro.<\/p>\n","protected":false},"author":39,"featured_media":4648,"parent":61,"menu_order":0,"comment_status":"closed","ping_status":"closed","template":"","meta":{"footnotes":""},"class_list":["post-102","page","type-page","status-publish","has-post-thumbnail","hentry"],"_links":{"self":[{"href":"https:\/\/cajamar.sp.gov.br\/seguranca\/wp-json\/wp\/v2\/pages\/102","targetHints":{"allow":["GET"]}}],"collection":[{"href":"https:\/\/cajamar.sp.gov.br\/seguranca\/wp-json\/wp\/v2\/pages"}],"about":[{"href":"https:\/\/cajamar.sp.gov.br\/seguranca\/wp-json\/wp\/v2\/types\/page"}],"author":[{"embeddable":true,"href":"https:\/\/cajamar.sp.gov.br\/seguranca\/wp-json\/wp\/v2\/users\/39"}],"replies":[{"embeddable":true,"href":"https:\/\/cajamar.sp.gov.br\/seguranca\/wp-json\/wp\/v2\/comments?post=102"}],"version-history":[{"count":74,"href":"https:\/\/cajamar.sp.gov.br\/seguranca\/wp-json\/wp\/v2\/pages\/102\/revisions"}],"predecessor-version":[{"id":5416,"href":"https:\/\/cajamar.sp.gov.br\/seguranca\/wp-json\/wp\/v2\/pages\/102\/revisions\/5416"}],"up":[{"embeddable":true,"href":"https:\/\/cajamar.sp.gov.br\/seguranca\/wp-json\/wp\/v2\/pages\/61"}],"wp:featuredmedia":[{"embeddable":true,"href":"https:\/\/cajamar.sp.gov.br\/seguranca\/wp-json\/wp\/v2\/media\/4648"}],"wp:attachment":[{"href":"https:\/\/cajamar.sp.gov.br\/seguranca\/wp-json\/wp\/v2\/media?parent=102"}],"curies":[{"name":"wp","href":"https:\/\/api.w.org\/{rel}","templated":true}]}}