{"id":149,"date":"2025-01-16T16:26:57","date_gmt":"2025-01-16T19:26:57","guid":{"rendered":"https:\/\/cajamar.sp.gov.br\/seguranca\/?page_id=149"},"modified":"2025-08-15T14:17:54","modified_gmt":"2025-08-15T17:17:54","slug":"servicos","status":"publish","type":"page","link":"https:\/\/cajamar.sp.gov.br\/seguranca\/transito\/servicos\/","title":{"rendered":"Execu\u00e7\u00e3o de Servi\u00e7os de Tr\u00e2nsito"},"content":{"rendered":"\n<div id=\"links-rapidos\" class=\"clearfix borda-cinza border-radius-10\">\n\n\n\t\t\t\t<ul class=\"links-lista\">\n\n\t\t\t\t\t\n\t\t\t\t\t\t<li class=\"link\">\n\t\t\t\t\t\t\t<a class=\"link-link border-radius-5\" href=\"#tipos\">\n\t\t\t\t\t\t\t\t<img decoding=\"async\" src=\"https:\/\/cajamar.sp.gov.br\/seguranca\/wp-content\/uploads\/sites\/23\/2025\/01\/servicos100-2.png\" class=\"attachment-full size-full wp-post-image\" alt=\"\" loading=\"lazy\">\t\t\t\t\t\t\t\t<div class=\"link-titulo\">TIPOS DE SOLICITA\u00c7\u00c3O<\/div>\n\t\t\t\t\t\t\t<\/a>\n\t\t\t\t\t\t<\/li>\n\t\t\t\t\t\t\n\t\t\t\t\t\t<li class=\"link\">\n\t\t\t\t\t\t\t<a class=\"link-link border-radius-5\" href=\"https:\/\/cajamar.sp.gov.br\/seguranca\/requerimento-servicos-v-01-2025\/\" target=\"blank\">\n\t\t\t\t\t\t\t\t<img decoding=\"async\" src=\"https:\/\/cajamar.sp.gov.br\/seguranca\/wp-content\/uploads\/sites\/23\/2025\/01\/indicacoes100.png\" class=\"attachment-full size-full wp-post-image\" alt=\"\" loading=\"lazy\">\t\t\t\t\t\t\t\t<div class=\"link-titulo\">FORMUL\u00c1RIO<\/div>\n\t\t\t\t\t\t\t<\/a>\n\t\t\t\t\t\t<\/li>\n\n\n\t\t\t\t\t<li class=\"link\">\n\t\t\t\t\t\t\t\t<a class=\"link-link border-radius-5\" href=\"https:\/\/maps.app.goo.gl\/EAKa2BsVhMnbqSDx6\" target=\"blank\">\n\t\t\t\t\t\t\t\t\t<img decoding=\"async\" src=\"https:\/\/cajamar.sp.gov.br\/seguranca\/wp-content\/uploads\/sites\/23\/2025\/01\/mapa-100.png\" class=\"attachment-full size-full wp-post-image\" alt=\"\" loading=\"lazy\">\t\t\t\t\t\t\t\t<div class=\"link-titulo\">COMO CHEGAR<\/div>\n\t\t\t\t\t\t\t\t<\/a>\n\t\t\t\t\t\t\t<\/li>\t\n\t\t\t\t\t\n\t\t\t\t\t\n\t\t\t\t\t\t<li class=\"link\">\n\t\t\t\t\t\t\t<a class=\"link-link border-radius-5\" href=\"https:\/\/cajamar.sp.gov.br\/seguranca\/contato\/\">\n\t\t\t\t\t\t\t\t<img decoding=\"async\" src=\"https:\/\/cajamar.sp.gov.br\/seguranca\/wp-content\/uploads\/sites\/23\/2025\/01\/contato-telefonico-100.png\" class=\"attachment-full size-full wp-post-image\" alt=\"\" loading=\"lazy\">\t\t\t\t\t\t\t\t<div class=\"link-titulo\">FALE COM O DEMUTRAN<\/div>\n\t\t\t\t\t\t\t<\/a>\n\t\t\t\t\t\t<\/li>\n\n\t\t\t\t\t<li class=\"link\">\n\t\t\t\t\t\t\t<a class=\"link-link border-radius-5\" href=\"https:\/\/cajamar.sp.gov.br\/seguranca\/transito\/#serv\">\n\t\t\t\t\t\t\t\t<img decoding=\"async\" src=\"https:\/\/cajamar.sp.gov.br\/seguranca\/wp-content\/uploads\/sites\/23\/2025\/01\/multas100.png\" class=\"attachment-full size-full wp-post-image\" alt=\"\" loading=\"lazy\">\t\t\t\t\t\t\t\t<div class=\"link-titulo\">DEMAIS SERVI\u00c7OS<\/div>\n\t\t\t\t\t\t\t<\/a>\n\t\t\t\t\t\t<\/li>\n\n\t\t\t\n\t\t\t\t<\/ul>\n\n\n\n\t\t\t<\/div>\n\n\n\n<div class=\"wp-block-media-text is-stacked-on-mobile is-vertically-aligned-top\"><figure class=\"wp-block-media-text__media\"><img fetchpriority=\"high\" decoding=\"async\" width=\"960\" height=\"960\" src=\"https:\/\/cajamar.sp.gov.br\/seguranca\/wp-content\/uploads\/sites\/23\/2025\/08\/execucao-de-servicos-cajamar-960x960.png\" alt=\"\" class=\"wp-image-4638 size-full\" srcset=\"https:\/\/cajamar.sp.gov.br\/seguranca\/wp-content\/uploads\/sites\/23\/2025\/08\/execucao-de-servicos-cajamar-960x960.png 960w, https:\/\/cajamar.sp.gov.br\/seguranca\/wp-content\/uploads\/sites\/23\/2025\/08\/execucao-de-servicos-cajamar-100x100.png 100w, https:\/\/cajamar.sp.gov.br\/seguranca\/wp-content\/uploads\/sites\/23\/2025\/08\/execucao-de-servicos-cajamar-768x768.png 768w, https:\/\/cajamar.sp.gov.br\/seguranca\/wp-content\/uploads\/sites\/23\/2025\/08\/execucao-de-servicos-cajamar.png 1080w\" sizes=\"(max-width: 960px) 100vw, 960px\" \/><\/figure><div class=\"wp-block-media-text__content\">\n<h3 class=\"wp-block-heading\">O que \u00e9?<\/h3>\n\n\n\n<p>Solicita\u00e7\u00e3o de servi\u00e7os diversos ao Demutran para a\u00e7\u00f5es de engenharia, sinaliza\u00e7\u00e3o, instala\u00e7\u00e3o de sem\u00e1foros, pinturas de faixas, etc.<\/p>\n\n\n\n<h3 class=\"wp-block-heading\">Como solicitar?<\/h3>\n\n\n\n<p>Baixe e imprima o <strong><a href=\"https:\/\/cajamar.sp.gov.br\/seguranca\/requerimento-servicos-v-01-2025\/\" target=\"_blank\" rel=\"noreferrer noopener\">formul\u00e1rio de Requerimento de Execu\u00e7\u00e3o de Servi\u00e7os<\/a><\/strong>. Traga-o preenchido na nossa sede, na <strong>R. Ver. Jo\u00e3o Cardoso, 28 &#8211; Polvilho &#8211; Cajamar (SP), de segunda a sexta-feira, das 8h \u00e0s 17h<\/strong>. Atendimento somente presencial.<\/p>\n<\/div><\/div>\n\n\n\n<p><\/p>\n\n\n\n<a name=\"tipos\"><\/a>\n\n\n\n<hr class=\"wp-block-separator has-alpha-channel-opacity\" \/>\n\n\n\n<p><\/p>\n\n\n\n<h3 class=\"wp-block-heading\"><strong>Tipos de solicita\u00e7\u00e3o<\/strong><\/h3>\n\n\n\n<ul class=\"wp-block-list\">\n<li>Sinaliza\u00e7\u00e3o vertical (placas);<\/li>\n\n\n\n<li>Sinaliza\u00e7\u00e3o horizontal (pintura asf\u00e1ltica);<\/li>\n\n\n\n<li>Sinaliza\u00e7\u00e3o el\u00e9trica ou semaf\u00f3rica;<\/li>\n\n\n\n<li>Procedimento de fiscaliza\u00e7\u00e3o de tr\u00e2nsito;<\/li>\n\n\n\n<li>Implanta\u00e7\u00e3o de lombadas;<\/li>\n\n\n\n<li>Outras solicita\u00e7\u00f5es a descrever.<\/li>\n<\/ul>\n\n\n\n<p><\/p>\n\n\n\n<hr class=\"wp-block-separator has-alpha-channel-opacity\" \/>\n\n\n\n<p><\/p>\n\n\n\n<p class=\"has-text-align-center has-black-color has-luminous-vivid-amber-background-color has-text-color has-background has-link-color has-medium-font-size wp-elements-9d8d33ff355e038d94fb2064354a4073\"><strong><strong>DESACELERE. SEU BEM MAIOR \u00c9 A VIDA.<\/strong><\/strong><\/p>\n\n\n\n<p><\/p>\n\n\n\n<p><\/p>\n","protected":false},"excerpt":{"rendered":"<p>Solicita\u00e7\u00e3o de servi\u00e7os diversos ao Demutran para a\u00e7\u00f5es de engenharia, sinaliza\u00e7\u00e3o, instala\u00e7\u00e3o de sem\u00e1foros, pinturas de faixas, etc.<\/p>\n","protected":false},"author":39,"featured_media":4649,"parent":61,"menu_order":0,"comment_status":"closed","ping_status":"closed","template":"","meta":{"footnotes":""},"class_list":["post-149","page","type-page","status-publish","has-post-thumbnail","hentry"],"_links":{"self":[{"href":"https:\/\/cajamar.sp.gov.br\/seguranca\/wp-json\/wp\/v2\/pages\/149","targetHints":{"allow":["GET"]}}],"collection":[{"href":"https:\/\/cajamar.sp.gov.br\/seguranca\/wp-json\/wp\/v2\/pages"}],"about":[{"href":"https:\/\/cajamar.sp.gov.br\/seguranca\/wp-json\/wp\/v2\/types\/page"}],"author":[{"embeddable":true,"href":"https:\/\/cajamar.sp.gov.br\/seguranca\/wp-json\/wp\/v2\/users\/39"}],"replies":[{"embeddable":true,"href":"https:\/\/cajamar.sp.gov.br\/seguranca\/wp-json\/wp\/v2\/comments?post=149"}],"version-history":[{"count":22,"href":"https:\/\/cajamar.sp.gov.br\/seguranca\/wp-json\/wp\/v2\/pages\/149\/revisions"}],"predecessor-version":[{"id":4666,"href":"https:\/\/cajamar.sp.gov.br\/seguranca\/wp-json\/wp\/v2\/pages\/149\/revisions\/4666"}],"up":[{"embeddable":true,"href":"https:\/\/cajamar.sp.gov.br\/seguranca\/wp-json\/wp\/v2\/pages\/61"}],"wp:featuredmedia":[{"embeddable":true,"href":"https:\/\/cajamar.sp.gov.br\/seguranca\/wp-json\/wp\/v2\/media\/4649"}],"wp:attachment":[{"href":"https:\/\/cajamar.sp.gov.br\/seguranca\/wp-json\/wp\/v2\/media?parent=149"}],"curies":[{"name":"wp","href":"https:\/\/api.w.org\/{rel}","templated":true}]}}