{"id":152,"date":"2025-01-16T16:29:28","date_gmt":"2025-01-16T19:29:28","guid":{"rendered":"https:\/\/cajamar.sp.gov.br\/seguranca\/?page_id=152"},"modified":"2025-08-15T14:21:12","modified_gmt":"2025-08-15T17:21:12","slug":"contato","status":"publish","type":"page","link":"https:\/\/cajamar.sp.gov.br\/seguranca\/transito\/contato\/","title":{"rendered":"Fale com o Demutran"},"content":{"rendered":"\n<div id=\"links-rapidos\" class=\"clearfix borda-cinza border-radius-10\">\n\n\n\t\t\t\t\t<ul class=\"links-lista\">\n\n\t\t\t\t\t\t\n\t\t\t\t\t\t\t\n\t\t\t\t\t\t\t<li class=\"link\">\n\t\t\t\t\t\t\t\t<a class=\"link-link border-radius-5\" href=\"#canais\">\n\t\t\t\t\t\t\t\t\t<img decoding=\"async\" src=\"https:\/\/cajamar.sp.gov.br\/seguranca\/wp-content\/uploads\/sites\/23\/2025\/01\/contato-telefonico-100.png\" class=\"attachment-full size-full wp-post-image\" alt=\"\" loading=\"lazy\">\t\t\t\t\t\t\t\t<div class=\"link-titulo\">CANAIS DE ATENDIMENTO<\/div>\n\t\t\t\t\t\t\t\t<\/a>\n\t\t\t\t\t\t\t<\/li>\n\n\n\n<li class=\"link\">\n\t\t\t\t\t\t\t\t<a class=\"link-link border-radius-5\" href=\"https:\/\/cajamar.sp.gov.br\/servicos\/telefones-uteis\/emergencia\/\">\n\t\t\t\t\t\t\t\t\t<img decoding=\"async\" src=\"https:\/\/cajamar.sp.gov.br\/seguranca\/wp-content\/uploads\/sites\/23\/2025\/01\/base-icone-menu_20250126_120608_0000.png\" class=\"attachment-full size-full wp-post-image\" alt=\"\" loading=\"lazy\">\t\t\t\t\t\t\t\t<div class=\"link-titulo\">EM CASO DE EMERG\u00caNCIA<\/DIV>\n\t\t\t\t\t\t\t\t<\/a>\n\t\t\t\t\t\t\t<\/li>\n\n\n<li class=\"link\">\n\t\t\t\t\t\t\t\t<a class=\"link-link border-radius-5\" href=\"#form\">\n\t\t\t\t\t\t\t\t\t<img decoding=\"async\" src=\"https:\/\/cajamar.sp.gov.br\/seguranca\/wp-content\/uploads\/sites\/23\/2025\/01\/indicacoes100.png\" class=\"attachment-full size-full wp-post-image\" alt=\"\" loading=\"lazy\">\t\t\t\t\t\t\t\t<div class=\"link-titulo\">FORMUL\u00c1RIO DE CONTATO<\/div>\n\t\t\t\t\t\t\t\t<\/a>\n\t\t\t\t\t\t\t<\/li>\n\n\n\n\n\t<li class=\"link\">\n\t\t\t\t\t\t\t\t<a class=\"link-link border-radius-5\" href=\"https:\/\/maps.app.goo.gl\/EAKa2BsVhMnbqSDx6\" target=\"blank\">\n\t\t\t\t\t\t\t\t\t<img decoding=\"async\" src=\"https:\/\/cajamar.sp.gov.br\/seguranca\/wp-content\/uploads\/sites\/23\/2025\/01\/mapa-100.png\" class=\"attachment-full size-full wp-post-image\" alt=\"\" loading=\"lazy\">\t\t\t\t\t\t\t\t<div class=\"link-titulo\">COMO CHEGAR<\/div>\n\t\t\t\t\t\t\t\t<\/a>\n\t\t\t\t\t\t\t<\/li>\t\t\t\t\t\n\t\t\t\t\t\t\t\n\t\t\t\t\t\t\t\n\t\t\t\t\t\t\t\n\t\t\t\t\t\t\n\t\t\t\t\t\t\t\n\n\t\t\t\t\t\t<li class=\"link\">\n\t\t\t\t\t\t\t\t<a class=\"link-link border-radius-5\" href=\"https:\/\/cajamar.sp.gov.br\/seguranca\/transito\/#serv\">\n\t\t\t\t\t\t\t\t<img decoding=\"async\" src=\"https:\/\/cajamar.sp.gov.br\/seguranca\/wp-content\/uploads\/sites\/23\/2025\/01\/multas100.png\" class=\"attachment-full size-full wp-post-image\" alt=\"\" loading=\"lazy\">\t\t\t\t\t\t\t\t<div class=\"link-titulo\">DEMAIS SERVI\u00c7OS<\/div>\n\t\t\t\t\t\t\t\t<\/a>\n\t\t\t\t\t\t\t<\/li>\n\n\t\t\t\t\n\t\t\t\t\t<\/ul>\n\n\n\n\t\t\t\t<\/div>\n\n\n\n<div class=\"wp-block-media-text is-stacked-on-mobile is-vertically-aligned-top\"><figure class=\"wp-block-media-text__media\"><img fetchpriority=\"high\" decoding=\"async\" width=\"960\" height=\"960\" src=\"https:\/\/cajamar.sp.gov.br\/seguranca\/wp-content\/uploads\/sites\/23\/2025\/08\/fale-com-o-demutran-cajamar-960x960.png\" alt=\"\" class=\"wp-image-4639 size-full\" srcset=\"https:\/\/cajamar.sp.gov.br\/seguranca\/wp-content\/uploads\/sites\/23\/2025\/08\/fale-com-o-demutran-cajamar-960x960.png 960w, https:\/\/cajamar.sp.gov.br\/seguranca\/wp-content\/uploads\/sites\/23\/2025\/08\/fale-com-o-demutran-cajamar-100x100.png 100w, https:\/\/cajamar.sp.gov.br\/seguranca\/wp-content\/uploads\/sites\/23\/2025\/08\/fale-com-o-demutran-cajamar-768x768.png 768w, https:\/\/cajamar.sp.gov.br\/seguranca\/wp-content\/uploads\/sites\/23\/2025\/08\/fale-com-o-demutran-cajamar.png 1080w\" sizes=\"(max-width: 960px) 100vw, 960px\" \/><\/figure><div class=\"wp-block-media-text__content\">\n<h3 class=\"wp-block-heading\">O que \u00e9?<\/h3>\n\n\n\n<p>Canal de comunica\u00e7\u00e3o direto para que cidad\u00e3os possam tirar d\u00favidas, fazer sugest\u00f5es, reclama\u00e7\u00f5es ou solicitar informa\u00e7\u00f5es sobre os servi\u00e7os de tr\u00e2nsito.<\/p>\n\n\n\n<h3 class=\"wp-block-heading\">Como solicitar?<\/h3>\n\n\n\n<p>Utilize um dos <a href=\"#canais\">canais<\/a> ou envie sua mensagem pelo <a href=\"#form\">formul\u00e1rio online<\/a> abaixo. O <strong>atendimento presencial<\/strong> \u00e9 de <strong>segunda a sexta-feira<\/strong> das <strong>8h \u00e0s 17h<\/strong> para atendimento geral e das <strong>8h \u00e0s 16h30<\/strong> para emiss\u00e3o de <strong><a href=\"https:\/\/cajamar.sp.gov.br\/seguranca\/transito\/especial\/\" data-type=\"page\" data-id=\"99\">Cart\u00e3o Especial<\/a><\/strong>.<\/p>\n<\/div><\/div>\n\n\n\n<p><\/p>\n\n\n\n<a name=\"canais\"><\/a>\n\n\n\n<hr class=\"wp-block-separator has-alpha-channel-opacity\" \/>\n\n\n\n<h3 class=\"wp-block-heading\">CANAIS DE ATENDIMENTO<\/h3>\n\n\n\n<div style=\"height:30px\" aria-hidden=\"true\" class=\"wp-block-spacer\"><\/div>\n\n\n\n<div class=\"wp-block-media-text is-vertically-aligned-top\" style=\"grid-template-columns:15% auto\"><figure class=\"wp-block-media-text__media\"><img decoding=\"async\" width=\"200\" height=\"200\" src=\"https:\/\/cajamar.sp.gov.br\/seguranca\/wp-content\/uploads\/sites\/23\/2025\/01\/telefoneicone.png\" alt=\"\" class=\"wp-image-261 size-full\" srcset=\"https:\/\/cajamar.sp.gov.br\/seguranca\/wp-content\/uploads\/sites\/23\/2025\/01\/telefoneicone.png 200w, https:\/\/cajamar.sp.gov.br\/seguranca\/wp-content\/uploads\/sites\/23\/2025\/01\/telefoneicone-100x100.png 100w\" sizes=\"(max-width: 200px) 100vw, 200px\" \/><\/figure><div class=\"wp-block-media-text__content\">\n<p><strong>TELEFONE:<\/strong> <\/p>\n\n\n\n<ul class=\"wp-block-list\">\n<li><a href=\"tel:1144460015\">(11) 4446-0015<\/a> (direto) <\/li>\n\n\n\n<li><a href=\"tel:1144460000\">(11) 4446-0000<\/a> (ramal 7560)<\/li>\n<\/ul>\n<\/div><\/div>\n\n\n\n<p><\/p>\n\n\n\n<hr class=\"wp-block-separator has-alpha-channel-opacity\" \/>\n\n\n\n<p><\/p>\n\n\n\n<div class=\"wp-block-media-text is-vertically-aligned-top\" style=\"grid-template-columns:15% auto\"><figure class=\"wp-block-media-text__media\"><img decoding=\"async\" width=\"200\" height=\"200\" src=\"https:\/\/cajamar.sp.gov.br\/seguranca\/wp-content\/uploads\/sites\/23\/2025\/01\/gpsicone.png\" alt=\"\" class=\"wp-image-265 size-full\" srcset=\"https:\/\/cajamar.sp.gov.br\/seguranca\/wp-content\/uploads\/sites\/23\/2025\/01\/gpsicone.png 200w, https:\/\/cajamar.sp.gov.br\/seguranca\/wp-content\/uploads\/sites\/23\/2025\/01\/gpsicone-100x100.png 100w\" sizes=\"(max-width: 200px) 100vw, 200px\" \/><\/figure><div class=\"wp-block-media-text__content\">\n<p><strong>PESSOALMENTE:<\/strong> <\/p>\n\n\n\n<ul class=\"wp-block-list\">\n<li><a href=\"https:\/\/maps.app.goo.gl\/EAKa2BsVhMnbqSDx6\" target=\"_blank\" rel=\"noreferrer noopener\">Rua Vereador Jo\u00e3o Cardoso, 28 &#8211; Polvilho<\/a> &#8211; Cajamar (SP)<\/li>\n<\/ul>\n<\/div><\/div>\n\n\n\n<p><\/p>\n\n\n\n<hr class=\"wp-block-separator has-alpha-channel-opacity\" \/>\n\n\n\n<p><\/p>\n\n\n\n<div class=\"wp-block-media-text is-vertically-aligned-top\" style=\"grid-template-columns:15% auto\"><figure class=\"wp-block-media-text__media\"><img loading=\"lazy\" decoding=\"async\" width=\"200\" height=\"200\" src=\"https:\/\/cajamar.sp.gov.br\/seguranca\/wp-content\/uploads\/sites\/23\/2025\/01\/emailicone.png\" alt=\"\" class=\"wp-image-262 size-full\" srcset=\"https:\/\/cajamar.sp.gov.br\/seguranca\/wp-content\/uploads\/sites\/23\/2025\/01\/emailicone.png 200w, https:\/\/cajamar.sp.gov.br\/seguranca\/wp-content\/uploads\/sites\/23\/2025\/01\/emailicone-100x100.png 100w\" sizes=\"(max-width: 200px) 100vw, 200px\" \/><\/figure><div class=\"wp-block-media-text__content\">\n<p><strong>E-MAIL:<\/strong> <\/p>\n\n\n\n<ul class=\"wp-block-list\">\n<li>Preencha o <a href=\"#form\">formul\u00e1rio de contato<\/a> abaixo:<\/li>\n<\/ul>\n<\/div><\/div>\n\n\n\n<p><\/p>\n\n\n\n<a name=\"form\"><\/a>\n\n\n\n<hr class=\"wp-block-separator has-alpha-channel-opacity\" \/>\n\n\n\n<p><\/p>\n\n\n\n<h3 class=\"wp-block-heading\">FORMUL\u00c1RIO DE CONTATO<\/h3>\n\n\n\n<p>Preencha o formul\u00e1rio abaixo com sua mensagem e clique em <strong>ENVIAR<\/strong>:<\/p>\n\n\n\n<div class=\"wpcf7 no-js\" id=\"wpcf7-f186-o1\" lang=\"pt-BR\" dir=\"ltr\" data-wpcf7-id=\"186\">\n<div class=\"screen-reader-response\"><p role=\"status\" aria-live=\"polite\" aria-atomic=\"true\"><\/p> <ul><\/ul><\/div>\n<form action=\"\/seguranca\/wp-json\/wp\/v2\/pages\/152#wpcf7-f186-o1\" method=\"post\" class=\"wpcf7-form init\" aria-label=\"Formul\u00e1rios de contato\" novalidate=\"novalidate\" data-status=\"init\">\n<fieldset class=\"hidden-fields-container\"><input type=\"hidden\" name=\"_wpcf7\" value=\"186\" \/><input type=\"hidden\" name=\"_wpcf7_version\" value=\"6.1.5\" \/><input type=\"hidden\" name=\"_wpcf7_locale\" value=\"pt_BR\" \/><input type=\"hidden\" name=\"_wpcf7_unit_tag\" value=\"wpcf7-f186-o1\" \/><input type=\"hidden\" name=\"_wpcf7_container_post\" value=\"0\" \/><input type=\"hidden\" name=\"_wpcf7_posted_data_hash\" value=\"\" \/><input type=\"hidden\" name=\"_wpcf7_recaptcha_response\" value=\"\" \/>\n<\/fieldset>\n<p><label> Seu nome:<br \/>\n<span class=\"wpcf7-form-control-wrap\" data-name=\"your-name\"><input size=\"25\" maxlength=\"400\" class=\"wpcf7-form-control wpcf7-text wpcf7-validates-as-required\" autocomplete=\"name\" aria-required=\"true\" aria-invalid=\"false\" value=\"\" type=\"text\" name=\"your-name\" \/><\/span> <\/label>\n<\/p>\n<p><label> Seu e-mail:<br \/>\n<span class=\"wpcf7-form-control-wrap\" data-name=\"your-email\"><input size=\"25\" maxlength=\"400\" class=\"wpcf7-form-control wpcf7-email wpcf7-validates-as-required wpcf7-text wpcf7-validates-as-email\" autocomplete=\"email\" aria-required=\"true\" aria-invalid=\"false\" value=\"\" type=\"email\" name=\"your-email\" \/><\/span> <\/label>\n<\/p>\n<p><label> Assunto:<br \/>\n<span class=\"wpcf7-form-control-wrap\" data-name=\"your-subject\"><input size=\"25\" maxlength=\"400\" class=\"wpcf7-form-control wpcf7-text wpcf7-validates-as-required\" aria-required=\"true\" aria-invalid=\"false\" value=\"\" type=\"text\" name=\"your-subject\" \/><\/span> <\/label>\n<\/p>\n<p><label> Mensagem:<br \/>\n<span class=\"wpcf7-form-control-wrap\" data-name=\"your-message\"><textarea cols=\"29\" rows=\"5\" maxlength=\"2000\" class=\"wpcf7-form-control wpcf7-textarea wpcf7-validates-as-required\" aria-required=\"true\" aria-invalid=\"false\" name=\"your-message\"><\/textarea><\/span> <\/label>\n<\/p>\n<p><input class=\"wpcf7-form-control wpcf7-submit has-spinner\" type=\"submit\" value=\"Enviar\" \/>\n<\/p><div class=\"wpcf7-response-output\" aria-hidden=\"true\"><\/div>\n<\/form>\n<\/div>\n\n\n\n\n<div style=\"height:30px\" aria-hidden=\"true\" class=\"wp-block-spacer\"><\/div>\n\n\n\n<hr class=\"wp-block-separator has-alpha-channel-opacity\" \/>\n\n\n\n<p><\/p>\n\n\n\n<p class=\"has-text-align-center has-black-color has-luminous-vivid-amber-background-color has-text-color has-background has-link-color has-medium-font-size wp-elements-f07eb445269889e45c932058d2cd7294\"><strong>DESACELERE. SEU BEM MAIOR \u00c9 A VIDA.<\/strong><\/p>\n\n\n\n<p><\/p>\n","protected":false},"excerpt":{"rendered":"<p>Canal de comunica\u00e7\u00e3o direto para que cidad\u00e3os possam tirar d\u00favidas, fazer sugest\u00f5es, reclama\u00e7\u00f5es ou solicitar informa\u00e7\u00f5es sobre os servi\u00e7os de tr\u00e2nsito.<\/p>\n","protected":false},"author":39,"featured_media":4650,"parent":61,"menu_order":0,"comment_status":"closed","ping_status":"closed","template":"","meta":{"footnotes":""},"class_list":["post-152","page","type-page","status-publish","has-post-thumbnail","hentry"],"_links":{"self":[{"href":"https:\/\/cajamar.sp.gov.br\/seguranca\/wp-json\/wp\/v2\/pages\/152","targetHints":{"allow":["GET"]}}],"collection":[{"href":"https:\/\/cajamar.sp.gov.br\/seguranca\/wp-json\/wp\/v2\/pages"}],"about":[{"href":"https:\/\/cajamar.sp.gov.br\/seguranca\/wp-json\/wp\/v2\/types\/page"}],"author":[{"embeddable":true,"href":"https:\/\/cajamar.sp.gov.br\/seguranca\/wp-json\/wp\/v2\/users\/39"}],"replies":[{"embeddable":true,"href":"https:\/\/cajamar.sp.gov.br\/seguranca\/wp-json\/wp\/v2\/comments?post=152"}],"version-history":[{"count":48,"href":"https:\/\/cajamar.sp.gov.br\/seguranca\/wp-json\/wp\/v2\/pages\/152\/revisions"}],"predecessor-version":[{"id":4669,"href":"https:\/\/cajamar.sp.gov.br\/seguranca\/wp-json\/wp\/v2\/pages\/152\/revisions\/4669"}],"up":[{"embeddable":true,"href":"https:\/\/cajamar.sp.gov.br\/seguranca\/wp-json\/wp\/v2\/pages\/61"}],"wp:featuredmedia":[{"embeddable":true,"href":"https:\/\/cajamar.sp.gov.br\/seguranca\/wp-json\/wp\/v2\/media\/4650"}],"wp:attachment":[{"href":"https:\/\/cajamar.sp.gov.br\/seguranca\/wp-json\/wp\/v2\/media?parent=152"}],"curies":[{"name":"wp","href":"https:\/\/api.w.org\/{rel}","templated":true}]}}