{"id":155,"date":"2025-01-16T16:33:43","date_gmt":"2025-01-16T19:33:43","guid":{"rendered":"https:\/\/cajamar.sp.gov.br\/seguranca\/?page_id=155"},"modified":"2025-08-15T14:12:58","modified_gmt":"2025-08-15T17:12:58","slug":"indicacao","status":"publish","type":"page","link":"https:\/\/cajamar.sp.gov.br\/seguranca\/transito\/indicacao\/","title":{"rendered":"Indica\u00e7\u00e3o de Condutor"},"content":{"rendered":"\n<div id=\"links-rapidos\" class=\"clearfix borda-cinza border-radius-10\">\n\n\n\t\t\t\t<ul class=\"links-lista\">\n\n\t\t\t\t\t\n\t\t\t\t\t\t<li class=\"link\">\n\t\t\t\t\t\t\t<a class=\"link-link border-radius-5\" href=\"#orienta\">\n\t\t\t\t\t\t\t\t<img decoding=\"async\" src=\"https:\/\/cajamar.sp.gov.br\/seguranca\/wp-content\/uploads\/sites\/23\/2025\/01\/livro-100.png\" class=\"attachment-full size-full wp-post-image\" alt=\"\" loading=\"lazy\">\t\t\t\t\t\t\t\t<div class=\"link-titulo\">TUTORIAL<\/div>\n\t\t\t\t\t\t\t<\/a>\n\t\t\t\t\t\t<\/li>\n\t\t\t\t\t\n\t\t\t\t\t\t<li class=\"link\">\n\t\t\t\t\t\t\t<a class=\"link-link border-radius-5\" href=\"#app\">\n\t\t\t\t\t\t\t\t<img decoding=\"async\" src=\"https:\/\/cajamar.sp.gov.br\/seguranca\/wp-content\/uploads\/sites\/23\/2025\/01\/smartphone-100.png\" class=\"attachment-full size-full wp-post-image\" alt=\"\" loading=\"lazy\">\t\t\t\t\t\t\t\t<div class=\"link-titulo\">APLICATIVO E SITE PARA INDICA\u00c7\u00c3O<\/div>\n\t\t\t\t\t\t\t<\/a>\n\t\t\t\t\t\t<\/li>\n\t\t\t\t\t\t\n\t\t\t\t\t\t\n\t\t\t\t\t\t\n<li class=\"link\">\n\t\t\t\t\t\t\t<a class=\"link-link border-radius-5\" href=\"https:\/\/sistemas.cobrasin.com.br\/multas-municipe\/home.action;jsessionid=1D0B244DD08DB1E910A3458199EA7E1B?municipio=3\" target=\"blank\">\n\t\t\t\t\t\t\t\t<img decoding=\"async\" src=\"https:\/\/cajamar.sp.gov.br\/seguranca\/wp-content\/uploads\/sites\/23\/2025\/02\/base-icone-menu_20250204_215119_0000.png\" class=\"attachment-full size-full wp-post-image\" alt=\"\" loading=\"lazy\">\t\t\t\t\t\t\t\t<div class=\"link-titulo\">CONSULTAR MULTAS<\/div>\n\t\t\t\t\t\t\t<\/a>\n\t\t\t\t\t\t<\/li>\n\n\n\t\t\t\t\t\t<li class=\"link\">\n\t\t\t\t\t\t\t<a class=\"link-link border-radius-5\" href=\"https:\/\/cajamar.sp.gov.br\/seguranca\/contato\/\">\n\t\t\t\t\t\t\t\t<img decoding=\"async\" src=\"https:\/\/cajamar.sp.gov.br\/seguranca\/wp-content\/uploads\/sites\/23\/2025\/01\/contato-telefonico-100.png\" class=\"attachment-full size-full wp-post-image\" alt=\"\" loading=\"lazy\">\t\t\t\t\t\t\t\t<div class=\"link-titulo\">FALE COM O DEMUTRAN<\/div>\n\t\t\t\t\t\t\t<\/a>\n\t\t\t\t\t\t<\/li>\n\n\t\t\t\t\t<li class=\"link\">\n\t\t\t\t\t\t\t<a class=\"link-link border-radius-5\" href=\"https:\/\/cajamar.sp.gov.br\/seguranca\/transito\/#serv\">\n\t\t\t\t\t\t\t\t<img decoding=\"async\" src=\"https:\/\/cajamar.sp.gov.br\/seguranca\/wp-content\/uploads\/sites\/23\/2025\/01\/multas100.png\" class=\"attachment-full size-full wp-post-image\" alt=\"\" loading=\"lazy\">\t\t\t\t\t\t\t\t<div class=\"link-titulo\">DEMAIS SERVI\u00c7OS<\/div>\n\t\t\t\t\t\t\t<\/a>\n\t\t\t\t\t\t<\/li>\n\n\t\t\t\n\t\t\t\t<\/ul>\n\n\n\n\t\t\t<\/div>\n\n\n\n<div class=\"wp-block-media-text is-stacked-on-mobile is-vertically-aligned-top\"><figure class=\"wp-block-media-text__media\"><img fetchpriority=\"high\" decoding=\"async\" width=\"960\" height=\"960\" src=\"https:\/\/cajamar.sp.gov.br\/seguranca\/wp-content\/uploads\/sites\/23\/2025\/08\/indicacao-de-condutor-cajamar-960x960.png\" alt=\"\" class=\"wp-image-4641 size-full\" srcset=\"https:\/\/cajamar.sp.gov.br\/seguranca\/wp-content\/uploads\/sites\/23\/2025\/08\/indicacao-de-condutor-cajamar-960x960.png 960w, https:\/\/cajamar.sp.gov.br\/seguranca\/wp-content\/uploads\/sites\/23\/2025\/08\/indicacao-de-condutor-cajamar-100x100.png 100w, https:\/\/cajamar.sp.gov.br\/seguranca\/wp-content\/uploads\/sites\/23\/2025\/08\/indicacao-de-condutor-cajamar-768x768.png 768w, https:\/\/cajamar.sp.gov.br\/seguranca\/wp-content\/uploads\/sites\/23\/2025\/08\/indicacao-de-condutor-cajamar.png 1024w\" sizes=\"(max-width: 960px) 100vw, 960px\" \/><\/figure><div class=\"wp-block-media-text__content\">\n<h3 class=\"wp-block-heading\">O que \u00e9?<\/h3>\n\n\n\n<p>Servi\u00e7o para transferir a responsabilidade de uma infra\u00e7\u00e3o de tr\u00e2nsito ao condutor que estava dirigindo o ve\u00edculo no momento da ocorr\u00eancia, caso n\u00e3o seja o propriet\u00e1rio.<\/p>\n\n\n\n<h3 class=\"wp-block-heading\">Como solicitar?<\/h3>\n\n\n\n<p>Preencha o formul\u00e1rio de indica\u00e7\u00e3o dispon\u00edvel tanto no <a href=\"https:\/\/www.gov.br\/pt-br\/apps\/carteira-digital-de-transito-1\" target=\"_blank\" rel=\"noreferrer noopener\">Aplicativo da Carteira Digital de Tr\u00e2nsito (CDT)<\/a>, quanto no <a href=\"https:\/\/portalservicos.senatran.serpro.gov.br\/#\/home\" target=\"_blank\" rel=\"noreferrer noopener\">Portal Senatran (Secretaria Nacional de Tr\u00e2nsito)<\/a>, seguindo as <a href=\"#orienta\">orienta\u00e7\u00f5es<\/a>, anexando os documentos solicitados e enviando dentro do prazo estipulado na notifica\u00e7\u00e3o de infra\u00e7\u00e3o.<\/p>\n<\/div><\/div>\n\n\n\n<p><\/p>\n\n\n\n<a name=\"orienta\"><\/a>\n\n\n\n<hr class=\"wp-block-separator has-alpha-channel-opacity\" \/>\n\n\n\n<h3 class=\"wp-block-heading\">TUTORIAL<\/h3>\n\n\n\n<h4 class=\"wp-block-heading\">Propriet\u00e1rio do ve\u00edculo:<\/h4>\n\n\n\n<div style=\"height:30px\" aria-hidden=\"true\" class=\"wp-block-spacer\"><\/div>\n\n\n\n<figure class=\"wp-block-image size-full\"><img decoding=\"async\" width=\"500\" height=\"200\" src=\"https:\/\/cajamar.sp.gov.br\/seguranca\/wp-content\/uploads\/sites\/23\/2025\/01\/indicacao-passo-1.png\" alt=\"\" class=\"wp-image-158\" \/><\/figure>\n\n\n\n<figure class=\"wp-block-image size-full\"><img decoding=\"async\" width=\"500\" height=\"200\" src=\"https:\/\/cajamar.sp.gov.br\/seguranca\/wp-content\/uploads\/sites\/23\/2025\/01\/indicacao-passo-2.png\" alt=\"\" class=\"wp-image-159\" \/><\/figure>\n\n\n\n<figure class=\"wp-block-image size-full\"><img loading=\"lazy\" decoding=\"async\" width=\"500\" height=\"200\" src=\"https:\/\/cajamar.sp.gov.br\/seguranca\/wp-content\/uploads\/sites\/23\/2025\/01\/indicacao-passo-3.png\" alt=\"\" class=\"wp-image-160\" \/><\/figure>\n\n\n\n<p><\/p>\n\n\n\n<hr class=\"wp-block-separator has-alpha-channel-opacity\" \/>\n\n\n\n<h4 class=\"wp-block-heading\">Condutor que cometeu a infra\u00e7\u00e3o:<\/h4>\n\n\n\n<div style=\"height:30px\" aria-hidden=\"true\" class=\"wp-block-spacer\"><\/div>\n\n\n\n<figure class=\"wp-block-image size-full\"><img loading=\"lazy\" decoding=\"async\" width=\"500\" height=\"200\" src=\"https:\/\/cajamar.sp.gov.br\/seguranca\/wp-content\/uploads\/sites\/23\/2025\/01\/indicacao-passo-4.png\" alt=\"\" class=\"wp-image-161\" \/><\/figure>\n\n\n\n<figure class=\"wp-block-image size-full\"><img loading=\"lazy\" decoding=\"async\" width=\"500\" height=\"200\" src=\"https:\/\/cajamar.sp.gov.br\/seguranca\/wp-content\/uploads\/sites\/23\/2025\/01\/indicacao-passo-5.png\" alt=\"\" class=\"wp-image-162\" \/><\/figure>\n\n\n\n<figure class=\"wp-block-image size-full\"><img loading=\"lazy\" decoding=\"async\" width=\"500\" height=\"200\" src=\"https:\/\/cajamar.sp.gov.br\/seguranca\/wp-content\/uploads\/sites\/23\/2025\/01\/indicacao-passo-6.png\" alt=\"\" class=\"wp-image-163\" \/><\/figure>\n\n\n\n<figure class=\"wp-block-image size-full\"><img loading=\"lazy\" decoding=\"async\" width=\"500\" height=\"200\" src=\"https:\/\/cajamar.sp.gov.br\/seguranca\/wp-content\/uploads\/sites\/23\/2025\/01\/indicacao-passo-7.png\" alt=\"\" class=\"wp-image-156\" \/><\/figure>\n\n\n\n<p><\/p>\n\n\n\n<hr class=\"wp-block-separator has-alpha-channel-opacity\" \/>\n\n\n\n<h3 class=\"wp-block-heading\">Tutorial do Detran-SP<\/h3>\n\n\n\n<figure class=\"wp-block-embed is-type-video is-provider-youtube wp-block-embed-youtube wp-embed-aspect-16-9 wp-has-aspect-ratio\"><div class=\"wp-block-embed__wrapper\">\n<iframe title=\"Como realizar a indica\u00e7\u00e3o do Real Condutor Infrator pelo app da Carteira Digital de Tr\u00e2nsito\" width=\"500\" height=\"281\" src=\"https:\/\/www.youtube.com\/embed\/u2g-v2eN7ek?feature=oembed\" frameborder=\"0\" allow=\"accelerometer; autoplay; clipboard-write; encrypted-media; gyroscope; picture-in-picture; web-share\" referrerpolicy=\"strict-origin-when-cross-origin\" allowfullscreen><\/iframe>\n<\/div><\/figure>\n\n\n\n<p><\/p>\n\n\n\n<a name=\"app\"><\/a>\n\n\n\n<hr class=\"wp-block-separator has-alpha-channel-opacity\" \/>\n\n\n\n<p><\/p>\n\n\n\n<h3 class=\"wp-block-heading\">APLICATIVO E SITE<\/h3>\n\n\n\n<p><\/p>\n\n\n\n<div class=\"wp-block-media-text is-vertically-aligned-top\" style=\"grid-template-columns:15% auto\"><figure class=\"wp-block-media-text__media\"><img loading=\"lazy\" decoding=\"async\" width=\"200\" height=\"291\" src=\"https:\/\/cajamar.sp.gov.br\/seguranca\/wp-content\/uploads\/sites\/23\/2025\/01\/mobile-screen-button-solid.png\" alt=\"\" class=\"wp-image-570 size-full\" \/><\/figure><div class=\"wp-block-media-text__content\">\n<p><strong>Aplicativo Carteira Digital de Tr\u00e2nsito &#8211; CDT:<\/strong><\/p>\n\n\n\n<div class=\"wp-block-buttons is-vertical is-content-justification-left is-layout-flex wp-container-core-buttons-is-layout-aacc3761 wp-block-buttons-is-layout-flex\">\n<div class=\"wp-block-button is-style-fill\"><a class=\"wp-block-button__link has-black-color has-luminous-vivid-amber-background-color has-text-color has-background has-link-color has-custom-font-size wp-element-button\" href=\"https:\/\/www.gov.br\/pt-br\/apps\/carteira-digital-de-transito-1\" style=\"border-radius:5px;font-size:16px;font-style:normal;font-weight:700\" target=\"_blank\" rel=\"noreferrer noopener\">APLICATIVO<\/a><\/div>\n<\/div>\n<\/div><\/div>\n\n\n\n<p><\/p>\n\n\n\n<hr class=\"wp-block-separator has-alpha-channel-opacity\" \/>\n\n\n\n<p><\/p>\n\n\n\n<div class=\"wp-block-media-text is-vertically-aligned-top\" style=\"grid-template-columns:15% auto\"><figure class=\"wp-block-media-text__media\"><img loading=\"lazy\" decoding=\"async\" width=\"200\" height=\"200\" src=\"https:\/\/cajamar.sp.gov.br\/seguranca\/wp-content\/uploads\/sites\/23\/2025\/01\/globe-solid.png\" alt=\"\" class=\"wp-image-571 size-full\" srcset=\"https:\/\/cajamar.sp.gov.br\/seguranca\/wp-content\/uploads\/sites\/23\/2025\/01\/globe-solid.png 200w, https:\/\/cajamar.sp.gov.br\/seguranca\/wp-content\/uploads\/sites\/23\/2025\/01\/globe-solid-100x100.png 100w\" sizes=\"(max-width: 200px) 100vw, 200px\" \/><\/figure><div class=\"wp-block-media-text__content\">\n<p><strong>Portal de Servi\u00e7os SENATRAN:<\/strong><\/p>\n\n\n\n<div class=\"wp-block-buttons is-vertical is-content-justification-left is-layout-flex wp-container-core-buttons-is-layout-aacc3761 wp-block-buttons-is-layout-flex\">\n<div class=\"wp-block-button is-style-fill\"><a class=\"wp-block-button__link has-black-color has-luminous-vivid-amber-background-color has-text-color has-background has-link-color has-custom-font-size wp-element-button\" href=\"https:\/\/portalservicos.senatran.serpro.gov.br\/#\/home\" style=\"border-radius:5px;font-size:16px;font-style:normal;font-weight:700\" target=\"_blank\" rel=\"noreferrer noopener\">SITE<\/a><\/div>\n<\/div>\n<\/div><\/div>\n\n\n\n<p><\/p>\n\n\n\n<hr class=\"wp-block-separator has-alpha-channel-opacity\" \/>\n\n\n\n<p><\/p>\n\n\n\n<p class=\"has-text-align-center has-black-color has-luminous-vivid-amber-background-color has-text-color has-background has-link-color has-medium-font-size wp-elements-9d8d33ff355e038d94fb2064354a4073\"><strong><strong>DESACELERE. SEU BEM MAIOR \u00c9 A VIDA.<\/strong><\/strong><\/p>\n\n\n\n<p><\/p>\n","protected":false},"excerpt":{"rendered":"<p>Servi\u00e7o para transferir a responsabilidade de uma infra\u00e7\u00e3o de tr\u00e2nsito ao condutor que estava dirigindo o ve\u00edculo no momento da ocorr\u00eancia, caso n\u00e3o seja o propriet\u00e1rio.<\/p>\n","protected":false},"author":39,"featured_media":4652,"parent":61,"menu_order":0,"comment_status":"closed","ping_status":"closed","template":"","meta":{"footnotes":""},"class_list":["post-155","page","type-page","status-publish","has-post-thumbnail","hentry"],"_links":{"self":[{"href":"https:\/\/cajamar.sp.gov.br\/seguranca\/wp-json\/wp\/v2\/pages\/155","targetHints":{"allow":["GET"]}}],"collection":[{"href":"https:\/\/cajamar.sp.gov.br\/seguranca\/wp-json\/wp\/v2\/pages"}],"about":[{"href":"https:\/\/cajamar.sp.gov.br\/seguranca\/wp-json\/wp\/v2\/types\/page"}],"author":[{"embeddable":true,"href":"https:\/\/cajamar.sp.gov.br\/seguranca\/wp-json\/wp\/v2\/users\/39"}],"replies":[{"embeddable":true,"href":"https:\/\/cajamar.sp.gov.br\/seguranca\/wp-json\/wp\/v2\/comments?post=155"}],"version-history":[{"count":24,"href":"https:\/\/cajamar.sp.gov.br\/seguranca\/wp-json\/wp\/v2\/pages\/155\/revisions"}],"predecessor-version":[{"id":4658,"href":"https:\/\/cajamar.sp.gov.br\/seguranca\/wp-json\/wp\/v2\/pages\/155\/revisions\/4658"}],"up":[{"embeddable":true,"href":"https:\/\/cajamar.sp.gov.br\/seguranca\/wp-json\/wp\/v2\/pages\/61"}],"wp:featuredmedia":[{"embeddable":true,"href":"https:\/\/cajamar.sp.gov.br\/seguranca\/wp-json\/wp\/v2\/media\/4652"}],"wp:attachment":[{"href":"https:\/\/cajamar.sp.gov.br\/seguranca\/wp-json\/wp\/v2\/media?parent=155"}],"curies":[{"name":"wp","href":"https:\/\/api.w.org\/{rel}","templated":true}]}}