{"id":165,"date":"2025-01-16T16:36:11","date_gmt":"2025-01-16T19:36:11","guid":{"rendered":"https:\/\/cajamar.sp.gov.br\/seguranca\/?page_id=165"},"modified":"2025-08-26T17:18:16","modified_gmt":"2025-08-26T20:18:16","slug":"multas","status":"publish","type":"page","link":"https:\/\/cajamar.sp.gov.br\/seguranca\/transito\/multas\/","title":{"rendered":"Multas de Tr\u00e2nsito e Recursos"},"content":{"rendered":"\n<div id=\"links-rapidos\" class=\"clearfix borda-cinza border-radius-10\">\n\n\n\t\t\t\t<ul class=\"links-lista\">\n\n\t\t\t\t\t\n\t\t\t\t\t\t<li class=\"link\">\n\t\t\t\t\t\t\t<a class=\"link-link border-radius-5\" href=\"https:\/\/sistemas.cobrasin.com.br\/multas-municipe\/home.action;jsessionid=1D0B244DD08DB1E910A3458199EA7E1B?municipio=3\" target=\"blank\">\n\t\t\t\t\t\t\t\t<img decoding=\"async\" src=\"https:\/\/cajamar.sp.gov.br\/seguranca\/wp-content\/uploads\/sites\/23\/2025\/02\/base-icone-menu_20250204_215119_0000.png\" class=\"attachment-full size-full wp-post-image\" alt=\"\" loading=\"lazy\">\t\t\t\t\t\t\t\t<div class=\"link-titulo\">CONSULTAR MULTAS<\/div>\n\t\t\t\t\t\t\t<\/a>\n\t\t\t\t\t\t<\/li>\n\t\t\t\t\t\n\t\t\t\t\t\t<li class=\"link\">\n\t\t\t\t\t\t\t<a class=\"link-link border-radius-5\" href=\"#recurso\">\n\t\t\t\t\t\t\t\t<img decoding=\"async\" src=\"https:\/\/cajamar.sp.gov.br\/seguranca\/wp-content\/uploads\/sites\/23\/2025\/01\/icone-orgao-100.png\" class=\"attachment-full size-full wp-post-image\" alt=\"\" loading=\"lazy\">\t\t\t\t\t\t\t\t<div class=\"link-titulo\">RECURSOS DE MULTAS<\/div>\n\t\t\t\t\t\t\t<\/a>\n\t\t\t\t\t\t<\/li>\n\n\n\n<li class=\"link\">\n\t\t\t\t\t\t\t<a class=\"link-link border-radius-5\" href=\"https:\/\/cajamar.sp.gov.br\/seguranca\/transito\/radares\/\" rel=\"noopener\">\n\t\t\t\t\t\t\t\t<img decoding=\"async\" src=\"https:\/\/cajamar.sp.gov.br\/seguranca\/wp-content\/uploads\/sites\/23\/2025\/07\/radar-100.png\" class=\"attachment-full size-full wp-post-image\" alt=\"\" loading=\"lazy\">\t\t\t\t\t\t\t\t\t<div class=\"link-titulo\">FISCALIZA\u00c7\u00c3O ELETR\u00d4NICA (RADARES)<\/div>\n\t\t\t\t\t\t\t<\/a>\n\t\t\t\t\t\t<\/li>\t\t\t\t\t\t\n\t\t\t\t\t\t\n\t\t\t\t\t\t\n\n\n\n\t\t\t\t\t\t<li class=\"link\">\n\t\t\t\t\t\t\t<a class=\"link-link border-radius-5\" href=\"https:\/\/cajamar.sp.gov.br\/seguranca\/contato\/\">\n\t\t\t\t\t\t\t\t<img decoding=\"async\" src=\"https:\/\/cajamar.sp.gov.br\/seguranca\/wp-content\/uploads\/sites\/23\/2025\/01\/contato-telefonico-100.png\" class=\"attachment-full size-full wp-post-image\" alt=\"\" loading=\"lazy\">\t\t\t\t\t\t\t\t<div class=\"link-titulo\">FALE COM O DEMUTRAN<\/div>\n\t\t\t\t\t\t\t<\/a>\n\t\t\t\t\t\t<\/li>\n\n\t\t\t\t\t<li class=\"link\">\n\t\t\t\t\t\t\t<a class=\"link-link border-radius-5\" href=\"https:\/\/cajamar.sp.gov.br\/seguranca\/transito\/#serv\">\n\t\t\t\t\t\t\t\t<img decoding=\"async\" src=\"https:\/\/cajamar.sp.gov.br\/seguranca\/wp-content\/uploads\/sites\/23\/2025\/01\/multas100.png\" class=\"attachment-full size-full wp-post-image\" alt=\"\" loading=\"lazy\">\t\t\t\t\t\t\t\t<div class=\"link-titulo\">DEMAIS SERVI\u00c7OS<\/div>\n\t\t\t\t\t\t\t<\/a>\n\t\t\t\t\t\t<\/li>\n\n\t\t\t\n\t\t\t\t<\/ul>\n\n\n\n\t\t\t<\/div>\n\n\n\n<div class=\"wp-block-media-text is-stacked-on-mobile is-vertically-aligned-top\"><figure class=\"wp-block-media-text__media\"><img fetchpriority=\"high\" decoding=\"async\" width=\"960\" height=\"960\" src=\"https:\/\/cajamar.sp.gov.br\/seguranca\/wp-content\/uploads\/sites\/23\/2025\/08\/multas-de-transito-cajamar-960x960.png\" alt=\"\" class=\"wp-image-4642 size-full\" srcset=\"https:\/\/cajamar.sp.gov.br\/seguranca\/wp-content\/uploads\/sites\/23\/2025\/08\/multas-de-transito-cajamar-960x960.png 960w, https:\/\/cajamar.sp.gov.br\/seguranca\/wp-content\/uploads\/sites\/23\/2025\/08\/multas-de-transito-cajamar-100x100.png 100w, https:\/\/cajamar.sp.gov.br\/seguranca\/wp-content\/uploads\/sites\/23\/2025\/08\/multas-de-transito-cajamar-768x768.png 768w, https:\/\/cajamar.sp.gov.br\/seguranca\/wp-content\/uploads\/sites\/23\/2025\/08\/multas-de-transito-cajamar.png 1080w\" sizes=\"(max-width: 960px) 100vw, 960px\" \/><\/figure><div class=\"wp-block-media-text__content\">\n<h3 class=\"wp-block-heading\">O que \u00e9?<\/h3>\n\n\n\n<p>Servi\u00e7o para consulta e pagamento de multas aplicadas por infra\u00e7\u00f5es de tr\u00e2nsito. Tamb\u00e9m \u00e9 poss\u00edvel acessar informa\u00e7\u00f5es sobre como protocolar recursos para defesa de autua\u00e7\u00f5es.<\/p>\n\n\n\n<h3 class=\"wp-block-heading\">Como utilizar?<\/h3>\n\n\n\n<p><a href=\"https:\/\/sistemas.cobrasin.com.br\/multas-municipe\/home.action;jsessionid=1D0B244DD08DB1E910A3458199EA7E1B?municipio=3\" data-type=\"page\" data-id=\"4074\" target=\"_blank\" rel=\"noreferrer noopener\"><strong>Clique aqui<\/strong><\/a> para acessar o sistema de consultas de multas da Prefeitura, informando placa e Renavam. Para <a href=\"#recurso\"><strong>recursos<\/strong><\/a>, siga as instru\u00e7\u00f5es nesta p\u00e1gina.<\/p>\n\n\n\n<h3 class=\"wp-block-heading\">Evite multas<\/h3>\n\n\n\n<p>Respeite a legisla\u00e7\u00e3o de tr\u00e2nsito!<\/p>\n<\/div><\/div>\n\n\n\n<p><\/p>\n\n\n\n<a name=\"consulta\"><\/a>\n\n\n\n<hr class=\"wp-block-separator has-alpha-channel-opacity\" \/>\n\n\n\n<p><\/p>\n\n\n\n<h3 class=\"wp-block-heading\">CONSULTAR MULTAS<\/h3>\n\n\n\n<p>Atrav\u00e9s do sistema de consultas de multas da Prefeitura:<\/p>\n\n\n\n<div class=\"wp-block-buttons is-layout-flex wp-block-buttons-is-layout-flex\">\n<div class=\"wp-block-button is-style-fill\"><a class=\"wp-block-button__link has-white-color has-text-color has-background has-link-color has-custom-font-size wp-element-button\" href=\"https:\/\/sistemas.cobrasin.com.br\/multas-municipe\/home.action;jsessionid=1D0B244DD08DB1E910A3458199EA7E1B?municipio=3\" style=\"border-radius:5px;background-color:#4cc399;font-size:16px;font-style:normal;font-weight:700\" target=\"_blank\" rel=\"noreferrer noopener\">CONSULTAR MULTAS<\/a><\/div>\n<\/div>\n\n\n\n<p><\/p>\n\n\n\n<p>Consulte se seu ve\u00edculo foi autuado no munic\u00edpio, informando Renavam e n\u00famero da placa.<\/p>\n\n\n\n<p>Para consultar pontua\u00e7\u00e3o no prontu\u00e1rio e outras informa\u00e7\u00f5es do ve\u00edculo e do condutor, acesse o portal do <a href=\"https:\/\/www.detran.sp.gov.br\/\" target=\"_blank\" rel=\"noreferrer noopener\"><strong>Detran<\/strong><\/a> do seu Estado.<\/p>\n\n\n\n<p><\/p>\n\n\n\n<a name=\"recurso\"><\/a>\n\n\n\n<hr class=\"wp-block-separator has-alpha-channel-opacity\" \/>\n\n\n\n<h3 class=\"wp-block-heading\">RECURSOS DE MULTAS<\/h3>\n\n\n\n<p><\/p>\n\n\n\n<p><strong>Documenta\u00e7\u00e3o para Defesa de Autua\u00e7\u00e3o (JARI<\/strong>)<\/p>\n\n\n\n<ul class=\"wp-block-list\">\n<li>Formul\u00e1rio de requerimento de defesa (<a href=\"https:\/\/cajamar.sp.gov.br\/seguranca\/requerimento-de-recurso-v-01-2025\/\" target=\"_blank\" rel=\"noreferrer noopener\"><strong>BAIXE AQUI<\/strong><\/a>);<\/li>\n\n\n\n<li>C\u00f3pia da CNH do condutor;<\/li>\n\n\n\n<li>C\u00f3pia da Notifica\u00e7\u00e3o ou do boleto;<\/li>\n\n\n\n<li>Caso pessoa jur\u00eddica, c\u00f3pia do contrato social.<\/li>\n<\/ul>\n\n\n\n<p><strong>Consultar recursos protocolados:<\/strong><\/p>\n\n\n\n<p>Atrav\u00e9s do sistema de consultas de multas da Prefeitura:<\/p>\n\n\n\n<div class=\"wp-block-buttons is-layout-flex wp-block-buttons-is-layout-flex\">\n<div class=\"wp-block-button is-style-fill\"><a class=\"wp-block-button__link has-white-color has-text-color has-background has-link-color has-custom-font-size wp-element-button\" href=\"https:\/\/sistemas.cobrasin.com.br\/multas-municipe\/pesquisaRecursoMunicipe\/home.action?municipio=3\" style=\"border-radius:5px;background-color:#4cc399;font-size:16px;font-style:normal;font-weight:700\" target=\"_blank\" rel=\"noreferrer noopener\">CONSULTAR RECURSOS<\/a><\/div>\n<\/div>\n\n\n\n<p><\/p>\n\n\n\n<p><strong>Documenta\u00e7\u00e3o para Advert\u00eancia por Escrito<\/strong> <\/p>\n\n\n\n<ul class=\"wp-block-list\">\n<li>Formul\u00e1rio de advert\u00eancia (<a href=\"https:\/\/cajamar.sp.gov.br\/seguranca\/requerimento-de-advertencia-por-escrito-v-01-2025\/\" target=\"_blank\" rel=\"noreferrer noopener\"><strong>BAIXE AQUI<\/strong><\/a>);<\/li>\n\n\n\n<li>C\u00f3pia da CNH do condutor;<\/li>\n\n\n\n<li>C\u00f3pia da Notifica\u00e7\u00e3o ou do boleto;<\/li>\n\n\n\n<li>C\u00f3pia do CRLV do ve\u00edculo;<\/li>\n\n\n\n<li>Certid\u00e3o de pontos dos \u00faltimos 12 meses com c\u00f3digo de verifica\u00e7\u00e3o de autenticidade (acesse o site do <a href=\"https:\/\/www.detran.sp.gov.br\/\" target=\"_blank\" rel=\"noreferrer noopener\">Detran<\/a> do seu Estado).<\/li>\n<\/ul>\n\n\n\n<p><\/p>\n\n\n\n<a name=\"atencao\"><\/a>\n\n\n\n<hr class=\"wp-block-separator has-alpha-channel-opacity\" \/>\n\n\n\n<h3 class=\"wp-block-heading\">ATEN\u00c7\u00c3O<\/h3>\n\n\n\n<p>Os meios oficiais para protocolar qualquer documento relacionado a multas, recursos e advert\u00eancias s\u00e3o:<\/p>\n\n\n\n<ul class=\"wp-block-list\">\n<li><a href=\"https:\/\/sistemas.cobrasin.com.br\/multas-municipe\/home.action;jsessionid=1D0B244DD08DB1E910A3458199EA7E1B?municipio=3\" target=\"_blank\" rel=\"noreferrer noopener\"><strong>Pelo site de multas da Prefeitura (clique aqui)<\/strong><\/a>.<\/li>\n\n\n\n<li><strong>Via Correios<\/strong>, remetido para Prefeitura do Munic\u00edpio de Cajamar &#8211; R. Ver. Jo\u00e3o Cardoso, 28 &#8211; Polvilho &#8211; CEP 07793-240 &#8211; Cajamar &#8211; SP.<\/li>\n\n\n\n<li><strong>Presencialmente <\/strong>na sede do Demutran no mesmo endere\u00e7o supra (de segunda a sexta-feira, das 8h \u00e0s 17h).<\/li>\n<\/ul>\n\n\n\n<p><\/p>\n\n\n\n<hr class=\"wp-block-separator has-alpha-channel-opacity\" \/>\n\n\n\n<p><\/p>\n\n\n\n<p class=\"has-text-align-center has-black-color has-luminous-vivid-amber-background-color has-text-color has-background has-link-color has-medium-font-size wp-elements-9d8d33ff355e038d94fb2064354a4073\"><strong><strong>DESACELERE. SEU BEM MAIOR \u00c9 A VIDA.<\/strong><\/strong><\/p>\n","protected":false},"excerpt":{"rendered":"<p>Servi\u00e7o para consulta e pagamento de multas aplicadas por infra\u00e7\u00f5es de tr\u00e2nsito. Tamb\u00e9m \u00e9 poss\u00edvel acessar informa\u00e7\u00f5es sobre como protocolar recursos para defesa de autua\u00e7\u00f5es.<\/p>\n","protected":false},"author":39,"featured_media":4653,"parent":61,"menu_order":0,"comment_status":"closed","ping_status":"closed","template":"","meta":{"footnotes":""},"class_list":["post-165","page","type-page","status-publish","has-post-thumbnail","hentry"],"_links":{"self":[{"href":"https:\/\/cajamar.sp.gov.br\/seguranca\/wp-json\/wp\/v2\/pages\/165","targetHints":{"allow":["GET"]}}],"collection":[{"href":"https:\/\/cajamar.sp.gov.br\/seguranca\/wp-json\/wp\/v2\/pages"}],"about":[{"href":"https:\/\/cajamar.sp.gov.br\/seguranca\/wp-json\/wp\/v2\/types\/page"}],"author":[{"embeddable":true,"href":"https:\/\/cajamar.sp.gov.br\/seguranca\/wp-json\/wp\/v2\/users\/39"}],"replies":[{"embeddable":true,"href":"https:\/\/cajamar.sp.gov.br\/seguranca\/wp-json\/wp\/v2\/comments?post=165"}],"version-history":[{"count":39,"href":"https:\/\/cajamar.sp.gov.br\/seguranca\/wp-json\/wp\/v2\/pages\/165\/revisions"}],"predecessor-version":[{"id":5346,"href":"https:\/\/cajamar.sp.gov.br\/seguranca\/wp-json\/wp\/v2\/pages\/165\/revisions\/5346"}],"up":[{"embeddable":true,"href":"https:\/\/cajamar.sp.gov.br\/seguranca\/wp-json\/wp\/v2\/pages\/61"}],"wp:featuredmedia":[{"embeddable":true,"href":"https:\/\/cajamar.sp.gov.br\/seguranca\/wp-json\/wp\/v2\/media\/4653"}],"wp:attachment":[{"href":"https:\/\/cajamar.sp.gov.br\/seguranca\/wp-json\/wp\/v2\/media?parent=165"}],"curies":[{"name":"wp","href":"https:\/\/api.w.org\/{rel}","templated":true}]}}