{"id":168,"date":"2025-01-16T16:39:14","date_gmt":"2025-01-16T19:39:14","guid":{"rendered":"https:\/\/cajamar.sp.gov.br\/seguranca\/?page_id=168"},"modified":"2025-07-25T13:25:49","modified_gmt":"2025-07-25T16:25:49","slug":"pesquisa","status":"publish","type":"page","link":"https:\/\/cajamar.sp.gov.br\/seguranca\/transito\/pesquisa\/","title":{"rendered":"Pesquisas de Opini\u00e3o sobre Altera\u00e7\u00e3o Vi\u00e1ria"},"content":{"rendered":"\n<p>A sua opini\u00e3o \u00e9 importante para n\u00f3s!<\/p>\n\n\n\n<figure class=\"wp-block-image size-full\"><img fetchpriority=\"high\" decoding=\"async\" width=\"1280\" height=\"854\" src=\"https:\/\/cajamar.sp.gov.br\/seguranca\/wp-content\/uploads\/sites\/23\/2025\/01\/business-hand-with-mobile-phone-1280x854-1.jpg\" alt=\"\" class=\"wp-image-170\" srcset=\"https:\/\/cajamar.sp.gov.br\/seguranca\/wp-content\/uploads\/sites\/23\/2025\/01\/business-hand-with-mobile-phone-1280x854-1.jpg 1280w, https:\/\/cajamar.sp.gov.br\/seguranca\/wp-content\/uploads\/sites\/23\/2025\/01\/business-hand-with-mobile-phone-1280x854-1-768x512.jpg 768w\" sizes=\"(max-width: 1280px) 100vw, 1280px\" \/><\/figure>\n\n\n\n<p><\/p>\n\n\n\n<hr class=\"wp-block-separator has-alpha-channel-opacity\" \/>\n\n\n\n<p><\/p>\n\n\n\n<h2 class=\"wp-block-heading has-text-align-center has-white-color has-black-background-color has-text-color has-background has-link-color wp-elements-03278327e51d9c0a9756a66fa9f319ca\">Nenhuma pesquisa ativa<\/h2>\n\n\n\n<p><\/p>\n\n\n\n<hr class=\"wp-block-separator has-alpha-channel-opacity\" \/>\n\n\n\n<p><\/p>\n\n\n\n<h3 class=\"wp-block-heading\">RECEBA ALERTAS E INFORMATIVOS NO SEU CELULAR<\/h3>\n\n\n\n<p><\/p>\n\n\n\n<div class=\"wp-block-columns are-vertically-aligned-top is-layout-flex wp-container-core-columns-is-layout-9d6595d7 wp-block-columns-is-layout-flex\">\n<div class=\"wp-block-column is-layout-flow wp-block-column-is-layout-flow\" style=\"flex-basis:31%\"><div class=\"wp-block-image\">\n<figure class=\"aligncenter size-full is-resized\"><a href=\"https:\/\/whatsapp.com\/channel\/0029VaAXepn2Jl8FpLkekg1G\" target=\"_blank\" rel=\" noreferrer noopener\"><img decoding=\"async\" width=\"936\" height=\"1920\" src=\"https:\/\/cajamar.sp.gov.br\/seguranca\/wp-content\/uploads\/sites\/23\/2025\/01\/1000466025.png\" alt=\"\" class=\"wp-image-374\" style=\"width:161px;height:auto\" srcset=\"https:\/\/cajamar.sp.gov.br\/seguranca\/wp-content\/uploads\/sites\/23\/2025\/01\/1000466025.png 936w, https:\/\/cajamar.sp.gov.br\/seguranca\/wp-content\/uploads\/sites\/23\/2025\/01\/1000466025-468x960.png 468w, https:\/\/cajamar.sp.gov.br\/seguranca\/wp-content\/uploads\/sites\/23\/2025\/01\/1000466025-768x1575.png 768w, https:\/\/cajamar.sp.gov.br\/seguranca\/wp-content\/uploads\/sites\/23\/2025\/01\/1000466025-749x1536.png 749w\" sizes=\"(max-width: 936px) 100vw, 936px\" \/><\/a><figcaption class=\"wp-element-caption\">Clique na imagem para acessar<\/figcaption><\/figure>\n<\/div><\/div>\n\n\n\n<div class=\"wp-block-column is-layout-flow wp-block-column-is-layout-flow\" style=\"flex-basis:69%\">\n<p>\ud83d\udc49\ud83d\udcf1 Siga o <strong>CANAL <\/strong>do Demutran no<strong> WHATSAPP<\/strong> para receber alertas e informativos do Demutran no seu celular!<\/p>\n\n\n\n<div class=\"wp-block-buttons is-content-justification-center is-layout-flex wp-container-core-buttons-is-layout-16018d1d wp-block-buttons-is-layout-flex\">\n<div class=\"wp-block-button is-style-fill\"><a class=\"wp-block-button__link has-white-color has-text-color has-background has-link-color has-text-align-center has-custom-font-size wp-element-button\" href=\"https:\/\/whatsapp.com\/channel\/0029VaAXepn2Jl8FpLkekg1G\" style=\"border-radius:5px;background-color:#4cc399;font-size:16px;font-style:normal;font-weight:700\" target=\"_blank\" rel=\"noreferrer noopener\">SIGA O CANAL AQUI<\/a><\/div>\n<\/div>\n\n\n\n<p><\/p>\n\n\n\n<p>\ud83d\udce4\ud83d\udc65 <strong>COMPARTILHE <\/strong>este canal com seus amigos e familiares para que mais pessoas possam seguir.<\/p>\n\n\n\n<p>\ud83d\udce4\ud83d\udcf0 <strong>COMPARTILHE <\/strong>tamb\u00e9m os alertas e informativos nas suas redes sociais, em especial nos Status e Stories que t\u00eam curta dura\u00e7\u00e3o e bom alcance.<\/p>\n\n\n\n<p>Ao se inscrever voc\u00ea manifesta ci\u00eancia e d\u00e1 consentimento \u00e0 nossa <a href=\"https:\/\/cajamar.sp.gov.br\/seguranca\/transito\/politica-de-privacidade\/\" data-type=\"page\" data-id=\"173\">Politica de Privacidade<\/a>.<\/p>\n<\/div>\n<\/div>\n\n\n\n<p><\/p>\n\n\n\n<hr class=\"wp-block-separator has-alpha-channel-opacity\" \/>\n\n\n\n<p><\/p>\n\n\n\n<p class=\"has-text-align-center has-black-color has-luminous-vivid-amber-background-color has-text-color has-background has-link-color has-medium-font-size wp-elements-9d8d33ff355e038d94fb2064354a4073\"><strong><strong>DESACELERE. SEU BEM MAIOR \u00c9 A VIDA.<\/strong><\/strong><\/p>\n\n\n\n<p><\/p>\n","protected":false},"excerpt":{"rendered":"<p>A sua opini\u00e3o \u00e9 importante para n\u00f3s! Nenhuma pesquisa ativa RECEBA ALERTAS E INFORMATIVOS NO SEU CELULAR \ud83d\udc49\ud83d\udcf1 Siga o CANAL do Demutran no WHATSAPP para receber alertas e informativos do Demutran no seu celular! \ud83d\udce4\ud83d\udc65 COMPARTILHE este canal com seus amigos e familiares para que mais pessoas possam seguir. \ud83d\udce4\ud83d\udcf0 COMPARTILHE tamb\u00e9m os alertas [&hellip;]<\/p>\n","protected":false},"author":39,"featured_media":0,"parent":61,"menu_order":0,"comment_status":"closed","ping_status":"closed","template":"","meta":{"footnotes":""},"class_list":["post-168","page","type-page","status-publish","hentry"],"_links":{"self":[{"href":"https:\/\/cajamar.sp.gov.br\/seguranca\/wp-json\/wp\/v2\/pages\/168","targetHints":{"allow":["GET"]}}],"collection":[{"href":"https:\/\/cajamar.sp.gov.br\/seguranca\/wp-json\/wp\/v2\/pages"}],"about":[{"href":"https:\/\/cajamar.sp.gov.br\/seguranca\/wp-json\/wp\/v2\/types\/page"}],"author":[{"embeddable":true,"href":"https:\/\/cajamar.sp.gov.br\/seguranca\/wp-json\/wp\/v2\/users\/39"}],"replies":[{"embeddable":true,"href":"https:\/\/cajamar.sp.gov.br\/seguranca\/wp-json\/wp\/v2\/comments?post=168"}],"version-history":[{"count":13,"href":"https:\/\/cajamar.sp.gov.br\/seguranca\/wp-json\/wp\/v2\/pages\/168\/revisions"}],"predecessor-version":[{"id":4241,"href":"https:\/\/cajamar.sp.gov.br\/seguranca\/wp-json\/wp\/v2\/pages\/168\/revisions\/4241"}],"up":[{"embeddable":true,"href":"https:\/\/cajamar.sp.gov.br\/seguranca\/wp-json\/wp\/v2\/pages\/61"}],"wp:attachment":[{"href":"https:\/\/cajamar.sp.gov.br\/seguranca\/wp-json\/wp\/v2\/media?parent=168"}],"curies":[{"name":"wp","href":"https:\/\/api.w.org\/{rel}","templated":true}]}}