{"id":175,"date":"2025-01-16T16:43:54","date_gmt":"2025-01-16T19:43:54","guid":{"rendered":"https:\/\/cajamar.sp.gov.br\/seguranca\/?page_id=175"},"modified":"2025-11-03T15:10:45","modified_gmt":"2025-11-03T18:10:45","slug":"caminhao","status":"publish","type":"page","link":"https:\/\/cajamar.sp.gov.br\/seguranca\/transito\/caminhao\/","title":{"rendered":"Restri\u00e7\u00e3o de Caminh\u00f5es e Carretas"},"content":{"rendered":"\n<div id=\"links-rapidos\" class=\"clearfix borda-cinza border-radius-10\">\n\n\n\t\t\t\t<ul class=\"links-lista\">\n\n\t\t\t\t\t\n\t\t\t\t\t\t<li class=\"link\">\n\t\t\t\t\t\t\t<a class=\"link-link border-radius-5\" href=\"#mapas\">\n\t\t\t\t\t\t\t\t<img decoding=\"async\" src=\"https:\/\/cajamar.sp.gov.br\/seguranca\/wp-content\/uploads\/sites\/23\/2025\/01\/mapa-100.png\" class=\"attachment-full size-full wp-post-image\" alt=\"\" loading=\"lazy\">\t\t\t\t\t\t\t\t<div class=\"link-titulo\">MAPAS DA RESTRI\u00c7\u00c3O<\/div>\n\t\t\t\t\t\t\t<\/a>\n\t\t\t\t\t\t<\/li>\n\t\t\t\t\t\n\t\t\t\t\t\n\n\t\t\t\t\t\t\n\t\t\t\t\t\t<li class=\"link\">\n\t\t\t\t\t\t\t<a class=\"link-link border-radius-5\" href=\"#diretrizes\">\n\t\t\t\t\t\t\t\t<img decoding=\"async\" src=\"https:\/\/cajamar.sp.gov.br\/seguranca\/wp-content\/uploads\/sites\/23\/2025\/01\/documento-100.png\" class=\"attachment-full size-full wp-post-image\" alt=\"\" loading=\"lazy\">\t\t\t\t\t\t\t\t<div class=\"link-titulo\">DIRETRIZES<\/div>\n\t\t\t\t\t\t\t<\/a>\n\t\t\t\t\t\t<\/li>\n\n\n\n\n\n\n\t\t\t\t\t\n\t\t\t\t\t\t<li class=\"link\">\n\t\t\t\t\t\t\t<a class=\"link-link border-radius-5\" href=\"https:\/\/cajamar.sp.gov.br\/seguranca\/onibus\/\">\n\t\t\t\t\t\t\t\t<img decoding=\"async\" src=\"https:\/\/cajamar.sp.gov.br\/seguranca\/wp-content\/uploads\/sites\/23\/2025\/01\/onibus100.png\" class=\"attachment-full size-full wp-post-image\" alt=\"\" loading=\"lazy\">\t\t\t\t\t\t\t\t<div class=\"link-titulo\">RESTRI\u00c7\u00c3O DE \u00d4NIBUS<\/div>\n\t\t\t\t\t\t\t<\/a>\n\t\t\t\t\t\t<\/li>\n\n\n\n<li class=\"link\">\n\t\t\t\t\t\t\t<a class=\"link-link border-radius-5\" href=\"https:\/\/cajamar.sp.gov.br\/seguranca\/contato\/\">\n\t\t\t\t\t\t\t\t<img decoding=\"async\" src=\"https:\/\/cajamar.sp.gov.br\/seguranca\/wp-content\/uploads\/sites\/23\/2025\/01\/contato-telefonico-100.png\" class=\"attachment-full size-full wp-post-image\" alt=\"\" loading=\"lazy\">\t\t\t\t\t\t\t\t<div class=\"link-titulo\">FALE COM O DEMUTRAN<\/div>\n\t\t\t\t\t\t\t<\/a>\n\t\t\t\t\t\t<\/li>\n\n\t\t\t\t\t<li class=\"link\">\n\t\t\t\t\t\t\t<a class=\"link-link border-radius-5\" href=\"https:\/\/cajamar.sp.gov.br\/seguranca\/transito\/#serv\">\n\t\t\t\t\t\t\t\t<img decoding=\"async\" src=\"https:\/\/cajamar.sp.gov.br\/seguranca\/wp-content\/uploads\/sites\/23\/2025\/01\/multas100.png\" class=\"attachment-full size-full wp-post-image\" alt=\"\" loading=\"lazy\">\t\t\t\t\t\t\t\t<div class=\"link-titulo\">DEMAIS SERVI\u00c7OS<\/div>\n\t\t\t\t\t\t\t<\/a>\n\t\t\t\t\t\t<\/li>\n\t\t\t\n\t\t\t\t<\/ul>\n\n\n\n\t\t\t<\/div>\n\n\n\n<div class=\"wp-block-media-text is-stacked-on-mobile is-vertically-aligned-top\"><figure class=\"wp-block-media-text__media\"><img fetchpriority=\"high\" decoding=\"async\" width=\"960\" height=\"960\" src=\"https:\/\/cajamar.sp.gov.br\/seguranca\/wp-content\/uploads\/sites\/23\/2025\/08\/restricao-de-caminhoes-cajamar-960x960.png\" alt=\"\" class=\"wp-image-4643 size-full\" srcset=\"https:\/\/cajamar.sp.gov.br\/seguranca\/wp-content\/uploads\/sites\/23\/2025\/08\/restricao-de-caminhoes-cajamar-960x960.png 960w, https:\/\/cajamar.sp.gov.br\/seguranca\/wp-content\/uploads\/sites\/23\/2025\/08\/restricao-de-caminhoes-cajamar-100x100.png 100w, https:\/\/cajamar.sp.gov.br\/seguranca\/wp-content\/uploads\/sites\/23\/2025\/08\/restricao-de-caminhoes-cajamar-768x768.png 768w, https:\/\/cajamar.sp.gov.br\/seguranca\/wp-content\/uploads\/sites\/23\/2025\/08\/restricao-de-caminhoes-cajamar.png 1080w\" sizes=\"(max-width: 960px) 100vw, 960px\" \/><\/figure><div class=\"wp-block-media-text__content\">\n<h3 class=\"wp-block-heading\">O que \u00e9?<\/h3>\n\n\n\n<p>Regulamenta\u00e7\u00e3o do tr\u00e1fego de caminh\u00f5es em \u00e1reas e hor\u00e1rios espec\u00edficos para minimizar impactos no tr\u00e2nsito e garantir a seguran\u00e7a vi\u00e1ria.<\/p>\n\n\n\n<h3 class=\"wp-block-heading\">Como consultar<\/h3>\n\n\n\n<p>Consulte as restri\u00e7\u00f5es dispon\u00edveis nesta p\u00e1gina nos bairros <a href=\"#centro\">Centro<\/a>, <a href=\"#guaturinho\">Guaturinho<\/a>, <a href=\"#polvilho\">Polvilho <\/a>e <a href=\"#jordanesia\">Jordan\u00e9sia<\/a>.<\/p>\n\n\n\n<p><\/p>\n\n\n\n<h3 class=\"wp-block-heading\">Evite multas<\/h3>\n\n\n\n<p>Fiscaliza\u00e7\u00e3o eletr\u00f4nica, por c\u00e2meras e presencial.&nbsp; Fique atento aos locais e \u00e0s <a href=\"#diretrizes\">diretrizes<\/a> dispon\u00edveis nesta p\u00e1gina.<\/p>\n<\/div><\/div>\n\n\n\n<a name=\"mapas\"><\/a>\n\n\n\n<hr class=\"wp-block-separator has-alpha-channel-opacity\" \/>\n\n\n\n<h3 class=\"wp-block-heading\">MAPAS DA RESTRI\u00c7\u00c3O DE CIRCULA\u00c7\u00c3O DE CAMINH\u00d5ES<\/h3>\n\n\n\n<p>Acompanhe abaixo os mapas com a restri\u00e7\u00e3o de circula\u00e7\u00e3o de caminh\u00f5es e carretas em Cajamar. Voc\u00ea tamb\u00e9m pode navegar no <strong><a href=\"https:\/\/umap.openstreetmap.fr\/pt-br\/map\/restricao-de-circulacao-de-veiculos-pesados-em-caj_1171115#13\/-23.3693\/-46.8567\" target=\"_blank\" rel=\"noreferrer noopener\">MAPA INTERATIVO<\/a><\/strong>. As vias com circula\u00e7\u00e3o restrita est\u00e3o marcadas de azul.<\/p>\n\n\n\n<p>Restri\u00e7\u00e3o por \u00e1rea:<\/p>\n\n\n\n<ul class=\"wp-block-list\">\n<li><a href=\"#centro\">Centro<\/a><\/li>\n\n\n\n<li><a href=\"#guaturinho\">Guaturinho<\/a><\/li>\n\n\n\n<li><a href=\"#polvilho\" data-type=\"internal\" data-id=\"#polvilho\">Polvilho<\/a><\/li>\n\n\n\n<li><a href=\"#jordanesia\">Jordan\u00e9sia<\/a><\/li>\n<\/ul>\n\n\n\n<p><\/p>\n\n\n\n<a name=\"centro\"><\/a>\n\n\n\n<hr class=\"wp-block-separator has-alpha-channel-opacity\" \/>\n\n\n\n<h4 class=\"wp-block-heading\">CENTRO<\/h4>\n\n\n\n<p class=\"has-small-font-size\">Outras \u00e1reas: <a href=\"#guaturinho\">Guaturinho<\/a> | <a href=\"#polvilho\">Polvilho<\/a> | <a href=\"#jordanesia\">Jordan\u00e9sia<\/a><\/p>\n\n\n<div class=\"wp-block-image\">\n<figure class=\"aligncenter size-full is-resized\"><a href=\"https:\/\/umap.openstreetmap.fr\/pt-br\/map\/restricao-de-circulacao-de-veiculos-pesados-em-caj_1171115#16\/-23.3594\/-46.8760\" target=\"_blank\" rel=\" noreferrer noopener\"><img decoding=\"async\" width=\"1200\" height=\"1119\" src=\"https:\/\/cajamar.sp.gov.br\/seguranca\/wp-content\/uploads\/sites\/23\/2025\/08\/restricao-de-caminhoes-cajamar-centro.png\" alt=\"\" class=\"wp-image-5349\" style=\"width:700px\" srcset=\"https:\/\/cajamar.sp.gov.br\/seguranca\/wp-content\/uploads\/sites\/23\/2025\/08\/restricao-de-caminhoes-cajamar-centro.png 1200w, https:\/\/cajamar.sp.gov.br\/seguranca\/wp-content\/uploads\/sites\/23\/2025\/08\/restricao-de-caminhoes-cajamar-centro-1029x960.png 1029w, https:\/\/cajamar.sp.gov.br\/seguranca\/wp-content\/uploads\/sites\/23\/2025\/08\/restricao-de-caminhoes-cajamar-centro-768x716.png 768w\" sizes=\"(max-width: 1200px) 100vw, 1200px\" \/><\/a><figcaption class=\"wp-element-caption\">Clique na imagem para abrir o mapa<\/figcaption><\/figure>\n<\/div>\n\n\n<p><\/p>\n\n\n\n<p><strong>VIAS COM CIRCULA\u00c7\u00c3O RESTRITA:<\/strong><\/p>\n\n\n\n<ul class=\"wp-block-list\">\n<li><strong>Avenida Professor Walter Ribas de Andrade<\/strong>, Distrito Sede, em ambos os sentidos<\/li>\n\n\n\n<li><strong>Rua Alexandrino Pinto da Silva<\/strong>, Distrito Sede, em ambos os sentidos<\/li>\n\n\n\n<li><strong>Rua Dorva Banharo Salgueiro<\/strong>, Distrito Sede <\/li>\n\n\n\n<li><strong>Rua L\u00e1zaro Dalcin<\/strong>, Distrito Sede, per\u00edmetro entre a Rua Dorva Banharo Salgueiro e Rua Ant\u00f4nio Pereira de Lima, em ambos os sentidos<\/li>\n<\/ul>\n\n\n\n<p><strong>Restri\u00e7\u00e3o <span style=\"text-decoration: underline\">todos os dias<\/span> (de segunda a domingo) nos seguintes hor\u00e1rios:<\/strong><\/p>\n\n\n\n<ul class=\"wp-block-list\">\n<li><strong>Caminh\u00e3o (at\u00e9 3 eixos):<\/strong>\n<ul class=\"wp-block-list\">\n<li>Das 7h \u00e0s 9h<\/li>\n\n\n\n<li>Das 16h \u00e0s 20h<\/li>\n<\/ul>\n<\/li>\n\n\n\n<li><strong>Carreta (acima de 3 eixos):<\/strong>\n<ul class=\"wp-block-list\">\n<li>Das 6h \u00e0s 20h<\/li>\n<\/ul>\n<\/li>\n<\/ul>\n\n\n\n<p><a href=\"#diretrizes\">DIRETRIZES<\/a><\/p>\n\n\n\n<p><\/p>\n\n\n\n<a name=\"guaturinho\"><\/a>\n\n\n\n<hr class=\"wp-block-separator has-alpha-channel-opacity\" \/>\n\n\n\n<h4 class=\"wp-block-heading\">GUATURINHO (RESTRI\u00c7\u00c3O SUSPENSA) <\/h4>\n\n\n\n<p class=\"has-small-font-size\">Outras \u00e1reas: <a href=\"#centro\">Centro<\/a> | <a href=\"#polvilho\">Polvilho<\/a> | <a href=\"#jordanesia\">Jordan\u00e9sia<\/a><\/p>\n\n\n\n<div class=\"wp-block-cover aligncenter wp-duotone-grayscale\"><img decoding=\"async\" width=\"1300\" height=\"1820\" class=\"wp-block-cover__image-background wp-image-5350\" alt=\"\" src=\"https:\/\/cajamar.sp.gov.br\/seguranca\/wp-content\/uploads\/sites\/23\/2025\/08\/restricao-de-caminhoes-guaturinho.png\" data-object-fit=\"cover\" srcset=\"https:\/\/cajamar.sp.gov.br\/seguranca\/wp-content\/uploads\/sites\/23\/2025\/08\/restricao-de-caminhoes-guaturinho.png 1300w, https:\/\/cajamar.sp.gov.br\/seguranca\/wp-content\/uploads\/sites\/23\/2025\/08\/restricao-de-caminhoes-guaturinho-686x960.png 686w, https:\/\/cajamar.sp.gov.br\/seguranca\/wp-content\/uploads\/sites\/23\/2025\/08\/restricao-de-caminhoes-guaturinho-768x1075.png 768w, https:\/\/cajamar.sp.gov.br\/seguranca\/wp-content\/uploads\/sites\/23\/2025\/08\/restricao-de-caminhoes-guaturinho-1097x1536.png 1097w\" sizes=\"(max-width: 1300px) 100vw, 1300px\" \/><span aria-hidden=\"true\" class=\"wp-block-cover__background has-background-dim\"><\/span><div class=\"wp-block-cover__inner-container is-layout-flow wp-block-cover-is-layout-flow\">\n<p class=\"has-text-align-center has-large-font-size\"><strong>RESTRI\u00c7\u00c3O SUSPENSA.<\/strong><\/p>\n\n\n\n<p class=\"has-text-align-center has-large-font-size\">\u00c1rea de livre circula\u00e7\u00e3o.<\/p>\n<\/div><\/div>\n\n\n\n<p><\/p>\n\n\n\n<p><strong><strong>VIAS COM CIRCULA\u00c7\u00c3O PERMITIDA SEM RESTRI\u00c7\u00c3O. <\/strong><\/strong><\/p>\n\n\n\n<p><\/p>\n\n\n\n<p><\/p>\n\n\n\n<a name=\"polvilho\"><\/a>\n\n\n\n<hr class=\"wp-block-separator has-alpha-channel-opacity\" \/>\n\n\n\n<h4 class=\"wp-block-heading\">POLVILHO<\/h4>\n\n\n\n<p class=\"has-small-font-size\">Outras \u00e1reas: <a href=\"#centro\">Centro<\/a> | <a href=\"#guaturinho\">Guaturinho<\/a> | <a href=\"#jordanesia\">Jordan\u00e9sia<\/a><\/p>\n\n\n<div class=\"wp-block-image\">\n<figure class=\"aligncenter size-full is-resized\"><a href=\"https:\/\/umap.openstreetmap.fr\/pt-br\/map\/restricao-de-circulacao-de-veiculos-pesados-em-caj_1171115#16\/-23.4102\/-46.8394\" target=\"_blank\" rel=\" noreferrer noopener\"><img loading=\"lazy\" decoding=\"async\" width=\"850\" height=\"590\" src=\"https:\/\/cajamar.sp.gov.br\/seguranca\/wp-content\/uploads\/sites\/23\/2025\/08\/restricao-de-caminhoes-polvilho.png\" alt=\"\" class=\"wp-image-5352\" style=\"width:700px\" srcset=\"https:\/\/cajamar.sp.gov.br\/seguranca\/wp-content\/uploads\/sites\/23\/2025\/08\/restricao-de-caminhoes-polvilho.png 850w, https:\/\/cajamar.sp.gov.br\/seguranca\/wp-content\/uploads\/sites\/23\/2025\/08\/restricao-de-caminhoes-polvilho-768x533.png 768w\" sizes=\"(max-width: 850px) 100vw, 850px\" \/><\/a><figcaption class=\"wp-element-caption\"><a href=\"https:\/\/www.google.com\/maps\/d\/u\/1\/viewer?mid=1stM7Q-QGI3aJvRo9_eOulft8RyGHGBA&amp;ll=-23.409831999999994%2C-46.840104999999994&amp;z=16\" target=\"_blank\" rel=\"noreferrer noopener nofollow\"><\/a>Clique na imagem para abrir o mapa<\/figcaption><\/figure>\n<\/div>\n\n\n<p><\/p>\n\n\n\n<p><strong>VIAS COM CIRCULA\u00c7\u00c3O RESTRITA:<\/strong><\/p>\n\n\n\n<ul class=\"wp-block-list\">\n<li><strong>Avenida Tenente Marques<\/strong>, Distrito do Polvilho, entre os n\u00fameros 1410 e 2805, em ambos os sentidos<\/li>\n<\/ul>\n\n\n\n<p><strong>Restri\u00e7\u00e3o de <span style=\"text-decoration: underline\">segunda a sexta-feira<\/span> nos seguintes hor\u00e1rios:<\/strong><\/p>\n\n\n\n<ul class=\"wp-block-list\">\n<li><strong>Caminh\u00e3o (at\u00e9 3 eixos):<\/strong>\n<ul class=\"wp-block-list\">\n<li>Das 7h \u00e0s 9h<\/li>\n\n\n\n<li>Das 16h \u00e0s 20h<\/li>\n<\/ul>\n<\/li>\n\n\n\n<li><strong>Carreta (acima de 3 eixos):<\/strong>\n<ul class=\"wp-block-list\">\n<li>Das 6h \u00e0s 20h<\/li>\n<\/ul>\n<\/li>\n<\/ul>\n\n\n\n<p><a href=\"#diretrizes\">DIRETRIZES<\/a><\/p>\n\n\n\n<p><\/p>\n\n\n\n<a name=\"jordanesia\"><\/a>\n\n\n\n<hr class=\"wp-block-separator has-alpha-channel-opacity\" \/>\n\n\n\n<h4 class=\"wp-block-heading\">JORDAN\u00c9SIA<\/h4>\n\n\n\n<p class=\"has-small-font-size\">Outras \u00e1reas: <a href=\"#centro\">Centro <\/a> | <a href=\"#guaturinho\">Guaturinho<\/a> | <a href=\"#polvilho\">Polvilho<\/a><\/p>\n\n\n<div class=\"wp-block-image\">\n<figure class=\"aligncenter size-full is-resized\"><a href=\"https:\/\/umap.openstreetmap.fr\/pt-br\/map\/restricao-de-circulacao-de-veiculos-pesados-em-caj_1171115#15\/-23.3426\/-46.8439\" target=\"_blank\" rel=\" noreferrer noopener\"><img loading=\"lazy\" decoding=\"async\" width=\"800\" height=\"1100\" src=\"https:\/\/cajamar.sp.gov.br\/seguranca\/wp-content\/uploads\/sites\/23\/2025\/08\/restricao-de-caminhoes-jordanesia.png\" alt=\"\" class=\"wp-image-5353\" style=\"width:700px\" srcset=\"https:\/\/cajamar.sp.gov.br\/seguranca\/wp-content\/uploads\/sites\/23\/2025\/08\/restricao-de-caminhoes-jordanesia.png 800w, https:\/\/cajamar.sp.gov.br\/seguranca\/wp-content\/uploads\/sites\/23\/2025\/08\/restricao-de-caminhoes-jordanesia-698x960.png 698w, https:\/\/cajamar.sp.gov.br\/seguranca\/wp-content\/uploads\/sites\/23\/2025\/08\/restricao-de-caminhoes-jordanesia-768x1056.png 768w\" sizes=\"(max-width: 800px) 100vw, 800px\" \/><\/a><figcaption class=\"wp-element-caption\"><a href=\"https:\/\/www.google.com\/maps\/d\/u\/1\/viewer?mid=1stM7Q-QGI3aJvRo9_eOulft8RyGHGBA&amp;ll=-23.409831999999994%2C-46.840104999999994&amp;z=16\" target=\"_blank\" rel=\"noreferrer noopener nofollow\"><\/a>Clique na imagem para abrir o mapa<\/figcaption><\/figure>\n<\/div>\n\n\n<p><\/p>\n\n\n\n<p><strong><strong>VIAS COM CIRCULA\u00c7\u00c3O RESTRITA:<\/strong><\/strong><\/p>\n\n\n\n<ul class=\"wp-block-list\">\n<li><strong>Avenida Jordano Mendes<\/strong>, entre a Avenida Vereador Joaquim Pereira Barbosa e Rua Vereador M\u00e1rio Marcolongo<\/li>\n\n\n\n<li><strong>Avenida Vereador Joaquim Pereira Barbosa<\/strong> entre a Avenida Jordano Mendes e a Avenida Deovair Cruz de Oliveira<\/li>\n\n\n\n<li><strong>Rua Vereador M\u00e1rio Marcolongo<\/strong> entre a Avenida Deovair Cruz de Oliveira at\u00e9 a Avenida Jordano Mendes<\/li>\n\n\n\n<li><strong>Avenida Doutor Jo\u00e3o Ant\u00f4nio Abdalla<\/strong> entre a Avenida Ribeir\u00e3o dos Cristais at\u00e9 a Avenida Alfonso Leopoldo Vogel<\/li>\n\n\n\n<li><strong>Avenida Jordano Mendes<\/strong> entre a Avenida Alfonso Leopoldo Vogel e a al\u00e7a de acesso do DER (SP-330)<\/li>\n<\/ul>\n\n\n\n<p><strong>Restri\u00e7\u00e3o de <span style=\"text-decoration: underline\">segunda a sexta-feira<\/span> nos seguintes hor\u00e1rios:<\/strong><\/p>\n\n\n\n<ul class=\"wp-block-list\">\n<li><strong>Caminh\u00e3o e carreta:<\/strong>\n<ul class=\"wp-block-list\">\n<li>Das 7h \u00e0s 9h<\/li>\n\n\n\n<li>Das 16h \u00e0s 20h<\/li>\n<\/ul>\n<\/li>\n<\/ul>\n\n\n\n<p><\/p>\n\n\n\n<a name=\"diretrizes\"><\/a>\n\n\n\n<hr class=\"wp-block-separator has-alpha-channel-opacity\" \/>\n\n\n\n<h3 class=\"wp-block-heading\">DIRETRIZES<\/h3>\n\n\n\n<p><\/p>\n\n\n\n<p><strong><strong><strong>Ve\u00edculos de carga COM RESTRI\u00c7\u00c3O de circula\u00e7\u00e3o:<\/strong><\/strong><\/strong><\/p>\n\n\n\n<ul class=\"wp-block-list\">\n<li><strong>CAMINH\u00c3O:<\/strong>\n<ul class=\"wp-block-list\">\n<li>At\u00e9 3 eixos<\/li>\n\n\n\n<li>Comprimento de 7,21 a 14 metros<\/li>\n\n\n\n<li>Capacidade m\u00e1xima de transporte de 14 toneladas<\/li>\n<\/ul>\n<\/li>\n\n\n\n<li><strong>CARRETA:<\/strong>\n<ul class=\"wp-block-list\">\n<li>Acima de 3 eixos<\/li>\n\n\n\n<li>Comprimento acima de 14 metros<\/li>\n\n\n\n<li>Capacidade acima de 14 toneladas<\/li>\n<\/ul>\n<\/li>\n<\/ul>\n\n\n\n<p><strong><strong><strong><strong>Ve\u00edculos de carga SEM RESTRI\u00c7\u00c3O de circula\u00e7\u00e3o:<\/strong><\/strong><\/strong><\/strong><\/p>\n\n\n\n<ul class=\"wp-block-list\">\n<li><strong>VUC (Ve\u00edculo Urbano de Carga):<\/strong>\n<ul class=\"wp-block-list\">\n<li>Largura m\u00e1xima de 2,2 metros<\/li>\n\n\n\n<li>Comprimento m\u00e1ximo de 7,2 metros<\/li>\n\n\n\n<li>Capacidade m\u00e1xima de 3 toneladas<\/li>\n<\/ul>\n<\/li>\n<\/ul>\n\n\n\n<p><strong>Hor\u00e1rio permitido para carga e descarga: <\/strong><\/p>\n\n\n\n<ul class=\"wp-block-list\">\n<li>das 20h \u00e0s 6h desde que o empreendimento conte com espa\u00e7o adequado para efetuar a opera\u00e7\u00e3o.<\/li>\n<\/ul>\n\n\n\n<h4 class=\"wp-block-heading\"><strong>Exce\u00e7\u00f5es:<\/strong><\/h4>\n\n\n\n<ul class=\"wp-block-list\">\n<li>Caminh\u00f5es destinados ao abastecimento de combust\u00edveis e\/ou produtos perec\u00edveis<\/li>\n\n\n\n<li>Em estabelecimentos de servi\u00e7os de sa\u00fades e para atender emerg\u00eancias, conforme legisla\u00e7\u00e3o municipal<\/li>\n\n\n\n<li>Ve\u00edculos de utilidade p\u00fablica, conforme C\u00f3digo de Tr\u00e2nsito Brasileiro, a exemplo de:\n<ul class=\"wp-block-list\">\n<li>Reparo de energia el\u00e9trica, \u00e1gua, esgoto, g\u00e1s combust\u00edvel canalizado e comunica\u00e7\u00f5es<\/li>\n\n\n\n<li>Conserva\u00e7\u00e3o, manuten\u00e7\u00e3o e sinaliza\u00e7\u00e3o vi\u00e1ria<\/li>\n\n\n\n<li>Socorro mec\u00e2nico de emerg\u00eancia em via p\u00fablica<\/li>\n\n\n\n<li>Transporte de valores<\/li>\n\n\n\n<li>Escolta (com registro em \u00f3rg\u00e3o rodovi\u00e1rio)<\/li>\n\n\n\n<li>Recolhimento de lixo<\/li>\n<\/ul>\n<\/li>\n<\/ul>\n\n\n\n<p><strong>Cadastro<\/strong>:<\/p>\n\n\n\n<ul class=\"wp-block-list\">\n<li>Os ve\u00edculos de carga do tipo <strong>CAMINH\u00c3O<\/strong> e <strong>CARRETA<\/strong> devem se <strong>cadastrar <\/strong>previamente junto ao <strong>Demutran<\/strong>, submetidos a deferimento ou indeferimento e renova\u00e7\u00e3o peri\u00f3dica. <a href=\"https:\/\/cajamar.sp.gov.br\/seguranca\/requerimento-cartao-caminhao-v-01-2025-2\/\" target=\"_blank\" rel=\"noreferrer noopener\"><strong>Baixe o formul\u00e1rio de requerimento<\/strong><\/a>, preencha-o, e compare\u00e7a \u00e0 <a href=\"https:\/\/cajamar.sp.gov.br\/seguranca\/transito\/contato\/\" data-type=\"page\" data-id=\"152\"><strong>sede do Demutran<\/strong><\/a> para dar entrada.<\/li>\n<\/ul>\n\n\n\n<p><\/p>\n\n\n\n<hr class=\"wp-block-separator has-alpha-channel-opacity\" \/>\n\n\n\n<p><\/p>\n\n\n\n<p class=\"has-text-align-center has-black-color has-luminous-vivid-amber-background-color has-text-color has-background has-link-color has-medium-font-size wp-elements-9d8d33ff355e038d94fb2064354a4073\"><strong><strong>DESACELERE. SEU BEM MAIOR \u00c9 A VIDA.<\/strong><\/strong><\/p>\n\n\n\n<p><\/p>\n","protected":false},"excerpt":{"rendered":"<p>Regulamenta\u00e7\u00e3o do tr\u00e1fego de caminh\u00f5es em \u00e1reas e hor\u00e1rios espec\u00edficos para minimizar impactos no tr\u00e2nsito e garantir a seguran\u00e7a vi\u00e1ria.<\/p>\n","protected":false},"author":39,"featured_media":4655,"parent":61,"menu_order":0,"comment_status":"closed","ping_status":"closed","template":"","meta":{"footnotes":""},"class_list":["post-175","page","type-page","status-publish","has-post-thumbnail","hentry"],"_links":{"self":[{"href":"https:\/\/cajamar.sp.gov.br\/seguranca\/wp-json\/wp\/v2\/pages\/175","targetHints":{"allow":["GET"]}}],"collection":[{"href":"https:\/\/cajamar.sp.gov.br\/seguranca\/wp-json\/wp\/v2\/pages"}],"about":[{"href":"https:\/\/cajamar.sp.gov.br\/seguranca\/wp-json\/wp\/v2\/types\/page"}],"author":[{"embeddable":true,"href":"https:\/\/cajamar.sp.gov.br\/seguranca\/wp-json\/wp\/v2\/users\/39"}],"replies":[{"embeddable":true,"href":"https:\/\/cajamar.sp.gov.br\/seguranca\/wp-json\/wp\/v2\/comments?post=175"}],"version-history":[{"count":42,"href":"https:\/\/cajamar.sp.gov.br\/seguranca\/wp-json\/wp\/v2\/pages\/175\/revisions"}],"predecessor-version":[{"id":5500,"href":"https:\/\/cajamar.sp.gov.br\/seguranca\/wp-json\/wp\/v2\/pages\/175\/revisions\/5500"}],"up":[{"embeddable":true,"href":"https:\/\/cajamar.sp.gov.br\/seguranca\/wp-json\/wp\/v2\/pages\/61"}],"wp:featuredmedia":[{"embeddable":true,"href":"https:\/\/cajamar.sp.gov.br\/seguranca\/wp-json\/wp\/v2\/media\/4655"}],"wp:attachment":[{"href":"https:\/\/cajamar.sp.gov.br\/seguranca\/wp-json\/wp\/v2\/media?parent=175"}],"curies":[{"name":"wp","href":"https:\/\/api.w.org\/{rel}","templated":true}]}}