{"id":182,"date":"2025-01-16T16:46:16","date_gmt":"2025-01-16T19:46:16","guid":{"rendered":"https:\/\/cajamar.sp.gov.br\/seguranca\/?page_id=182"},"modified":"2025-08-26T17:35:21","modified_gmt":"2025-08-26T20:35:21","slug":"onibus","status":"publish","type":"page","link":"https:\/\/cajamar.sp.gov.br\/seguranca\/transito\/onibus\/","title":{"rendered":"Restri\u00e7\u00e3o de \u00d4nibus Fretado"},"content":{"rendered":"\n<div id=\"links-rapidos\" class=\"clearfix borda-cinza border-radius-10\">\n\n\n\t\t\t\t<ul class=\"links-lista\">\n\n\t\t\t\t\t\n\t\t\t\t\t\t<li class=\"link\">\n\t\t\t\t\t\t\t<a class=\"link-link border-radius-5\" href=\"#vias\">\n\t\t\t\t\t\t\t\t<img decoding=\"async\" src=\"https:\/\/cajamar.sp.gov.br\/seguranca\/wp-content\/uploads\/sites\/23\/2025\/01\/mapa-100.png\" class=\"attachment-full size-full wp-post-image\" alt=\"\" loading=\"lazy\">\t\t\t\t\t\t\t\t<div class=\"link-titulo\">MAPA DA RESTRI\u00c7\u00c3O<\/div>\n\t\t\t\t\t\t\t<\/a>\n\t\t\t\t\t\t<\/li>\n\t\t\t\t\t\t\n\t\t\t\t\t\t<li class=\"link\">\n\t\t\t\t\t\t\t<a class=\"link-link border-radius-5\" href=\"#diretrizes\">\n\t\t\t\t\t\t\t\t<img decoding=\"async\" src=\"https:\/\/cajamar.sp.gov.br\/seguranca\/wp-content\/uploads\/sites\/23\/2025\/01\/documento-100.png\" class=\"attachment-full size-full wp-post-image\" alt=\"\" loading=\"lazy\">\t\t\t\t\t\t\t\t<div class=\"link-titulo\">DIRETRIZES<\/div>\n\t\t\t\t\t\t\t<\/a>\n\t\t\t\t\t\t<\/li>\n\t\t\t\t\t\n\t\t\t\t\t\n<li class=\"link\">\n\t\t\t\t\t\t\t<a class=\"link-link border-radius-5\" href=\"https:\/\/cajamar.sp.gov.br\/seguranca\/caminhao\/\">\n\t\t\t\t\t\t\t\t<img decoding=\"async\" src=\"https:\/\/cajamar.sp.gov.br\/seguranca\/wp-content\/uploads\/sites\/23\/2025\/01\/caminhoes100.png\" class=\"attachment-full size-full wp-post-image\" alt=\"\" loading=\"lazy\">\t\t\t\t\t\t\t\t<div class=\"link-titulo\">RESTRI\u00c7\u00c3O DE CAMINH\u00d5ES<\/div>\n\t\t\t\t\t\t\t<\/a>\n\t\t\t\t\t\t<\/li>\t\t\t\t\t\t\t\t\t\t\n\t\t\t\t\t\n\t\t\t\t\t\t<li class=\"link\">\n\t\t\t\t\t\t\t<a class=\"link-link border-radius-5\" href=\"https:\/\/cajamar.sp.gov.br\/seguranca\/contato\/\">\n\t\t\t\t\t\t\t\t<img decoding=\"async\" src=\"https:\/\/cajamar.sp.gov.br\/seguranca\/wp-content\/uploads\/sites\/23\/2025\/01\/contato-telefonico-100.png\" class=\"attachment-full size-full wp-post-image\" alt=\"\" loading=\"lazy\">\t\t\t\t\t\t\t\t<div class=\"link-titulo\">FALE COM O DEMUTRAN<\/div>\n\t\t\t\t\t\t\t<\/a>\n\t\t\t\t\t\t<\/li>\n\n\t\t\t\t\t<li class=\"link\">\n\t\t\t\t\t\t\t<a class=\"link-link border-radius-5\" href=\"https:\/\/cajamar.sp.gov.br\/seguranca\/transito\/#serv\">\n\t\t\t\t\t\t\t\t<img decoding=\"async\" src=\"https:\/\/cajamar.sp.gov.br\/seguranca\/wp-content\/uploads\/sites\/23\/2025\/01\/multas100.png\" class=\"attachment-full size-full wp-post-image\" alt=\"\" loading=\"lazy\">\t\t\t\t\t\t\t\t<div class=\"link-titulo\">DEMAIS SERVI\u00c7OS<\/div>\n\t\t\t\t\t\t\t<\/a>\n\t\t\t\t\t\t<\/li>\n\n\t\t\t\n\t\t\t\t<\/ul>\n\n\n\n\t\t\t<\/div>\n\n\n\n<div class=\"wp-block-media-text is-stacked-on-mobile is-vertically-aligned-top\"><figure class=\"wp-block-media-text__media\"><img fetchpriority=\"high\" decoding=\"async\" width=\"960\" height=\"960\" src=\"https:\/\/cajamar.sp.gov.br\/seguranca\/wp-content\/uploads\/sites\/23\/2025\/08\/restricao-de-onibus-cajamar-960x960.png\" alt=\"\" class=\"wp-image-4644 size-full\" srcset=\"https:\/\/cajamar.sp.gov.br\/seguranca\/wp-content\/uploads\/sites\/23\/2025\/08\/restricao-de-onibus-cajamar-960x960.png 960w, https:\/\/cajamar.sp.gov.br\/seguranca\/wp-content\/uploads\/sites\/23\/2025\/08\/restricao-de-onibus-cajamar-100x100.png 100w, https:\/\/cajamar.sp.gov.br\/seguranca\/wp-content\/uploads\/sites\/23\/2025\/08\/restricao-de-onibus-cajamar-768x768.png 768w, https:\/\/cajamar.sp.gov.br\/seguranca\/wp-content\/uploads\/sites\/23\/2025\/08\/restricao-de-onibus-cajamar.png 1080w\" sizes=\"(max-width: 960px) 100vw, 960px\" \/><\/figure><div class=\"wp-block-media-text__content\">\n<h3 class=\"wp-block-heading\">O que \u00e9?<\/h3>\n\n\n\n<p>Normas que regulam a circula\u00e7\u00e3o de \u00f4nibus em determinadas vias ou hor\u00e1rios, visando melhorar o fluxo de tr\u00e1fego em \u00e1reas cr\u00edticas.<\/p>\n\n\n\n<h3 class=\"wp-block-heading\">Como consultar?<\/h3>\n\n\n\n<p><a href=\"#vias\">Consulte aqui<\/a> as vias com circula\u00e7\u00e3o restrita de \u00f4nibus.<\/p>\n\n\n\n<h3 class=\"wp-block-heading\">Evites multas<\/h3>\n\n\n\n<p>Fiscaliza\u00e7\u00e3o eletr\u00f4nica, por c\u00e2meras e presencial. Fique atento \u00e0s normas estabelecidas para a <strong>\u00d4NIBUS <\/strong>que exercem a atividade de <strong>FRETAMENTO<\/strong> no munic\u00edpio de Cajamar.<\/p>\n<\/div><\/div>\n\n\n\n<p><\/p>\n\n\n\n<a name=\"vias\"><\/a>\n\n\n\n<hr class=\"wp-block-separator has-alpha-channel-opacity\" \/>\n\n\n\n<p><\/p>\n\n\n\n<h3 class=\"wp-block-heading\">MAPA DA RESTRI\u00c7\u00c3O DE CIRCULA\u00c7\u00c3O DE \u00d4NIBUS FRETADO<\/h3>\n\n\n\n<p><\/p>\n\n\n<div class=\"wp-block-image\">\n<figure class=\"aligncenter size-full is-resized\"><a href=\"https:\/\/umap.openstreetmap.fr\/pt-br\/map\/restricao-de-circulacao-de-onibus-fretado-em-cajam_1171662#17\/-23.33576\/-46.83963\" target=\"_blank\" rel=\" noreferrer noopener\"><img decoding=\"async\" width=\"860\" height=\"590\" src=\"https:\/\/cajamar.sp.gov.br\/seguranca\/wp-content\/uploads\/sites\/23\/2025\/08\/restricao-de-onibus-fretado.png\" alt=\"\" class=\"wp-image-5347\" style=\"width:700px\" srcset=\"https:\/\/cajamar.sp.gov.br\/seguranca\/wp-content\/uploads\/sites\/23\/2025\/08\/restricao-de-onibus-fretado.png 860w, https:\/\/cajamar.sp.gov.br\/seguranca\/wp-content\/uploads\/sites\/23\/2025\/08\/restricao-de-onibus-fretado-768x527.png 768w\" sizes=\"(max-width: 860px) 100vw, 860px\" \/><\/a><figcaption class=\"wp-element-caption\">Clique na imagem para abrir o mapa<\/figcaption><\/figure>\n<\/div>\n\n\n<p><\/p>\n\n\n\n<a name=\"diretrizes\"><\/a>\n\n\n\n<hr class=\"wp-block-separator has-alpha-channel-opacity\" \/>\n\n\n\n<p><\/p>\n\n\n\n<h3 class=\"wp-block-heading\">DIRETRIZES<\/h3>\n\n\n\n<p><\/p>\n\n\n\n<p><strong>PROIBIDA A CIRCULA\u00c7\u00c3O<\/strong> de \u00f4nibus de fretamento de <strong>segunda a sexta-feira<\/strong>, <strong>durante todo o dia<\/strong> nas seguintes vias p\u00fablicas:<\/p>\n\n\n\n<ul class=\"wp-block-list\">\n<li><strong>Avenida Vereador Joaquim Pereira Barbosa<\/strong> no trecho entre as avenidas Jordano Mendes e Ant\u00f4nio C\u00e2ndido Machado em ambos os sentidos de circula\u00e7\u00e3o<\/li>\n\n\n\n<li><strong>Rua Manoel Ant\u00f4nio Gomes<\/strong> no trecho entre a Avenida Ant\u00f4nio C\u00e2ndido Machado e Rua Deovair Cruz de Oliveira<\/li>\n\n\n\n<li><strong>Avenida Deovair Cruz de Oliveira<\/strong> no trecho entre as ruas Manoel Ant\u00f4nio Gomes e Avelino Toledo de Lima<\/li>\n<\/ul>\n\n\n\n<p><strong>PROIBIDO O ESTACIONAMENTO<\/strong> de \u00f4nibus de fretamento nas vias p\u00fablicas da cidade. A operadora deve dispor de local pr\u00f3prio para tal finalidade.<\/p>\n\n\n\n<p><strong>PROIBIDO PASSAGEIROS EM P\u00c9 <\/strong>durante a viagem nos \u00f4nibus de fretamento, devendo a operadora obedecer \u00e0 capacidade m\u00e1xima de passageiros sentados do ve\u00edculo.<\/p>\n\n\n\n<p>Vias sujeitas \u00e0 <strong>fiscaliza\u00e7\u00e3o eletr\u00f4nica<\/strong> e por <strong>c\u00e2meras<\/strong>.<\/p>\n\n\n\n<p>Entre em contato conosco para maiores esclarecimentos.<\/p>\n\n\n\n<p><\/p>\n\n\n\n<hr class=\"wp-block-separator has-alpha-channel-opacity\" \/>\n\n\n\n<p><\/p>\n\n\n\n<p class=\"has-text-align-center has-black-color has-luminous-vivid-amber-background-color has-text-color has-background has-link-color has-medium-font-size wp-elements-9d8d33ff355e038d94fb2064354a4073\"><strong><strong>DESACELERE. SEU BEM MAIOR \u00c9 A VIDA.<\/strong><\/strong><\/p>\n\n\n\n<p><\/p>\n\n\n\n<p><\/p>\n","protected":false},"excerpt":{"rendered":"<p>Normas que regulam a circula\u00e7\u00e3o de \u00f4nibus em determinadas vias ou hor\u00e1rios, visando melhorar o fluxo de tr\u00e1fego em \u00e1reas cr\u00edticas.<\/p>\n","protected":false},"author":39,"featured_media":4656,"parent":61,"menu_order":0,"comment_status":"closed","ping_status":"closed","template":"","meta":{"footnotes":""},"class_list":["post-182","page","type-page","status-publish","has-post-thumbnail","hentry"],"_links":{"self":[{"href":"https:\/\/cajamar.sp.gov.br\/seguranca\/wp-json\/wp\/v2\/pages\/182","targetHints":{"allow":["GET"]}}],"collection":[{"href":"https:\/\/cajamar.sp.gov.br\/seguranca\/wp-json\/wp\/v2\/pages"}],"about":[{"href":"https:\/\/cajamar.sp.gov.br\/seguranca\/wp-json\/wp\/v2\/types\/page"}],"author":[{"embeddable":true,"href":"https:\/\/cajamar.sp.gov.br\/seguranca\/wp-json\/wp\/v2\/users\/39"}],"replies":[{"embeddable":true,"href":"https:\/\/cajamar.sp.gov.br\/seguranca\/wp-json\/wp\/v2\/comments?post=182"}],"version-history":[{"count":25,"href":"https:\/\/cajamar.sp.gov.br\/seguranca\/wp-json\/wp\/v2\/pages\/182\/revisions"}],"predecessor-version":[{"id":5348,"href":"https:\/\/cajamar.sp.gov.br\/seguranca\/wp-json\/wp\/v2\/pages\/182\/revisions\/5348"}],"up":[{"embeddable":true,"href":"https:\/\/cajamar.sp.gov.br\/seguranca\/wp-json\/wp\/v2\/pages\/61"}],"wp:featuredmedia":[{"embeddable":true,"href":"https:\/\/cajamar.sp.gov.br\/seguranca\/wp-json\/wp\/v2\/media\/4656"}],"wp:attachment":[{"href":"https:\/\/cajamar.sp.gov.br\/seguranca\/wp-json\/wp\/v2\/media?parent=182"}],"curies":[{"name":"wp","href":"https:\/\/api.w.org\/{rel}","templated":true}]}}