{"id":61,"date":"2025-01-16T13:40:41","date_gmt":"2025-01-16T16:40:41","guid":{"rendered":"https:\/\/cajamar.sp.gov.br\/seguranca\/?page_id=61"},"modified":"2025-09-19T12:25:54","modified_gmt":"2025-09-19T15:25:54","slug":"transito","status":"publish","type":"page","link":"https:\/\/cajamar.sp.gov.br\/seguranca\/transito\/","title":{"rendered":"DEMUTRAN"},"content":{"rendered":"\n<h2 class=\"wp-block-heading\">Departamento de Mobilidade Urbana e Tr\u00e2nsito<\/h2>\n\n\n\n<a name=\"serv\"><\/a>\n\n\n\n<div id=\"links-rapidos\" class=\"clearfix borda-cinza border-radius-10\">\n\n<h2 class=\"home-titulo\">SERVI\u00c7OS:<\/h2>\n\n\n\t\t\t\t<ul class=\"links-lista\">\n\n\t\t\t\t\t\n\t\t\t\t\t\t<li class=\"link\">\n\t\t\t\t\t\t\t<a class=\"link-link border-radius-5\" href=\"https:\/\/whatsapp.com\/channel\/0029VaAXepn2Jl8FpLkekg1G\" target=\"blank\">\n\t\t\t\t\t\t\t\t<img decoding=\"async\" src=\"https:\/\/cajamar.sp.gov.br\/seguranca\/wp-content\/uploads\/sites\/23\/2025\/05\/icones-wa-copia-9-100x100-1.png\" class=\"attachment-full size-full wp-post-image\" alt=\"\" loading=\"lazy\">\t\t\t\t\t\t\t\t<div class=\"link-titulo\">SIGA O NOSSO CANAL!<\/div>\n\t\t\t\t\t\t\t<\/a>\n\t\t\t\t\t\t<\/li>\n\t\t\t\t\t\n\t\t\t\t\t\t\n\t\t\t\t\t\t<li class=\"link\">\n\t\t\t\t\t\t\t<a class=\"link-link border-radius-5\" href=\"https:\/\/cajamar.sp.gov.br\/seguranca\/etransito\/\">\n\t\t\t\t\t\t\t\t<img decoding=\"async\" src=\"https:\/\/cajamar.sp.gov.br\/seguranca\/wp-content\/uploads\/sites\/23\/2025\/01\/educacao100.png\" class=\"attachment-full size-full wp-post-image\" alt=\"\" loading=\"lazy\">\t\t\t\t\t\t\t\t<div class=\"link-titulo\">EDUCA\u00c7\u00c3O PARA O TR\u00c2NSITO<\/div>\n\t\t\t\t\t\t\t<\/a>\n\t\t\t\t\t\t<\/li>\n\n\t\t\t\t\t\n\t\t\t\t\t\t<li class=\"link\">\n\t\t\t\t\t\t\t<a class=\"link-link border-radius-5\" href=\"https:\/\/cajamar.sp.gov.br\/seguranca\/multas\/\" rel=\"noopener\">\n\t\t\t\t\t\t\t\t<img decoding=\"async\" src=\"https:\/\/cajamar.sp.gov.br\/seguranca\/wp-content\/uploads\/sites\/23\/2025\/02\/base-icone-menu_20250204_215119_0000.png\" class=\"attachment-full size-full wp-post-image\" alt=\"\" loading=\"lazy\">\t\t\t\t\t\t\t\t<div class=\"link-titulo\">MULTAS DE TR\u00c2NSITO E RECURSOS<\/div>\n\t\t\t\t\t\t\t<\/a>\n\t\t\t\t\t\t<\/li>\n\n<li class=\"link\">\n\t\t\t\t\t\t\t<a class=\"link-link border-radius-5\" href=\"https:\/\/cajamar.sp.gov.br\/seguranca\/transito\/radares\/\" rel=\"noopener\">\n\t\t\t\t\t\t\t\t<img decoding=\"async\" src=\"https:\/\/cajamar.sp.gov.br\/seguranca\/wp-content\/uploads\/sites\/23\/2025\/07\/radar-100.png\" class=\"attachment-full size-full wp-post-image\" alt=\"\" loading=\"lazy\">\t\t\t\t\t\t\t\t\t<div class=\"link-titulo\">FISCALIZA\u00c7\u00c3O ELETR\u00d4NICA (RADARES)<\/div>\n\t\t\t\t\t\t\t<\/a>\n\t\t\t\t\t\t<\/li>\n\n\n<li class=\"link\">\n\t\t\t\t\t\t\t<a class=\"link-link border-radius-5\" href=\"https:\/\/cajamar.sp.gov.br\/seguranca\/especial\/\" rel=\"noopener\">\n\t\t\t\t\t\t\t\t<img decoding=\"async\" src=\"https:\/\/cajamar.sp.gov.br\/seguranca\/wp-content\/uploads\/sites\/23\/2025\/01\/idoso-deficiente100-1.png\" class=\"attachment-full size-full wp-post-image\" alt=\"\" loading=\"lazy\">\t\t\t\t\t\t\t\t\t<div class=\"link-titulo\">CART\u00c3O ESPECIAL<\/div>\n\t\t\t\t\t\t\t<\/a>\n\t\t\t\t\t\t<\/li>\n\n\n\n\t\t\t\t\t\n\t\t\t\t\n\t\t\t\t\t\t<li class=\"link\">\n\t\t\t\t\t\t\t<a class=\"link-link border-radius-5\" href=\"https:\/\/cajamar.sp.gov.br\/seguranca\/caminhao\/\">\n\t\t\t\t\t\t\t\t<img decoding=\"async\" src=\"https:\/\/cajamar.sp.gov.br\/seguranca\/wp-content\/uploads\/sites\/23\/2025\/01\/caminhoes100.png\" class=\"attachment-full size-full wp-post-image\" alt=\"\" loading=\"lazy\">\t\t\t\t\t\t\t\t<div class=\"link-titulo\">RESTRI\u00c7\u00c3O DE CAMINH\u00d5ES<\/div>\n\t\t\t\t\t\t\t<\/a>\n\t\t\t\t\t\t<\/li>\n\n\t\t\t\t\t\n\t\t\t\t\t\t<li class=\"link\">\n\t\t\t\t\t\t\t<a class=\"link-link border-radius-5\" href=\"https:\/\/cajamar.sp.gov.br\/seguranca\/onibus\/\">\n\t\t\t\t\t\t\t\t<img decoding=\"async\" src=\"https:\/\/cajamar.sp.gov.br\/seguranca\/wp-content\/uploads\/sites\/23\/2025\/01\/onibus100.png\" class=\"attachment-full size-full wp-post-image\" alt=\"\" loading=\"lazy\">\t\t\t\t\t\t\t\t<div class=\"link-titulo\">RESTRI\u00c7\u00c3O DE \u00d4NIBUS<\/div>\n\t\t\t\t\t\t\t<\/a>\n\t\t\t\t\t\t<\/li>\n\n\n\t\t\t\t\t\t<li class=\"link\">\n\t\t\t\t\t\t\t<a class=\"link-link border-radius-5\" href=\"https:\/\/cajamar.sp.gov.br\/seguranca\/servicos\/\" rel=\"noopener\">\n\t\t\t\t\t\t\t\t<img decoding=\"async\" src=\"https:\/\/cajamar.sp.gov.br\/seguranca\/wp-content\/uploads\/sites\/23\/2025\/01\/servicos100-2.png\" class=\"attachment-full size-full wp-post-image\" alt=\"\" loading=\"lazy\">\t\t\t\t\t\t\t\t<div class=\"link-titulo\">EXECU\u00c7\u00c3O DE SERVI\u00c7OS DE TR\u00c2NSITO<\/div>\n\t\t\t\t\t\t\t<\/a>\n\t\t\t\t\t\t<\/li>\n\t\t\t\t\t\t\n\n\t\t\t\t\t\t<li class=\"link\">\n\t\t\t\t\t\t\t<a class=\"link-link border-radius-5\" href=\"https:\/\/cajamar.sp.gov.br\/seguranca\/bem\/\" rel=\"noopener\">\n\t\t\t\t\t\t\t\t<img decoding=\"async\" src=\"https:\/\/cajamar.sp.gov.br\/seguranca\/wp-content\/uploads\/sites\/23\/2025\/01\/cartao100.png\" class=\"attachment-full size-full wp-post-image\" alt=\"\" loading=\"lazy\">\t\t\t\t\t\t\t\t<div class=\"link-titulo\">CART\u00c3O BEM (\u00d4NIBUS)<\/div>\n\t\t\t\t\t\t\t<\/a>\n\t\t\t\t\t\t<\/li>\n\n\t\n\n\n\t\t\t\t\t\t<li class=\"link\">\n\t\t\t\t\t\t\t<a class=\"link-link border-radius-5\" href=\"https:\/\/cajamar.sp.gov.br\/seguranca\/contato\/\">\n\t\t\t\t\t\t\t\t<img decoding=\"async\" src=\"https:\/\/cajamar.sp.gov.br\/seguranca\/wp-content\/uploads\/sites\/23\/2025\/01\/contato-telefonico-100.png\" class=\"attachment-full size-full wp-post-image\" alt=\"\" loading=\"lazy\">\t\t\t\t\t\t\t\t<div class=\"link-titulo\">FALE COM O DEMUTRAN<\/div>\n\t\t\t\t\t\t\t<\/a>\n\t\t\t\t\t\t<\/li>\n\n\t\t\t\t\t\n\t\t\t\t<\/ul>\n\n\t\t\t\t<a href=\"https:\/\/cajamar.sp.gov.br\/links-rapidos\/\" class=\"todos-os-links border-radius-5\">Links R\u00e1pidos Prefeitura<\/a>\n\n\t\t\t<\/div>\n\n\n\n<div style=\"height:20px\" aria-hidden=\"true\" class=\"wp-block-spacer\"><\/div>\n\n\n\n<div class=\"wp-block-media-text is-stacked-on-mobile is-vertically-aligned-center\"><figure class=\"wp-block-media-text__media\"><img fetchpriority=\"high\" decoding=\"async\" width=\"960\" height=\"960\" src=\"https:\/\/cajamar.sp.gov.br\/seguranca\/wp-content\/uploads\/sites\/23\/2025\/08\/demutran-cajamar-960x960.png\" alt=\"\" class=\"wp-image-4636 size-full\" srcset=\"https:\/\/cajamar.sp.gov.br\/seguranca\/wp-content\/uploads\/sites\/23\/2025\/08\/demutran-cajamar-960x960.png 960w, https:\/\/cajamar.sp.gov.br\/seguranca\/wp-content\/uploads\/sites\/23\/2025\/08\/demutran-cajamar-100x100.png 100w, https:\/\/cajamar.sp.gov.br\/seguranca\/wp-content\/uploads\/sites\/23\/2025\/08\/demutran-cajamar-768x768.png 768w, https:\/\/cajamar.sp.gov.br\/seguranca\/wp-content\/uploads\/sites\/23\/2025\/08\/demutran-cajamar.png 1080w\" sizes=\"(max-width: 960px) 100vw, 960px\" \/><\/figure><div class=\"wp-block-media-text__content\">\n<h3 class=\"wp-block-heading\">O que \u00e9?<\/h3>\n\n\n\n<p>O Departamento Municipal de Tr\u00e2nsito (Demutran) \u00e9 o \u00f3rg\u00e3o respons\u00e1vel pela implementa\u00e7\u00e3o e gest\u00e3o da pol\u00edtica de mobilidade urbana no munic\u00edpio de Cajamar, integrado ao <a href=\"https:\/\/www.gov.br\/transportes\/pt-br\/assuntos\/transito\/senatran\" target=\"_blank\" rel=\"noreferrer noopener\">Sistema Nacional de Tr\u00e2nsito<\/a>. Sua atua\u00e7\u00e3o abrange a fiscaliza\u00e7\u00e3o, opera\u00e7\u00e3o, engenharia, regulamenta\u00e7\u00e3o e educa\u00e7\u00e3o de tr\u00e2nsito e transporte, sempre com o objetivo de garantir a seguran\u00e7a das pessoas e promover a melhoria cont\u00ednua da mobilidade urbana. Neste objetivo fomentamos campanhas educativas de tr\u00e2nsito e promovemos a seguran\u00e7a vi\u00e1rias para salvar vidas.<\/p>\n\n\n\n<p><\/p>\n<\/div><\/div>\n\n\n\n<hr class=\"wp-block-separator has-alpha-channel-opacity\" \/>\n\n\n\n<p><\/p>\n\n\n\n<h3 class=\"wp-block-heading\">O que oferecemos?<\/h3>\n\n\n\n<ul class=\"wp-block-list\">\n<li><strong>Fiscaliza\u00e7\u00e3o e Opera\u00e7\u00e3o de Tr\u00e2nsito:<\/strong> Monitoramento das vias e aplica\u00e7\u00e3o da legisla\u00e7\u00e3o de tr\u00e2nsito para garantir o cumprimento das regras e a seguran\u00e7a vi\u00e1ria.<\/li>\n\n\n\n<li><strong>Engenharia de Tr\u00e2nsito:<\/strong> Planejamento e execu\u00e7\u00e3o de melhorias na infraestrutura vi\u00e1ria, incluindo sinaliza\u00e7\u00e3o, sem\u00e1foros e organiza\u00e7\u00e3o do fluxo de tr\u00e2nsito.<\/li>\n\n\n\n<li><strong>Educa\u00e7\u00e3o para o Tr\u00e2nsito:<\/strong> Campanhas educativas e programas de conscientiza\u00e7\u00e3o para promover comportamentos seguros no tr\u00e2nsito.<\/li>\n\n\n\n<li><strong>Regulamenta\u00e7\u00e3o de Transporte:<\/strong> Normatiza\u00e7\u00e3o e controle da circula\u00e7\u00e3o de diferentes tipos de ve\u00edculos no munic\u00edpio, como caminh\u00f5es e \u00f4nibus.<\/li>\n\n\n\n<li><strong>Atendimento ao Cidad\u00e3o: <\/strong>Canais de comunica\u00e7\u00e3o para solicita\u00e7\u00f5es, reclama\u00e7\u00f5es, sugest\u00f5es e informa\u00e7\u00f5es sobre os servi\u00e7os oferecidos.<\/li>\n<\/ul>\n\n\n\n<p><\/p>\n\n\n\n<div class=\"wp-block-buttons is-layout-flex wp-block-buttons-is-layout-flex\">\n<div class=\"wp-block-button is-style-fill\"><a class=\"wp-block-button__link has-white-color has-text-color has-background has-link-color has-custom-font-size wp-element-button\" href=\"#serv\" style=\"border-radius:5px;background-color:#4cc399;font-size:16px;font-style:normal;font-weight:700\">SERVI\u00c7OS<\/a><\/div>\n<\/div>\n\n\n\n<p><\/p>\n\n\n\n<hr class=\"wp-block-separator has-alpha-channel-opacity\" \/>\n\n\n\n<h3 class=\"wp-block-heading\">EDUCA\u00c7\u00c3O PARA O TR\u00c2NSITO<\/h3>\n\n\n\n<div class=\"wp-block-columns is-layout-flex wp-container-core-columns-is-layout-9d6595d7 wp-block-columns-is-layout-flex\">\n<div class=\"wp-block-column is-layout-flow wp-block-column-is-layout-flow\">\n<h3 class=\"wp-block-heading has-text-align-center has-white-color has-text-color has-background has-link-color wp-elements-a2817914da671df9892c740c4c8b5828\" style=\"background-color:#4cc399\"><strong>FA\u00c7A A SUA PARTE: PARTICIPE!<\/strong><\/h3>\n\n\n\n<h4 class=\"wp-block-heading has-text-align-center\"><strong>SEMANA NACIONAL DE TR\u00c2NSITO 2025<\/strong><\/h4>\n\n\n\n<p><a href=\"https:\/\/whatsapp.com\/channel\/0029VaAXepn2Jl8FpLkekg1G\" data-type=\"page\" data-id=\"135\" target=\"_blank\" rel=\"noreferrer noopener\"><strong>SIGA O NOSSO CANAL<\/strong><\/a> para acessar e compartilhar as nossas postagens! Comece hoje mesmo a disseminar a consci\u00eancia por um tr\u00e2nsito mais seguro.<\/p>\n\n\n\n<p>Sua participa\u00e7\u00e3o \u00e9 muito importante para que mais pessoas sejam alcan\u00e7adas, e assim, <strong>MAIS VIDAS SEJAM SALVAS!<\/strong> <\/p>\n\n\n\n<div class=\"wp-block-buttons has-custom-font-size has-x-large-font-size is-content-justification-center is-layout-flex wp-container-core-buttons-is-layout-16018d1d wp-block-buttons-is-layout-flex\">\n<div class=\"wp-block-button is-style-fill\"><a class=\"wp-block-button__link has-white-color has-text-color has-background has-link-color has-custom-font-size wp-element-button\" href=\"https:\/\/cajamar.sp.gov.br\/seguranca\/transito\/etransito\/#etransito\" style=\"border-radius:5px;background-color:#4cc399;font-size:16px;font-style:normal;font-weight:700\">SAIBA MAIS AQUI!<\/a><\/div>\n<\/div>\n<\/div>\n\n\n\n<div class=\"wp-block-column is-layout-flow wp-block-column-is-layout-flow\"><div class=\"wp-block-image is-style-default\">\n<figure class=\"aligncenter size-full is-resized\"><a href=\"https:\/\/cajamar.sp.gov.br\/seguranca\/wp-content\/uploads\/sites\/23\/2025\/09\/post-snt-2025.png\" target=\"_blank\" rel=\" noreferrer noopener\"><img decoding=\"async\" width=\"1080\" height=\"1350\" src=\"https:\/\/cajamar.sp.gov.br\/seguranca\/wp-content\/uploads\/sites\/23\/2025\/09\/post-snt-2025.png\" alt=\"\" class=\"wp-image-5383\" style=\"width:413px;height:auto\" srcset=\"https:\/\/cajamar.sp.gov.br\/seguranca\/wp-content\/uploads\/sites\/23\/2025\/09\/post-snt-2025.png 1080w, https:\/\/cajamar.sp.gov.br\/seguranca\/wp-content\/uploads\/sites\/23\/2025\/09\/post-snt-2025-768x960.png 768w\" sizes=\"(max-width: 1080px) 100vw, 1080px\" \/><\/a><figcaption class=\"wp-element-caption\">Clique na imagem para baixar e compartilhar.<\/figcaption><\/figure>\n<\/div><\/div>\n<\/div>\n\n\n\n<hr class=\"wp-block-separator has-alpha-channel-opacity\" \/>\n\n\n\n<h4 class=\"wp-block-heading\">ALERTAS E INFORMATIVOS DE TR\u00c2NSITO NO SEU CELULAR<\/h4>\n\n\n\n<p><\/p>\n\n\n\n<div class=\"wp-block-columns are-vertically-aligned-top is-layout-flex wp-container-core-columns-is-layout-9d6595d7 wp-block-columns-is-layout-flex\">\n<div class=\"wp-block-column is-layout-flow wp-block-column-is-layout-flow\" style=\"flex-basis:31%\"><div class=\"wp-block-image\">\n<figure class=\"aligncenter size-full is-resized\"><a href=\"https:\/\/whatsapp.com\/channel\/0029VaAXepn2Jl8FpLkekg1G\" target=\"_blank\" rel=\" noreferrer noopener\"><img decoding=\"async\" width=\"936\" height=\"1920\" src=\"https:\/\/cajamar.sp.gov.br\/seguranca\/wp-content\/uploads\/sites\/23\/2025\/01\/1000466025.png\" alt=\"\" class=\"wp-image-374\" style=\"width:161px;height:auto\" srcset=\"https:\/\/cajamar.sp.gov.br\/seguranca\/wp-content\/uploads\/sites\/23\/2025\/01\/1000466025.png 936w, https:\/\/cajamar.sp.gov.br\/seguranca\/wp-content\/uploads\/sites\/23\/2025\/01\/1000466025-468x960.png 468w, https:\/\/cajamar.sp.gov.br\/seguranca\/wp-content\/uploads\/sites\/23\/2025\/01\/1000466025-768x1575.png 768w, https:\/\/cajamar.sp.gov.br\/seguranca\/wp-content\/uploads\/sites\/23\/2025\/01\/1000466025-749x1536.png 749w\" sizes=\"(max-width: 936px) 100vw, 936px\" \/><\/a><figcaption class=\"wp-element-caption\">Clique na imagem para acessar<\/figcaption><\/figure>\n<\/div><\/div>\n\n\n\n<div class=\"wp-block-column is-layout-flow wp-block-column-is-layout-flow\" style=\"flex-basis:69%\">\n<p>\ud83d\udc49\ud83d\udcf1 Siga o <strong>CANAL <\/strong>do Demutran no<strong> WHATSAPP<\/strong> para receber informativos do Demutran no seu celular!<\/p>\n\n\n\n<div class=\"wp-block-buttons is-content-justification-center is-layout-flex wp-container-core-buttons-is-layout-16018d1d wp-block-buttons-is-layout-flex\">\n<div class=\"wp-block-button is-style-fill\"><a class=\"wp-block-button__link has-white-color has-text-color has-background has-link-color has-text-align-center has-custom-font-size wp-element-button\" href=\"https:\/\/whatsapp.com\/channel\/0029VaAXepn2Jl8FpLkekg1G\" style=\"border-radius:5px;background-color:#4cc399;font-size:16px;font-style:normal;font-weight:700\" target=\"_blank\" rel=\"noreferrer noopener\">SIGA O CANAL AQUI<\/a><\/div>\n<\/div>\n\n\n\n<p><\/p>\n\n\n\n<p>\ud83d\udd14\ud83d\udce5 <strong>ATIVE O SININHO<\/strong> de notifica\u00e7\u00f5es para n\u00e3o perder nenhum alerta ou informativo, e assim, estar sempre atualizado!<\/p>\n\n\n\n<p>\ud83d\udce4\ud83d\udc65 <strong>COMPARTILHE <\/strong>este o link deste canal e seu conte\u00fado com seus amigos e familiares para que mais pessoas possam seguir e ter acesso \u00e0s informa\u00e7\u00f5es importantes do tr\u00e2nsito da nossa cidade.<\/p>\n\n\n\n<p>Ao se inscrever voc\u00ea manifesta ci\u00eancia e d\u00e1 consentimento \u00e0 nossa <a href=\"https:\/\/cajamar.sp.gov.br\/seguranca\/transito\/politica-de-privacidade\/\" data-type=\"page\" data-id=\"173\">Politica de Privacidade<\/a>.<\/p>\n<\/div>\n<\/div>\n\n\n\n<h4 class=\"wp-block-heading has-text-align-center has-black-color has-luminous-vivid-amber-background-color has-text-color has-background has-link-color has-medium-font-size wp-elements-f2fd0014aad14706316ae40386c606e3\"><strong>DESACELERE. SEU BEM MAIOR \u00c9 A VIDA.<\/strong><\/h4>\n\n\n\n<p class=\"has-text-align-left\"><\/p>\n\n\n\n<p class=\"has-text-align-left\"><\/p>\n\n\n\n<p><\/p>\n","protected":false},"excerpt":{"rendered":"<p>\u00d3rg\u00e3o respons\u00e1vel pela implementa\u00e7\u00e3o e gest\u00e3o da pol\u00edtica de mobilidade urbana no munic\u00edpio de Cajamar, integrado ao Sistema Nacional de Tr\u00e2nsito. Sua atua\u00e7\u00e3o abrange a fiscaliza\u00e7\u00e3o, opera\u00e7\u00e3o, engenharia, regulamenta\u00e7\u00e3o e educa\u00e7\u00e3o de tr\u00e2nsito e transporte, sempre com o objetivo de garantir a seguran\u00e7a das pessoas e promover a melhoria cont\u00ednua da mobilidade urbana.<\/p>\n","protected":false},"author":10,"featured_media":4647,"parent":0,"menu_order":0,"comment_status":"closed","ping_status":"closed","template":"","meta":{"footnotes":""},"class_list":["post-61","page","type-page","status-publish","has-post-thumbnail","hentry"],"_links":{"self":[{"href":"https:\/\/cajamar.sp.gov.br\/seguranca\/wp-json\/wp\/v2\/pages\/61","targetHints":{"allow":["GET"]}}],"collection":[{"href":"https:\/\/cajamar.sp.gov.br\/seguranca\/wp-json\/wp\/v2\/pages"}],"about":[{"href":"https:\/\/cajamar.sp.gov.br\/seguranca\/wp-json\/wp\/v2\/types\/page"}],"author":[{"embeddable":true,"href":"https:\/\/cajamar.sp.gov.br\/seguranca\/wp-json\/wp\/v2\/users\/10"}],"replies":[{"embeddable":true,"href":"https:\/\/cajamar.sp.gov.br\/seguranca\/wp-json\/wp\/v2\/comments?post=61"}],"version-history":[{"count":58,"href":"https:\/\/cajamar.sp.gov.br\/seguranca\/wp-json\/wp\/v2\/pages\/61\/revisions"}],"predecessor-version":[{"id":5418,"href":"https:\/\/cajamar.sp.gov.br\/seguranca\/wp-json\/wp\/v2\/pages\/61\/revisions\/5418"}],"wp:featuredmedia":[{"embeddable":true,"href":"https:\/\/cajamar.sp.gov.br\/seguranca\/wp-json\/wp\/v2\/media\/4647"}],"wp:attachment":[{"href":"https:\/\/cajamar.sp.gov.br\/seguranca\/wp-json\/wp\/v2\/media?parent=61"}],"curies":[{"name":"wp","href":"https:\/\/api.w.org\/{rel}","templated":true}]}}