{"id":926,"date":"2025-02-25T11:12:46","date_gmt":"2025-02-25T14:12:46","guid":{"rendered":"https:\/\/cajamar.sp.gov.br\/seguranca\/?page_id=926"},"modified":"2025-02-25T11:12:46","modified_gmt":"2025-02-25T14:12:46","slug":"bem-estar-animal","status":"publish","type":"page","link":"https:\/\/cajamar.sp.gov.br\/seguranca\/bem-estar-animal\/","title":{"rendered":"Bem Estar Animal"},"content":{"rendered":"\n<h2 class=\"wp-block-heading\">Castra\u00e7\u00e3o de Animais<\/h2>\n\n\n\n<p>Como o excesso de c\u00e3es e gatos \u00e9 um grave problema, especialmente nos grandes centros urbanos, a castra\u00e7\u00e3o \u00e9 o instrumento mais eficaz que existe para garantir que n\u00e3o haja uma explos\u00e3o populacional dessas esp\u00e9cies. Para se ter uma ideia do quanto esse assunto \u00e9 s\u00e9rio, para cada beb\u00ea humano que nasce, nascem tamb\u00e9m 15 c\u00e3es e 45 gatos. Em seis anos, uma cadela e seus descendentes, podem gerar 64 mil filhotes!<\/p>\n\n\n\n<p>Para se inscrever, o tutor do animal dever\u00e1 preencher a ficha de inscri\u00e7\u00e3o (<a href=\"https:\/\/cajamar.sp.gov.br\/meio-ambiente\/wp-content\/uploads\/sites\/18\/2024\/09\/requerimento-castracao-brasao-3.pdf\" target=\"_blank\" rel=\"noreferrer noopener\">clique aqui para acessar<\/a>) que dever\u00e1 ser entregue na Departamento de Bem Estar Animal, ou enviado para o e-mail&nbsp;<a href=\"https:\/\/cajamar.sp.gov.br\/meio-ambiente\/castracao-de-animais\/castracao.cajamar@cajamar.sp.gov.br\">castracao.cajamar@cajamar.sp.gov.br<\/a>. No entanto, para quem preferir, o atendimento tamb\u00e9m ser\u00e1 feito pessoalmente, na Secretaria do Meio Ambiente, que fica na Pra\u00e7a Benedito Martins Cruz, 72 \u2013 Centro.<\/p>\n\n\n\n<h3 class=\"wp-block-heading\"><strong>Cadastro<\/strong><\/h3>\n\n\n\n<h3 class=\"wp-block-heading\"><strong>Documentos necess\u00e1rios para o cadastro<\/strong><\/h3>\n\n\n\n<ul class=\"wp-block-list\">\n<li>RG\/CPF (c\u00f3pia e no dia apresentar o original)<\/li>\n\n\n\n<li>Comprovante de endere\u00e7o em Cajamar<\/li>\n\n\n\n<li>T\u00edtulo de Eleitor<\/li>\n\n\n\n<li>Folha de resumo do cadastro \u00fanico (opcional em caso de baixa renda)<br>* Esses documentos devem ser entregues na UBS Animal Av Deovair Cruz de Oliveira, S\/N \u2013 Jordan\u00e9sia (Boiodromo) ou para o e-mail:\u00a0<a href=\"https:\/\/cajamar.sp.gov.br\/meio-ambiente\/castracao-de-animais\/castracao.cajamar@cajamar.sp.gov.br\">castracao.cajamar@cajamar.sp.gov.br<\/a><\/li>\n<\/ul>\n\n\n\n<h3 class=\"wp-block-heading\"><strong>Cuidados antes da castra\u00e7\u00e3o<\/strong><\/h3>\n\n\n\n<p>A partir do momento que seu animal for selecionado para ser castrado, um funcion\u00e1rio da Prefeitura ligar\u00e1 informando a data e o local da cirurgia. O dono do animal dever\u00e1 apresentar um documento de identidade com foto e o comprovante de endere\u00e7o no dia da cirurgia e quando representado estes documentos dever\u00e3o vir com o representante.<\/p>\n\n\n\n<ol class=\"wp-block-list\">\n<li>Os animais devem estar saud\u00e1veis e livres de carrapatos e pulgas.<\/li>\n\n\n\n<li>Os c\u00e3es dever\u00e3o ser trazidos com guia e coleira.<\/li>\n\n\n\n<li>Gatos dever\u00e3o ser trazidos em caixa de transporte, visando a seguran\u00e7a dos mesmos e evitar a fuga dos animais<\/li>\n\n\n\n<li>Informar a possibilidade de o animal estar prenhe.<\/li>\n\n\n\n<li>Informar qualquer altera\u00e7\u00e3o na sa\u00fade do animal nos dias antes da cirurgia.<\/li>\n\n\n\n<li>No caso de desist\u00eancia comunicar com tr\u00eas dias de anteced\u00eancia pelo n\u00famero: (11) 44460035<\/li>\n<\/ol>\n\n\n\n<h3 class=\"wp-block-heading\"><strong>JEJUM<\/strong><\/h3>\n\n\n\n<p>Fazer o jejum desse animal da seguinte forma:<\/p>\n\n\n\n<ul class=\"wp-block-list\">\n<li>C\u00e3es: No dia da cirurgia dar \u00e1gua e comida as 5 horas da manh\u00e3. (se o animal n\u00e3o quiser a ra\u00e7\u00e3o dar um \u201cSACH\u00ca\u201d ra\u00e7\u00e3o umedecida). Ap\u00f3s as 5 da manh\u00e3 retirar \u00e1gua e comida.<\/li>\n\n\n\n<li>Gatos: Dar \u00e1gua e comida MEIA NOITE (se o animal n\u00e3o quiser a ra\u00e7\u00e3o dar um \u201cSACH\u00ca\u201d ra\u00e7\u00e3o umedecida). Ap\u00f3s a MEIA NOITE retirar \u00e1gua e comida.<\/li>\n<\/ul>\n\n\n\n<h3 class=\"wp-block-heading\"><strong>Cuidados P\u00f3s Cir\u00fargico<\/strong><\/h3>\n\n\n\n<ul class=\"wp-block-list\">\n<li>Alimentar (\u00e1gua e comida) somente 09h ap\u00f3s a cirurgia.<\/li>\n\n\n\n<li>Manter o animal aquecido, protegido do frio, vento e chuva.<\/li>\n\n\n\n<li>Impedir que o animal lamba os ferimentos, colocando o \u201ccolar abajur\u201d ou roupa cir\u00fargica (agropecu\u00e1ria).<\/li>\n\n\n\n<li>Fazer curativo utilizando antiss\u00e9ptico (iodo povidine)<\/li>\n\n\n\n<li>Medicar o animal conforme a receita encaminhada no dia da cirurgia. \u00c9 muito importante para que ocorra uma boa cicatriza\u00e7\u00e3o.<\/li>\n<\/ul>\n","protected":false},"excerpt":{"rendered":"<p>Castra\u00e7\u00e3o de Animais Como o excesso de c\u00e3es e gatos \u00e9 um grave problema, especialmente nos grandes centros urbanos, a castra\u00e7\u00e3o \u00e9 o instrumento mais eficaz que existe para garantir que n\u00e3o haja uma explos\u00e3o populacional dessas esp\u00e9cies. Para se ter uma ideia do quanto esse assunto \u00e9 s\u00e9rio, para cada beb\u00ea humano que nasce, [&hellip;]<\/p>\n","protected":false},"author":10,"featured_media":0,"parent":0,"menu_order":0,"comment_status":"closed","ping_status":"closed","template":"","meta":{"footnotes":""},"class_list":["post-926","page","type-page","status-publish","hentry"],"_links":{"self":[{"href":"https:\/\/cajamar.sp.gov.br\/seguranca\/wp-json\/wp\/v2\/pages\/926","targetHints":{"allow":["GET"]}}],"collection":[{"href":"https:\/\/cajamar.sp.gov.br\/seguranca\/wp-json\/wp\/v2\/pages"}],"about":[{"href":"https:\/\/cajamar.sp.gov.br\/seguranca\/wp-json\/wp\/v2\/types\/page"}],"author":[{"embeddable":true,"href":"https:\/\/cajamar.sp.gov.br\/seguranca\/wp-json\/wp\/v2\/users\/10"}],"replies":[{"embeddable":true,"href":"https:\/\/cajamar.sp.gov.br\/seguranca\/wp-json\/wp\/v2\/comments?post=926"}],"version-history":[{"count":1,"href":"https:\/\/cajamar.sp.gov.br\/seguranca\/wp-json\/wp\/v2\/pages\/926\/revisions"}],"predecessor-version":[{"id":927,"href":"https:\/\/cajamar.sp.gov.br\/seguranca\/wp-json\/wp\/v2\/pages\/926\/revisions\/927"}],"wp:attachment":[{"href":"https:\/\/cajamar.sp.gov.br\/seguranca\/wp-json\/wp\/v2\/media?parent=926"}],"curies":[{"name":"wp","href":"https:\/\/api.w.org\/{rel}","templated":true}]}}