{"id":97,"date":"2025-01-16T16:02:53","date_gmt":"2025-01-16T19:02:53","guid":{"rendered":"https:\/\/cajamar.sp.gov.br\/seguranca\/?page_id=97"},"modified":"2025-08-15T14:19:59","modified_gmt":"2025-08-15T17:19:59","slug":"bem","status":"publish","type":"page","link":"https:\/\/cajamar.sp.gov.br\/seguranca\/transito\/bem\/","title":{"rendered":"Cart\u00e3o BEM (\u00d4nibus)"},"content":{"rendered":"\n<div id=\"links-rapidos\" class=\"clearfix borda-cinza border-radius-10\">\n\n\n\t\t\t\t\t<ul class=\"links-lista\">\n\n\t\t\t\t\t\t\n\t\t\t\t\t\t\t\n\t\t\t\t\t\t\t<li class=\"link\">\n\t\t\t\t\t\t\t\t<a class=\"link-link border-radius-5\" href=\"#app\">\n\t\t\t\t\t\t\t\t\t<img decoding=\"async\" src=\"https:\/\/cajamar.sp.gov.br\/seguranca\/wp-content\/uploads\/sites\/23\/2025\/01\/smartphone-100.png\" class=\"attachment-full size-full wp-post-image\" alt=\"\" loading=\"lazy\">\t\t\t\t\t\t\t\t<div class=\"link-titulo\">SITES E APLICATIVOS<\/div>\n\t\t\t\t\t\t\t\t<\/a>\n\t\t\t\t\t\t\t<\/li>\n\t\t\t\t\t\t\n\t\t\t\t\t\t\t<li class=\"link\">\n\t\t\t\t\t\t\t\t<a class=\"link-link border-radius-5\" href=\"#pontos\">\n\t\t\t\t\t\t\t\t\t<img decoding=\"async\" src=\"https:\/\/cajamar.sp.gov.br\/seguranca\/wp-content\/uploads\/sites\/23\/2025\/01\/iconetotem-100.png\" class=\"attachment-full size-full wp-post-image\" alt=\"\" loading=\"lazy\">\t\t\t\t\t\t\t\t<div class=\"link-titulo\">PONTOS DE RECARGA<\/div>\n\t\t\t\t\t\t\t\t<\/a>\n\t\t\t\t\t\t\t<\/li>\n\t\t\t\t\t\t\t\n\t\t\t\t\t\t\t<li class=\"link\">\n\t\t\t\t\t\t\t\t<a class=\"link-link border-radius-5\" href=\"#posto\">\n\t\t\t\t\t\t\t\t\t<img decoding=\"async\" src=\"https:\/\/cajamar.sp.gov.br\/seguranca\/wp-content\/uploads\/sites\/23\/2025\/01\/iconeatendimento-100.png\" class=\"attachment-full size-full wp-post-image\" alt=\"\" loading=\"lazy\">\t\t\t\t\t\t\t\t<div class=\"link-titulo\">POSTO DE ATENDIMENTO<\/div>\n\t\t\t\t\t\t\t\t<\/a>\n\t\t\t\t\t\t\t<\/li>\n\t\t\t\t\t\t\n\t\t\t\t\t\t\t<li class=\"link\">\n\t\t\t\t\t\t\t\t<a class=\"link-link border-radius-5\" href=\"#tel\">\n\t\t\t\t\t\t\t\t\t<img decoding=\"async\" src=\"https:\/\/cajamar.sp.gov.br\/seguranca\/wp-content\/uploads\/sites\/23\/2025\/01\/contato-telefonico-100.png\" class=\"attachment-full size-full wp-post-image\" alt=\"\" loading=\"lazy\">\t\t\t\t\t\t\t\t<div class=\"link-titulo\">CENTRAL DE ATENDIMENTO<\/div>\n\t\t\t\t\t\t\t\t<\/a>\n\t\t\t\t\t\t\t<\/li>\n\n\t\t\t\t\t\t<li class=\"link\">\n\t\t\t\t\t\t\t\t<a class=\"link-link border-radius-5\" href=\"https:\/\/cajamar.sp.gov.br\/seguranca\/transito\/#serv\">\n\t\t\t\t\t\t\t\t<img decoding=\"async\" src=\"https:\/\/cajamar.sp.gov.br\/seguranca\/wp-content\/uploads\/sites\/23\/2025\/01\/multas100.png\" class=\"attachment-full size-full wp-post-image\" alt=\"\" loading=\"lazy\">\t\t\t\t\t\t\t\t<div class=\"link-titulo\">DEMAIS SERVI\u00c7OS<\/div>\n\t\t\t\t\t\t\t\t<\/a>\n\t\t\t\t\t\t\t<\/li>\n\n\t\t\t\t\n\t\t\t\t\t<\/ul>\n\n\n\n\t\t\t\t<\/div>\n\n\n\n<div class=\"wp-block-media-text is-stacked-on-mobile is-vertically-aligned-top\"><figure class=\"wp-block-media-text__media\"><img fetchpriority=\"high\" decoding=\"async\" width=\"960\" height=\"960\" src=\"https:\/\/cajamar.sp.gov.br\/seguranca\/wp-content\/uploads\/sites\/23\/2025\/08\/cartao-bem-cajamar-960x960.png\" alt=\"\" class=\"wp-image-4634 size-full\" srcset=\"https:\/\/cajamar.sp.gov.br\/seguranca\/wp-content\/uploads\/sites\/23\/2025\/08\/cartao-bem-cajamar-960x960.png 960w, https:\/\/cajamar.sp.gov.br\/seguranca\/wp-content\/uploads\/sites\/23\/2025\/08\/cartao-bem-cajamar-100x100.png 100w, https:\/\/cajamar.sp.gov.br\/seguranca\/wp-content\/uploads\/sites\/23\/2025\/08\/cartao-bem-cajamar-768x768.png 768w, https:\/\/cajamar.sp.gov.br\/seguranca\/wp-content\/uploads\/sites\/23\/2025\/08\/cartao-bem-cajamar.png 1024w\" sizes=\"(max-width: 960px) 100vw, 960px\" \/><\/figure><div class=\"wp-block-media-text__content\">\n<h3 class=\"wp-block-heading\">O que \u00e9?<\/h3>\n\n\n\n<p>Cart\u00e3o utilizado para pagamento de tarifas de transporte coletivo na cidade, oferecendo praticidade e conforto. Voc\u00ea adquire cr\u00e9ditos no cart\u00e3o nos postos de recarga e de atendimento e com ele paga a tarifa nos leitores eletr\u00f4nicos embarcados nos \u00f4nibus, sem a necessidade de dinheiro e troco.<\/p>\n\n\n\n<h3 class=\"wp-block-heading\">Como solicitar e recarregar?<\/h3>\n\n\n\n<p>Orienta\u00e7\u00f5es espec\u00edficas para cada tipo de cart\u00e3o est\u00e3o dispon\u00edveis no <a href=\"https:\/\/www.bemcajamar.com.br\/cartoes-bem\/\" target=\"_blank\" rel=\"noreferrer noopener\"><strong>site do Cart\u00e3o BEM Cajamar<\/strong><\/a>. O cart\u00e3o est\u00e1 dispon\u00edvel nas modalidades <strong><a href=\"https:\/\/www.bemcajamar.com.br\/comum\/\" target=\"_blank\" rel=\"noreferrer noopener\">Comum<\/a>, <a href=\"https:\/\/www.bemcajamar.com.br\/escolar\/\" target=\"_blank\" rel=\"noreferrer noopener\">Estudante<\/a>, <a href=\"https:\/\/www.bemcajamar.com.br\/senior\/\" target=\"_blank\" rel=\"noreferrer noopener\">S\u00eanior<\/a> e <a href=\"https:\/\/www.bemcajamar.com.br\/cartoes-bem\/\" target=\"_blank\" rel=\"noreferrer noopener\">Vale-Transporte<\/a><\/strong>.<\/p>\n<\/div><\/div>\n\n\n\n<p><\/p>\n\n\n\n<a name=\"app\"><\/a>\n\n\n\n<hr class=\"wp-block-separator has-alpha-channel-opacity\" \/>\n\n\n\n<p><\/p>\n\n\n\n<h3 class=\"wp-block-heading\">SITES E APLICATIVOS<\/h3>\n\n\n\n<p><\/p>\n\n\n\n<p>O Cart\u00e3o BEM Cajamar disp\u00f5e dos seguintes aplicativos e sites para solicita\u00e7\u00f5es, recarga e atendimento, etc:<\/p>\n\n\n\n<div class=\"wp-block-group is-nowrap is-layout-flex wp-container-core-group-is-layout-ad2f72ca wp-block-group-is-layout-flex\">\n<figure class=\"wp-block-image size-full\"><img decoding=\"async\" width=\"240\" height=\"240\" src=\"https:\/\/cajamar.sp.gov.br\/seguranca\/wp-content\/uploads\/sites\/23\/2025\/01\/appbem.png\" alt=\"\" class=\"wp-image-95\" srcset=\"https:\/\/cajamar.sp.gov.br\/seguranca\/wp-content\/uploads\/sites\/23\/2025\/01\/appbem.png 240w, https:\/\/cajamar.sp.gov.br\/seguranca\/wp-content\/uploads\/sites\/23\/2025\/01\/appbem-100x100.png 100w\" sizes=\"(max-width: 240px) 100vw, 240px\" \/><\/figure>\n\n\n\n<p><\/p>\n\n\n\n<div class=\"wp-block-buttons is-content-justification-center is-layout-flex wp-container-core-buttons-is-layout-28206b41 wp-block-buttons-is-layout-flex\">\n<div class=\"wp-block-button is-style-fill\"><a class=\"wp-block-button__link has-white-color has-vivid-cyan-blue-background-color has-text-color has-background has-link-color has-custom-font-size wp-element-button\" href=\"https:\/\/www.bemcajamar.com.br\/cartoes-bem\/\" style=\"border-radius:5px;font-size:16px;font-style:normal;font-weight:700\" target=\"_blank\" rel=\"noreferrer noopener\">Site<\/a><\/div>\n\n\n\n<div class=\"wp-block-button is-style-fill\"><a class=\"wp-block-button__link has-black-color has-text-color has-background has-link-color has-custom-font-size wp-element-button\" href=\"https:\/\/play.google.com\/store\/apps\/details?id=br.com.martonis.abtcajamar&amp;hl=pt_BR\" style=\"border-radius:5px;background-color:#a4c639;font-size:16px;font-style:normal;font-weight:700\" target=\"_blank\" rel=\"noreferrer noopener\">Play Store<\/a><\/div>\n\n\n\n<div class=\"wp-block-button is-style-fill\"><a class=\"wp-block-button__link has-white-color has-black-background-color has-text-color has-background has-link-color has-custom-font-size wp-element-button\" href=\"https:\/\/apps.apple.com\/br\/app\/bem-cajamar\/id1538603576\" style=\"border-radius:5px;font-size:16px;font-style:normal;font-weight:700\" target=\"_blank\" rel=\"noreferrer noopener\">Apple Store<\/a><\/div>\n<\/div>\n<\/div>\n\n\n\n<p><\/p>\n\n\n\n<hr class=\"wp-block-separator has-alpha-channel-opacity\" \/>\n\n\n\n<div class=\"wp-block-group is-nowrap is-layout-flex wp-container-core-group-is-layout-ad2f72ca wp-block-group-is-layout-flex\">\n<figure class=\"wp-block-image size-full\"><img decoding=\"async\" width=\"240\" height=\"240\" src=\"https:\/\/cajamar.sp.gov.br\/seguranca\/wp-content\/uploads\/sites\/23\/2025\/01\/apppiu.png\" alt=\"\" class=\"wp-image-96\" srcset=\"https:\/\/cajamar.sp.gov.br\/seguranca\/wp-content\/uploads\/sites\/23\/2025\/01\/apppiu.png 240w, https:\/\/cajamar.sp.gov.br\/seguranca\/wp-content\/uploads\/sites\/23\/2025\/01\/apppiu-100x100.png 100w\" sizes=\"(max-width: 240px) 100vw, 240px\" \/><\/figure>\n\n\n\n<p><\/p>\n\n\n\n<div class=\"wp-block-buttons is-content-justification-center is-layout-flex wp-container-core-buttons-is-layout-28206b41 wp-block-buttons-is-layout-flex\">\n<div class=\"wp-block-button is-style-fill\"><a class=\"wp-block-button__link has-white-color has-vivid-cyan-blue-background-color has-text-color has-background has-link-color has-custom-font-size wp-element-button\" href=\"https:\/\/mapa.piu.com.br\/bem\" style=\"border-radius:5px;font-size:16px;font-style:normal;font-weight:700\" target=\"_blank\" rel=\"noreferrer noopener\">Site<\/a><\/div>\n\n\n\n<div class=\"wp-block-button is-style-fill\"><a class=\"wp-block-button__link has-black-color has-text-color has-background has-link-color has-custom-font-size wp-element-button\" href=\"https:\/\/play.google.com\/store\/apps\/details?id=br.com.qiwi.app&amp;hl=pt_BR\" style=\"border-radius:5px;background-color:#a4c639;font-size:16px;font-style:normal;font-weight:700\" target=\"_blank\" rel=\"noreferrer noopener\">Play Store<\/a><\/div>\n\n\n\n<div class=\"wp-block-button is-style-fill\"><a class=\"wp-block-button__link has-white-color has-black-background-color has-text-color has-background has-link-color has-custom-font-size wp-element-button\" href=\"https:\/\/apps.apple.com\/br\/app\/piu\/id1157092557\" style=\"border-radius:5px;font-size:16px;font-style:normal;font-weight:700\" target=\"_blank\" rel=\"noreferrer noopener\">Apple Store<\/a><\/div>\n<\/div>\n<\/div>\n\n\n\n<p><\/p>\n\n\n\n<a name=\"pontos\"><\/a>\n\n\n\n<hr class=\"wp-block-separator has-alpha-channel-opacity\" \/>\n\n\n\n<p><\/p>\n\n\n\n<h3 class=\"wp-block-heading\">PONTOS DE RECARGA<\/h3>\n\n\n\n<p><\/p>\n\n\n\n<div class=\"wp-block-group is-nowrap is-layout-flex wp-container-core-group-is-layout-64989fb1 wp-block-group-is-layout-flex\">\n<figure class=\"wp-block-image size-full\"><img loading=\"lazy\" decoding=\"async\" width=\"205\" height=\"273\" src=\"https:\/\/cajamar.sp.gov.br\/seguranca\/wp-content\/uploads\/sites\/23\/2025\/01\/iconetotem-2.png\" alt=\"\" class=\"wp-image-93\" style=\"object-fit:contain\" \/><\/figure>\n\n\n\n<p><\/p>\n\n\n\n<p><a href=\"https:\/\/mapa.piu.com.br\/bem\" target=\"_blank\" rel=\"noreferrer noopener\"><strong>Consulte aqui os diversos pontos de recarga<\/strong><\/a> nos totens de autoatendimento espalhados no munic\u00edpio.<\/p>\n<\/div>\n\n\n\n<p><\/p>\n\n\n\n<a name=\"posto\"><\/a>\n\n\n\n<hr class=\"wp-block-separator has-alpha-channel-opacity\" \/>\n\n\n\n<p><\/p>\n\n\n\n<h3 class=\"wp-block-heading\">POSTO DE RECARGA E ATENDIMENTO<\/h3>\n\n\n\n<p><\/p>\n\n\n\n<div class=\"wp-block-group is-nowrap is-layout-flex wp-container-core-group-is-layout-64989fb1 wp-block-group-is-layout-flex\">\n<figure class=\"wp-block-image size-full\"><img loading=\"lazy\" decoding=\"async\" width=\"215\" height=\"287\" src=\"https:\/\/cajamar.sp.gov.br\/seguranca\/wp-content\/uploads\/sites\/23\/2025\/01\/iconeatendimento-2.png\" alt=\"\" class=\"wp-image-92\" style=\"object-fit:contain\" \/><\/figure>\n\n\n\n<p><\/p>\n\n\n\n<p><a href=\"https:\/\/www.bemcajamar.com.br\/posto-de-recarga\/\" target=\"_blank\" rel=\"noreferrer noopener\"><strong>Posto de recarga e atendimento<\/strong><\/a> no Shopping Anhanguera (Polvilho), na R. Jean Anastace Kovelis, 123 \u2013 Ip\u00eas &#8211; Cajamar\/SP (<strong><a href=\"https:\/\/maps.app.goo.gl\/2nrCEt84EYQDuNpbA\" target=\"_blank\" rel=\"noreferrer noopener\">MAPA<\/a><\/strong>).<\/p>\n<\/div>\n\n\n\n<p><\/p>\n\n\n\n<a name=\"tel\"><\/a>\n\n\n\n<hr class=\"wp-block-separator has-alpha-channel-opacity\" \/>\n\n\n\n<p><\/p>\n\n\n\n<h3 class=\"wp-block-heading\">CENTRAL DE ATENDIMENTO DO CART\u00c3O BEM<\/h3>\n\n\n\n<p><\/p>\n\n\n\n<div class=\"wp-block-group is-nowrap is-layout-flex wp-container-core-group-is-layout-64989fb1 wp-block-group-is-layout-flex\">\n<figure class=\"wp-block-image size-full is-resized\"><img loading=\"lazy\" decoding=\"async\" width=\"200\" height=\"200\" src=\"https:\/\/cajamar.sp.gov.br\/seguranca\/wp-content\/uploads\/sites\/23\/2025\/01\/telefoneicone.png\" alt=\"\" class=\"wp-image-261\" style=\"object-fit:contain;width:273px;height:auto\" srcset=\"https:\/\/cajamar.sp.gov.br\/seguranca\/wp-content\/uploads\/sites\/23\/2025\/01\/telefoneicone.png 200w, https:\/\/cajamar.sp.gov.br\/seguranca\/wp-content\/uploads\/sites\/23\/2025\/01\/telefoneicone-100x100.png 100w\" sizes=\"(max-width: 200px) 100vw, 200px\" \/><\/figure>\n\n\n\n<p><\/p>\n\n\n\n<p><strong>TELEFONE: <span style=\"text-decoration: underline\"><a href=\"tel:1136587776\" target=\"_blank\" rel=\"noreferrer noopener\">(11) 3658-7776<\/a><\/span><\/strong><br><br><strong>ATEN\u00c7\u00c3O:<\/strong> O Cart\u00e3o Bem \u00e9 um servi\u00e7o mantido e oferecido pela <strong>Auto Via\u00e7\u00e3o Urubupung\u00e1 Ltda.<\/strong> e n\u00e3o pelo Demutran de Cajamar. Para informa\u00e7\u00f5es e atendimento procure a empresa nestes canais.<\/p>\n<\/div>\n\n\n\n<p><\/p>\n\n\n\n<hr class=\"wp-block-separator has-alpha-channel-opacity\" \/>\n\n\n\n<p><\/p>\n\n\n\n<p class=\"has-text-align-center has-black-color has-luminous-vivid-amber-background-color has-text-color has-background has-link-color has-medium-font-size wp-elements-9d8d33ff355e038d94fb2064354a4073\"><strong><strong>DESACELERE. SEU BEM MAIOR \u00c9 A VIDA.<\/strong><\/strong><\/p>\n\n\n\n<p><\/p>\n","protected":false},"excerpt":{"rendered":"<p>Cart\u00e3o utilizado para pagamento de tarifas de transporte coletivo na cidade, oferecendo praticidade e conforto. Voc\u00ea adquire cr\u00e9ditos no cart\u00e3o nos postos de recarga e de atendimento e com ele paga a tarifa nos leitores eletr\u00f4nicos embarcados nos \u00f4nibus, sem a necessidade de dinheiro e troco.<\/p>\n","protected":false},"author":39,"featured_media":4654,"parent":61,"menu_order":0,"comment_status":"closed","ping_status":"closed","template":"","meta":{"footnotes":""},"class_list":["post-97","page","type-page","status-publish","has-post-thumbnail","hentry"],"_links":{"self":[{"href":"https:\/\/cajamar.sp.gov.br\/seguranca\/wp-json\/wp\/v2\/pages\/97","targetHints":{"allow":["GET"]}}],"collection":[{"href":"https:\/\/cajamar.sp.gov.br\/seguranca\/wp-json\/wp\/v2\/pages"}],"about":[{"href":"https:\/\/cajamar.sp.gov.br\/seguranca\/wp-json\/wp\/v2\/types\/page"}],"author":[{"embeddable":true,"href":"https:\/\/cajamar.sp.gov.br\/seguranca\/wp-json\/wp\/v2\/users\/39"}],"replies":[{"embeddable":true,"href":"https:\/\/cajamar.sp.gov.br\/seguranca\/wp-json\/wp\/v2\/comments?post=97"}],"version-history":[{"count":29,"href":"https:\/\/cajamar.sp.gov.br\/seguranca\/wp-json\/wp\/v2\/pages\/97\/revisions"}],"predecessor-version":[{"id":4668,"href":"https:\/\/cajamar.sp.gov.br\/seguranca\/wp-json\/wp\/v2\/pages\/97\/revisions\/4668"}],"up":[{"embeddable":true,"href":"https:\/\/cajamar.sp.gov.br\/seguranca\/wp-json\/wp\/v2\/pages\/61"}],"wp:featuredmedia":[{"embeddable":true,"href":"https:\/\/cajamar.sp.gov.br\/seguranca\/wp-json\/wp\/v2\/media\/4654"}],"wp:attachment":[{"href":"https:\/\/cajamar.sp.gov.br\/seguranca\/wp-json\/wp\/v2\/media?parent=97"}],"curies":[{"name":"wp","href":"https:\/\/api.w.org\/{rel}","templated":true}]}}