{"id":12,"date":"2019-10-29T18:09:16","date_gmt":"2019-10-29T20:09:16","guid":{"rendered":"https:\/\/cajamar.sp.gov.br\/servicos\/?page_id=12"},"modified":"2020-04-07T13:59:38","modified_gmt":"2020-04-07T16:59:38","slug":"feiras-livres","status":"publish","type":"page","link":"https:\/\/cajamar.sp.gov.br\/servicos\/feiras-livres\/","title":{"rendered":"Feiras Noturnas e Livres"},"content":{"rendered":"\n<p><strong>Feiras Noturnas: 17h \u00e0s 22h<\/strong><\/p>\n\n\n\n<p> <strong>Ter\u00e7a-feira<\/strong>: Jordan\u00e9sia \u2013 Pra\u00e7a Ana Maria Ar\u00f3 <br> <strong>Quarta-feira<\/strong>: Portal dos Ip\u00eas\u2013 Avenida das Palmeiras <br> <strong>Quinta-feira<\/strong>: Guaturinho \u2013 Rua Barra do Turvo <br> <strong>Sexta-feira<\/strong>: Polvilho &#8211; Est\u00e1dio Municipal Ant\u00f4nio Fachina <br> <strong>S\u00e1bado<\/strong>: Cajamar-Centro \u2013 Pra\u00e7a da Lavrinha <\/p>\n\n\n\n<p><strong>Feiras Livres: 7h \u00e0s 13h<\/strong><\/p>\n\n\n\n<p><strong>Quinta-feira<\/strong>:  Cajamar-Centro  &#8211; Pra\u00e7a da Lavrinha<br><strong>S\u00e1bado<\/strong>: Jordan\u00e9sia &#8211; Pra\u00e7a Ana Maria Ar\u00f3 <br><strong>Domingo<\/strong>: Polvilho &#8211;  Estacionamento do Est\u00e1dio de Futebol \u201cAnt\u00f4nio Fachina\u201d  (Campo 12) Rua Cravinhos N\u00ba 40 \u2013 Polvilho  <\/p>\n\n\n\n<p><\/p>\n","protected":false},"excerpt":{"rendered":"<p>Feiras Noturnas: 17h \u00e0s 22h Ter\u00e7a-feira: Jordan\u00e9sia \u2013 Pra\u00e7a Ana Maria Ar\u00f3 Quarta-feira: Portal dos Ip\u00eas\u2013 Avenida das Palmeiras Quinta-feira: Guaturinho \u2013 Rua Barra do Turvo Sexta-feira: Polvilho &#8211; Est\u00e1dio Municipal Ant\u00f4nio Fachina S\u00e1bado: Cajamar-Centro \u2013 Pra\u00e7a da Lavrinha Feiras Livres: 7h \u00e0s 13h Quinta-feira: Cajamar-Centro &#8211; Pra\u00e7a da LavrinhaS\u00e1bado: Jordan\u00e9sia &#8211; Pra\u00e7a Ana Maria [&hellip;]<\/p>\n","protected":false},"author":2,"featured_media":0,"parent":0,"menu_order":0,"comment_status":"closed","ping_status":"closed","template":"","meta":{"footnotes":""},"class_list":["post-12","page","type-page","status-publish","hentry"],"_links":{"self":[{"href":"https:\/\/cajamar.sp.gov.br\/servicos\/wp-json\/wp\/v2\/pages\/12","targetHints":{"allow":["GET"]}}],"collection":[{"href":"https:\/\/cajamar.sp.gov.br\/servicos\/wp-json\/wp\/v2\/pages"}],"about":[{"href":"https:\/\/cajamar.sp.gov.br\/servicos\/wp-json\/wp\/v2\/types\/page"}],"author":[{"embeddable":true,"href":"https:\/\/cajamar.sp.gov.br\/servicos\/wp-json\/wp\/v2\/users\/2"}],"replies":[{"embeddable":true,"href":"https:\/\/cajamar.sp.gov.br\/servicos\/wp-json\/wp\/v2\/comments?post=12"}],"version-history":[{"count":14,"href":"https:\/\/cajamar.sp.gov.br\/servicos\/wp-json\/wp\/v2\/pages\/12\/revisions"}],"predecessor-version":[{"id":221,"href":"https:\/\/cajamar.sp.gov.br\/servicos\/wp-json\/wp\/v2\/pages\/12\/revisions\/221"}],"wp:attachment":[{"href":"https:\/\/cajamar.sp.gov.br\/servicos\/wp-json\/wp\/v2\/media?parent=12"}],"curies":[{"name":"wp","href":"https:\/\/api.w.org\/{rel}","templated":true}]}}