{"id":125,"date":"2020-03-22T22:27:21","date_gmt":"2020-03-23T01:27:21","guid":{"rendered":"https:\/\/cajamar.sp.gov.br\/servicos\/?page_id=125"},"modified":"2023-04-12T11:54:37","modified_gmt":"2023-04-12T14:54:37","slug":"educacao","status":"publish","type":"page","link":"https:\/\/cajamar.sp.gov.br\/servicos\/telefones-uteis\/educacao\/","title":{"rendered":"Educa\u00e7\u00e3o"},"content":{"rendered":"\n<p><a href=\"https:\/\/cajamar.sp.gov.br\/wp-content\/uploads\/2022\/05\/lista-telefonica-2022.pdf\"><\/a><strong><a href=\"https:\/\/cajamar.sp.gov.br\/educacao\/wp-content\/uploads\/sites\/14\/2023\/04\/relacao-escolas-cajamar-06-04-2023-1.pdf\">Lista de Telefones das Escolas Municipais, Estaduais e Particulares<\/a><\/strong><\/p>\n\n\n\n<p class=\"has-text-align-center\"><strong><a href=\"https:\/\/cajamar.sp.gov.br\/servicos\/telefones-uteis\/\">VOLTAR<\/a><\/strong><\/p>\n","protected":false},"excerpt":{"rendered":"<p>Confira a lista dos telefones \u00fateis da Secretaria Municipal de Educa\u00e7\u00e3o. <\/p>\n","protected":false},"author":7,"featured_media":0,"parent":8,"menu_order":0,"comment_status":"closed","ping_status":"closed","template":"","meta":{"footnotes":""},"class_list":["post-125","page","type-page","status-publish","hentry"],"_links":{"self":[{"href":"https:\/\/cajamar.sp.gov.br\/servicos\/wp-json\/wp\/v2\/pages\/125","targetHints":{"allow":["GET"]}}],"collection":[{"href":"https:\/\/cajamar.sp.gov.br\/servicos\/wp-json\/wp\/v2\/pages"}],"about":[{"href":"https:\/\/cajamar.sp.gov.br\/servicos\/wp-json\/wp\/v2\/types\/page"}],"author":[{"embeddable":true,"href":"https:\/\/cajamar.sp.gov.br\/servicos\/wp-json\/wp\/v2\/users\/7"}],"replies":[{"embeddable":true,"href":"https:\/\/cajamar.sp.gov.br\/servicos\/wp-json\/wp\/v2\/comments?post=125"}],"version-history":[{"count":18,"href":"https:\/\/cajamar.sp.gov.br\/servicos\/wp-json\/wp\/v2\/pages\/125\/revisions"}],"predecessor-version":[{"id":635,"href":"https:\/\/cajamar.sp.gov.br\/servicos\/wp-json\/wp\/v2\/pages\/125\/revisions\/635"}],"up":[{"embeddable":true,"href":"https:\/\/cajamar.sp.gov.br\/servicos\/wp-json\/wp\/v2\/pages\/8"}],"wp:attachment":[{"href":"https:\/\/cajamar.sp.gov.br\/servicos\/wp-json\/wp\/v2\/media?parent=125"}],"curies":[{"name":"wp","href":"https:\/\/api.w.org\/{rel}","templated":true}]}}