{"id":142,"date":"2020-03-22T23:00:48","date_gmt":"2020-03-23T02:00:48","guid":{"rendered":"https:\/\/cajamar.sp.gov.br\/servicos\/?page_id=142"},"modified":"2026-04-15T16:38:31","modified_gmt":"2026-04-15T19:38:31","slug":"saude","status":"publish","type":"page","link":"https:\/\/cajamar.sp.gov.br\/servicos\/telefones-uteis\/saude\/","title":{"rendered":"SA\u00daDE"},"content":{"rendered":"\n<ul class=\"wp-block-list\">\n<li>Unidade B\u00e1sica De Pronto Atendimento &#8211; UPA&nbsp;<a href=\"tel:44474058\" data-type=\"tel\" data-id=\"tel:44474058\">(11) 44474058<\/a><\/li>\n\n\n\n<li>Unidade de Sa\u00fade Jordan\u00e9sia<a href=\"tel:44460107\">&nbsp;(11) 44460107<\/a><\/li>\n\n\n\n<li>Unidade de Sa\u00fade Polvilho&nbsp;<a href=\"tel:44080607\">(11) 44460108<\/a><\/li>\n\n\n\n<li>Unidade de Sa\u00fade Parque S\u00e3o Roberto&nbsp;<a href=\"tel:44460122\" data-type=\"tel\" data-id=\"tel:44460122\">(11)44460109&nbsp;<\/a>&nbsp;&nbsp;<\/li>\n\n\n\n<li>Unidade de Sa\u00fade Cajamar Centro&nbsp;<a href=\"tel:44460110\">(11) 44460110<\/a><\/li>\n\n\n\n<li>Unidade de Sa\u00fade Guaturinho&nbsp;<a href=\"tel:44460111\">(11)44460111<\/a><\/li>\n\n\n\n<li>Unidade de Sa\u00fade Belo Planalto&nbsp;<a href=\"tel:44460112\">(11) 44460112<\/a><\/li>\n\n\n\n<li>Unidade de Sa\u00fade Parque Maria Aparecida Manoel In\u00e1cio&nbsp;<a href=\"tel:44460117\">(11) 44460117<\/a><\/li>\n\n\n\n<li>Unidade de Sa\u00fade Ponunduva<a href=\"tel:44460114\">&nbsp;(11) 44460114<\/a><\/li>\n\n\n\n<li>Unidade de Sa\u00fade Km 43&nbsp;(<a href=\"tel:44481955\">11)44460115<\/a><\/li>\n\n\n\n<li>Unidade de Sa\u00fade Jardim Maria Luiza&nbsp;<a href=\"tel:44460116\">(11) 44460116<\/a><\/li>\n\n\n\n<li>Unidade de Sa\u00fade Portal dos Ip\u00eas<a href=\"tel:44460124\"> (11)44460124<\/a><\/li>\n\n\n\n<li>Zoonoses&nbsp;<a href=\"tel:44460118\">(11) 44460118<\/a><\/li>\n\n\n\n<li>CTA \u2013 Centro de Testagem e Aconselhamento<a href=\"tel:44980001\">(11) 44460119<\/a><\/li>\n\n\n\n<li>Vigilancia Em Sa\u00fade \u2013 Vigilancia Sanit\u00e1ria&nbsp;<a href=\"tel:44460120\">(11) 44460120<\/a><\/li>\n\n\n\n<li>CAPS \u2013&nbsp; Centro De Aten\u00e7\u00e3o Psicossocial Adulto&nbsp;<a href=\"tel:44460122\">(11) 44460122<\/a><\/li>\n\n\n\n<li>CAPS \u2013&nbsp; Centro De Aten\u00e7\u00e3o Psicossocial Infanto Juvenil&nbsp;<a href=\"tel:44460121\">(11) 44460121<\/a><\/li>\n\n\n\n<li>Farm\u00e1cia 24 Horas &#8211; <a href=\"tel:44460123\">(11) 44460123<\/a><\/li>\n\n\n\n<li>Unidade B\u00e1sica De Sa\u00fade Parque Panorama&nbsp;<a href=\"tel:44460108\">(11) 44460108<\/a><\/li>\n\n\n\n<li><span style=\"color: initial\">Servi\u00e7o de Atendimento M\u00f3vel de Urg\u00eancia \u2013 SAMU <a href=\"tel:192\" data-type=\"tel\" data-id=\"tel:192\">192<\/a> ou\u00a0<\/span><a href=\"tel:44460192\" data-type=\"tel\" data-id=\"tel:44473006\">(11) 44460192<\/a><span style=\"color: initial\"><\/span><\/li>\n<\/ul>\n\n\n\n<p class=\"has-text-align-center\"><strong><a href=\"https:\/\/cajamar.sp.gov.br\/servicos\/telefones-uteis\/\">VOLTAR<\/a><\/strong><\/p>\n","protected":false},"excerpt":{"rendered":"<p>Confira a lista dos telefones \u00fateis da Secretaria Municipal de Sa\u00fade.<\/p>\n","protected":false},"author":7,"featured_media":0,"parent":8,"menu_order":0,"comment_status":"closed","ping_status":"closed","template":"","meta":{"footnotes":""},"class_list":["post-142","page","type-page","status-publish","hentry"],"_links":{"self":[{"href":"https:\/\/cajamar.sp.gov.br\/servicos\/wp-json\/wp\/v2\/pages\/142","targetHints":{"allow":["GET"]}}],"collection":[{"href":"https:\/\/cajamar.sp.gov.br\/servicos\/wp-json\/wp\/v2\/pages"}],"about":[{"href":"https:\/\/cajamar.sp.gov.br\/servicos\/wp-json\/wp\/v2\/types\/page"}],"author":[{"embeddable":true,"href":"https:\/\/cajamar.sp.gov.br\/servicos\/wp-json\/wp\/v2\/users\/7"}],"replies":[{"embeddable":true,"href":"https:\/\/cajamar.sp.gov.br\/servicos\/wp-json\/wp\/v2\/comments?post=142"}],"version-history":[{"count":25,"href":"https:\/\/cajamar.sp.gov.br\/servicos\/wp-json\/wp\/v2\/pages\/142\/revisions"}],"predecessor-version":[{"id":780,"href":"https:\/\/cajamar.sp.gov.br\/servicos\/wp-json\/wp\/v2\/pages\/142\/revisions\/780"}],"up":[{"embeddable":true,"href":"https:\/\/cajamar.sp.gov.br\/servicos\/wp-json\/wp\/v2\/pages\/8"}],"wp:attachment":[{"href":"https:\/\/cajamar.sp.gov.br\/servicos\/wp-json\/wp\/v2\/media?parent=142"}],"curies":[{"name":"wp","href":"https:\/\/api.w.org\/{rel}","templated":true}]}}