{"id":159,"date":"2020-03-22T23:26:30","date_gmt":"2020-03-23T02:26:30","guid":{"rendered":"https:\/\/cajamar.sp.gov.br\/servicos\/?page_id=159"},"modified":"2021-12-09T15:59:23","modified_gmt":"2021-12-09T18:59:23","slug":"denuncia","status":"publish","type":"page","link":"https:\/\/cajamar.sp.gov.br\/servicos\/telefones-uteis\/denuncia\/","title":{"rendered":"Den\u00fancia"},"content":{"rendered":"\n<ul class=\"wp-block-list\"><li>Disk Den\u00fancia\u00a0<a href=\"tel:181\">181<\/a><\/li><li>Minist\u00e9rio da Mulher, Fam\u00edlia e Direitos Humanos\u00a0<a href=\"tel:100\">100<\/a><\/li><li>Central de Atendimento \u00e0 Mulher:\u00a0<a href=\"tel:180\">180<\/a><\/li><li>Conselho Tutelar\u00a0<a href=\"tel:4460033\">(11)44460033<\/a><\/li><\/ul>\n\n\n\n<p class=\"has-text-align-center\"><strong><a href=\"https:\/\/cajamar.sp.gov.br\/servicos\/telefones-uteis\/\">VOLTAR<\/a><\/strong><\/p>\n","protected":false},"excerpt":{"rendered":"<p>Confira a lista dos telefones \u00fateis do Disk Den\u00fancia, Minist\u00e9rio da Mulher, Fam\u00edlia e Direitos Humanos, Central de Atendimento \u00e0 Mulher e Conselho Tutelar<\/p>\n","protected":false},"author":7,"featured_media":0,"parent":8,"menu_order":0,"comment_status":"closed","ping_status":"closed","template":"","meta":{"footnotes":""},"class_list":["post-159","page","type-page","status-publish","hentry"],"_links":{"self":[{"href":"https:\/\/cajamar.sp.gov.br\/servicos\/wp-json\/wp\/v2\/pages\/159","targetHints":{"allow":["GET"]}}],"collection":[{"href":"https:\/\/cajamar.sp.gov.br\/servicos\/wp-json\/wp\/v2\/pages"}],"about":[{"href":"https:\/\/cajamar.sp.gov.br\/servicos\/wp-json\/wp\/v2\/types\/page"}],"author":[{"embeddable":true,"href":"https:\/\/cajamar.sp.gov.br\/servicos\/wp-json\/wp\/v2\/users\/7"}],"replies":[{"embeddable":true,"href":"https:\/\/cajamar.sp.gov.br\/servicos\/wp-json\/wp\/v2\/comments?post=159"}],"version-history":[{"count":5,"href":"https:\/\/cajamar.sp.gov.br\/servicos\/wp-json\/wp\/v2\/pages\/159\/revisions"}],"predecessor-version":[{"id":524,"href":"https:\/\/cajamar.sp.gov.br\/servicos\/wp-json\/wp\/v2\/pages\/159\/revisions\/524"}],"up":[{"embeddable":true,"href":"https:\/\/cajamar.sp.gov.br\/servicos\/wp-json\/wp\/v2\/pages\/8"}],"wp:attachment":[{"href":"https:\/\/cajamar.sp.gov.br\/servicos\/wp-json\/wp\/v2\/media?parent=159"}],"curies":[{"name":"wp","href":"https:\/\/api.w.org\/{rel}","templated":true}]}}