{"id":161,"date":"2020-03-22T23:44:42","date_gmt":"2020-03-23T02:44:42","guid":{"rendered":"https:\/\/cajamar.sp.gov.br\/servicos\/?page_id=161"},"modified":"2022-04-06T12:25:54","modified_gmt":"2022-04-06T15:25:54","slug":"utilidade-publica","status":"publish","type":"page","link":"https:\/\/cajamar.sp.gov.br\/servicos\/telefones-uteis\/utilidade-publica\/","title":{"rendered":"Utilidade P\u00fablica"},"content":{"rendered":"\n<ul class=\"wp-block-list\"><li>C\u00e2mara Municipal de Cajamar\u00a0<a href=\"tel:44466844\" data-type=\"tel\" data-id=\"tel:44466844\">(11) 44466844<\/a><\/li><li>F\u00f3rum de Jundia\u00ed\u00a0<a href=\"tel:(11)45868111\">(11) 45868111<\/a><\/li><li>F\u00f3rum Distrital de Cajamar\u00a0<a href=\"tel:32458015\">(11) 32458015<\/a><\/li><li>Autoban:\u00a0<a href=\"tel:08000555550\">08000555550<\/a><\/li><li>Ag\u00eancia de Correios Franqueada (Jordan\u00e9sia) <a href=\"tel:(11)44474186\" data-type=\"tel\" data-id=\"tel:(11)44474186\">(11) 44474186<\/a><\/li><li>Ag\u00eancia de Correios (Polvilho) \u2013\u00a0<a href=\"tel:43139549\" data-type=\"tel\" data-id=\"tel:43139549\">(11) 43139549<\/a><\/li><li>Ag\u00eancia de Correios Comunit\u00e1ria (Centro) \u2013\u00a0<a href=\"tel:44080919\" data-type=\"tel\" data-id=\"tel:44080919\">(11) 44080919<\/a><\/li><li>Vel\u00f3rio Municipal de Cajamar &#8211; <a href=\"tel:44460125\">(11)44460125<\/a><\/li><li>Cata Treco &#8211; <a href=\"tel:44087136\" data-type=\"tel\" data-id=\"tel:44087136\">44087136<\/a><\/li><\/ul>\n\n\n\n<p class=\"has-text-align-center\"><strong><a href=\"https:\/\/cajamar.sp.gov.br\/servicos\/telefones-uteis\/\">VOLTAR<\/a><\/strong><\/p>\n","protected":false},"excerpt":{"rendered":"<p>Confira a lista dos telefones \u00fateis da C\u00e2mara Municipal, F\u00f3rum de Jundia\u00ed, F\u00f3rum Distrital de Cajamar, Autoban e das Ag\u00eancias de Correios da cidade. <\/p>\n","protected":false},"author":7,"featured_media":0,"parent":8,"menu_order":0,"comment_status":"closed","ping_status":"closed","template":"","meta":{"footnotes":""},"class_list":["post-161","page","type-page","status-publish","hentry"],"_links":{"self":[{"href":"https:\/\/cajamar.sp.gov.br\/servicos\/wp-json\/wp\/v2\/pages\/161","targetHints":{"allow":["GET"]}}],"collection":[{"href":"https:\/\/cajamar.sp.gov.br\/servicos\/wp-json\/wp\/v2\/pages"}],"about":[{"href":"https:\/\/cajamar.sp.gov.br\/servicos\/wp-json\/wp\/v2\/types\/page"}],"author":[{"embeddable":true,"href":"https:\/\/cajamar.sp.gov.br\/servicos\/wp-json\/wp\/v2\/users\/7"}],"replies":[{"embeddable":true,"href":"https:\/\/cajamar.sp.gov.br\/servicos\/wp-json\/wp\/v2\/comments?post=161"}],"version-history":[{"count":9,"href":"https:\/\/cajamar.sp.gov.br\/servicos\/wp-json\/wp\/v2\/pages\/161\/revisions"}],"predecessor-version":[{"id":586,"href":"https:\/\/cajamar.sp.gov.br\/servicos\/wp-json\/wp\/v2\/pages\/161\/revisions\/586"}],"up":[{"embeddable":true,"href":"https:\/\/cajamar.sp.gov.br\/servicos\/wp-json\/wp\/v2\/pages\/8"}],"wp:attachment":[{"href":"https:\/\/cajamar.sp.gov.br\/servicos\/wp-json\/wp\/v2\/media?parent=161"}],"curies":[{"name":"wp","href":"https:\/\/api.w.org\/{rel}","templated":true}]}}