{"id":169,"date":"2020-03-23T00:02:35","date_gmt":"2020-03-23T03:02:35","guid":{"rendered":"https:\/\/cajamar.sp.gov.br\/servicos\/?page_id=169"},"modified":"2026-01-26T10:15:40","modified_gmt":"2026-01-26T13:15:40","slug":"secretarias-municipais","status":"publish","type":"page","link":"https:\/\/cajamar.sp.gov.br\/servicos\/telefones-uteis\/secretarias-municipais\/","title":{"rendered":"Secretarias Municipais de Cajamar"},"content":{"rendered":"\n<ul class=\"wp-block-list\">\n<li>Secretaria Municipal de Administra\u00e7\u00e3o <strong><a href=\"tel:1144460000\">(11) 4446-0000<\/a> \u2013 Ramal 7332<\/strong><\/li>\n\n\n\n<li>Secretaria Municipal de Comunica\u00e7\u00e3o e Gest\u00e3o de Eventos <a href=\"tel:44460038\"><strong>(11) 4446-0038<\/strong><\/a><\/li>\n\n\n\n<li>Secretaria Municipal de Desenvolvimento Social <strong><a href=\"tel:1144460016\">(11) 4446-0016<\/a> \u2013 Ramal 7443<\/strong><\/li>\n\n\n\n<li>Secretaria Municipal de Desenvolvimento Urbano e Econ\u00f4mico <a href=\"tel:44460026\" data-type=\"tel\"><strong>(11) 4446-0026<\/strong><\/a><\/li>\n\n\n\n<li>Secretaria Municipal de Educa\u00e7\u00e3o <a href=\"tel:44460040\" data-type=\"tel\"><strong>(11) 4446-0040<\/strong><\/a><\/li>\n\n\n\n<li>Secretaria Municipal de Emprego e Rela\u00e7\u00f5es de Trabalho <a href=\"tel:44460030\" data-type=\"tel\"><strong>(11) 4446-0030<\/strong><\/a><\/li>\n\n\n\n<li>Secretaria Municipal de Esporte e Lazer <a href=\"tel:44474019\" data-type=\"tel\" data-id=\"tel:44474019\"><strong>(<\/strong><\/a><a href=\"tel:44460024\" data-type=\"tel\"><strong>11) 4446-0024<\/strong><\/a><\/li>\n\n\n\n<li>Secretaria Municipal de Fazenda e Gest\u00e3o Estrat\u00e9gica <a href=\"tel:44460011\" data-type=\"tel\"><strong>(11) 4446-0011<\/strong><\/a><\/li>\n\n\n\n<li>Secretaria Municipal de Gest\u00e3o e Desenvolvimento de Recursos Humanos <a href=\"tel:44460020\" data-type=\"tel\"><strong>(11) 4446-0020<\/strong><\/a><\/li>\n\n\n\n<li>Secretaria Municipal de Governo <a href=\"tel:44460023\" data-type=\"tel\"><strong>(11) 4446-0023<\/strong><\/a><\/li>\n\n\n\n<li>Secretaria Municipal de Habita\u00e7\u00e3o e Regulariza\u00e7\u00e3o Fundi\u00e1ria <a href=\"tel:44460130\" data-type=\"tel\"><strong>(11) 4446-0130<\/strong><\/a><\/li>\n\n\n\n<li>Secretaria Municipal de Infraestrutura de Obras P\u00fablicas <a href=\"tel:44460018\" data-type=\"tel\"><strong>(11) 4446-0018<\/strong><\/a><\/li>\n\n\n\n<li>Secretaria Municipal de Justi\u00e7a <a href=\"tel:44460012\" data-type=\"tel\"><strong>(11) 4446-0012<\/strong><\/a><\/li>\n\n\n\n<li>Secretaria Municipal de Meio Ambiente <a href=\"tel:44460034\" data-type=\"tel\"><strong>(11) 4446-0034<\/strong><\/a><\/li>\n\n\n\n<li>Secretaria Municipal de Moderniza\u00e7\u00e3o, Tecnologia e Inova\u00e7\u00e3o <a href=\"tel:44460022\" data-type=\"tel\"><strong>(11) 4446-0022<\/strong><\/a><\/li>\n\n\n\n<li>Secretaria Municipal de Sa\u00fade <a href=\"tel:44460100\" data-type=\"tel\"><strong>(11) 4446-0100<\/strong><\/a><\/li>\n\n\n\n<li>Secretaria Municipal de Seguran\u00e7a, Defesa e Mobilidade <a href=\"tel:44460151\" data-type=\"tel\"><strong>(11) 4446-0151<\/strong><\/a><\/li>\n\n\n\n<li>Secretaria Municipal de Servi\u00e7os P\u00fablicos Municipais <a href=\"tel:44460018\" data-type=\"tel\"><strong>(11) 4446-0018<\/strong><\/a><\/li>\n\n\n\n<li>Secretaria Municipal de Turismo e Cultura <a href=\"tel:44460129\"><strong>(11) 4446-0129<\/strong><\/a><\/li>\n<\/ul>\n\n\n\n<p class=\"has-text-align-center\"><strong><a href=\"https:\/\/cajamar.sp.gov.br\/servicos\/telefones-uteis\/\">VOLTAR<\/a><\/strong><\/p>\n\n\n\n<p><\/p>\n","protected":false},"excerpt":{"rendered":"<p>Confira a lista dos telefones \u00fateis das secretarias municipais da Prefeitura de Cajamar. <\/p>\n","protected":false},"author":7,"featured_media":0,"parent":8,"menu_order":0,"comment_status":"closed","ping_status":"closed","template":"","meta":{"footnotes":""},"class_list":["post-169","page","type-page","status-publish","hentry"],"_links":{"self":[{"href":"https:\/\/cajamar.sp.gov.br\/servicos\/wp-json\/wp\/v2\/pages\/169","targetHints":{"allow":["GET"]}}],"collection":[{"href":"https:\/\/cajamar.sp.gov.br\/servicos\/wp-json\/wp\/v2\/pages"}],"about":[{"href":"https:\/\/cajamar.sp.gov.br\/servicos\/wp-json\/wp\/v2\/types\/page"}],"author":[{"embeddable":true,"href":"https:\/\/cajamar.sp.gov.br\/servicos\/wp-json\/wp\/v2\/users\/7"}],"replies":[{"embeddable":true,"href":"https:\/\/cajamar.sp.gov.br\/servicos\/wp-json\/wp\/v2\/comments?post=169"}],"version-history":[{"count":16,"href":"https:\/\/cajamar.sp.gov.br\/servicos\/wp-json\/wp\/v2\/pages\/169\/revisions"}],"predecessor-version":[{"id":779,"href":"https:\/\/cajamar.sp.gov.br\/servicos\/wp-json\/wp\/v2\/pages\/169\/revisions\/779"}],"up":[{"embeddable":true,"href":"https:\/\/cajamar.sp.gov.br\/servicos\/wp-json\/wp\/v2\/pages\/8"}],"wp:attachment":[{"href":"https:\/\/cajamar.sp.gov.br\/servicos\/wp-json\/wp\/v2\/media?parent=169"}],"curies":[{"name":"wp","href":"https:\/\/api.w.org\/{rel}","templated":true}]}}