{"id":182,"date":"2020-03-23T00:18:58","date_gmt":"2020-03-23T03:18:58","guid":{"rendered":"https:\/\/cajamar.sp.gov.br\/servicos\/?page_id=182"},"modified":"2024-10-23T16:20:00","modified_gmt":"2024-10-23T19:20:00","slug":"desenvolvimento-economico","status":"publish","type":"page","link":"https:\/\/cajamar.sp.gov.br\/servicos\/telefones-uteis\/desenvolvimento-economico\/","title":{"rendered":"Secretaria Municipal de Desenvolvimento Econ\u00f4mico e Empreendedorismo"},"content":{"rendered":"\n<ul class=\"wp-block-list\">\n<li>Centro Comunit\u00e1rio De Empreendedorismo Colina Maria Luzia\u00a0<a href=\"tel:\" data-type=\"tel\" data-id=\"tel:\">(11)44460030<\/a><\/li>\n\n\n\n<li>PAT de Polvilho\u00a0\u2013\u00a0<a href=\"tel:44485345\" data-type=\"tel\" data-id=\"tel:44485345\">(11) 44485345<\/a><\/li>\n<\/ul>\n\n\n\n<p class=\"has-text-align-center\"><strong><a href=\"https:\/\/cajamar.sp.gov.br\/servicos\/telefones-uteis\/\">VOLTAR<\/a><\/strong><\/p>\n\n\n\n<p><\/p>\n","protected":false},"excerpt":{"rendered":"<p>Confira a lista dos telefones \u00fateis da Secretaria Municipal de Desenvolvimento Econ\u00f4mico, Ci\u00eancia, Tecnologia e Inova\u00e7\u00e3o.<\/p>\n","protected":false},"author":7,"featured_media":0,"parent":8,"menu_order":0,"comment_status":"closed","ping_status":"closed","template":"","meta":{"footnotes":""},"class_list":["post-182","page","type-page","status-publish","hentry"],"_links":{"self":[{"href":"https:\/\/cajamar.sp.gov.br\/servicos\/wp-json\/wp\/v2\/pages\/182","targetHints":{"allow":["GET"]}}],"collection":[{"href":"https:\/\/cajamar.sp.gov.br\/servicos\/wp-json\/wp\/v2\/pages"}],"about":[{"href":"https:\/\/cajamar.sp.gov.br\/servicos\/wp-json\/wp\/v2\/types\/page"}],"author":[{"embeddable":true,"href":"https:\/\/cajamar.sp.gov.br\/servicos\/wp-json\/wp\/v2\/users\/7"}],"replies":[{"embeddable":true,"href":"https:\/\/cajamar.sp.gov.br\/servicos\/wp-json\/wp\/v2\/comments?post=182"}],"version-history":[{"count":11,"href":"https:\/\/cajamar.sp.gov.br\/servicos\/wp-json\/wp\/v2\/pages\/182\/revisions"}],"predecessor-version":[{"id":759,"href":"https:\/\/cajamar.sp.gov.br\/servicos\/wp-json\/wp\/v2\/pages\/182\/revisions\/759"}],"up":[{"embeddable":true,"href":"https:\/\/cajamar.sp.gov.br\/servicos\/wp-json\/wp\/v2\/pages\/8"}],"wp:attachment":[{"href":"https:\/\/cajamar.sp.gov.br\/servicos\/wp-json\/wp\/v2\/media?parent=182"}],"curies":[{"name":"wp","href":"https:\/\/api.w.org\/{rel}","templated":true}]}}