{"id":29,"date":"2019-10-31T18:36:58","date_gmt":"2019-10-31T20:36:58","guid":{"rendered":"https:\/\/cajamar.sp.gov.br\/servicos\/?page_id=29"},"modified":"2025-05-29T10:09:38","modified_gmt":"2025-05-29T13:09:38","slug":"iptu","status":"publish","type":"page","link":"https:\/\/cajamar.sp.gov.br\/servicos\/iptu\/","title":{"rendered":"IPTU"},"content":{"rendered":"\n<ul class=\"wp-block-list\">\n<li><a rel=\"noreferrer noopener\" href=\"http:\/\/tributos.cajamar.sp.gov.br\/EMISSOES\/certidaoprincipaliptuvenal.aspx\" target=\"_blank\">Certid\u00e3o de Valor Venal<\/a><\/li>\n\n\n\n<li><a rel=\"noreferrer noopener\" href=\"http:\/\/tributos.cajamar.sp.gov.br\/EMISSOES\/certidaoprincipaliptu.aspx\" target=\"_blank\">Certid\u00e3o Negativa de D\u00e9bitos<\/a><\/li>\n\n\n\n<li><a href=\"https:\/\/tributos.cajamar.sp.gov.br\/EMISSOES\/validarcertidaovalorvenal.aspx\">Confirma\u00e7\u00e3o da Autenticidade da Certid\u00e3o<\/a><\/li>\n\n\n\n<li><a rel=\"noreferrer noopener\" href=\"http:\/\/tributos.cajamar.sp.gov.br\/EMISSOES\/bolexercicioiptu.aspx\" target=\"_blank\">Segunda Via<\/a><\/li>\n\n\n\n<li><a href=\"https:\/\/cajamar.sp.gov.br\/servicos\/iptu\/adesao-iptu-digital\/\" data-type=\"link\" data-id=\"https:\/\/cajamar.sp.gov.br\/servicos\/iptu\/adesao-iptu-digital\/\">Ades\u00e3o IPTU Digital<\/a><\/li>\n\n\n\n<li><a href=\"https:\/\/cajamar.sp.gov.br\/fazenda\/wp-content\/uploads\/sites\/15\/2025\/05\/formulario-de-atualizacao-cadastral.docx\" data-type=\"link\" data-id=\"https:\/\/cajamar.sp.gov.br\/fazenda\/wp-content\/uploads\/sites\/15\/2025\/05\/formulario-de-atualizacao-cadastral.docx\">Formul\u00e1rio de atualiza\u00e7\u00e3o cadastral<\/a><\/li>\n<\/ul>\n\n\n\n<p><\/p>\n","protected":false},"excerpt":{"rendered":"","protected":false},"author":2,"featured_media":0,"parent":0,"menu_order":0,"comment_status":"closed","ping_status":"closed","template":"","meta":{"footnotes":""},"class_list":["post-29","page","type-page","status-publish","hentry"],"_links":{"self":[{"href":"https:\/\/cajamar.sp.gov.br\/servicos\/wp-json\/wp\/v2\/pages\/29","targetHints":{"allow":["GET"]}}],"collection":[{"href":"https:\/\/cajamar.sp.gov.br\/servicos\/wp-json\/wp\/v2\/pages"}],"about":[{"href":"https:\/\/cajamar.sp.gov.br\/servicos\/wp-json\/wp\/v2\/types\/page"}],"author":[{"embeddable":true,"href":"https:\/\/cajamar.sp.gov.br\/servicos\/wp-json\/wp\/v2\/users\/2"}],"replies":[{"embeddable":true,"href":"https:\/\/cajamar.sp.gov.br\/servicos\/wp-json\/wp\/v2\/comments?post=29"}],"version-history":[{"count":17,"href":"https:\/\/cajamar.sp.gov.br\/servicos\/wp-json\/wp\/v2\/pages\/29\/revisions"}],"predecessor-version":[{"id":773,"href":"https:\/\/cajamar.sp.gov.br\/servicos\/wp-json\/wp\/v2\/pages\/29\/revisions\/773"}],"wp:attachment":[{"href":"https:\/\/cajamar.sp.gov.br\/servicos\/wp-json\/wp\/v2\/media?parent=29"}],"curies":[{"name":"wp","href":"https:\/\/api.w.org\/{rel}","templated":true}]}}