{"id":1055,"date":"2026-03-31T14:52:40","date_gmt":"2026-03-31T17:52:40","guid":{"rendered":"https:\/\/cajamar.sp.gov.br\/turismo\/?page_id=1055"},"modified":"2026-04-02T14:52:07","modified_gmt":"2026-04-02T17:52:07","slug":"legislacao-4","status":"publish","type":"page","link":"https:\/\/cajamar.sp.gov.br\/turismo\/legislacao-4\/","title":{"rendered":"Legisla\u00e7\u00e3o"},"content":{"rendered":"\n<p><a href=\"https:\/\/cajamar.sp.gov.br\/turismo\/wp-content\/uploads\/sites\/32\/2026\/03\/lei-2154-25-selo-cajamar-criativo.pdf\"><strong>Lei n\u00ba 2.154\/2025 &#8211;  Institui o &#8216;Selo Cajamar Criativa&#8217; de reconhecimento a iniciativas culturais e art\u00edsticas no munic\u00edpio de Cajamar.<\/strong><\/a><\/p>\n\n\n\n<p><a href=\"https:\/\/cajamar.sp.gov.br\/turismo\/wp-content\/uploads\/sites\/32\/2026\/03\/decreto-7608-25-regulamenta-selo-cajamar-criativa.pdf\"><strong>Decreto N\u00ba 7.608\/2025 &#8211; Regulamenta procedimentos para solicita\u00e7\u00e3o, concess\u00e3o, uso e renova\u00e7\u00e3o do &#8220;Selo Cajamar Criativa&#8221;, institu\u00eddo pela Lei n\u00ba 2.154 de 29 de julho de 2025, e d\u00e1 outras provid\u00eancias.<\/strong><\/a><\/p>\n\n\n\n<p><a href=\"https:\/\/cajamar.sp.gov.br\/turismo\/wp-content\/uploads\/sites\/32\/2026\/04\/diario-oficial-nomeacao-da-comissao-tecnica.pdf\"><strong>PORTARIA N\u00ba 60, DE 21 DE JANEIRO DE 2.026 Ficam nomeados como membros da Comiss\u00e3o T\u00e9cnica de Avalia\u00e7\u00e3o do Selo \u201cCajamar Criativa\u201d, nos termos do Decreto 7.608\/2025<\/strong><\/a><\/p>\n\n\n\n<p><\/p>\n","protected":false},"excerpt":{"rendered":"<p>Lei n\u00ba 2.154\/2025 &#8211; Institui o &#8216;Selo Cajamar Criativa&#8217; de reconhecimento a iniciativas culturais e art\u00edsticas no munic\u00edpio de Cajamar. Decreto N\u00ba 7.608\/2025 &#8211; Regulamenta procedimentos para solicita\u00e7\u00e3o, concess\u00e3o, uso e renova\u00e7\u00e3o do &#8220;Selo Cajamar Criativa&#8221;, institu\u00eddo pela Lei n\u00ba 2.154 de 29 de julho de 2025, e d\u00e1 outras provid\u00eancias. PORTARIA N\u00ba 60, DE [&hellip;]<\/p>\n","protected":false},"author":43,"featured_media":0,"parent":0,"menu_order":0,"comment_status":"closed","ping_status":"closed","template":"","meta":{"footnotes":""},"class_list":["post-1055","page","type-page","status-publish","hentry"],"_links":{"self":[{"href":"https:\/\/cajamar.sp.gov.br\/turismo\/wp-json\/wp\/v2\/pages\/1055","targetHints":{"allow":["GET"]}}],"collection":[{"href":"https:\/\/cajamar.sp.gov.br\/turismo\/wp-json\/wp\/v2\/pages"}],"about":[{"href":"https:\/\/cajamar.sp.gov.br\/turismo\/wp-json\/wp\/v2\/types\/page"}],"author":[{"embeddable":true,"href":"https:\/\/cajamar.sp.gov.br\/turismo\/wp-json\/wp\/v2\/users\/43"}],"replies":[{"embeddable":true,"href":"https:\/\/cajamar.sp.gov.br\/turismo\/wp-json\/wp\/v2\/comments?post=1055"}],"version-history":[{"count":3,"href":"https:\/\/cajamar.sp.gov.br\/turismo\/wp-json\/wp\/v2\/pages\/1055\/revisions"}],"predecessor-version":[{"id":1167,"href":"https:\/\/cajamar.sp.gov.br\/turismo\/wp-json\/wp\/v2\/pages\/1055\/revisions\/1167"}],"wp:attachment":[{"href":"https:\/\/cajamar.sp.gov.br\/turismo\/wp-json\/wp\/v2\/media?parent=1055"}],"curies":[{"name":"wp","href":"https:\/\/api.w.org\/{rel}","templated":true}]}}