{"id":1092,"date":"2026-03-31T15:20:16","date_gmt":"2026-03-31T18:20:16","guid":{"rendered":"https:\/\/cajamar.sp.gov.br\/turismo\/?page_id=1092"},"modified":"2026-04-02T15:23:13","modified_gmt":"2026-04-02T18:23:13","slug":"portifolio","status":"publish","type":"page","link":"https:\/\/cajamar.sp.gov.br\/turismo\/portifolio\/","title":{"rendered":"Documentos"},"content":{"rendered":"\n<p>A documenta\u00e7\u00e3o necess\u00e1ria deve ser enviada para o e-mail <strong>selocajamarcriativa@gmail.com.<\/strong> <br>O envio completo \u00e9 essencial para a adequada avalia\u00e7\u00e3o da sua candidatura, sendo que a aus\u00eancia de qualquer item poder\u00e1 comprometer o processo de an\u00e1lise.<\/p>\n\n\n\n<figure class=\"wp-block-table\"><table class=\"has-fixed-layout\"><tbody><tr><td>Portif\u00f3lio<\/td><td><a href=\"https:\/\/cajamar.sp.gov.br\/turismo\/wp-content\/uploads\/sites\/32\/2026\/03\/portifolio-estrutura-base-selo-cajamar-criativa.pdf\">Modelo de portif\u00f3lio<\/a><\/td><\/tr><tr><td>Declara\u00e7\u00e3o de Representa\u00e7\u00e3o de Grupo ou Coletivo Art\u00edstico (no caso de inscri\u00e7\u00e3o de coletivo\/grupo sem CNPJ representado por pessoa f\u00edsica)<\/td><td><a href=\"https:\/\/cajamar.sp.gov.br\/turismo\/wp-content\/uploads\/sites\/32\/2026\/04\/declaracao-de-representacao-de-grupo-ou-coletivo-artistico-1.pdf\">Declara\u00e7\u00e3o de representa\u00e7\u00e3o de grupo ou coletivo art\u00edstico sem CNPJ<\/a><\/td><\/tr><tr><td>Comprovante de Inscri\u00e7\u00e3o e de Situa\u00e7\u00e3o Cadastral de Pessoa Jur\u00eddica<\/td><td><a href=\"https:\/\/solucoes.receita.fazenda.gov.br\/Servicos\/cnpjreva\/Cnpjreva_Solicitacao.asp\">Emiss\u00e3o de Comprovante de Inscri\u00e7\u00e3o e de Situa\u00e7\u00e3o Cadastral<\/a><\/td><\/tr><tr><td>Cadastro de Pessoa F\u00edsica (CPF)<\/td><td><\/td><\/tr><tr><td>Comprovante de Regularidade Fiscal de Pessoa Jur\u00eddica<\/td><td><a href=\"https:\/\/servicos.receitafederal.gov.br\/servico\/certidoes\/#\/home\/cnpj\">Certid\u00e3o de Pessoa Jur\u00eddica<\/a><\/td><\/tr><tr><td>Certid\u00e3o de Antecedentes Criminais (nos \u00faltimos 5 anos)<\/td><td><a href=\"https:\/\/servicos.pf.gov.br\/epol-sinic-publico\/\">Emiss\u00e3o Certid\u00e3o de Antecedentes Criminais<\/a><\/td><\/tr><tr><td>Certid\u00e3o Judicial C\u00edvel (nos \u00faltimos 5 anos)<br>Certid\u00e3o Judicial Criminal Negativa (nos \u00faltimos 5 anos)<\/td><td><a href=\"https:\/\/certidao-unificada.cjf.jus.br\/#\/solicitacao-certidao\">Emiss\u00e3o de certid\u00e3o unificada<\/a><\/td><\/tr><tr><td>Certid\u00e3o Negativa de D\u00e9bitos\/Infra\u00e7\u00f5es Ambientais (IBAMA)<\/td><td><a href=\"https:\/\/servicos.ibama.gov.br\/sicafiext\/\">Emiss\u00e3o de Certid\u00e3o Negativa de D\u00e9bito<\/a><\/td><\/tr><tr><td>Comprovante de resid\u00eancia (dos \u00faltimos 3 meses)<\/td><td>Contas de consumo (\u00e1gua, luz, telefone fixo\/celular, internet, g\u00e1s), contratos de aluguel (com firma reconhecida), boletos de condom\u00ednio, IPVA, IPTU, ou fatura de cart\u00e3o de cr\u00e9dito.<\/td><\/tr><\/tbody><\/table><\/figure>\n\n\n\n<p><\/p>\n","protected":false},"excerpt":{"rendered":"<p>A documenta\u00e7\u00e3o necess\u00e1ria deve ser enviada para o e-mail selocajamarcriativa@gmail.com. O envio completo \u00e9 essencial para a adequada avalia\u00e7\u00e3o da sua candidatura, sendo que a aus\u00eancia de qualquer item poder\u00e1 comprometer o processo de an\u00e1lise. Portif\u00f3lio Modelo de portif\u00f3lio Declara\u00e7\u00e3o de Representa\u00e7\u00e3o de Grupo ou Coletivo Art\u00edstico (no caso de inscri\u00e7\u00e3o de coletivo\/grupo sem CNPJ [&hellip;]<\/p>\n","protected":false},"author":43,"featured_media":0,"parent":0,"menu_order":0,"comment_status":"closed","ping_status":"closed","template":"","meta":{"footnotes":""},"class_list":["post-1092","page","type-page","status-publish","hentry"],"_links":{"self":[{"href":"https:\/\/cajamar.sp.gov.br\/turismo\/wp-json\/wp\/v2\/pages\/1092","targetHints":{"allow":["GET"]}}],"collection":[{"href":"https:\/\/cajamar.sp.gov.br\/turismo\/wp-json\/wp\/v2\/pages"}],"about":[{"href":"https:\/\/cajamar.sp.gov.br\/turismo\/wp-json\/wp\/v2\/types\/page"}],"author":[{"embeddable":true,"href":"https:\/\/cajamar.sp.gov.br\/turismo\/wp-json\/wp\/v2\/users\/43"}],"replies":[{"embeddable":true,"href":"https:\/\/cajamar.sp.gov.br\/turismo\/wp-json\/wp\/v2\/comments?post=1092"}],"version-history":[{"count":12,"href":"https:\/\/cajamar.sp.gov.br\/turismo\/wp-json\/wp\/v2\/pages\/1092\/revisions"}],"predecessor-version":[{"id":1168,"href":"https:\/\/cajamar.sp.gov.br\/turismo\/wp-json\/wp\/v2\/pages\/1092\/revisions\/1168"}],"wp:attachment":[{"href":"https:\/\/cajamar.sp.gov.br\/turismo\/wp-json\/wp\/v2\/media?parent=1092"}],"curies":[{"name":"wp","href":"https:\/\/api.w.org\/{rel}","templated":true}]}}