{"id":1097,"date":"2026-03-31T15:21:21","date_gmt":"2026-03-31T18:21:21","guid":{"rendered":"https:\/\/cajamar.sp.gov.br\/turismo\/?page_id=1097"},"modified":"2026-04-01T14:59:08","modified_gmt":"2026-04-01T17:59:08","slug":"comissao-tecnica-de-avaliacao","status":"publish","type":"page","link":"https:\/\/cajamar.sp.gov.br\/turismo\/comissao-tecnica-de-avaliacao\/","title":{"rendered":"Comiss\u00e3o T\u00e9cnica de Avalia\u00e7\u00e3o &#8211; Atas"},"content":{"rendered":"\n<ol class=\"wp-block-list\">\n<li><a href=\"https:\/\/cajamar.sp.gov.br\/turismo\/wp-content\/uploads\/sites\/32\/2026\/04\/ata-1a-reuniao_comissao-tecnica-de-avaliacao-do-selo-cajamar-criativa.pdf\">ATA 03 de fevereiro de 2026<\/a><\/li>\n\n\n\n<li><a href=\"https:\/\/cajamar.sp.gov.br\/turismo\/wp-content\/uploads\/sites\/32\/2026\/03\/2a-ata-da-comissao.pdf\">ATA 25 de mar\u00e7o de 2026<\/a><\/li>\n<\/ol>\n\n\n\n<p><\/p>\n","protected":false},"excerpt":{"rendered":"","protected":false},"author":43,"featured_media":0,"parent":0,"menu_order":0,"comment_status":"closed","ping_status":"closed","template":"","meta":{"footnotes":""},"class_list":["post-1097","page","type-page","status-publish","hentry"],"_links":{"self":[{"href":"https:\/\/cajamar.sp.gov.br\/turismo\/wp-json\/wp\/v2\/pages\/1097","targetHints":{"allow":["GET"]}}],"collection":[{"href":"https:\/\/cajamar.sp.gov.br\/turismo\/wp-json\/wp\/v2\/pages"}],"about":[{"href":"https:\/\/cajamar.sp.gov.br\/turismo\/wp-json\/wp\/v2\/types\/page"}],"author":[{"embeddable":true,"href":"https:\/\/cajamar.sp.gov.br\/turismo\/wp-json\/wp\/v2\/users\/43"}],"replies":[{"embeddable":true,"href":"https:\/\/cajamar.sp.gov.br\/turismo\/wp-json\/wp\/v2\/comments?post=1097"}],"version-history":[{"count":3,"href":"https:\/\/cajamar.sp.gov.br\/turismo\/wp-json\/wp\/v2\/pages\/1097\/revisions"}],"predecessor-version":[{"id":1131,"href":"https:\/\/cajamar.sp.gov.br\/turismo\/wp-json\/wp\/v2\/pages\/1097\/revisions\/1131"}],"wp:attachment":[{"href":"https:\/\/cajamar.sp.gov.br\/turismo\/wp-json\/wp\/v2\/media?parent=1097"}],"curies":[{"name":"wp","href":"https:\/\/api.w.org\/{rel}","templated":true}]}}