{"id":1102,"date":"2026-03-31T15:21:39","date_gmt":"2026-03-31T18:21:39","guid":{"rendered":"https:\/\/cajamar.sp.gov.br\/turismo\/?page_id=1102"},"modified":"2026-04-29T15:16:35","modified_gmt":"2026-04-29T18:16:35","slug":"inscricoes","status":"publish","type":"page","link":"https:\/\/cajamar.sp.gov.br\/turismo\/inscricoes\/","title":{"rendered":"Inscri\u00e7\u00f5es"},"content":{"rendered":"\n<p><strong>Antes de iniciar o preenchimento do formul\u00e1rio leia atentamente o Decreto N\u00b0 7608\/2025, no qual voc\u00ea encontrar\u00e1 todas as orienta\u00e7\u00f5es necess\u00e1rias para solicita\u00e7\u00e3o, concess\u00e3o, uso e renova\u00e7\u00e3o do Selo<\/strong>.<\/p>\n\n\n\n<p><a href=\"https:\/\/forms.gle\/B3HpF5nFrbVyFsDE7\"><strong>FORMUL\u00c1RIO DE INSCRI\u00c7\u00c3O<\/strong><\/a><\/p>\n\n\n\n<p><\/p>\n","protected":false},"excerpt":{"rendered":"<p>Antes de iniciar o preenchimento do formul\u00e1rio leia atentamente o Decreto N\u00b0 7608\/2025, no qual voc\u00ea encontrar\u00e1 todas as orienta\u00e7\u00f5es necess\u00e1rias para solicita\u00e7\u00e3o, concess\u00e3o, uso e renova\u00e7\u00e3o do Selo. FORMUL\u00c1RIO DE INSCRI\u00c7\u00c3O<\/p>\n","protected":false},"author":43,"featured_media":0,"parent":0,"menu_order":0,"comment_status":"closed","ping_status":"closed","template":"","meta":{"footnotes":""},"class_list":["post-1102","page","type-page","status-publish","hentry"],"_links":{"self":[{"href":"https:\/\/cajamar.sp.gov.br\/turismo\/wp-json\/wp\/v2\/pages\/1102","targetHints":{"allow":["GET"]}}],"collection":[{"href":"https:\/\/cajamar.sp.gov.br\/turismo\/wp-json\/wp\/v2\/pages"}],"about":[{"href":"https:\/\/cajamar.sp.gov.br\/turismo\/wp-json\/wp\/v2\/types\/page"}],"author":[{"embeddable":true,"href":"https:\/\/cajamar.sp.gov.br\/turismo\/wp-json\/wp\/v2\/users\/43"}],"replies":[{"embeddable":true,"href":"https:\/\/cajamar.sp.gov.br\/turismo\/wp-json\/wp\/v2\/comments?post=1102"}],"version-history":[{"count":3,"href":"https:\/\/cajamar.sp.gov.br\/turismo\/wp-json\/wp\/v2\/pages\/1102\/revisions"}],"predecessor-version":[{"id":1206,"href":"https:\/\/cajamar.sp.gov.br\/turismo\/wp-json\/wp\/v2\/pages\/1102\/revisions\/1206"}],"wp:attachment":[{"href":"https:\/\/cajamar.sp.gov.br\/turismo\/wp-json\/wp\/v2\/media?parent=1102"}],"curies":[{"name":"wp","href":"https:\/\/api.w.org\/{rel}","templated":true}]}}