{"id":1142,"date":"2026-04-02T13:58:25","date_gmt":"2026-04-02T16:58:25","guid":{"rendered":"https:\/\/cajamar.sp.gov.br\/turismo\/?page_id=1142"},"modified":"2026-04-02T15:26:27","modified_gmt":"2026-04-02T18:26:27","slug":"cronograma","status":"publish","type":"page","link":"https:\/\/cajamar.sp.gov.br\/turismo\/cronograma\/","title":{"rendered":"Cronograma"},"content":{"rendered":"\n<figure class=\"wp-block-table\"><table class=\"has-fixed-layout\"><tbody><tr><td><strong>M\u00caS<\/strong><\/td><td><strong>DIA <\/strong><\/td><td><strong>A\u00c7\u00c3O <\/strong><\/td><td><strong>LOCAL<\/strong><\/td><\/tr><tr><td>Abril<\/td><td>20<\/td><td>In\u00edcio das inscri\u00e7\u00f5es<\/td><td>On-line<\/td><\/tr><tr><td>Maio<\/td><td>29<\/td><td>\u00daltimo dia de inscri\u00e7\u00e3o<\/td><td>On-line<\/td><\/tr><tr><td>Julho<\/td><td>29<\/td><td>Entrega dos pareceres<\/td><td>Aos interessados &#8211; por e-mail<\/td><\/tr><tr><td>Julho<\/td><td>30\/31<\/td><td> Publica\u00e7\u00e3o dos aptos e inaptos<\/td><td>DOM (Di\u00e1rio Oficial Municipal<\/td><\/tr><tr><td>Agosto<\/td><td>01<\/td><td>Cerim\u00f4nia de premia\u00e7\u00e3o<\/td><td>Feira P\u00f4r do Sol &#8211; Pq. Linear Cajamar <\/td><\/tr><\/tbody><\/table><\/figure>\n\n\n\n<p><strong>Obs.:<\/strong> <strong>Esse cronograma pode ser alterado a qualquer momento.<\/strong><\/p>\n\n\n\n<p><\/p>\n","protected":false},"excerpt":{"rendered":"<p>M\u00caS DIA A\u00c7\u00c3O LOCAL Abril 20 In\u00edcio das inscri\u00e7\u00f5es On-line Maio 29 \u00daltimo dia de inscri\u00e7\u00e3o On-line Julho 29 Entrega dos pareceres Aos interessados &#8211; por e-mail Julho 30\/31 Publica\u00e7\u00e3o dos aptos e inaptos DOM (Di\u00e1rio Oficial Municipal Agosto 01 Cerim\u00f4nia de premia\u00e7\u00e3o Feira P\u00f4r do Sol &#8211; Pq. Linear Cajamar Obs.: Esse cronograma pode [&hellip;]<\/p>\n","protected":false},"author":43,"featured_media":0,"parent":0,"menu_order":0,"comment_status":"closed","ping_status":"closed","template":"","meta":{"footnotes":""},"class_list":["post-1142","page","type-page","status-publish","hentry"],"_links":{"self":[{"href":"https:\/\/cajamar.sp.gov.br\/turismo\/wp-json\/wp\/v2\/pages\/1142","targetHints":{"allow":["GET"]}}],"collection":[{"href":"https:\/\/cajamar.sp.gov.br\/turismo\/wp-json\/wp\/v2\/pages"}],"about":[{"href":"https:\/\/cajamar.sp.gov.br\/turismo\/wp-json\/wp\/v2\/types\/page"}],"author":[{"embeddable":true,"href":"https:\/\/cajamar.sp.gov.br\/turismo\/wp-json\/wp\/v2\/users\/43"}],"replies":[{"embeddable":true,"href":"https:\/\/cajamar.sp.gov.br\/turismo\/wp-json\/wp\/v2\/comments?post=1142"}],"version-history":[{"count":4,"href":"https:\/\/cajamar.sp.gov.br\/turismo\/wp-json\/wp\/v2\/pages\/1142\/revisions"}],"predecessor-version":[{"id":1170,"href":"https:\/\/cajamar.sp.gov.br\/turismo\/wp-json\/wp\/v2\/pages\/1142\/revisions\/1170"}],"wp:attachment":[{"href":"https:\/\/cajamar.sp.gov.br\/turismo\/wp-json\/wp\/v2\/media?parent=1142"}],"curies":[{"name":"wp","href":"https:\/\/api.w.org\/{rel}","templated":true}]}}