{"id":21,"date":"2023-10-24T10:14:18","date_gmt":"2023-10-24T13:14:18","guid":{"rendered":"https:\/\/cajamar.sp.gov.br\/turismo\/?page_id=21"},"modified":"2025-04-04T13:55:02","modified_gmt":"2025-04-04T16:55:02","slug":"teste","status":"publish","type":"page","link":"https:\/\/cajamar.sp.gov.br\/turismo\/teste\/","title":{"rendered":"Sobre o COMTUR"},"content":{"rendered":"\n<p><strong>Presidente<\/strong>: Fernando Trippe Novaes Cardoso<br><strong>Vice-Presidente<\/strong>: Jos\u00e9 Roberto de Andrade<\/p>\n\n\n\n<p>O Conselho Municipal de Turismo \u2013 COMTUR, criado pela Lei n\u00ba 1.925\/22 \u00e9 \u00f3rg\u00e3o colegiado de car\u00e1ter consultivo, fiscalizador e deliberativo.<\/p>\n\n\n\n<p>Conforme a composi\u00e7\u00e3o e disposi\u00e7\u00f5es estabelecidas pela Lei n\u00ba 1.925\/22, o Comtur \u00e9 respons\u00e1vel pela conjuga\u00e7\u00e3o de esfor\u00e7os entre o Poder P\u00fablico e a sociedade civil para formula\u00e7\u00e3o de pol\u00edticas p\u00fablicas, implementa\u00e7\u00e3o de a\u00e7\u00f5es destinadas ao fortalecimento das atividades tur\u00edsticas no munic\u00edpio e da gest\u00e3o do Fundo Municipal de Turismo \u2013 FUMTUR..<\/p>\n\n\n\n<p>O Decreto 6.865 de 12 de dezembro de 2022, nomeou os membros titulares e suplentes que foram devidamente indicados por suas representatividades conforme a composi\u00e7\u00e3o do conselho estabelecida pela Lei n\u00ba 1.925\/22.<\/p>\n\n\n\n<p>Com a cria\u00e7\u00e3o da Secretaria Municipal de Turismo por meio da Lei Complementar n\u00ba 214, de 09 de maio de 2022, o Comtur passou a ser vinculado com a mesma.<\/p>\n\n\n\n<p>O mandato do Conselho Municipal de Turismo, ser\u00e1 de 02 (dois) anos, contados a partir da publica\u00e7\u00e3o do Decreto 6.865 de 12 de dezembro de 2022.<\/p>\n\n\n\n<p>A composi\u00e7\u00e3o do Comtur foi estabelecida pela Lei n\u00ba 1.925\/22 e s\u00f3 poder\u00e1 ser alterada por lei aprovada na c\u00e2mara municipal.<\/p>\n","protected":false},"excerpt":{"rendered":"<p>Presidente: Fernando Trippe Novaes CardosoVice-Presidente: Jos\u00e9 Roberto de Andrade O Conselho Municipal de Turismo \u2013 COMTUR, criado pela Lei n\u00ba 1.925\/22 \u00e9 \u00f3rg\u00e3o colegiado de car\u00e1ter consultivo, fiscalizador e deliberativo. Conforme a composi\u00e7\u00e3o e disposi\u00e7\u00f5es estabelecidas pela Lei n\u00ba 1.925\/22, o Comtur \u00e9 respons\u00e1vel pela conjuga\u00e7\u00e3o de esfor\u00e7os entre o Poder P\u00fablico e a sociedade [&hellip;]<\/p>\n","protected":false},"author":34,"featured_media":0,"parent":0,"menu_order":0,"comment_status":"closed","ping_status":"closed","template":"","meta":{"footnotes":""},"class_list":["post-21","page","type-page","status-publish","hentry"],"_links":{"self":[{"href":"https:\/\/cajamar.sp.gov.br\/turismo\/wp-json\/wp\/v2\/pages\/21","targetHints":{"allow":["GET"]}}],"collection":[{"href":"https:\/\/cajamar.sp.gov.br\/turismo\/wp-json\/wp\/v2\/pages"}],"about":[{"href":"https:\/\/cajamar.sp.gov.br\/turismo\/wp-json\/wp\/v2\/types\/page"}],"author":[{"embeddable":true,"href":"https:\/\/cajamar.sp.gov.br\/turismo\/wp-json\/wp\/v2\/users\/34"}],"replies":[{"embeddable":true,"href":"https:\/\/cajamar.sp.gov.br\/turismo\/wp-json\/wp\/v2\/comments?post=21"}],"version-history":[{"count":8,"href":"https:\/\/cajamar.sp.gov.br\/turismo\/wp-json\/wp\/v2\/pages\/21\/revisions"}],"predecessor-version":[{"id":515,"href":"https:\/\/cajamar.sp.gov.br\/turismo\/wp-json\/wp\/v2\/pages\/21\/revisions\/515"}],"wp:attachment":[{"href":"https:\/\/cajamar.sp.gov.br\/turismo\/wp-json\/wp\/v2\/media?parent=21"}],"curies":[{"name":"wp","href":"https:\/\/api.w.org\/{rel}","templated":true}]}}