{"id":35,"date":"2023-10-26T10:20:05","date_gmt":"2023-10-26T13:20:05","guid":{"rendered":"https:\/\/cajamar.sp.gov.br\/turismo\/?page_id=35"},"modified":"2025-12-18T10:22:19","modified_gmt":"2025-12-18T13:22:19","slug":"legislacao","status":"publish","type":"page","link":"https:\/\/cajamar.sp.gov.br\/turismo\/legislacao\/","title":{"rendered":"Legisla\u00e7\u00e3o Turismo"},"content":{"rendered":"\n<p><a href=\"https:\/\/cajamar.sp.gov.br\/turismo\/wp-content\/uploads\/sites\/32\/2025\/12\/decreto-7545-25.pdf\"><strong>Decreto &#8211; 7545 de 2025<\/strong><\/a> : &#8220;Substitui membros titular e suplente do segmento poder p\u00fablico, na \u00e1rea de empregabilidade, do Conselho Municipal de Turismo-COMTUR, de que trata o Decreto n\u00ba 7.416, de 24 de janeiro de 2025, e d\u00e1 outras provid\u00eancias&#8221;.<\/p>\n\n\n\n<p><a href=\"https:\/\/cajamar.sp.gov.br\/turismo\/wp-content\/uploads\/sites\/32\/2025\/04\/decreto-7416-25.pdf\"><strong>Decreto &#8211; 7416 de 2025<\/strong><\/a> \u201cDisp\u00f5e sobre a nomea\u00e7\u00e3o dos Membros Titulares e Suplentes do Conselho Municipal de Turismo \u2013 COMTUR, e d\u00e1 outras provid\u00eancias. \u201d<\/p>\n\n\n\n<p><a href=\"https:\/\/cajamar.sp.gov.br\/turismo\/wp-content\/uploads\/sites\/32\/2025\/12\/decreto-6970-23-3.pdf\"><strong>Decreto &#8211; 6.970 de 2023<\/strong><\/a> \u201cDisp\u00f5e sobre a homologa\u00e7\u00e3o do Regimento Interno do Conselho Municipal de Turismo &#8211; COMTUR, e d\u00e1 outras provid\u00eancias.\u201d<\/p>\n\n\n\n<p><a href=\"https:\/\/cajamar.sp.gov.br\/turismo\/wp-content\/uploads\/sites\/32\/2023\/11\/decreto-6865-22.pdf\"><strong>Decreto &#8211; 6065\/22<\/strong><\/a> \u201cDisp\u00f5e sobre a nomea\u00e7\u00e3o dos membros titulares e suplentes do Conselho Municipal de Turismo \u2013 COMTUR, e d\u00e1 outras provid\u00eancias\u201d.<\/p>\n\n\n\n<p><a href=\"https:\/\/cajamar.sp.gov.br\/turismo\/wp-content\/uploads\/sites\/32\/2023\/11\/lei-1925-22.pdf\"><strong>Lei &#8211; 1925\/22<\/strong><\/a> \u201cDisp\u00f5e sobre a cria\u00e7\u00e3o do Conselho Municipal de Turismo \u2013 COMTUR e do Fundo Municipal de Turismo \u2013 FUMTUR, e d\u00e1 outras provid\u00eancias\u201d<\/p>\n\n\n\n<p><\/p>\n\n\n\n<p><\/p>\n","protected":false},"excerpt":{"rendered":"<p>Decreto &#8211; 7545 de 2025 : &#8220;Substitui membros titular e suplente do segmento poder p\u00fablico, na \u00e1rea de empregabilidade, do Conselho Municipal de Turismo-COMTUR, de que trata o Decreto n\u00ba 7.416, de 24 de janeiro de 2025, e d\u00e1 outras provid\u00eancias&#8221;. Decreto &#8211; 7416 de 2025 \u201cDisp\u00f5e sobre a nomea\u00e7\u00e3o dos Membros Titulares e Suplentes [&hellip;]<\/p>\n","protected":false},"author":34,"featured_media":0,"parent":0,"menu_order":0,"comment_status":"closed","ping_status":"closed","template":"","meta":{"footnotes":""},"class_list":["post-35","page","type-page","status-publish","hentry"],"_links":{"self":[{"href":"https:\/\/cajamar.sp.gov.br\/turismo\/wp-json\/wp\/v2\/pages\/35","targetHints":{"allow":["GET"]}}],"collection":[{"href":"https:\/\/cajamar.sp.gov.br\/turismo\/wp-json\/wp\/v2\/pages"}],"about":[{"href":"https:\/\/cajamar.sp.gov.br\/turismo\/wp-json\/wp\/v2\/types\/page"}],"author":[{"embeddable":true,"href":"https:\/\/cajamar.sp.gov.br\/turismo\/wp-json\/wp\/v2\/users\/34"}],"replies":[{"embeddable":true,"href":"https:\/\/cajamar.sp.gov.br\/turismo\/wp-json\/wp\/v2\/comments?post=35"}],"version-history":[{"count":9,"href":"https:\/\/cajamar.sp.gov.br\/turismo\/wp-json\/wp\/v2\/pages\/35\/revisions"}],"predecessor-version":[{"id":952,"href":"https:\/\/cajamar.sp.gov.br\/turismo\/wp-json\/wp\/v2\/pages\/35\/revisions\/952"}],"wp:attachment":[{"href":"https:\/\/cajamar.sp.gov.br\/turismo\/wp-json\/wp\/v2\/media?parent=35"}],"curies":[{"name":"wp","href":"https:\/\/api.w.org\/{rel}","templated":true}]}}