{"id":44,"date":"2023-10-26T10:20:33","date_gmt":"2023-10-26T13:20:33","guid":{"rendered":"https:\/\/cajamar.sp.gov.br\/turismo\/?page_id=44"},"modified":"2025-07-04T10:54:22","modified_gmt":"2025-07-04T13:54:22","slug":"atrativos-turisticos","status":"publish","type":"page","link":"https:\/\/cajamar.sp.gov.br\/turismo\/atrativos-turisticos\/","title":{"rendered":"Pontos para visita\u00e7\u00e3o"},"content":{"rendered":"\n<p class=\"has-text-align-center\"><strong>CENTRO DE EVENTOS BOI\u00d3DROMO<\/strong><\/p>\n\n\n\n<figure class=\"wp-block-image size-large\"><img fetchpriority=\"high\" decoding=\"async\" width=\"1280\" height=\"853\" src=\"https:\/\/cajamar.sp.gov.br\/turismo\/wp-content\/uploads\/sites\/32\/2023\/11\/boiodromo-1280x853.jpeg\" alt=\"\" class=\"wp-image-124\" srcset=\"https:\/\/cajamar.sp.gov.br\/turismo\/wp-content\/uploads\/sites\/32\/2023\/11\/boiodromo-1280x853.jpeg 1280w, https:\/\/cajamar.sp.gov.br\/turismo\/wp-content\/uploads\/sites\/32\/2023\/11\/boiodromo-768x512.jpeg 768w, https:\/\/cajamar.sp.gov.br\/turismo\/wp-content\/uploads\/sites\/32\/2023\/11\/boiodromo-1536x1024.jpeg 1536w, https:\/\/cajamar.sp.gov.br\/turismo\/wp-content\/uploads\/sites\/32\/2023\/11\/boiodromo.jpeg 2048w\" sizes=\"(max-width: 1280px) 100vw, 1280px\" \/><\/figure>\n\n\n\n<p>Inaugurado em 30 de abril de 1992, o Centro de Eventos Boi\u00f3dromo se tornou palco para a tradicional Festa do Pe\u00e3o e, em seu espa\u00e7o externo, de muitos outros eventos da cidade como: Anivers\u00e1rio da Cidade, Festa do Trabalhador, Festa Julina, Dia das Crian\u00e7as, Festa Nordestina e diversas outras atra\u00e7\u00f5es culturais.<\/p>\n\n\n\n<p><strong>Endere\u00e7o<\/strong>: Av. Deovair Cruz de Oliveira, 466 &#8211; Jardim Nova Jordan\u00e9sia, Cajamar &#8211; SP<\/p>\n\n\n\n<p class=\"has-text-align-center\"><strong>FORNOS<\/strong><\/p>\n\n\n\n<figure class=\"wp-block-gallery has-nested-images columns-default is-cropped wp-block-gallery-1 is-layout-flex wp-block-gallery-is-layout-flex\">\n<figure class=\"wp-block-image size-large\"><img decoding=\"async\" width=\"1280\" height=\"960\" data-id=\"125\" src=\"https:\/\/cajamar.sp.gov.br\/turismo\/wp-content\/uploads\/sites\/32\/2023\/11\/whatsapp-image-2023-07-18-at-10-44-55.jpeg\" alt=\"\" class=\"wp-image-125\" srcset=\"https:\/\/cajamar.sp.gov.br\/turismo\/wp-content\/uploads\/sites\/32\/2023\/11\/whatsapp-image-2023-07-18-at-10-44-55.jpeg 1280w, https:\/\/cajamar.sp.gov.br\/turismo\/wp-content\/uploads\/sites\/32\/2023\/11\/whatsapp-image-2023-07-18-at-10-44-55-300x225.jpeg 300w, https:\/\/cajamar.sp.gov.br\/turismo\/wp-content\/uploads\/sites\/32\/2023\/11\/whatsapp-image-2023-07-18-at-10-44-55-768x576.jpeg 768w\" sizes=\"(max-width: 1280px) 100vw, 1280px\" \/><\/figure>\n<\/figure>\n\n\n\n<p>\u00c0s margens da Estrada Fl\u00e1vio Beneduce, em dire\u00e7\u00e3o ao bairro do Ponunduva, na divisa com Pirapora do Bom Jesus, est\u00e3o localizadas as ru\u00ednas de antigos fornos para a calcina\u00e7\u00e3o de calc\u00e1rio. Em relatos hist\u00f3ricos constam que a constru\u00e7\u00e3o iniciou-se na d\u00e9cada de 1940. Atualmente, as ru\u00ednas se confundem em meio a natureza e despertam a curiosidade de quem passa pelo local.<\/p>\n\n\n\n<p><strong>Endere\u00e7o<\/strong>: Estrada Fl\u00e1vio Beneduce, s\/n &#8211; Ponunduva, Cajamar &#8211; SP<br><br><\/p>\n\n\n\n<p class=\"has-text-align-center\"><strong>MUSEU MUNICIPAL CASA DA MEM\u00d3RIA<\/strong><\/p>\n\n\n\n<figure class=\"wp-block-image size-full\"><img decoding=\"async\" width=\"1024\" height=\"657\" src=\"https:\/\/cajamar.sp.gov.br\/turismo\/wp-content\/uploads\/sites\/32\/2023\/11\/museu-casa-da-memoria.jpg\" alt=\"\" class=\"wp-image-126\" srcset=\"https:\/\/cajamar.sp.gov.br\/turismo\/wp-content\/uploads\/sites\/32\/2023\/11\/museu-casa-da-memoria.jpg 1024w, https:\/\/cajamar.sp.gov.br\/turismo\/wp-content\/uploads\/sites\/32\/2023\/11\/museu-casa-da-memoria-768x493.jpg 768w\" sizes=\"(max-width: 1024px) 100vw, 1024px\" \/><\/figure>\n\n\n\n<p>Segundo relatos hist\u00f3ricos, o casar\u00e3o foi constru\u00eddo no in\u00edcio do s\u00e9culo passado para acomodar o engenheiro norte-americano Eduardo Alberto Fullen e toda sua fam\u00edlia.<\/p>\n\n\n\n<p>Ap\u00f3s um per\u00edodo de inatividade foi inaugurado em 2006 o Museu Municipal Casa da Mem\u00f3ria, cujo espa\u00e7o possui obras antigas, documentos, fotos, e outros materiais hist\u00f3ricos que contam a hist\u00f3ria do munic\u00edpio.<\/p>\n\n\n\n<p><strong>Endere\u00e7o:<\/strong> Pa\u00e7o Municipal, Pra\u00e7a Jos\u00e9 Rodrigues do Nascimento, 30 \u2013 Centro \u2013 Cajamar \u2013 SP<br><strong>Hor\u00e1rio de funcionamento:<\/strong> Temporariamente fechado.<br><br><\/p>\n\n\n\n<p class=\"has-text-align-center\"><strong>PARQUE CAJAMAR FELIZ &#8211; JORDAN\u00c9SIA<\/strong><\/p>\n\n\n\n<figure class=\"wp-block-image size-large\"><img loading=\"lazy\" decoding=\"async\" width=\"1280\" height=\"720\" src=\"https:\/\/cajamar.sp.gov.br\/turismo\/wp-content\/uploads\/sites\/32\/2023\/11\/parque-cajamar-feliz-jordanesia-1280x720.jpg\" alt=\"\" class=\"wp-image-127\" srcset=\"https:\/\/cajamar.sp.gov.br\/turismo\/wp-content\/uploads\/sites\/32\/2023\/11\/parque-cajamar-feliz-jordanesia-1280x720.jpg 1280w, https:\/\/cajamar.sp.gov.br\/turismo\/wp-content\/uploads\/sites\/32\/2023\/11\/parque-cajamar-feliz-jordanesia-768x432.jpg 768w, https:\/\/cajamar.sp.gov.br\/turismo\/wp-content\/uploads\/sites\/32\/2023\/11\/parque-cajamar-feliz-jordanesia-1536x864.jpg 1536w, https:\/\/cajamar.sp.gov.br\/turismo\/wp-content\/uploads\/sites\/32\/2023\/11\/parque-cajamar-feliz-jordanesia.jpg 2000w\" sizes=\"(max-width: 1280px) 100vw, 1280px\" \/><figcaption class=\"wp-element-caption\">default<\/figcaption><\/figure>\n\n\n\n<p>O Parque Cajamar Feliz \u201cManoel Augusto Cruz\u201d possui quadra poliesportiva, pista de caminhada, campo de futebol society, pista de skate, playground, espa\u00e7o PET, quadra de bocha, anfiteatro, piscinas e quiosques. Um espa\u00e7o totalmente equipado para o lazer do visitante.<\/p>\n\n\n\n<p><strong>Endere\u00e7o<\/strong>: Avenida Vereador M\u00e1rio Marcolongo, 467 \u2013 Jordan\u00e9sia \u2013 Cajamar \u2013 SP<br><br><\/p>\n\n\n\n<p class=\"has-text-align-center\"><strong>PARQUE CAJAMAR FELIZ \u2013 POLVILHO<\/strong><\/p>\n\n\n<div class=\"wp-block-image\">\n<figure class=\"aligncenter size-full\"><img loading=\"lazy\" decoding=\"async\" width=\"1079\" height=\"710\" src=\"https:\/\/cajamar.sp.gov.br\/turismo\/wp-content\/uploads\/sites\/32\/2023\/11\/parque-cajamar-feliz-polvilho.jpg\" alt=\"\" class=\"wp-image-128\" srcset=\"https:\/\/cajamar.sp.gov.br\/turismo\/wp-content\/uploads\/sites\/32\/2023\/11\/parque-cajamar-feliz-polvilho.jpg 1079w, https:\/\/cajamar.sp.gov.br\/turismo\/wp-content\/uploads\/sites\/32\/2023\/11\/parque-cajamar-feliz-polvilho-768x505.jpg 768w\" sizes=\"(max-width: 1079px) 100vw, 1079px\" \/><\/figure>\n<\/div>\n\n\n<p>O local tem pista de caminhada, playground, academia ao ar livre, espa\u00e7o PET, quadra poliesportiva, quadra society e quadra de bocha. Tamb\u00e9m est\u00e1 liberado Wi-Fi gratuito para uso de todos os frequentadores, dispon\u00edvel atrav\u00e9s do programa \u2018Cajamar Conectada\u2019.<\/p>\n\n\n\n<p><strong>Endere\u00e7o<\/strong>: Avenida Tenente Marques, s\/n \u2013 Polvilho \u2013 Cajamar \u2013 SP<br><br><\/p>\n\n\n\n<p class=\"has-text-align-center\"><strong>PARQUE LINEAR &#8211; PONUNDUVA<\/strong><\/p>\n\n\n<div class=\"wp-block-image\">\n<figure class=\"aligncenter size-large is-resized\"><img loading=\"lazy\" decoding=\"async\" width=\"960\" height=\"960\" src=\"https:\/\/cajamar.sp.gov.br\/turismo\/wp-content\/uploads\/sites\/32\/2023\/11\/parque-linear-ponunduva-960x960.png\" alt=\"\" class=\"wp-image-129\" style=\"width:589px;height:auto\" srcset=\"https:\/\/cajamar.sp.gov.br\/turismo\/wp-content\/uploads\/sites\/32\/2023\/11\/parque-linear-ponunduva-960x960.png 960w, https:\/\/cajamar.sp.gov.br\/turismo\/wp-content\/uploads\/sites\/32\/2023\/11\/parque-linear-ponunduva-100x100.png 100w, https:\/\/cajamar.sp.gov.br\/turismo\/wp-content\/uploads\/sites\/32\/2023\/11\/parque-linear-ponunduva-768x768.png 768w, https:\/\/cajamar.sp.gov.br\/turismo\/wp-content\/uploads\/sites\/32\/2023\/11\/parque-linear-ponunduva.png 1000w\" sizes=\"(max-width: 960px) 100vw, 960px\" \/><\/figure>\n<\/div>\n\n\n<p>Uma op\u00e7\u00e3o de lazer ao ar livre que oferece um ambiente com pista de caminhada, playground e academia, garantindo muita divers\u00e3o e bem-estar.<\/p>\n\n\n\n<p><strong>Endere\u00e7o<\/strong>:<br><br><\/p>\n\n\n\n<p class=\"has-text-align-center\"><strong>PARQUE LINEAR CAJAMAR CENTRO<\/strong><\/p>\n\n\n<div class=\"wp-block-image\">\n<figure class=\"aligncenter size-large\"><img loading=\"lazy\" decoding=\"async\" width=\"1280\" height=\"854\" src=\"https:\/\/cajamar.sp.gov.br\/turismo\/wp-content\/uploads\/sites\/32\/2023\/11\/parque-linear-cajamar-centro-1280x854.jpg\" alt=\"\" class=\"wp-image-130\" srcset=\"https:\/\/cajamar.sp.gov.br\/turismo\/wp-content\/uploads\/sites\/32\/2023\/11\/parque-linear-cajamar-centro-1280x854.jpg 1280w, https:\/\/cajamar.sp.gov.br\/turismo\/wp-content\/uploads\/sites\/32\/2023\/11\/parque-linear-cajamar-centro-768x512.jpg 768w, https:\/\/cajamar.sp.gov.br\/turismo\/wp-content\/uploads\/sites\/32\/2023\/11\/parque-linear-cajamar-centro-1536x1024.jpg 1536w, https:\/\/cajamar.sp.gov.br\/turismo\/wp-content\/uploads\/sites\/32\/2023\/11\/parque-linear-cajamar-centro.jpg 1600w\" sizes=\"(max-width: 1280px) 100vw, 1280px\" \/><\/figure>\n<\/div>\n\n\n<p>S\u00e3o mais de sete mil metros quadrados localizado com uma vasta \u00e1rea verde, disponibilizando \u00e1rea de lazer com pista de caminhada, playground, academia, espa\u00e7o PET, mesas e bancos.<\/p>\n\n\n\n<p><strong>Endere\u00e7o<\/strong>: Estr. Pref. Juvenal Ferreira dos Santos, 1245 &#8211; Cajamar \u2013 SP<br><br><\/p>\n\n\n\n<p class=\"has-text-align-center\"><strong>CACHOEIRA DO VAU NOVO<\/strong><\/p>\n\n\n<div class=\"wp-block-image\">\n<figure class=\"aligncenter size-full is-resized\"><img loading=\"lazy\" decoding=\"async\" width=\"1280\" height=\"960\" src=\"https:\/\/cajamar.sp.gov.br\/turismo\/wp-content\/uploads\/sites\/32\/2023\/11\/whatsapp-image-2023-11-29-at-16-01-22.jpeg\" alt=\"\" class=\"wp-image-136\" style=\"width:844px;height:auto\" srcset=\"https:\/\/cajamar.sp.gov.br\/turismo\/wp-content\/uploads\/sites\/32\/2023\/11\/whatsapp-image-2023-11-29-at-16-01-22.jpeg 1280w, https:\/\/cajamar.sp.gov.br\/turismo\/wp-content\/uploads\/sites\/32\/2023\/11\/whatsapp-image-2023-11-29-at-16-01-22-300x225.jpeg 300w, https:\/\/cajamar.sp.gov.br\/turismo\/wp-content\/uploads\/sites\/32\/2023\/11\/whatsapp-image-2023-11-29-at-16-01-22-768x576.jpeg 768w\" sizes=\"(max-width: 1280px) 100vw, 1280px\" \/><\/figure>\n<\/div>\n\n\n<p>Com quedas e bacias naturais de beleza exuberante entre as rochas lisas, a Cachoeira do Vau Novo fica localizada no bairro que leva o mesmo nome, zona rural da cidade, promovendo ao visitante um contato direto com a natureza.<br><br><\/p>\n\n\n\n<p class=\"has-text-align-center\"><strong>PARQUE NATURAL MUNICIPAL DE CAJAMAR<\/strong><\/p>\n\n\n\n<figure class=\"wp-block-image size-full\"><img loading=\"lazy\" decoding=\"async\" width=\"1280\" height=\"960\" src=\"https:\/\/cajamar.sp.gov.br\/turismo\/wp-content\/uploads\/sites\/32\/2023\/11\/whatsapp-image-2023-11-08-at-10-43-48.jpeg\" alt=\"\" class=\"wp-image-132\" srcset=\"https:\/\/cajamar.sp.gov.br\/turismo\/wp-content\/uploads\/sites\/32\/2023\/11\/whatsapp-image-2023-11-08-at-10-43-48.jpeg 1280w, https:\/\/cajamar.sp.gov.br\/turismo\/wp-content\/uploads\/sites\/32\/2023\/11\/whatsapp-image-2023-11-08-at-10-43-48-300x225.jpeg 300w, https:\/\/cajamar.sp.gov.br\/turismo\/wp-content\/uploads\/sites\/32\/2023\/11\/whatsapp-image-2023-11-08-at-10-43-48-768x576.jpeg 768w\" sizes=\"(max-width: 1280px) 100vw, 1280px\" \/><\/figure>\n\n\n\n<p>O Parque Natural Municipal de Cajamar \u00e9 a primeira unidade de conserva\u00e7\u00e3o municipal, tendo o importante papel de incentivar a prote\u00e7\u00e3o e a valoriza\u00e7\u00e3o da Mata Atl\u00e2ntica t\u00e3o rica e presente no munic\u00edpio.<\/p>\n\n\n\n<p><strong>Endere\u00e7o<\/strong>: Estr. Francisco Misse, 7556-7564 &#8211; Ponunduva, Cajamar \u2013 SP<br><br><\/p>\n\n\n\n<p class=\"has-text-align-center\"><strong>CAP\u00c3O DA ON\u00c7A<\/strong><\/p>\n\n\n<div class=\"wp-block-image\">\n<figure class=\"aligncenter size-large is-resized\"><img loading=\"lazy\" decoding=\"async\" width=\"720\" height=\"960\" src=\"https:\/\/cajamar.sp.gov.br\/turismo\/wp-content\/uploads\/sites\/32\/2023\/11\/img-20231114-wa0018-720x960.jpg\" alt=\"\" class=\"wp-image-133\" style=\"width:512px;height:auto\" srcset=\"https:\/\/cajamar.sp.gov.br\/turismo\/wp-content\/uploads\/sites\/32\/2023\/11\/img-20231114-wa0018-720x960.jpg 720w, https:\/\/cajamar.sp.gov.br\/turismo\/wp-content\/uploads\/sites\/32\/2023\/11\/img-20231114-wa0018-768x1024.jpg 768w, https:\/\/cajamar.sp.gov.br\/turismo\/wp-content\/uploads\/sites\/32\/2023\/11\/img-20231114-wa0018.jpg 960w\" sizes=\"(max-width: 720px) 100vw, 720px\" \/><\/figure>\n<\/div>\n\n\n<p>Uma clareira que no passado era muito frequentada por on\u00e7as em busca de \u00e1gua. Atualmente o local \u00e9 utilizado como ponto de encontro dos romeiros que, desde o in\u00edcio do s\u00e9culo passado, v\u00e3o para Pirapora do Bom Jesus. <\/p>\n\n\n\n<p><strong>Endere\u00e7o<\/strong>: Rua Laranjal Paulista, 54 &#8211; Ponunduva, Cajamar \u2013 SP<\/p>\n\n\n\n<p><\/p>\n\n\n\n<p><\/p>\n","protected":false},"excerpt":{"rendered":"<p>CENTRO DE EVENTOS BOI\u00d3DROMO Inaugurado em 30 de abril de 1992, o Centro de Eventos Boi\u00f3dromo se tornou palco para a tradicional Festa do Pe\u00e3o e, em seu espa\u00e7o externo, de muitos outros eventos da cidade como: Anivers\u00e1rio da Cidade, Festa do Trabalhador, Festa Julina, Dia das Crian\u00e7as, Festa Nordestina e diversas outras atra\u00e7\u00f5es culturais. [&hellip;]<\/p>\n","protected":false},"author":34,"featured_media":0,"parent":0,"menu_order":0,"comment_status":"closed","ping_status":"closed","template":"","meta":{"footnotes":""},"class_list":["post-44","page","type-page","status-publish","hentry"],"_links":{"self":[{"href":"https:\/\/cajamar.sp.gov.br\/turismo\/wp-json\/wp\/v2\/pages\/44","targetHints":{"allow":["GET"]}}],"collection":[{"href":"https:\/\/cajamar.sp.gov.br\/turismo\/wp-json\/wp\/v2\/pages"}],"about":[{"href":"https:\/\/cajamar.sp.gov.br\/turismo\/wp-json\/wp\/v2\/types\/page"}],"author":[{"embeddable":true,"href":"https:\/\/cajamar.sp.gov.br\/turismo\/wp-json\/wp\/v2\/users\/34"}],"replies":[{"embeddable":true,"href":"https:\/\/cajamar.sp.gov.br\/turismo\/wp-json\/wp\/v2\/comments?post=44"}],"version-history":[{"count":10,"href":"https:\/\/cajamar.sp.gov.br\/turismo\/wp-json\/wp\/v2\/pages\/44\/revisions"}],"predecessor-version":[{"id":815,"href":"https:\/\/cajamar.sp.gov.br\/turismo\/wp-json\/wp\/v2\/pages\/44\/revisions\/815"}],"wp:attachment":[{"href":"https:\/\/cajamar.sp.gov.br\/turismo\/wp-json\/wp\/v2\/media?parent=44"}],"curies":[{"name":"wp","href":"https:\/\/api.w.org\/{rel}","templated":true}]}}